{"id":34054,"date":"2024-05-28T11:47:58","date_gmt":"2024-05-28T11:47:58","guid":{"rendered":"https:\/\/nevenacolor.co.rs\/proizvod\/cool-razredivac-za-brzosusive-boje\/"},"modified":"2025-01-28T22:53:02","modified_gmt":"2025-01-28T22:53:02","slug":"cool-razredivac-za-brzosusive-boje","status":"publish","type":"product","link":"https:\/\/nevenacolor.co.rs\/en\/products\/cool-razredivac-za-brzosusive-boje\/","title":{"rendered":"Cool razre\u0111iva\u010d za brzosu\u0161ive boje"},"content":{"rendered":"<h3><strong>CHARACTERISTICS AND PURPOSE<\/strong><\/h3>\n<p class=\"p1\"><b>COOL BS THINNER<\/b> is used exclusively for thinning BS enamel.<\/p>\n<p class=\"p1\"><b>COOL BS THINNER <\/b> should be used to thin the paint to the application viscosity and to clean the equipment and tools.<\/p>\n<h3><strong>PACKAGING<\/strong><\/h3>\n<p class=\"p1\">0.4 l, 0.75 l, 4.8 l<\/p>\n<h3><strong>SHELF LIFE AND STORAGE<\/strong><\/h3>\n<p class=\"p1\">Store in the original, well-closed and undamaged factory packaging at a temperature of +5\u00baC to +25\u00baC.<\/p>\n<h3><strong>DOCUMENTATION<\/strong><\/h3>\n<div class=\"dokumentacija\">\n<p><a class=\"dugmeproizvod\" href=\"https:\/\/nevenacolor.co.rs\/wp-content\/uploads\/2024\/10\/Tehnicka-dokumentacija-brzosusiva-boja.pdf\" target=\"_blank\" rel=\"noopener\">TECHNICAL DOCUMENTATION<\/a><\/p>\n<p><a class=\"dugmeproizvod\" href=\"https:\/\/nevenacolor.co.rs\/wp-content\/uploads\/2024\/10\/Bezbedonosni-list-brzosusiva-boja.pdf\" target=\"_blank\" rel=\"noopener\">SAFETY DATA SHEET<\/a><\/p>\n<\/div>\n<p>&nbsp;<\/p>\n","protected":false},"excerpt":{"rendered":"<p>CHARACTERISTICS AND PURPOSE COOL BS THINNER is used exclusively for thinning BS enamel. COOL BS THINNER should be used to<\/p>\n","protected":false},"featured_media":33185,"template":"","meta":{"_monsterinsights_skip_tracking":false,"_monsterinsights_sitenote_active":false,"_monsterinsights_sitenote_note":"","_monsterinsights_sitenote_category":0},"product_brand":[],"product_cat":[271,269],"product_tag":[],"class_list":{"0":"post-34054","1":"product","2":"type-product","3":"status-publish","4":"has-post-thumbnail","6":"product_cat-thinners","7":"product_cat-thinners-and-auxiliary-agents","9":"first","10":"instock","11":"shipping-taxable","12":"product-type-simple"},"_links":{"self":[{"href":"https:\/\/nevenacolor.co.rs\/en\/wp-json\/wp\/v2\/product\/34054","targetHints":{"allow":["GET"]}}],"collection":[{"href":"https:\/\/nevenacolor.co.rs\/en\/wp-json\/wp\/v2\/product"}],"about":[{"href":"https:\/\/nevenacolor.co.rs\/en\/wp-json\/wp\/v2\/types\/product"}],"version-history":[{"count":1,"href":"https:\/\/nevenacolor.co.rs\/en\/wp-json\/wp\/v2\/product\/34054\/revisions"}],"predecessor-version":[{"id":34326,"href":"https:\/\/nevenacolor.co.rs\/en\/wp-json\/wp\/v2\/product\/34054\/revisions\/34326"}],"wp:featuredmedia":[{"embeddable":true,"href":"https:\/\/nevenacolor.co.rs\/en\/wp-json\/wp\/v2\/media\/33185"}],"wp:attachment":[{"href":"https:\/\/nevenacolor.co.rs\/en\/wp-json\/wp\/v2\/media?parent=34054"}],"wp:term":[{"taxonomy":"product_brand","embeddable":true,"href":"https:\/\/nevenacolor.co.rs\/en\/wp-json\/wp\/v2\/product_brand?post=34054"},{"taxonomy":"product_cat","embeddable":true,"href":"https:\/\/nevenacolor.co.rs\/en\/wp-json\/wp\/v2\/product_cat?post=34054"},{"taxonomy":"product_tag","embeddable":true,"href":"https:\/\/nevenacolor.co.rs\/en\/wp-json\/wp\/v2\/product_tag?post=34054"}],"curies":[{"name":"wp","href":"https:\/\/api.w.org\/{rel}","templated":true}]}}