{"id":34527,"date":"2024-05-21T12:52:04","date_gmt":"2024-05-21T12:52:04","guid":{"rendered":"https:\/\/nevenacolor.co.rs\/akciok\/"},"modified":"2025-05-19T18:13:01","modified_gmt":"2025-05-19T18:13:01","slug":"akciok","status":"publish","type":"page","link":"https:\/\/nevenacolor.co.rs\/hu\/akciok\/","title":{"rendered":"Akci\u00f3k"},"content":{"rendered":"\t\t<div data-elementor-type=\"wp-page\" data-elementor-id=\"34527\" class=\"elementor elementor-34527 elementor-27268\" data-elementor-post-type=\"page\">\n\t\t\t\t<div class=\"elementor-element elementor-element-e8a41e4 e-flex e-con-boxed e-con e-parent\" data-id=\"e8a41e4\" data-element_type=\"container\" data-e-type=\"container\">\n\t\t\t\t\t<div class=\"e-con-inner\">\n\t\t\t\t\t<\/div>\n\t\t\t\t<\/div>\n\t\t<div class=\"wd-negative-gap elementor-element elementor-element-2a2ca3c e-flex e-con-boxed e-con e-parent\" data-id=\"2a2ca3c\" data-element_type=\"container\" data-e-type=\"container\">\n\t\t\t\t\t<div class=\"e-con-inner\">\n\t\t\t\t<div class=\"elementor-element elementor-element-6c24320 elementor-widget elementor-widget-heading\" data-id=\"6c24320\" data-element_type=\"widget\" data-e-type=\"widget\" data-widget_type=\"heading.default\">\n\t\t\t\t<div class=\"elementor-widget-container\">\n\t\t\t\t\t<h2 class=\"elementor-heading-title elementor-size-default\">A MI DISTRIB\u00daTORAINK<\/h2>\t\t\t\t<\/div>\n\t\t\t\t<\/div>\n\t\t\t\t\t<\/div>\n\t\t\t\t<\/div>\n\t\t<div class=\"elementor-element elementor-element-e44eee0 e-flex e-con-boxed e-con e-parent\" data-id=\"e44eee0\" data-element_type=\"container\" data-e-type=\"container\">\n\t\t\t\t\t<div class=\"e-con-inner\">\n\t\t<div class=\"elementor-element elementor-element-82f8a7c e-con-full e-flex e-con e-child\" data-id=\"82f8a7c\" data-element_type=\"container\" data-e-type=\"container\">\n\t\t\t\t<div class=\"elementor-element elementor-element-ec63513 elementor-widget elementor-widget-image\" data-id=\"ec63513\" data-element_type=\"widget\" data-e-type=\"widget\" data-widget_type=\"image.default\">\n\t\t\t\t<div class=\"elementor-widget-container\">\n\t\t\t\t\t\t\t\t\t\t\t\t\t\t\t\t<a href=\"https:\/\/www.nijansa.rs\/\" target=\"_blank\" rel=\"noopener\">\n\t\t\t\t\t\t\t<img loading=\"lazy\" decoding=\"async\" width=\"150\" height=\"150\" src=\"https:\/\/nevenacolor.co.rs\/wp-content\/uploads\/2024\/12\/nbc.png\" class=\"attachment-full size-full wp-image-35966\" alt=\"\" \/>\t\t\t\t\t\t\t\t<\/a>\n\t\t\t\t\t\t\t\t\t\t\t\t\t\t\t<\/div>\n\t\t\t\t<\/div>\n\t\t\t\t<\/div>\n\t\t<div class=\"elementor-element elementor-element-62c8140 e-con-full e-flex e-con e-child\" data-id=\"62c8140\" data-element_type=\"container\" data-e-type=\"container\">\n\t\t\t\t<div class=\"elementor-element elementor-element-66c038a elementor-widget elementor-widget-image\" data-id=\"66c038a\" data-element_type=\"widget\" data-e-type=\"widget\" data-widget_type=\"image.default\">\n\t\t\t\t<div class=\"elementor-widget-container\">\n\t\t\t\t\t\t\t\t\t\t\t\t\t\t\t<img loading=\"lazy\" decoding=\"async\" width=\"150\" height=\"150\" src=\"https:\/\/nevenacolor.co.rs\/wp-content\/uploads\/2024\/12\/chemmax.png\" class=\"attachment-full size-full wp-image-35961\" alt=\"\" \/>\t\t\t\t\t\t\t\t\t\t\t\t\t\t\t<\/div>\n\t\t\t\t<\/div>\n\t\t\t\t<\/div>\n\t\t<div class=\"elementor-element elementor-element-67372d0 e-con-full e-flex e-con e-child\" data-id=\"67372d0\" data-element_type=\"container\" data-e-type=\"container\">\n\t\t\t\t<div class=\"elementor-element elementor-element-d71dd01 elementor-widget elementor-widget-image\" data-id=\"d71dd01\" data-element_type=\"widget\" data-e-type=\"widget\" data-widget_type=\"image.default\">\n\t\t\t\t<div class=\"elementor-widget-container\">\n\t\t\t\t\t\t\t\t\t\t\t\t\t\t\t\t<a href=\"https:\/\/roma.rs\/\" target=\"_blank\" rel=\"noopener\">\n\t\t\t\t\t\t\t<img loading=\"lazy\" decoding=\"async\" width=\"150\" height=\"150\" src=\"https:\/\/nevenacolor.co.rs\/wp-content\/uploads\/2024\/12\/roma.png\" class=\"attachment-full size-full wp-image-35968\" alt=\"\" \/>\t\t\t\t\t\t\t\t<\/a>\n\t\t\t\t\t\t\t\t\t\t\t\t\t\t\t<\/div>\n\t\t\t\t<\/div>\n\t\t\t\t<\/div>\n\t\t<div class=\"elementor-element elementor-element-650b2eb e-con-full e-flex e-con e-child\" data-id=\"650b2eb\" data-element_type=\"container\" data-e-type=\"container\">\n\t\t\t\t<div class=\"elementor-element elementor-element-a5a990b elementor-widget elementor-widget-image\" data-id=\"a5a990b\" data-element_type=\"widget\" data-e-type=\"widget\" data-widget_type=\"image.default\">\n\t\t\t\t<div class=\"elementor-widget-container\">\n\t\t\t\t\t\t\t\t\t\t\t\t\t\t\t\t<a href=\"https:\/\/www.domena.rs\/\" target=\"_blank\" rel=\"noopener\">\n\t\t\t\t\t\t\t<img loading=\"lazy\" decoding=\"async\" width=\"150\" height=\"150\" src=\"https:\/\/nevenacolor.co.rs\/wp-content\/uploads\/2024\/12\/domena.png\" class=\"attachment-full size-full wp-image-35963\" alt=\"\" \/>\t\t\t\t\t\t\t\t<\/a>\n\t\t\t\t\t\t\t\t\t\t\t\t\t\t\t<\/div>\n\t\t\t\t<\/div>\n\t\t\t\t<\/div>\n\t\t<div class=\"elementor-element elementor-element-1941370 e-con-full e-flex e-con e-child\" data-id=\"1941370\" data-element_type=\"container\" data-e-type=\"container\">\n\t\t\t\t<div class=\"elementor-element elementor-element-167e992 elementor-widget elementor-widget-image\" data-id=\"167e992\" data-element_type=\"widget\" data-e-type=\"widget\" data-widget_type=\"image.default\">\n\t\t\t\t<div class=\"elementor-widget-container\">\n\t\t\t\t\t\t\t\t\t\t\t\t\t\t\t\t<a href=\"https:\/\/andreja.rs\/\" target=\"_blank\" rel=\"noopener\">\n\t\t\t\t\t\t\t<img loading=\"lazy\" decoding=\"async\" width=\"150\" height=\"150\" src=\"https:\/\/nevenacolor.co.rs\/wp-content\/uploads\/2024\/12\/andrea.png\" class=\"attachment-full size-full wp-image-35960\" alt=\"\" \/>\t\t\t\t\t\t\t\t<\/a>\n\t\t\t\t\t\t\t\t\t\t\t\t\t\t\t<\/div>\n\t\t\t\t<\/div>\n\t\t\t\t<\/div>\n\t\t<div class=\"elementor-element elementor-element-0f05261 e-con-full e-flex e-con e-child\" data-id=\"0f05261\" data-element_type=\"container\" data-e-type=\"container\">\n\t\t\t\t<div class=\"elementor-element elementor-element-bd24f0d elementor-widget elementor-widget-image\" data-id=\"bd24f0d\" data-element_type=\"widget\" data-e-type=\"widget\" data-widget_type=\"image.default\">\n\t\t\t\t<div class=\"elementor-widget-container\">\n\t\t\t\t\t\t\t\t\t\t\t\t\t\t\t\t<a href=\"https:\/\/www.oli-koop.rs\/\" target=\"_blank\" rel=\"noopener\">\n\t\t\t\t\t\t\t<img loading=\"lazy\" decoding=\"async\" width=\"150\" height=\"150\" src=\"https:\/\/nevenacolor.co.rs\/wp-content\/uploads\/2024\/12\/oli.png\" class=\"attachment-full size-full wp-image-35967\" alt=\"\" \/>\t\t\t\t\t\t\t\t<\/a>\n\t\t\t\t\t\t\t\t\t\t\t\t\t\t\t<\/div>\n\t\t\t\t<\/div>\n\t\t\t\t<\/div>\n\t\t\t\t\t<\/div>\n\t\t\t\t<\/div>\n\t\t<div class=\"elementor-element elementor-element-79b2219 e-flex e-con-boxed e-con e-parent\" data-id=\"79b2219\" data-element_type=\"container\" data-e-type=\"container\">\n\t\t\t\t\t<div class=\"e-con-inner\">\n\t\t<div class=\"elementor-element elementor-element-15399f6 e-con-full e-flex e-con e-child\" data-id=\"15399f6\" data-element_type=\"container\" data-e-type=\"container\">\n\t\t\t\t<div class=\"elementor-element elementor-element-3adc42a elementor-widget elementor-widget-image\" data-id=\"3adc42a\" data-element_type=\"widget\" data-e-type=\"widget\" data-widget_type=\"image.default\">\n\t\t\t\t<div class=\"elementor-widget-container\">\n\t\t\t\t\t\t\t\t\t\t\t\t\t\t\t\t<a href=\"https:\/\/www.stecomboje.rs\/kontakt\/\" target=\"_blank\" rel=\"noopener\">\n\t\t\t\t\t\t\t<img loading=\"lazy\" decoding=\"async\" width=\"150\" height=\"150\" src=\"https:\/\/nevenacolor.co.rs\/wp-content\/uploads\/2024\/12\/stecom.png\" class=\"attachment-full size-full wp-image-35970\" alt=\"\" \/>\t\t\t\t\t\t\t\t<\/a>\n\t\t\t\t\t\t\t\t\t\t\t\t\t\t\t<\/div>\n\t\t\t\t<\/div>\n\t\t\t\t<\/div>\n\t\t<div class=\"elementor-element elementor-element-bd904f2 e-con-full e-flex e-con e-child\" data-id=\"bd904f2\" data-element_type=\"container\" data-e-type=\"container\">\n\t\t\t\t<div class=\"elementor-element elementor-element-d41d88a elementor-widget elementor-widget-image\" data-id=\"d41d88a\" data-element_type=\"widget\" data-e-type=\"widget\" data-widget_type=\"image.default\">\n\t\t\t\t<div class=\"elementor-widget-container\">\n\t\t\t\t\t\t\t\t\t\t\t\t\t\t\t\t<a href=\"https:\/\/dolor.co.rs\/\" target=\"_blank\" rel=\"noopener\">\n\t\t\t\t\t\t\t<img loading=\"lazy\" decoding=\"async\" width=\"150\" height=\"150\" src=\"https:\/\/nevenacolor.co.rs\/wp-content\/uploads\/2024\/12\/dolor.png\" class=\"attachment-full size-full wp-image-35962\" alt=\"\" \/>\t\t\t\t\t\t\t\t<\/a>\n\t\t\t\t\t\t\t\t\t\t\t\t\t\t\t<\/div>\n\t\t\t\t<\/div>\n\t\t\t\t<\/div>\n\t\t<div class=\"elementor-element elementor-element-b488ddb e-con-full e-flex e-con e-child\" data-id=\"b488ddb\" data-element_type=\"container\" data-e-type=\"container\">\n\t\t\t\t<div class=\"elementor-element elementor-element-578e086 elementor-widget elementor-widget-image\" data-id=\"578e086\" data-element_type=\"widget\" data-e-type=\"widget\" data-widget_type=\"image.default\">\n\t\t\t\t<div class=\"elementor-widget-container\">\n\t\t\t\t\t\t\t\t\t\t\t\t\t\t\t<img loading=\"lazy\" decoding=\"async\" width=\"150\" height=\"150\" src=\"https:\/\/nevenacolor.co.rs\/wp-content\/uploads\/2024\/12\/duga.png\" class=\"attachment-full size-full wp-image-35964\" alt=\"\" \/>\t\t\t\t\t\t\t\t\t\t\t\t\t\t\t<\/div>\n\t\t\t\t<\/div>\n\t\t\t\t<\/div>\n\t\t<div class=\"elementor-element elementor-element-fa5e363 e-con-full e-flex e-con e-child\" data-id=\"fa5e363\" data-element_type=\"container\" data-e-type=\"container\">\n\t\t\t\t<div class=\"elementor-element elementor-element-7df673a elementor-widget elementor-widget-image\" data-id=\"7df673a\" data-element_type=\"widget\" data-e-type=\"widget\" data-widget_type=\"image.default\">\n\t\t\t\t<div class=\"elementor-widget-container\">\n\t\t\t\t\t\t\t\t\t\t\t\t\t\t\t<img loading=\"lazy\" decoding=\"async\" width=\"150\" height=\"150\" src=\"https:\/\/nevenacolor.co.rs\/wp-content\/uploads\/2024\/12\/jovaco.png\" class=\"attachment-full size-full wp-image-35965\" alt=\"\" \/>\t\t\t\t\t\t\t\t\t\t\t\t\t\t\t<\/div>\n\t\t\t\t<\/div>\n\t\t\t\t<\/div>\n\t\t<div class=\"elementor-element elementor-element-0c33571 e-con-full e-flex e-con e-child\" data-id=\"0c33571\" data-element_type=\"container\" data-e-type=\"container\">\n\t\t\t\t<div class=\"elementor-element elementor-element-c6a9a96 elementor-widget elementor-widget-image\" data-id=\"c6a9a96\" data-element_type=\"widget\" data-e-type=\"widget\" data-widget_type=\"image.default\">\n\t\t\t\t<div class=\"elementor-widget-container\">\n\t\t\t\t\t\t\t\t\t\t\t\t\t\t\t\t<a href=\"https:\/\/s-group.rs\/\" target=\"_blank\" rel=\"noopener\">\n\t\t\t\t\t\t\t<img loading=\"lazy\" decoding=\"async\" width=\"150\" height=\"150\" src=\"https:\/\/nevenacolor.co.rs\/wp-content\/uploads\/2024\/12\/sgroup.png\" class=\"attachment-full size-full wp-image-35969\" alt=\"\" \/>\t\t\t\t\t\t\t\t<\/a>\n\t\t\t\t\t\t\t\t\t\t\t\t\t\t\t<\/div>\n\t\t\t\t<\/div>\n\t\t\t\t<\/div>\n\t\t<div class=\"elementor-element elementor-element-44bd0b1 e-con-full e-flex e-con e-child\" data-id=\"44bd0b1\" data-element_type=\"container\" data-e-type=\"container\">\n\t\t\t\t<div class=\"elementor-element elementor-element-2e90fd5 elementor-widget elementor-widget-image\" data-id=\"2e90fd5\" data-element_type=\"widget\" data-e-type=\"widget\" data-widget_type=\"image.default\">\n\t\t\t\t<div class=\"elementor-widget-container\">\n\t\t\t\t\t\t\t\t\t\t\t\t\t\t\t\t<a href=\"https:\/\/www.stecomboje.rs\/kontakt\/\" target=\"_blank\" rel=\"noopener\">\n\t\t\t\t\t\t\t<img loading=\"lazy\" decoding=\"async\" width=\"305\" height=\"165\" src=\"https:\/\/nevenacolor.co.rs\/wp-content\/uploads\/2025\/05\/1.-Univerzal-logo.jpg\" class=\"attachment-full size-full wp-image-41423\" alt=\"\" srcset=\"https:\/\/nevenacolor.co.rs\/wp-content\/uploads\/2025\/05\/1.-Univerzal-logo.jpg 305w, https:\/\/nevenacolor.co.rs\/wp-content\/uploads\/2025\/05\/1.-Univerzal-logo-150x81.jpg 150w\" sizes=\"auto, (max-width: 305px) 100vw, 305px\" \/>\t\t\t\t\t\t\t\t<\/a>\n\t\t\t\t\t\t\t\t\t\t\t\t\t\t\t<\/div>\n\t\t\t\t<\/div>\n\t\t\t\t<\/div>\n\t\t\t\t\t<\/div>\n\t\t\t\t<\/div>\n\t\t<div class=\"elementor-element elementor-element-a5f6a31 e-flex e-con-boxed e-con e-parent\" data-id=\"a5f6a31\" data-element_type=\"container\" data-e-type=\"container\">\n\t\t\t\t\t<div class=\"e-con-inner\">\n\t\t<div class=\"elementor-element elementor-element-c1358ac e-con-full e-flex e-con e-child\" data-id=\"c1358ac\" data-element_type=\"container\" data-e-type=\"container\">\n\t\t\t\t<div class=\"elementor-element elementor-element-dc177b7 elementor-widget elementor-widget-image\" data-id=\"dc177b7\" data-element_type=\"widget\" data-e-type=\"widget\" data-widget_type=\"image.default\">\n\t\t\t\t<div class=\"elementor-widget-container\">\n\t\t\t\t\t\t\t\t\t\t\t\t\t\t\t\t<a href=\"https:\/\/dolor.co.rs\/\" target=\"_blank\" rel=\"noopener\">\n\t\t\t\t\t\t\t<img loading=\"lazy\" decoding=\"async\" width=\"225\" height=\"225\" src=\"https:\/\/nevenacolor.co.rs\/wp-content\/uploads\/2025\/05\/2.-Hromak-logo.png\" class=\"attachment-full size-full wp-image-41429\" alt=\"\" srcset=\"https:\/\/nevenacolor.co.rs\/wp-content\/uploads\/2025\/05\/2.-Hromak-logo.png 225w, https:\/\/nevenacolor.co.rs\/wp-content\/uploads\/2025\/05\/2.-Hromak-logo-150x150.png 150w\" sizes=\"auto, (max-width: 225px) 100vw, 225px\" \/>\t\t\t\t\t\t\t\t<\/a>\n\t\t\t\t\t\t\t\t\t\t\t\t\t\t\t<\/div>\n\t\t\t\t<\/div>\n\t\t\t\t<\/div>\n\t\t<div class=\"elementor-element elementor-element-7c8508c e-con-full e-flex e-con e-child\" data-id=\"7c8508c\" data-element_type=\"container\" data-e-type=\"container\">\n\t\t\t\t<div class=\"elementor-element elementor-element-d20c2ce elementor-widget elementor-widget-image\" data-id=\"d20c2ce\" data-element_type=\"widget\" data-e-type=\"widget\" data-widget_type=\"image.default\">\n\t\t\t\t<div class=\"elementor-widget-container\">\n\t\t\t\t\t\t\t\t\t\t\t\t\t\t\t<img loading=\"lazy\" decoding=\"async\" width=\"402\" height=\"134\" src=\"https:\/\/nevenacolor.co.rs\/wp-content\/uploads\/2025\/05\/3.-Sicer-logo.jpg\" class=\"attachment-full size-full wp-image-41435\" alt=\"\" srcset=\"https:\/\/nevenacolor.co.rs\/wp-content\/uploads\/2025\/05\/3.-Sicer-logo.jpg 402w, https:\/\/nevenacolor.co.rs\/wp-content\/uploads\/2025\/05\/3.-Sicer-logo-400x133.jpg 400w, https:\/\/nevenacolor.co.rs\/wp-content\/uploads\/2025\/05\/3.-Sicer-logo-150x50.jpg 150w\" sizes=\"auto, (max-width: 402px) 100vw, 402px\" \/>\t\t\t\t\t\t\t\t\t\t\t\t\t\t\t<\/div>\n\t\t\t\t<\/div>\n\t\t\t\t<\/div>\n\t\t<div class=\"elementor-element elementor-element-6b821b8 e-con-full e-flex e-con e-child\" data-id=\"6b821b8\" data-element_type=\"container\" data-e-type=\"container\">\n\t\t\t\t<div class=\"elementor-element elementor-element-6978e3a elementor-widget elementor-widget-image\" data-id=\"6978e3a\" data-element_type=\"widget\" data-e-type=\"widget\" data-widget_type=\"image.default\">\n\t\t\t\t<div class=\"elementor-widget-container\">\n\t\t\t\t\t\t\t\t\t\t\t\t\t\t\t<img loading=\"lazy\" decoding=\"async\" width=\"204\" height=\"192\" src=\"https:\/\/nevenacolor.co.rs\/wp-content\/uploads\/2025\/05\/4.-Gimi-logo.jpg\" class=\"attachment-full size-full wp-image-41441\" alt=\"\" srcset=\"https:\/\/nevenacolor.co.rs\/wp-content\/uploads\/2025\/05\/4.-Gimi-logo.jpg 204w, https:\/\/nevenacolor.co.rs\/wp-content\/uploads\/2025\/05\/4.-Gimi-logo-150x141.jpg 150w\" sizes=\"auto, (max-width: 204px) 100vw, 204px\" \/>\t\t\t\t\t\t\t\t\t\t\t\t\t\t\t<\/div>\n\t\t\t\t<\/div>\n\t\t\t\t<\/div>\n\t\t<div class=\"elementor-element elementor-element-6205d6c e-con-full e-flex e-con e-child\" data-id=\"6205d6c\" data-element_type=\"container\" data-e-type=\"container\">\n\t\t\t\t<div class=\"elementor-element elementor-element-0a361c0 elementor-widget elementor-widget-image\" data-id=\"0a361c0\" data-element_type=\"widget\" data-e-type=\"widget\" data-widget_type=\"image.default\">\n\t\t\t\t<div class=\"elementor-widget-container\">\n\t\t\t\t\t\t\t\t\t\t\t\t\t\t\t\t<a href=\"https:\/\/s-group.rs\/\" target=\"_blank\" rel=\"noopener\">\n\t\t\t\t\t\t\t<img loading=\"lazy\" decoding=\"async\" width=\"1245\" height=\"336\" src=\"https:\/\/nevenacolor.co.rs\/wp-content\/uploads\/2025\/05\/5.-Babija-logo.png\" class=\"attachment-full size-full wp-image-41447\" alt=\"\" srcset=\"https:\/\/nevenacolor.co.rs\/wp-content\/uploads\/2025\/05\/5.-Babija-logo.png 1245w, https:\/\/nevenacolor.co.rs\/wp-content\/uploads\/2025\/05\/5.-Babija-logo-400x108.png 400w, https:\/\/nevenacolor.co.rs\/wp-content\/uploads\/2025\/05\/5.-Babija-logo-768x207.png 768w, https:\/\/nevenacolor.co.rs\/wp-content\/uploads\/2025\/05\/5.-Babija-logo-150x40.png 150w\" sizes=\"auto, (max-width: 1245px) 100vw, 1245px\" \/>\t\t\t\t\t\t\t\t<\/a>\n\t\t\t\t\t\t\t\t\t\t\t\t\t\t\t<\/div>\n\t\t\t\t<\/div>\n\t\t\t\t<\/div>\n\t\t\t\t\t<\/div>\n\t\t\t\t<\/div>\n\t\t<div class=\"wd-negative-gap elementor-element elementor-element-d8dacd8 e-flex e-con-boxed e-con e-parent\" data-id=\"d8dacd8\" data-element_type=\"container\" data-e-type=\"container\">\n\t\t\t\t\t<div class=\"e-con-inner\">\n\t\t\t\t<div class=\"elementor-element elementor-element-5e5a5c8 elementor-widget elementor-widget-heading\" data-id=\"5e5a5c8\" data-element_type=\"widget\" data-e-type=\"widget\" data-widget_type=\"heading.default\">\n\t\t\t\t<div class=\"elementor-widget-container\">\n\t\t\t\t\t<h2 class=\"elementor-heading-title elementor-size-default\">V\u00c1LJON A DISTRIB\u00daTORUNKK\u00c1<\/h2>\t\t\t\t<\/div>\n\t\t\t\t<\/div>\n\t\t\t\t\t<\/div>\n\t\t\t\t<\/div>\n\t\t<div class=\"elementor-element elementor-element-3c892a1 e-flex e-con-boxed e-con e-parent\" data-id=\"3c892a1\" data-element_type=\"container\" data-e-type=\"container\">\n\t\t\t\t\t<div class=\"e-con-inner\">\n\t\t\t\t<div class=\"elementor-element elementor-element-daf43a3 elementor-widget elementor-widget-wpforms\" data-id=\"daf43a3\" data-element_type=\"widget\" data-e-type=\"widget\" data-widget_type=\"wpforms.default\">\n\t\t\t\t<div class=\"elementor-widget-container\">\n\t\t\t\t\t<style id=\"wpforms-css-vars-elementor-widget-daf43a3\">\n\t\t\t\t.elementor-widget-wpforms.elementor-element-daf43a3 {\n\t\t\t\t--wpforms-button-background-color: #2E3192;\n\t\t\t}\n\t\t\t<\/style><div class=\"wpforms-container wpforms-container-full wpforms-render-modern\" id=\"wpforms-32016\"><form id=\"wpforms-form-32016\" class=\"wpforms-validate wpforms-form wpforms-ajax-form\" data-formid=\"32016\" method=\"post\" enctype=\"multipart\/form-data\" action=\"\/hu\/wp-json\/wp\/v2\/pages\/34527\" data-token=\"52d9f13d9370ef8c77217e0b1d02e321\" data-token-time=\"1775251765\"><noscript class=\"wpforms-error-noscript\">Please enable JavaScript in your browser to complete this form.<\/noscript><div id=\"wpforms-error-noscript\" style=\"display: none;\">Please enable JavaScript in your browser to complete this form.<\/div><div class=\"wpforms-field-container\"><div id=\"wpforms-32016-field_1-container\" class=\"wpforms-field wpforms-field-name\" data-field-id=\"1\"><fieldset><legend class=\"wpforms-field-label wpforms-label-hide\" aria-hidden=\"false\">Ime i prezime <span class=\"wpforms-required-label\" aria-hidden=\"true\">*<\/span><\/legend><div class=\"wpforms-field-row wpforms-field-large\"><div class=\"wpforms-field-row-block wpforms-first wpforms-one-half\"><input type=\"text\" id=\"wpforms-32016-field_1\" class=\"wpforms-field-name-first wpforms-field-required\" name=\"wpforms[fields][1][first]\" placeholder=\"Ime\" aria-errormessage=\"wpforms-32016-field_1-error\" required><label for=\"wpforms-32016-field_1\" class=\"wpforms-field-sublabel after wpforms-sublabel-hide\">First<\/label><\/div><div class=\"wpforms-field-row-block wpforms-one-half\"><input type=\"text\" id=\"wpforms-32016-field_1-last\" class=\"wpforms-field-name-last wpforms-field-required\" name=\"wpforms[fields][1][last]\" placeholder=\"Prezime\" aria-errormessage=\"wpforms-32016-field_1-last-error\" required><label for=\"wpforms-32016-field_1-last\" class=\"wpforms-field-sublabel after wpforms-sublabel-hide\">Last<\/label><\/div><\/div><\/fieldset><\/div><div id=\"wpforms-32016-field_5-container\" class=\"wpforms-field wpforms-field-text\" data-field-id=\"5\"><label class=\"wpforms-field-label wpforms-label-hide\" for=\"wpforms-32016-field_5\" aria-hidden=\"false\">Kompanija <span class=\"wpforms-required-label\" aria-hidden=\"true\">*<\/span><\/label><input type=\"text\" id=\"wpforms-32016-field_5\" class=\"wpforms-field-large wpforms-field-required\" name=\"wpforms[fields][5]\" placeholder=\"Kompanija\" aria-errormessage=\"wpforms-32016-field_5-error\" required><\/div><div id=\"wpforms-32016-field_2-container\" class=\"wpforms-field wpforms-field-email\" data-field-id=\"2\"><label class=\"wpforms-field-label wpforms-label-hide\" for=\"wpforms-32016-field_2\" aria-hidden=\"false\">Email <span class=\"wpforms-required-label\" aria-hidden=\"true\">*<\/span><\/label><input type=\"email\" id=\"wpforms-32016-field_2\" class=\"wpforms-field-large wpforms-field-required\" name=\"wpforms[fields][2]\" placeholder=\"Email\" spellcheck=\"false\" aria-errormessage=\"wpforms-32016-field_2-error\" required><\/div><div id=\"wpforms-32016-field_4-container\" class=\"wpforms-field wpforms-field-text\" data-field-id=\"4\"><label class=\"wpforms-field-label wpforms-label-hide\" for=\"wpforms-32016-field_4\" aria-hidden=\"false\">Naslov<\/label><input type=\"text\" id=\"wpforms-32016-field_4\" class=\"wpforms-field-large\" name=\"wpforms[fields][4]\" placeholder=\"Naslov\" aria-errormessage=\"wpforms-32016-field_4-error\" ><\/div><div id=\"wpforms-32016-field_3-container\" class=\"wpforms-field wpforms-field-textarea\" data-field-id=\"3\"><label class=\"wpforms-field-label wpforms-label-hide\" for=\"wpforms-32016-field_3\" aria-hidden=\"false\">Va\u0161a poruka <span class=\"wpforms-required-label\" aria-hidden=\"true\">*<\/span><\/label><textarea id=\"wpforms-32016-field_3\" class=\"wpforms-field-medium wpforms-field-required\" name=\"wpforms[fields][3]\" placeholder=\"Va\u0161a poruka\" aria-errormessage=\"wpforms-32016-field_3-error\" required><\/textarea><\/div><\/div><!-- .wpforms-field-container --><div class=\"wpforms-recaptcha-container wpforms-is-recaptcha wpforms-is-recaptcha-type-v3\" ><input type=\"hidden\" name=\"wpforms[recaptcha]\" value=\"\"><\/div><div class=\"wpforms-submit-container\" ><input type=\"hidden\" name=\"wpforms[id]\" value=\"32016\"><input type=\"hidden\" name=\"page_title\" value=\"\"><input type=\"hidden\" name=\"page_url\" value=\"https:\/\/nevenacolor.co.rs\/hu\/wp-json\/wp\/v2\/pages\/34527\"><input type=\"hidden\" name=\"url_referer\" value=\"\"><button type=\"submit\" name=\"wpforms[submit]\" id=\"wpforms-submit-32016\" class=\"wpforms-submit\" data-alt-text=\"\u0160alje se...\" data-submit-text=\"Po\u0161aljite\" aria-live=\"assertive\" value=\"wpforms-submit\">Po\u0161aljite<\/button><img loading=\"lazy\" decoding=\"async\" src=\"https:\/\/nevenacolor.co.rs\/wp-content\/plugins\/wpforms\/assets\/images\/submit-spin.svg\" class=\"wpforms-submit-spinner\" style=\"display: none;\" width=\"26\" height=\"26\" alt=\"Loading\"><\/div><\/form><\/div>  <!-- .wpforms-container -->\t\t\t\t<\/div>\n\t\t\t\t<\/div>\n\t\t\t\t\t<\/div>\n\t\t\t\t<\/div>\n\t\t\t\t<\/div>\n\t\t","protected":false},"excerpt":{"rendered":"<p>A MI DISTRIB\u00daTORAINK V\u00c1LJON A DISTRIB\u00daTORUNKK\u00c1 Please enable JavaScript in your browser to complete this form.Please enable JavaScript in your<\/p>\n","protected":false},"author":1,"featured_media":0,"parent":0,"menu_order":0,"comment_status":"closed","ping_status":"closed","template":"elementor_header_footer","meta":{"_monsterinsights_skip_tracking":false,"_monsterinsights_sitenote_active":false,"_monsterinsights_sitenote_note":"","_monsterinsights_sitenote_category":0,"footnotes":""},"class_list":["post-34527","page","type-page","status-publish","hentry"],"_links":{"self":[{"href":"https:\/\/nevenacolor.co.rs\/hu\/wp-json\/wp\/v2\/pages\/34527","targetHints":{"allow":["GET"]}}],"collection":[{"href":"https:\/\/nevenacolor.co.rs\/hu\/wp-json\/wp\/v2\/pages"}],"about":[{"href":"https:\/\/nevenacolor.co.rs\/hu\/wp-json\/wp\/v2\/types\/page"}],"author":[{"embeddable":true,"href":"https:\/\/nevenacolor.co.rs\/hu\/wp-json\/wp\/v2\/users\/1"}],"replies":[{"embeddable":true,"href":"https:\/\/nevenacolor.co.rs\/hu\/wp-json\/wp\/v2\/comments?post=34527"}],"version-history":[{"count":3,"href":"https:\/\/nevenacolor.co.rs\/hu\/wp-json\/wp\/v2\/pages\/34527\/revisions"}],"predecessor-version":[{"id":41477,"href":"https:\/\/nevenacolor.co.rs\/hu\/wp-json\/wp\/v2\/pages\/34527\/revisions\/41477"}],"wp:attachment":[{"href":"https:\/\/nevenacolor.co.rs\/hu\/wp-json\/wp\/v2\/media?parent=34527"}],"curies":[{"name":"wp","href":"https:\/\/api.w.org\/{rel}","templated":true}]}}