{"id":36011,"date":"2024-05-28T11:50:38","date_gmt":"2024-05-28T11:50:38","guid":{"rendered":"https:\/\/nevenacolor.co.rs\/proizvod\/cool-furdo-frissito\/"},"modified":"2025-04-30T11:35:43","modified_gmt":"2025-04-30T11:35:43","slug":"cool-furdo-frissito","status":"publish","type":"product","link":"https:\/\/nevenacolor.co.rs\/hu\/term\u00e9k\/cool-furdo-frissito\/","title":{"rendered":"Cool f\u00fcrd\u0151 friss\u00edt\u0151"},"content":{"rendered":"<h3><strong>\u00c1LTAL\u00c1NOS ADATOK \u00c9S ALKALMAZ\u00c1S<\/strong><\/h3>\n<p class=\"p1\"><b>A COOL KADA FRE\u0160<\/b> kisebb k\u00e1dk\u00e1rosod\u00e1sok helyre\u00e1ll\u00edt\u00e1s\u00e1ra \u00e9s jav\u00edt\u00e1s\u00e1ra haszn\u00e1lhat\u00f3.<\/p>\n<p class=\"p1\">Ecsettel, hengerrel vagy permetez\u00e9ssel kell k\u00e9t r\u00e9tegben felvinni. F\u00e9m k\u00e1dk\u00e1rosod\u00e1sok eset\u00e9n az akril alapoz\u00f3 fest\u00e9kre ker\u00fcl a COOL akril email, m\u00edg m\u0171anyag k\u00e1dk\u00e1kn\u00e1l a jav\u00edt\u00e1s csak COOL akril emaillel v\u00e9gezhet\u0151.<\/p>\n<h3><strong>HASZN\u00c1LATI \u00daTMUTAT\u00d3<\/strong><\/h3>\n<p class=\"p1\">A jav\u00edt\u00e1s ut\u00e1n a k\u00e1d tiszt\u00edt\u00e1s\u00e1hoz nem szabad er\u0151s vegyi anyagokat \u00e9s abraz\u00edv tiszt\u00edt\u00f3szereket haszn\u00e1lni.<\/p>\n<p class=\"p1\">A fest\u00e9s el\u0151tt <span class=\"s1\">a k\u00e1dat meg kell tiszt\u00edtani a lehets\u00e9ges rozsd\u00e1t\u00f3l, v\u00edzk\u0151t\u0151l, szilikont\u00f3l \u00e9s b\u00e1rmilyen szappan- vagy zs\u00edrmaradv\u00e1nyt\u00f3l, hogy a fest\u00e9s tart\u00f3sabb legyen. A tiszt\u00edtott \u00e9s zs\u00edrtalan\u00edtott fel\u00fcletet megfelel\u0151 csiszol\u00f3pap\u00edrral (180-220) csiszolni kell, majd j\u00f3l meg kell sz\u00e1r\u00edtani, hogy az akril fest\u00e9k jobban tapadjon. A nagyobb k\u00e1rosod\u00e1sokat (nagyobb reped\u00e9seket, reped\u00e9seket vagy 2-3 cm-es lyukakat) megfelel\u0151 poli\u00e9szter k\u00e9szlettel kell jav\u00edtani. A COOL KADA FRE\u0160-t haszn\u00e1lat el\u0151tt maximum 10% v\u00edzzel kell h\u00edg\u00edtani, \u00e9s j\u00f3l megkeverni. A m\u00e1sodik r\u00e9teget 6-8 \u00f3ra sz\u00e1rad\u00e1s ut\u00e1n kell felvinni. <\/span>A szersz\u00e1mokat haszn\u00e1lat ut\u00e1n azonnal v\u00edzzel meg kell tiszt\u00edtani. Az alkalmaz\u00e1s optim\u00e1lis h\u0151m\u00e9rs\u00e9klete +10\u00baC \u00e9s +30\u00baC k\u00f6z\u00f6tt van.<\/p>\n<h3><strong>FOGYASZT\u00c1S<\/strong><\/h3>\n<p class=\"p1\">8-10 m<span class=\"s1\"><sup>2<\/sup><\/span>\/l egy r\u00e9tegben.<\/p>\n<h3><strong>CSOMAGOL\u00c1S<\/strong><\/h3>\n<p class=\"p1\">0.45 l<\/p>\n<h3><strong>FELHASZN\u00c1LHAT\u00d3S\u00c1GI ID\u0150 \u00c9S T\u00c1ROL\u00c1S<\/strong><\/h3>\n<p class=\"p1\">18 h\u00f3nap a csomagol\u00e1son felt\u00fcntetett d\u00e1tumt\u00f3l. Eredeti, j\u00f3l lez\u00e1rt \u00e9s s\u00e9rtetlen gy\u00e1ri csomagol\u00e1sban kell<\/p>\n<h3><strong>DOKUMENT\u00c1CI\u00d3<\/strong><\/h3>\n<div class=\"dokumentacija\">\n<p><a class=\"dugmeproizvod\" href=\"https:\/\/nevenacolor.co.rs\/wp-content\/uploads\/2024\/10\/Tehnicka-dokumentacija-kada.pdf\" target=\"_blank\" rel=\"noopener\">M\u0170SZAKI DOKUMENT\u00c1CI\u00d3<\/a><\/p>\n<p><a class=\"dugmeproizvod\" href=\"https:\/\/nevenacolor.co.rs\/wp-content\/uploads\/2024\/10\/Bezbedonosni-list-kada.pdf\" target=\"_blank\" rel=\"noopener\">BIZTONS\u00c1GI ADATLAP<\/a><\/p>\n<p>&nbsp;<\/p>\n<\/div>\n","protected":false},"excerpt":{"rendered":"<p>\u00c1LTAL\u00c1NOS ADATOK \u00c9S ALKALMAZ\u00c1S A COOL KADA FRE\u0160 kisebb k\u00e1dk\u00e1rosod\u00e1sok helyre\u00e1ll\u00edt\u00e1s\u00e1ra \u00e9s jav\u00edt\u00e1s\u00e1ra haszn\u00e1lhat\u00f3. Ecsettel, hengerrel vagy permetez\u00e9ssel kell k\u00e9t<\/p>\n","protected":false},"featured_media":35403,"template":"","meta":{"_monsterinsights_skip_tracking":false,"_monsterinsights_sitenote_active":false,"_monsterinsights_sitenote_note":"","_monsterinsights_sitenote_category":0},"product_brand":[],"product_cat":[320,321],"product_tag":[],"class_list":{"0":"post-36011","1":"product","2":"type-product","3":"status-publish","4":"has-post-thumbnail","6":"product_cat-bevonatok-muanyagra-es-horganyzott-feluletekre","7":"product_cat-vegleges-bevonat-muanyagra","9":"first","10":"instock","11":"shipping-taxable","12":"product-type-simple"},"_links":{"self":[{"href":"https:\/\/nevenacolor.co.rs\/hu\/wp-json\/wp\/v2\/product\/36011","targetHints":{"allow":["GET"]}}],"collection":[{"href":"https:\/\/nevenacolor.co.rs\/hu\/wp-json\/wp\/v2\/product"}],"about":[{"href":"https:\/\/nevenacolor.co.rs\/hu\/wp-json\/wp\/v2\/types\/product"}],"version-history":[{"count":1,"href":"https:\/\/nevenacolor.co.rs\/hu\/wp-json\/wp\/v2\/product\/36011\/revisions"}],"predecessor-version":[{"id":36014,"href":"https:\/\/nevenacolor.co.rs\/hu\/wp-json\/wp\/v2\/product\/36011\/revisions\/36014"}],"wp:featuredmedia":[{"embeddable":true,"href":"https:\/\/nevenacolor.co.rs\/hu\/wp-json\/wp\/v2\/media\/35403"}],"wp:attachment":[{"href":"https:\/\/nevenacolor.co.rs\/hu\/wp-json\/wp\/v2\/media?parent=36011"}],"wp:term":[{"taxonomy":"product_brand","embeddable":true,"href":"https:\/\/nevenacolor.co.rs\/hu\/wp-json\/wp\/v2\/product_brand?post=36011"},{"taxonomy":"product_cat","embeddable":true,"href":"https:\/\/nevenacolor.co.rs\/hu\/wp-json\/wp\/v2\/product_cat?post=36011"},{"taxonomy":"product_tag","embeddable":true,"href":"https:\/\/nevenacolor.co.rs\/hu\/wp-json\/wp\/v2\/product_tag?post=36011"}],"curies":[{"name":"wp","href":"https:\/\/api.w.org\/{rel}","templated":true}]}}