{"id":36015,"date":"2024-05-28T11:50:55","date_gmt":"2024-05-28T11:50:55","guid":{"rendered":"https:\/\/nevenacolor.co.rs\/proizvod\/cool-wash-alapozo\/"},"modified":"2025-04-30T11:40:55","modified_gmt":"2025-04-30T11:40:55","slug":"cool-wash-alapozo","status":"publish","type":"product","link":"https:\/\/nevenacolor.co.rs\/hu\/term\u00e9k\/cool-wash-alapozo\/","title":{"rendered":"Cool wash alapoz\u00f3"},"content":{"rendered":"<h3><strong>\u00c1LTAL\u00c1NOS ADATOK \u00c9S ALKALMAZ\u00c1S<\/strong><\/h3>\n<p class=\"p1\"><b>A COOL WASH PRIMER<\/b> egykomponens\u0171 reakt\u00edv alapoz\u00f3, amely k\u00f6zvetlen\u00fcl alkalmazhat\u00f3 a csiszolt \u00e9s zs\u00edrtalan\u00edtott f\u00e9mfel\u00fcletekre (alum\u00ednium, vas, horganyzott lemez). N\u00f6veli az alap- vagy fed\u0151r\u00e9teg tapad\u00e1s\u00e1t, \u00e9s v\u00e9delmet ny\u00fajt a f\u00e9mek korr\u00f3zi\u00f3ja ellen.<\/p>\n<h3><strong>HASZN\u00c1LATI \u00daTMUTAT\u00d3<\/strong><\/h3>\n<p class=\"p1\">A tartalmat alaposan keverje \u00f6ssze, \u00e9s v\u00e9kony r\u00e9tegben (10-20\u00b5) alkalmazza ecsettel vagy permetez\u00e9ssel. Ha sz\u00fcks\u00e9ges, h\u00edg\u00edtsa legfeljebb 5%-os Nitro h\u00edg\u00edt\u00f3szerrel. A m\u00e1sodik r\u00e9teget 24 \u00f3ra eltelt\u00e9vel kell felvinni. Az eszk\u00f6z\u00f6k tiszt\u00edt\u00e1s\u00e1hoz Nitro h\u00edg\u00edt\u00f3szert haszn\u00e1ljon.<\/p>\n<h3><strong>FOGYASZT\u00c1S<\/strong><\/h3>\n<p class=\"p1\">1 literrel 15 m<span class=\"s1\"><sup>2<\/sup><\/span> fel\u00fclet v\u00e9dhet\u0151 egy r\u00e9tegben.<\/p>\n<h3><strong>CSOMAGOL\u00c1S<\/strong><\/h3>\n<p class=\"p1\">1l<\/p>\n<h3><strong>FELHASZN\u00c1LHAT\u00d3S\u00c1GI ID\u0150 \u00c9S T\u00c1ROL\u00c1S<\/strong><\/h3>\n<p class=\"p1\">18 h\u00f3nap a csomagol\u00e1son felt\u00fcntetett d\u00e1tumt\u00f3l. Eredeti, j\u00f3l lez\u00e1rt \u00e9s s\u00e9rtetlen gy\u00e1ri csomagol\u00e1sban kell t\u00e1rolni, +5\u00baC \u00e9s +25\u00baC k\u00f6z\u00f6tti h\u0151m\u00e9rs\u00e9kleten.<\/p>\n<h3><strong>DOKUMENT\u00c1CI\u00d3<\/strong><\/h3>\n<div class=\"dokumentacija\">\n<p><a class=\"dugmeproizvod\" href=\"https:\/\/nevenacolor.co.rs\/wp-content\/uploads\/2024\/10\/Tehnicka-dokumentacija-primer.pdf\" target=\"_blank\" rel=\"noopener\">M\u0170SZAKI DOKUMENT\u00c1CI\u00d3<\/a><\/p>\n<p><a class=\"dugmeproizvod\" href=\"https:\/\/nevenacolor.co.rs\/wp-content\/uploads\/2024\/10\/Bezbedonosni-list-primer.pdf\" target=\"_blank\" rel=\"noopener\">BIZTONS\u00c1GI ADATLAP<\/a><\/p>\n<\/div>\n<p>&nbsp;<\/p>\n","protected":false},"excerpt":{"rendered":"<p>\u00c1LTAL\u00c1NOS ADATOK \u00c9S ALKALMAZ\u00c1S A COOL WASH PRIMER egykomponens\u0171 reakt\u00edv alapoz\u00f3, amely k\u00f6zvetlen\u00fcl alkalmazhat\u00f3 a csiszolt \u00e9s zs\u00edrtalan\u00edtott f\u00e9mfel\u00fcletekre (alum\u00ednium,<\/p>\n","protected":false},"featured_media":35406,"template":"","meta":{"_monsterinsights_skip_tracking":false,"_monsterinsights_sitenote_active":false,"_monsterinsights_sitenote_note":"","_monsterinsights_sitenote_category":0},"product_brand":[],"product_cat":[320,322],"product_tag":[],"class_list":{"0":"post-36015","1":"product","2":"type-product","3":"status-publish","4":"has-post-thumbnail","6":"product_cat-bevonatok-muanyagra-es-horganyzott-feluletekre","7":"product_cat-impregnalas-horganyzott-lemezre","9":"first","10":"instock","11":"shipping-taxable","12":"product-type-simple"},"_links":{"self":[{"href":"https:\/\/nevenacolor.co.rs\/hu\/wp-json\/wp\/v2\/product\/36015","targetHints":{"allow":["GET"]}}],"collection":[{"href":"https:\/\/nevenacolor.co.rs\/hu\/wp-json\/wp\/v2\/product"}],"about":[{"href":"https:\/\/nevenacolor.co.rs\/hu\/wp-json\/wp\/v2\/types\/product"}],"version-history":[{"count":1,"href":"https:\/\/nevenacolor.co.rs\/hu\/wp-json\/wp\/v2\/product\/36015\/revisions"}],"predecessor-version":[{"id":36016,"href":"https:\/\/nevenacolor.co.rs\/hu\/wp-json\/wp\/v2\/product\/36015\/revisions\/36016"}],"wp:featuredmedia":[{"embeddable":true,"href":"https:\/\/nevenacolor.co.rs\/hu\/wp-json\/wp\/v2\/media\/35406"}],"wp:attachment":[{"href":"https:\/\/nevenacolor.co.rs\/hu\/wp-json\/wp\/v2\/media?parent=36015"}],"wp:term":[{"taxonomy":"product_brand","embeddable":true,"href":"https:\/\/nevenacolor.co.rs\/hu\/wp-json\/wp\/v2\/product_brand?post=36015"},{"taxonomy":"product_cat","embeddable":true,"href":"https:\/\/nevenacolor.co.rs\/hu\/wp-json\/wp\/v2\/product_cat?post=36015"},{"taxonomy":"product_tag","embeddable":true,"href":"https:\/\/nevenacolor.co.rs\/hu\/wp-json\/wp\/v2\/product_tag?post=36015"}],"curies":[{"name":"wp","href":"https:\/\/api.w.org\/{rel}","templated":true}]}}