{"id":36017,"date":"2024-05-28T11:52:52","date_gmt":"2024-05-28T11:52:52","guid":{"rendered":"https:\/\/nevenacolor.co.rs\/proizvod\/cool-3x1-dtz-email-lakk\/"},"modified":"2025-10-02T12:00:59","modified_gmt":"2025-10-02T12:00:59","slug":"cool-3x1-dtz-email-lakk","status":"publish","type":"product","link":"https:\/\/nevenacolor.co.rs\/hu\/term\u00e9k\/cool-3x1-dtz-email-lakk\/","title":{"rendered":"Cool 3&#215;1 DTZ email lakk"},"content":{"rendered":"<h3><strong>JELLEMZ\u0150K \u00c9S ALKALMAZ\u00c1S<\/strong><\/h3>\n<p class=\"p1\"><b>A COOL 3&#215;1 DTZ EMAIL <\/b>egy antikorr\u00f3zi\u00f3s alapoz\u00f3 \u00e9s fed\u0151r\u00e9teg, m\u00f3dos\u00edtott alkid k\u00f6t\u0151anyagok, speci\u00e1lis pigmentek \u00e9s adal\u00e9kanyagok alapj\u00e1n. Horganyzott lemez, alum\u00ednium, r\u00e9z \u00e9s ac\u00e9l t\u00e1rgyak v\u00e9delm\u00e9re haszn\u00e1lj\u00e1k, mind bels\u0151, mind k\u00fcls\u0151 k\u00f6rnyezetben. Jellemz\u0151je a j\u00f3 tapad\u00e1s, a magas ellen\u00e1ll\u00e1s az id\u0151j\u00e1r\u00e1si hat\u00e1sokkal szemben \u00e9s az UV-sug\u00e1rz\u00e1s ellen\u00e1ll\u00e1sa.  <\/p>\n<h3><strong>FEL\u00dcLET EL\u0150K\u00c9SZ\u00cdT\u00c9SE<\/strong><\/h3>\n<p class=\"p1\">A fel\u00fcletnek, amelyre a COOL 3&#215;1 DTZ EMAIL-t alkalmazz\u00e1k, szil\u00e1rdnak, sz\u00e1raznak, zs\u00edrt\u00f3l \u00e9s szennyez\u0151d\u00e9sekt\u0151l mentesnek kell lennie. Elt\u00e1vol\u00edtand\u00f3k az esetleges r\u00e9gi fest\u00e9kmaradv\u00e1nyok vagy oxid\u00e1ci\u00f3s nyomok. A fel\u00fcletet finom csiszol\u00f3pap\u00edrral (N\u00b0220\/320) kell csiszolni. Zs\u00edrtalan\u00edtani \u00e9s tiszt\u00edtani kell h\u00edg\u00edt\u00f3val. A fest\u00e9ket haszn\u00e1lat el\u0151tt alaposan meg kell keverni. Sz\u00fcks\u00e9g eset\u00e9n legfeljebb 5%-ban h\u00edg\u00edthat\u00f3 a COOL 3&#215;1 h\u00edg\u00edt\u00f3val. K\u00f6zvetlen\u00fcl alkalmazhat\u00f3 kor\u00e1bban korr\u00f3zi\u00f3t\u00f3l megtiszt\u00edtott fel\u00fcletekre. Ecsettel, hengerrel vagy permetez\u00e9ssel kell k\u00e9t r\u00e9tegben felvinni. A m\u00e1sodik r\u00e9teget 1-2 \u00f3ra eltelt\u00e9vel kell felvinni. A COOL 3&#215;1 DTZ EMAIL \u00e9rint\u00e9sre 2 \u00f3r\u00e1n bel\u00fcl sz\u00e1raz, teljesen sz\u00e1raz 24 \u00f3ra eltelt\u00e9vel. Az eszk\u00f6z\u00f6ket haszn\u00e1lat ut\u00e1n azonnal Nitro h\u00edg\u00edt\u00f3szerrel kell tiszt\u00edtani.          <\/p>\n<h3><strong>FELHASZN\u00c1L\u00c1S<\/strong><\/h3>\n<p class=\"p1\">6-8 m<span class=\"s1\"><br \/>\n  <sup>2<\/sup><br \/>\n<\/span>\/l k\u00e9t r\u00e9tegben.<\/p>\n<h3><strong>CSOMAGOL\u00c1S<\/strong><\/h3>\n<p class=\"p1\">0.75 l<\/p>\n<h3><strong>FELHASZN\u00c1LHAT\u00d3S\u00c1GI ID\u0150 \u00c9S T\u00c1ROL\u00c1S<\/strong><\/h3>\n<p class=\"p1\">36 h\u00f3nap a csomagol\u00e1son felt\u00fcntetett d\u00e1tumt\u00f3l. Eredeti, j\u00f3l lez\u00e1rt \u00e9s s\u00e9rtetlen gy\u00e1ri csomagol\u00e1sban kell t\u00e1rolni, +5\u00baC \u00e9s +25\u00baC k\u00f6z\u00f6tti h\u0151m\u00e9rs\u00e9kleten. <\/p>\n<h3><strong>DOKUMENT\u00c1CI\u00d3<\/strong><\/h3>\n<div class=\"dokumentacija\">\n<p><a class=\"dugmeproizvod\" href=\"https:\/\/nevenacolor.co.rs\/wp-content\/uploads\/2024\/10\/Tehnicka-dokumentacija-emajl.pdf\" target=\"_blank\" rel=\"noopener\">M\u0170SZAKI ADATLAP<\/a><\/p>\n<p><a class=\"dugmeproizvod\" href=\"https:\/\/nevenacolor.co.rs\/wp-content\/uploads\/2024\/10\/Bezbedonosni-list-4.pdf\" target=\"_blank\" rel=\"noopener\">BIZTONS\u00c1GI ADATLAP<\/a><\/p>\n<\/div>\n<p>&nbsp;<\/p>\n<p>&nbsp;<\/p>\n<p><iframe loading=\"lazy\" title=\"YouTube video player\" src=\"https:\/\/www.youtube.com\/embed\/NM1Fx-MQP6Y?si=LJhOFU8_fZal4UDm\" width=\"560\" height=\"415\" frameborder=\"0\" allowfullscreen=\"allowfullscreen\"><span data-mce-type=\"bookmark\" style=\"display: inline-block; width: 0px; overflow: hidden; line-height: 0;\" class=\"mce_SELRES_start\"><\/span><\/iframe><\/p>\n","protected":false},"excerpt":{"rendered":"<h3><strong>TONE K\u00c1RTYA<\/strong><\/h3>\n[elementor-template id=\"42540\"]\n<div><a class=\"tonkarta\" href=\"#dtz-tonkarta\" rel=\"noopener\"><img decoding=\"async\" src=\"https:\/\/nevenacolor.co.rs\/wp-content\/uploads\/2024\/06\/pantone-color-scheme.png\" width=\"40px\"> TONE K\u00c1RTYA<\/a><\/div>\n","protected":false},"featured_media":35870,"template":"","meta":{"_monsterinsights_skip_tracking":false,"_monsterinsights_sitenote_active":false,"_monsterinsights_sitenote_note":"","_monsterinsights_sitenote_category":0},"product_brand":[],"product_cat":[320,323],"product_tag":[],"class_list":{"0":"post-36017","1":"product","2":"type-product","3":"status-publish","4":"has-post-thumbnail","6":"product_cat-bevonatok-muanyagra-es-horganyzott-feluletekre","7":"product_cat-vegleges-bevonat-horganyzott-lemezre","9":"first","10":"instock","11":"shipping-taxable","12":"product-type-simple"},"_links":{"self":[{"href":"https:\/\/nevenacolor.co.rs\/hu\/wp-json\/wp\/v2\/product\/36017","targetHints":{"allow":["GET"]}}],"collection":[{"href":"https:\/\/nevenacolor.co.rs\/hu\/wp-json\/wp\/v2\/product"}],"about":[{"href":"https:\/\/nevenacolor.co.rs\/hu\/wp-json\/wp\/v2\/types\/product"}],"version-history":[{"count":2,"href":"https:\/\/nevenacolor.co.rs\/hu\/wp-json\/wp\/v2\/product\/36017\/revisions"}],"predecessor-version":[{"id":42647,"href":"https:\/\/nevenacolor.co.rs\/hu\/wp-json\/wp\/v2\/product\/36017\/revisions\/42647"}],"wp:featuredmedia":[{"embeddable":true,"href":"https:\/\/nevenacolor.co.rs\/hu\/wp-json\/wp\/v2\/media\/35870"}],"wp:attachment":[{"href":"https:\/\/nevenacolor.co.rs\/hu\/wp-json\/wp\/v2\/media?parent=36017"}],"wp:term":[{"taxonomy":"product_brand","embeddable":true,"href":"https:\/\/nevenacolor.co.rs\/hu\/wp-json\/wp\/v2\/product_brand?post=36017"},{"taxonomy":"product_cat","embeddable":true,"href":"https:\/\/nevenacolor.co.rs\/hu\/wp-json\/wp\/v2\/product_cat?post=36017"},{"taxonomy":"product_tag","embeddable":true,"href":"https:\/\/nevenacolor.co.rs\/hu\/wp-json\/wp\/v2\/product_tag?post=36017"}],"curies":[{"name":"wp","href":"https:\/\/api.w.org\/{rel}","templated":true}]}}