{"id":36023,"date":"2024-05-28T12:51:29","date_gmt":"2024-05-28T12:51:29","guid":{"rendered":"https:\/\/nevenacolor.co.rs\/proizvod\/cool-alapozo-femhez\/"},"modified":"2025-04-30T11:59:39","modified_gmt":"2025-04-30T11:59:39","slug":"cool-alapozo-femhez","status":"publish","type":"product","link":"https:\/\/nevenacolor.co.rs\/hu\/term\u00e9k\/cool-alapozo-femhez\/","title":{"rendered":"Cool alapoz\u00f3 f\u00e9mhez"},"content":{"rendered":"<h3><strong>\u00c1LTAL\u00c1NOS ADATOK \u00c9S ALKALMAZ\u00c1S<\/strong><\/h3>\n<p class=\"p1\">A Cool alapoz\u00f3 fest\u00e9k f\u00e9mhez egykomponens\u0171 bevon\u00f3 anyag, amely magas min\u0151s\u00e9g\u0171 alkid k\u00f6t\u0151anyagon, korr\u00f3zi\u00f3v\u00e9d\u0151 pigmenteken, adal\u00e9kanyagokon \u00e9s old\u00f3szereken alapul. A f\u00e9mfel\u00fcletek korr\u00f3zi\u00f3 elleni v\u00e9delm\u00e9re szolg\u00e1l alapoz\u00f3 bevonatk\u00e9nt.<\/p>\n<h3><strong>HASZN\u00c1LATI UTAS\u00cdT\u00c1S<\/strong><\/h3>\n<p class=\"p1\">Ecsettel, hengeren vagy pisztollyal kell felvinni a sz\u00e1raz, tiszta \u00e9s zs\u00edrtalan\u00edtott fel\u00fcletre k\u00e9t r\u00e9tegben. A fel\u00fclet 4-6 \u00f3r\u00e1n bel\u00fcl \u00e9rint\u00e9sre sz\u00e1raz lesz. A k\u00f6vetkez\u0151 r\u00e9teg felvitele el\u0151tt v\u00e1rjon 24 \u00f3r\u00e1t. Eszk\u00f6z\u00f6k tiszt\u00edt\u00e1s\u00e1hoz \u00e9s h\u00edg\u00edt\u00e1shoz Olajos h\u00edg\u00edt\u00f3t kell haszn\u00e1lni.<\/p>\n<h3><strong>FELHASZN\u00c1L\u00c1S<\/strong><\/h3>\n<p class=\"p1\">0.9kg, 3.5kg, 25kg<\/p>\n<h3><strong>CSOMAGOL\u00c1S<\/strong><\/h3>\n<p class=\"p1\">1 kg fest\u00e9kkel 8-10 m\u00b2 fel\u00fclet fedhet\u0151 egy r\u00e9tegben.<\/p>\n<h3><strong>HASZN\u00c1LATI ID\u0150 \u00c9S T\u00c1ROL\u00c1S<\/strong><\/h3>\n<p class=\"p1\">36 h\u00f3nap a csomagol\u00e1son felt\u00fcntetett d\u00e1tumt\u00f3l sz\u00e1m\u00edtva. T\u00e1rolja az eredeti, j\u00f3l lez\u00e1rt \u00e9s s\u00e9rtetlen gy\u00e1ri csomagol\u00e1sban, +5\u00baC \u00e9s +25\u00baC k\u00f6z\u00f6tti h\u0151m\u00e9rs\u00e9kleten.<\/p>\n<h3><strong>DOKUMENT\u00c1CI\u00d3<\/strong><\/h3>\n<div class=\"dokumentacija\">\n<p><a class=\"dugmeproizvod\" href=\"https:\/\/nevenacolor.co.rs\/wp-content\/uploads\/2024\/11\/Tehnicka-dokumentacija-osnovna-metal.pdf\" target=\"_blank\" rel=\"noopener\">M\u0170SZAKI DOKUMENT\u00c1CI\u00d3<\/a><\/p>\n<p><a class=\"dugmeproizvod\" href=\"https:\/\/nevenacolor.co.rs\/wp-content\/uploads\/2024\/11\/Bezbednonsni-list-osnovna-metal.pdf\" target=\"_blank\" rel=\"noopener\">BIZTONS\u00c1GI ADATLAP<\/a><\/p>\n<p>&nbsp;<\/p>\n<\/div>\n","protected":false},"excerpt":{"rendered":"<p>\u00c1LTAL\u00c1NOS ADATOK \u00c9S ALKALMAZ\u00c1S A Cool alapoz\u00f3 fest\u00e9k f\u00e9mhez egykomponens\u0171 bevon\u00f3 anyag, amely magas min\u0151s\u00e9g\u0171 alkid k\u00f6t\u0151anyagon, korr\u00f3zi\u00f3v\u00e9d\u0151 pigmenteken, adal\u00e9kanyagokon<\/p>\n","protected":false},"featured_media":35487,"template":"","meta":{"_monsterinsights_skip_tracking":false,"_monsterinsights_sitenote_active":false,"_monsterinsights_sitenote_note":"","_monsterinsights_sitenote_category":0},"product_brand":[],"product_cat":[326,325,327],"product_tag":[],"class_list":{"0":"post-36023","1":"product","2":"type-product","3":"status-publish","4":"has-post-thumbnail","6":"product_cat-a-femek-alapvedelme","7":"product_cat-femvedo-bevonatok","8":"product_cat-olajos-alkid-bevonat","10":"first","11":"instock","12":"shipping-taxable","13":"product-type-simple"},"_links":{"self":[{"href":"https:\/\/nevenacolor.co.rs\/hu\/wp-json\/wp\/v2\/product\/36023","targetHints":{"allow":["GET"]}}],"collection":[{"href":"https:\/\/nevenacolor.co.rs\/hu\/wp-json\/wp\/v2\/product"}],"about":[{"href":"https:\/\/nevenacolor.co.rs\/hu\/wp-json\/wp\/v2\/types\/product"}],"version-history":[{"count":1,"href":"https:\/\/nevenacolor.co.rs\/hu\/wp-json\/wp\/v2\/product\/36023\/revisions"}],"predecessor-version":[{"id":36024,"href":"https:\/\/nevenacolor.co.rs\/hu\/wp-json\/wp\/v2\/product\/36023\/revisions\/36024"}],"wp:featuredmedia":[{"embeddable":true,"href":"https:\/\/nevenacolor.co.rs\/hu\/wp-json\/wp\/v2\/media\/35487"}],"wp:attachment":[{"href":"https:\/\/nevenacolor.co.rs\/hu\/wp-json\/wp\/v2\/media?parent=36023"}],"wp:term":[{"taxonomy":"product_brand","embeddable":true,"href":"https:\/\/nevenacolor.co.rs\/hu\/wp-json\/wp\/v2\/product_brand?post=36023"},{"taxonomy":"product_cat","embeddable":true,"href":"https:\/\/nevenacolor.co.rs\/hu\/wp-json\/wp\/v2\/product_cat?post=36023"},{"taxonomy":"product_tag","embeddable":true,"href":"https:\/\/nevenacolor.co.rs\/hu\/wp-json\/wp\/v2\/product_tag?post=36023"}],"curies":[{"name":"wp","href":"https:\/\/api.w.org\/{rel}","templated":true}]}}