{"id":36025,"date":"2024-05-28T12:51:49","date_gmt":"2024-05-28T12:51:49","guid":{"rendered":"https:\/\/nevenacolor.co.rs\/proizvod\/cool-nitro-alapozo-festek-femhez\/"},"modified":"2025-04-30T12:08:21","modified_gmt":"2025-04-30T12:08:21","slug":"cool-nitro-alapozo-festek-femhez","status":"publish","type":"product","link":"https:\/\/nevenacolor.co.rs\/hu\/term\u00e9k\/cool-nitro-alapozo-festek-femhez\/","title":{"rendered":"Cool nitro alapoz\u00f3 fest\u00e9k f\u00e9mhez"},"content":{"rendered":"<h3><strong>\u00c1LTAL\u00c1NOS ADATOK \u00c9S HASZN\u00c1LAT<\/strong><\/h3>\n<p class=\"p1\"><b>Cool nitro alapoz\u00f3 fest\u00e9k f\u00e9mhez<\/b> a f\u00e9mfel\u00fcletek korr\u00f3zi\u00f3v\u00e9delm\u00e9re haszn\u00e1lhat\u00f3 bels\u0151 \u00e9s k\u00fcls\u0151 t\u00e9rben. Jellemz\u0151je a gyors sz\u00e1rad\u00e1s, j\u00f3 tapad\u00e1s, kem\u00e9nys\u00e9g \u00e9s rugalmass\u00e1g. Szintetikus k\u00f6t\u0151anyagok \u00e9s nitrocellul\u00f3z, pigmentek, t\u00f6lt\u0151anyagok, old\u00f3szerek \u00e9s speci\u00e1lis adal\u00e9kok kombin\u00e1ci\u00f3j\u00e1b\u00f3l k\u00e9sz\u00fclt.<\/p>\n<h3><strong>HASZN\u00c1LATI UTAS\u00cdT\u00c1S<\/strong><\/h3>\n<p class=\"p1\">Haszn\u00e1lat el\u0151tt alaposan keverje fel. K\u00e9t r\u00e9tegben kell alkalmazni ecsettel, hengerrel vagy permetez\u00e9ssel. A fel\u00fcletnek sz\u00e1raznak, tiszt\u00e1nak, por- \u00e9s zs\u00edrmentesnek kell lennie. H\u00edg\u00edt\u00e1shoz \u00e9s az eszk\u00f6z\u00f6k tiszt\u00edt\u00e1s\u00e1hoz Nitro h\u00edg\u00edt\u00f3t haszn\u00e1ljon.<\/p>\n<h3><strong>FELHASZN\u00c1L\u00c1S<\/strong><\/h3>\n<p class=\"p1\">8-10 m<span class=\"s1\"><sup>2<\/sup><\/span>\/l egy r\u00e9tegben.<\/p>\n<h3><strong>CSOMAGOL\u00c1S<\/strong><\/h3>\n<p class=\"p1\">0.9kg, 3.5kg \u00e9s 25kg<\/p>\n<h3><strong>HASZN\u00c1LATI ID\u0150 \u00c9S T\u00c1ROL\u00c1S<\/strong><\/h3>\n<p class=\"p1\">18 h\u00f3nap a csomagol\u00e1son felt\u00fcntetett d\u00e1tumt\u00f3l sz\u00e1m\u00edtva. T\u00e1rolja az eredeti, j\u00f3l lez\u00e1rt \u00e9s s\u00e9rtetlen gy\u00e1ri csomagol\u00e1sban, +5\u00baC \u00e9s +25\u00baC k\u00f6z\u00f6tti h\u0151m\u00e9rs\u00e9kleten, k\u00f6zvetlen napf\u00e9nyt\u0151l v\u00e9dve.<\/p>\n<h3><strong>DOKUMENT\u00c1CI\u00d3<\/strong><\/h3>\n<div class=\"dokumentacija\">\n<p><a class=\"dugmeproizvod\" href=\"https:\/\/nevenacolor.co.rs\/wp-content\/uploads\/2024\/11\/Tehnicka-dokumentacija-osnovna-boja.pdf\" target=\"_blank\" rel=\"noopener\">M\u0170SZAKI DOKUMENT\u00c1CI\u00d3<\/a><\/p>\n<p><a class=\"dugmeproizvod\" href=\"https:\/\/nevenacolor.co.rs\/wp-content\/uploads\/2024\/11\/Bezbedonosni-list-osnovna-boja.pdf\" target=\"_blank\" rel=\"noopener\">BIZTONS\u00c1GI ADATLAP<\/a><\/p>\n<\/div>\n<p>&nbsp;<\/p>\n<p><iframe loading=\"lazy\" title=\"YouTube video player\" src=\"https:\/\/www.youtube.com\/embed\/pMJUKnWVNP8?si=rcyGHmfvEsLJ1FCk\" width=\"560\" height=\"415\" frameborder=\"0\" allowfullscreen=\"allowfullscreen\"><span data-mce-type=\"bookmark\" style=\"display: inline-block; width: 0px; overflow: hidden; line-height: 0;\" class=\"mce_SELRES_start\"><\/span><\/iframe><\/p>\n","protected":false},"excerpt":{"rendered":"<p>\u00c1LTAL\u00c1NOS ADATOK \u00c9S HASZN\u00c1LAT Cool nitro alapoz\u00f3 fest\u00e9k f\u00e9mhez a f\u00e9mfel\u00fcletek korr\u00f3zi\u00f3v\u00e9delm\u00e9re haszn\u00e1lhat\u00f3 bels\u0151 \u00e9s k\u00fcls\u0151 t\u00e9rben. Jellemz\u0151je a gyors<\/p>\n","protected":false},"featured_media":35478,"template":"","meta":{"_monsterinsights_skip_tracking":false,"_monsterinsights_sitenote_active":false,"_monsterinsights_sitenote_note":"","_monsterinsights_sitenote_category":0},"product_brand":[],"product_cat":[326,325,329],"product_tag":[],"class_list":{"0":"post-36025","1":"product","2":"type-product","3":"status-publish","4":"has-post-thumbnail","6":"product_cat-a-femek-alapvedelme","7":"product_cat-femvedo-bevonatok","8":"product_cat-nitro-bevonat","10":"first","11":"instock","12":"shipping-taxable","13":"product-type-simple"},"_links":{"self":[{"href":"https:\/\/nevenacolor.co.rs\/hu\/wp-json\/wp\/v2\/product\/36025","targetHints":{"allow":["GET"]}}],"collection":[{"href":"https:\/\/nevenacolor.co.rs\/hu\/wp-json\/wp\/v2\/product"}],"about":[{"href":"https:\/\/nevenacolor.co.rs\/hu\/wp-json\/wp\/v2\/types\/product"}],"version-history":[{"count":1,"href":"https:\/\/nevenacolor.co.rs\/hu\/wp-json\/wp\/v2\/product\/36025\/revisions"}],"predecessor-version":[{"id":36026,"href":"https:\/\/nevenacolor.co.rs\/hu\/wp-json\/wp\/v2\/product\/36025\/revisions\/36026"}],"wp:featuredmedia":[{"embeddable":true,"href":"https:\/\/nevenacolor.co.rs\/hu\/wp-json\/wp\/v2\/media\/35478"}],"wp:attachment":[{"href":"https:\/\/nevenacolor.co.rs\/hu\/wp-json\/wp\/v2\/media?parent=36025"}],"wp:term":[{"taxonomy":"product_brand","embeddable":true,"href":"https:\/\/nevenacolor.co.rs\/hu\/wp-json\/wp\/v2\/product_brand?post=36025"},{"taxonomy":"product_cat","embeddable":true,"href":"https:\/\/nevenacolor.co.rs\/hu\/wp-json\/wp\/v2\/product_cat?post=36025"},{"taxonomy":"product_tag","embeddable":true,"href":"https:\/\/nevenacolor.co.rs\/hu\/wp-json\/wp\/v2\/product_tag?post=36025"}],"curies":[{"name":"wp","href":"https:\/\/api.w.org\/{rel}","templated":true}]}}