{"id":36028,"date":"2025-04-09T12:15:57","date_gmt":"2025-04-09T12:15:57","guid":{"rendered":"https:\/\/nevenacolor.co.rs\/proizvod\/cool-akril-festek-tetocserephez\/"},"modified":"2025-09-02T12:18:51","modified_gmt":"2025-09-02T12:18:51","slug":"cool-akril-festek-tetocserephez","status":"publish","type":"product","link":"https:\/\/nevenacolor.co.rs\/hu\/term\u00e9k\/cool-akril-festek-tetocserephez\/","title":{"rendered":"Cool akril fest\u00e9k tet\u0151cser\u00e9phez"},"content":{"rendered":"<h3><strong>\u00c1LTAL\u00c1NOS ADATOK \u00c9S RENDELTET\u00c9S<\/strong><\/h3>\n<p class=\"p1\"><b>A COOL TET\u0150CSEMPE FEST\u00c9K<span class=\"Apple-converted-space\"> <\/span><\/b> egy v\u00edzb\u00e1zis\u00fa, egykomponens\u0171 bevonat, amely a tet\u0151cserepek v\u00e9delm\u00e9re \u00e9s dekor\u00e1l\u00e1s\u00e1ra szolg\u00e1l. <span class=\"s1\"> Ezzel a kiv\u00e1l\u00f3 min\u0151s\u00e9g\u0171 bevonattal k\u00f6nnyed\u00e9n meg\u00faj\u00edthatja tet\u0151j\u00e9t, \u00e9s \u00fajj\u00e1 var\u00e1zsolhatja azt.<\/span> <\/p>\n<p class=\"p1\">Jellemz\u0151je a kiv\u00e1l\u00f3 tapad\u00e1s, magas takar\u00f3er\u0151 \u00e9s UV sug\u00e1rz\u00e1s elleni ellen\u00e1ll\u00e1s. Ellen\u00e1ll az id\u0151j\u00e1r\u00e1si viszontags\u00e1goknak. K\u00f6nnyen alkalmazhat\u00f3, v\u00edzleperget\u0151  <span class=\"Apple-converted-space\">  <\/span>\u00e9s tart\u00f3san rugalmas.<\/p>\n<h3><strong>ALKALMAZ\u00c1SI \u00daTMUTAT\u00d3<\/strong><\/h3>\n<p class=\"p1\">A COOL TET\u0150CSEMPE FEST\u00c9K alkalmaz\u00e1sa el\u0151tt a tet\u0151csempe fel\u00fclet\u00e9nek<span class=\"Apple-converted-space\">  <\/span>sz\u00e1raznak, tiszt\u00e1nak, szil\u00e1rdnak, por- \u00e9s zs\u00edrmentesnek kell lennie. A tet\u0151csempe durva ragasztott maradv\u00e1nyait mechanikusan el kell t\u00e1vol\u00edtani. <\/p>\n<p class=\"p1\">Ha a tet\u0151csempe moh\u00e1val vagy alg\u00e1val van bor\u00edtva, javasolt biocid k\u00e9sz\u00edtm\u00e9ny haszn\u00e1lata a COOL tet\u0151csempe fest\u00e9k alkalmaz\u00e1sa el\u0151tt.<\/p>\n<p class=\"p1\">A fest\u00e9ket haszn\u00e1lat el\u0151tt alaposan keverje fel. Az els\u0151 r\u00e9teg felhord\u00e1sa el\u0151tt h\u00edg\u00edtsa a fest\u00e9ket 20% v\u00edzzel. <\/p>\n<p class=\"p1\">A sz\u00e1raz els\u0151 r\u00e9tegre vigye fel a m\u00e1sodik r\u00e9teget h\u00edg\u00edtatlan COOL tet\u0151csempe fest\u00e9kkel.<\/p>\n<p class=\"p1\">A fest\u00e9k ecsettel, hengeren vagy pisztollyal alkalmazhat\u00f3. A r\u00e9tegek k\u00f6z\u00f6tti sz\u00e1rad\u00e1si id\u0151 4-6 \u00f3ra, \u00e9s a tet\u0151csempe porozit\u00e1s\u00e1t\u00f3l, a felvitel vastags\u00e1g\u00e1t\u00f3l, a h\u0151m\u00e9rs\u00e9klett\u0151l, p\u00e1ratartalomt\u00f3l \u00e9s a leveg\u0151 \u00e1raml\u00e1s\u00e1t\u00f3l f\u00fcgg. <\/p>\n<p class=\"p1\">Az optim\u00e1lis munkak\u00f6r\u00fclm\u00e9nyek a 20\u00b0C h\u0151m\u00e9rs\u00e9klet \u00e9s a 65%-os relat\u00edv p\u00e1ratartalom.<\/p>\n<p class=\"p1\">Haszn\u00e1lat ut\u00e1n azonnal mossa le v\u00edzzel a szersz\u00e1mot.<\/p>\n<h3><strong>FELHASZN\u00c1L\u00c1S<\/strong><\/h3>\n<p class=\"p1\">3-5 m<sup>2<\/sup>\/kg (4-6 m<sup>2<\/sup>\/l)<span class=\"Apple-converted-space\"> <\/span> egy r\u00e9tegben<\/p>\n<h3><strong>CSOMAGOL\u00c1S<\/strong><\/h3>\n<p class=\"p1\">0.9 kg 5 kg<\/p>\n<h3><strong>FELHASZN\u00c1LHAT\u00d3S\u00c1GI ID\u0150 \u00c9S T\u00c1ROL\u00c1S<\/strong><\/h3>\n<p class=\"p1\">18 h\u00f3nap a csomagol\u00e1son felt\u00fcntetett d\u00e1tumt\u00f3l sz\u00e1m\u00edtva. Eredeti, j\u00f3l z\u00e1r\u00f3d\u00f3, <span class=\"Apple-converted-space\">  <\/span>j\u00f3l lez\u00e1rt \u00e9s s\u00e9rtetlen gy\u00e1ri csomagol\u00e1sban, +5\u00b0C \u00e9s +25\u00b0C k\u00f6z\u00f6tti h\u0151m\u00e9rs\u00e9kleten, k\u00f6zvetlen napf\u00e9nyt\u0151l v\u00e9dve t\u00e1roland\u00f3.<\/p>\n<h3><strong>DOKUMENT\u00c1CI\u00d3<\/strong><\/h3>\n<div class=\"dokumentacija\">\n<p><a class=\"dugmeproizvod\" href=\"https:\/\/nevenacolor.co.rs\/wp-content\/uploads\/2025\/04\/Tehnicka-dokumentacija-COOL-BOJA-ZA-CREP.pdf\" target=\"_blank\" rel=\"noopener\">M\u0170SZAKI ADATLAP<\/a><\/p>\n<p><a class=\"dugmeproizvod\" href=\"https:\/\/nevenacolor.co.rs\/wp-content\/uploads\/2025\/04\/Bezbedonosni-list-COOL-BOJA-ZA-CREP.pdf\" target=\"_blank\" rel=\"noopener\">BIZTONS\u00c1GI ADATLAP<\/a><\/p>\n<\/div>\n<p>&nbsp;<\/p>\n","protected":false},"excerpt":{"rendered":"<h3><strong>\u0422\u041e\u041d \u041a\u0410\u0420\u0422\u0410<\/strong><\/h3>\n[elementor-template id=\"42456\"]\n","protected":false},"featured_media":35999,"template":"","meta":{"_monsterinsights_skip_tracking":false,"_monsterinsights_sitenote_active":false,"_monsterinsights_sitenote_note":"","_monsterinsights_sitenote_category":0},"product_brand":[],"product_cat":[332,331],"product_tag":[],"class_list":{"0":"post-36028","1":"product","2":"type-product","3":"status-publish","4":"has-post-thumbnail","6":"product_cat-csedep-festek","7":"product_cat-epitoipari-bevonatok","9":"first","10":"instock","11":"shipping-taxable","12":"product-type-simple"},"_links":{"self":[{"href":"https:\/\/nevenacolor.co.rs\/hu\/wp-json\/wp\/v2\/product\/36028","targetHints":{"allow":["GET"]}}],"collection":[{"href":"https:\/\/nevenacolor.co.rs\/hu\/wp-json\/wp\/v2\/product"}],"about":[{"href":"https:\/\/nevenacolor.co.rs\/hu\/wp-json\/wp\/v2\/types\/product"}],"version-history":[{"count":3,"href":"https:\/\/nevenacolor.co.rs\/hu\/wp-json\/wp\/v2\/product\/36028\/revisions"}],"predecessor-version":[{"id":42503,"href":"https:\/\/nevenacolor.co.rs\/hu\/wp-json\/wp\/v2\/product\/36028\/revisions\/42503"}],"wp:featuredmedia":[{"embeddable":true,"href":"https:\/\/nevenacolor.co.rs\/hu\/wp-json\/wp\/v2\/media\/35999"}],"wp:attachment":[{"href":"https:\/\/nevenacolor.co.rs\/hu\/wp-json\/wp\/v2\/media?parent=36028"}],"wp:term":[{"taxonomy":"product_brand","embeddable":true,"href":"https:\/\/nevenacolor.co.rs\/hu\/wp-json\/wp\/v2\/product_brand?post=36028"},{"taxonomy":"product_cat","embeddable":true,"href":"https:\/\/nevenacolor.co.rs\/hu\/wp-json\/wp\/v2\/product_cat?post=36028"},{"taxonomy":"product_tag","embeddable":true,"href":"https:\/\/nevenacolor.co.rs\/hu\/wp-json\/wp\/v2\/product_tag?post=36028"}],"curies":[{"name":"wp","href":"https:\/\/api.w.org\/{rel}","templated":true}]}}