{"id":36030,"date":"2025-04-09T12:05:03","date_gmt":"2025-04-09T12:05:03","guid":{"rendered":"https:\/\/nevenacolor.co.rs\/proizvod\/cool-csempefestek\/"},"modified":"2025-09-02T10:42:59","modified_gmt":"2025-09-02T10:42:59","slug":"cool-csempefestek","status":"publish","type":"product","link":"https:\/\/nevenacolor.co.rs\/hu\/term\u00e9k\/cool-csempefestek\/","title":{"rendered":"Cool csempefest\u00e9k"},"content":{"rendered":"<h3><strong>\u00c1LTAL\u00c1NOS ADATOK \u00c9S RENDELTET\u00c9S<\/strong><\/h3>\n<p class=\"p1\"><b>A COOL CSEMPEFEST\u00c9K <\/b> egy<span class=\"Apple-converted-space\">  <\/span>egykomponens\u0171, v\u00edzb\u00e1zis\u00fa bevonat, amely belt\u00e9ri falicsempe fel\u00fcletek v\u00e9delm\u00e9re \u00e9s dekor\u00e1l\u00e1s\u00e1ra szolg\u00e1l konyh\u00e1kban, f\u00fcrd\u0151szob\u00e1kban \u00e9s mell\u00e9khelyis\u00e9gekben. Kiv\u00e1l\u00f3an tapad a ker\u00e1mi\u00e1hoz, \u00e9s ellen\u00e1ll a h\u00e1ztart\u00e1si tiszt\u00edt\u00f3szerek szok\u00e1sos hat\u00e1sainak. A bevonat nem kellemetlen szag\u00fa, gyorsan sz\u00e1rad, j\u00f3 mechanikai tulajdons\u00e1gokkal rendelkezik, \u00e9s szat\u00e9n f\u00e9ny\u0171 fel\u00fcletet biztos\u00edt. Alkalmas r\u00f6vid ideig tart\u00f3 v\u00edzzel val\u00f3 \u00e9rintkez\u00e9sre f\u00fcgg\u0151leges fel\u00fcleteken. Nem aj\u00e1nlott v\u00edzszintes \u00e9s padl\u00f3csemp\u00e9k, szaunacsemp\u00e9k stb. fest\u00e9s\u00e9re.    <\/p>\n<h3><strong>ALKALMAZ\u00c1SI \u00daTMUTAT\u00d3<\/strong><\/h3>\n<p class=\"p1\"><b> A COOL PAINT FOR KER\u00c1MIA CSEMPL\u00c9MEK <\/b> felhord\u00e1sa el\u0151tt a csempe fel\u00fclet\u00e9nek sz\u00e1raznak, tiszt\u00e1nak, szil\u00e1rdnak, por- \u00e9s zs\u00edrmentesnek kell lennie. A v\u00edzk\u0151 maradv\u00e1nyokat v\u00edzk\u0151old\u00f3val t\u00e1vol\u00edtsa el, \u00e9s enyh\u00e9n csiszolja meg. A szilikonmaradv\u00e1nyokat mechanikusan, \u00e9les k\u00e9ssel t\u00e1vol\u00edtsa el, a marad\u00e9k megsz\u00e1radt szilikont pedig szilikonelt\u00e1vol\u00edt\u00f3val tiszt\u00edtsa meg. Mossa le b\u0151 v\u00edzzel a marad\u00e9k szilikonelt\u00e1vol\u00edt\u00f3t, \u00e9s hagyja megsz\u00e1radni. A csempe-fug\u00e1z\u00f3 h\u00e9zagoknak fest\u00e9s el\u0151tt sz\u00e1raznak kell lenni\u00fck. A fel\u00fclet el\u0151k\u00e9sz\u00edt\u00e9se a j\u00f3 bevonat tapad\u00e1s \u00e9s tart\u00f3ss\u00e1g alapja.     <\/p>\n<p class=\"p2\">K\u00f6zvetlen\u00fcl a csemp\u00e9re hordjuk fel, alapoz\u00f3 n\u00e9lk\u00fcl, m\u00e1r el\u0151k\u00e9sz\u00edtett fel\u00fcletekre. Felhord\u00e1sa 2-3 r\u00e9tegben t\u00f6rt\u00e9nik ecsettel (m\u0171sz\u00e1las), hengerrel (mikrosz\u00e1las vagy filc) \u00e9s sz\u00f3r\u00e1ssal (pisztollyal, ahol a bevonatot 5%-ig v\u00edzzel h\u00edg\u00edtj\u00e1k, a f\u00fav\u00f3ka ny\u00edl\u00e1sa 1,2-1,5 mm \u00e9s nyom\u00e1s 2-3 bar). Ha a bevonatot ecsettel vagy hengerrel vissz\u00fck fel, a fest\u00e9k nem h\u00edgul. A r\u00e9tegek k\u00f6z\u00f6tt aj\u00e1nlatos finom csiszol\u00f3pap\u00edrral csiszolni a bevonat jobb tapad\u00e1sa \u00e9rdek\u00e9ben.   <\/p>\n<p class=\"p2\">A zuhanykabin ter\u00fclet\u00e9n l\u00e9v\u0151 csempe eset\u00e9n 3 r\u00e9teg bevonat k\u00f6telez\u0151 felhord\u00e1sa.<\/p>\n<p class=\"p2\">2 \u00f3ra alatt tapint\u00e1sra sz\u00e1rad, a k\u00f6vetkez\u0151 r\u00e9teg 6-8 \u00f3ra m\u00falva ker\u00fcl felvitele. A festett fel\u00fcletek 5 nap ut\u00e1n haszn\u00e1lhat\u00f3k. <\/p>\n<p class=\"p2\">A fest\u00e9k, a leveg\u0151 \u00e9s a fel\u00fclet h\u0151m\u00e9rs\u00e9klete legal\u00e1bb +8\u00b0C, a leveg\u0151 p\u00e1ratartalma pedig 70% alatti.<\/p>\n<p class=\"p2\">MEGJEGYZ\u00c9S: A fest\u00e9k felhord\u00e1sa ut\u00e1n a v\u00e9d\u0151szalagot azonnal el kell t\u00e1vol\u00edtani (mik\u00f6zben a fest\u00e9k m\u00e9g nedves). Haszn\u00e1ljon puha szivacsot a festett csempe let\u00f6rl\u00e9s\u00e9hez \u00e9s tiszt\u00edt\u00e1s\u00e1hoz. Ne haszn\u00e1ljon er\u0151s s\u00farol\u00f3szert \u00e9s durva szivacsot, mert ezek k\u00e1ros\u00edtj\u00e1k a bevonatot. Ker\u00fclje el a frissen festett fel\u00fcletek mechanikai s\u00e9r\u00fcl\u00e9s\u00e9t.   <\/p>\n<h3><strong>FELHASZN\u00c1L\u00c1S<\/strong><\/h3>\n<p class=\"p1\">8-10 m<sup>2<\/sup>\/l<span class=\"Apple-converted-space\"> <\/span>egy r\u00e9tegben<\/p>\n<h3><strong>CSOMAGOL\u00c1S<\/strong><\/h3>\n<p class=\"p1\">0.65 l<\/p>\n<h3><strong>FELHASZN\u00c1LHAT\u00d3S\u00c1GI ID\u0150 \u00c9S T\u00c1ROL\u00c1S<\/strong><\/h3>\n<p class=\"p1\">18 h\u00f3nap a csomagol\u00e1son felt\u00fcntetett d\u00e1tumt\u00f3l sz\u00e1m\u00edtva. Eredeti, j\u00f3l z\u00e1r\u00f3d\u00f3, <span class=\"Apple-converted-space\">  <\/span>j\u00f3l lez\u00e1rt \u00e9s s\u00e9rtetlen gy\u00e1ri csomagol\u00e1sban, +5\u00b0C \u00e9s +25\u00b0C k\u00f6z\u00f6tti h\u0151m\u00e9rs\u00e9kleten, k\u00f6zvetlen napf\u00e9nyt\u0151l v\u00e9dve t\u00e1roland\u00f3.<\/p>\n<h3><strong>DOKUMENT\u00c1CI\u00d3<\/strong><\/h3>\n<div class=\"dokumentacija\">\n<p><a class=\"dugmeproizvod\" href=\"https:\/\/nevenacolor.co.rs\/wp-content\/uploads\/2025\/04\/Tehnicka-dokumentacija-COOL-BOJA-ZA-KERAMICKE-PLOCICE.pdf\" target=\"_blank\" rel=\"noopener\">M\u0170SZAKI ADATLAP<\/a><\/p>\n<p><a class=\"dugmeproizvod\" href=\"https:\/\/nevenacolor.co.rs\/wp-content\/uploads\/2025\/04\/Bezbedonosni-list-COOL-BOJA-ZA-KERAMICKE-PLOCICE.pdf\" target=\"_blank\" rel=\"noopener\">BIZTONS\u00c1GI ADATLAP<\/a><\/p>\n<\/div>\n<p>&nbsp;<\/p>\n","protected":false},"excerpt":{"rendered":"<h3><strong>TONE K\u00c1RTYA<\/strong><\/h3>\n[elementor-template id=\"42366\"]\n<div><a class=\"tonkarta\" href=\"#keramicke-tonkarta\" rel=\"noopener\"><img decoding=\"async\" src=\"https:\/\/nevenacolor.co.rs\/wp-content\/uploads\/2024\/06\/pantone-color-scheme.png\" width=\"40px\"> TONE K\u00c1RTYA<\/a><\/div>\n","protected":false},"featured_media":36003,"template":"","meta":{"_monsterinsights_skip_tracking":false,"_monsterinsights_sitenote_active":false,"_monsterinsights_sitenote_note":"","_monsterinsights_sitenote_category":0},"product_brand":[],"product_cat":[362,320],"product_tag":[],"class_list":{"0":"post-36030","1":"product","2":"type-product","3":"status-publish","4":"has-post-thumbnail","6":"product_cat-befejezes-keramiahoz","7":"product_cat-bevonatok-muanyagra-es-horganyzott-feluletekre","9":"first","10":"instock","11":"shipping-taxable","12":"product-type-simple"},"_links":{"self":[{"href":"https:\/\/nevenacolor.co.rs\/hu\/wp-json\/wp\/v2\/product\/36030","targetHints":{"allow":["GET"]}}],"collection":[{"href":"https:\/\/nevenacolor.co.rs\/hu\/wp-json\/wp\/v2\/product"}],"about":[{"href":"https:\/\/nevenacolor.co.rs\/hu\/wp-json\/wp\/v2\/types\/product"}],"version-history":[{"count":2,"href":"https:\/\/nevenacolor.co.rs\/hu\/wp-json\/wp\/v2\/product\/36030\/revisions"}],"predecessor-version":[{"id":42454,"href":"https:\/\/nevenacolor.co.rs\/hu\/wp-json\/wp\/v2\/product\/36030\/revisions\/42454"}],"wp:featuredmedia":[{"embeddable":true,"href":"https:\/\/nevenacolor.co.rs\/hu\/wp-json\/wp\/v2\/media\/36003"}],"wp:attachment":[{"href":"https:\/\/nevenacolor.co.rs\/hu\/wp-json\/wp\/v2\/media?parent=36030"}],"wp:term":[{"taxonomy":"product_brand","embeddable":true,"href":"https:\/\/nevenacolor.co.rs\/hu\/wp-json\/wp\/v2\/product_brand?post=36030"},{"taxonomy":"product_cat","embeddable":true,"href":"https:\/\/nevenacolor.co.rs\/hu\/wp-json\/wp\/v2\/product_cat?post=36030"},{"taxonomy":"product_tag","embeddable":true,"href":"https:\/\/nevenacolor.co.rs\/hu\/wp-json\/wp\/v2\/product_tag?post=36030"}],"curies":[{"name":"wp","href":"https:\/\/api.w.org\/{rel}","templated":true}]}}