{"id":36032,"date":"2024-12-18T09:52:50","date_gmt":"2024-12-18T09:52:50","guid":{"rendered":"https:\/\/nevenacolor.co.rs\/proizvod\/cool-akril-zomancfestek-fahoz-es-femhez\/"},"modified":"2025-05-02T12:01:32","modified_gmt":"2025-05-02T12:01:32","slug":"cool-akril-zomancfestek-fahoz-es-femhez","status":"publish","type":"product","link":"https:\/\/nevenacolor.co.rs\/hu\/term\u00e9k\/cool-akril-zomancfestek-fahoz-es-femhez\/","title":{"rendered":"Cool akril zom\u00e1ncfest\u00e9k f\u00e1hoz \u00e9s f\u00e9mhez"},"content":{"rendered":"<h3><strong>\u00c1LTAL\u00c1NOS ADATOK \u00c9S FELHASZN\u00c1L\u00c1S<\/strong><\/h3>\n<p class=\"p1\">A COOL AKRIL EMAN\u00c1LLAKK egy fed\u0151-dekorat\u00edv bevonat f\u00e1ra \u00e9s f\u00e9mre. Fa- \u00e9s f\u00e9mfel\u00fcletek v\u00e9delm\u00e9re \u00e9s d\u00edsz\u00edt\u00e9s\u00e9re szolg\u00e1l belt\u00e9ri \u00e9s k\u00fclt\u00e9ri haszn\u00e1latra. K\u00f6rnyezetbar\u00e1t, szagtalan term\u00e9k, gyorsan sz\u00e1rad, nem s\u00e1rgul. Ellen\u00e1ll az id\u0151j\u00e1r\u00e1si hat\u00e1soknak \u00e9s az UV-sug\u00e1rz\u00e1snak.<\/p>\n<h3><strong>HASZN\u00c1LATI \u00daTMUTAT\u00d3<\/strong><\/h3>\n<p class=\"p1\">K\u00e9t r\u00e9tegben ecsettel, hengerrel vagy permetez\u00e9ssel kell felvinni akril alapoz\u00f3fest\u00e9kkel kezelt, tiszta, sz\u00e1raz \u00e9s zs\u00edrtalan\u00edtott fa- vagy f\u00e9mfel\u00fcletre. Haszn\u00e1lat el\u0151tt a fest\u00e9ket 5\u201310% v\u00edzzel h\u00edg\u00edtani. A m\u00e1sodik r\u00e9teget 4\u20136 \u00f3ra eltelt\u00e9vel kell felvinni. A szersz\u00e1mokat haszn\u00e1lat ut\u00e1n azonnal v\u00edzzel el kell mosni.<\/p>\n<h3><strong>FOGYASZT\u00c1S<\/strong><\/h3>\n<p class=\"p1\">8-10 m<sup>2<\/sup>\/l egy r\u00e9tegben.<\/p>\n<h3><strong>CSOMAGOL\u00c1S<\/strong><\/h3>\n<p class=\"p1\">0,75 l<\/p>\n<h3><strong>LEJ\u00c1RATI ID\u0150 \u00c9S T\u00c1ROL\u00c1S<\/strong><\/h3>\n<p class=\"p1\">18 h\u00f3nap a csomagol\u00e1son felt\u00fcntetett d\u00e1tumt\u00f3l. Eredeti, j\u00f3l z\u00e1rt \u00e9s s\u00e9rtetlen gy\u00e1ri csomagol\u00e1sban, +5\u00baC \u00e9s +25\u00baC k\u00f6z\u00f6tti h\u0151m\u00e9rs\u00e9kleten t\u00e1roland\u00f3.<\/p>\n<h3><strong>DOKUMENT\u00c1CI\u00d3<\/strong><\/h3>\n<div class=\"dokumentacija\">\n<p><a class=\"dugmeproizvod\" href=\"https:\/\/nevenacolor.co.rs\/wp-content\/uploads\/2024\/11\/Tehnicka-dokumentacija-akrilni-emajl-lak.pdf\" target=\"_blank\" rel=\"noopener\">M\u0170SZAKI DOKUMENT\u00c1CI\u00d3<\/a><\/p>\n<p><a class=\"dugmeproizvod\" href=\"https:\/\/nevenacolor.co.rs\/wp-content\/uploads\/2024\/11\/Bezbedonosni-list-akrilni-emajl-lak.pdf\" target=\"_blank\" rel=\"noopener\">BIZTONS\u00c1GI ADATLAP<\/a><\/p>\n<p>&nbsp;<\/p>\n<\/div>\n<p><iframe loading=\"lazy\" title=\"YouTube video player\" src=\"https:\/\/www.youtube.com\/embed\/xDNitckwFk0?si=ppimvzkpztBswotk\" width=\"560\" height=\"415\" frameborder=\"0\" allowfullscreen=\"allowfullscreen\"><\/iframe><\/p>\n","protected":false},"excerpt":{"rendered":"<h3><strong>TONE K\u00c1RTYA<\/strong><\/h3>\n[elementor-template id=\"30371\"]\n<div><a class=\"tonkarta\" href=\"#emajldrvometal-popup\" rel=\"noopener\"><img decoding=\"async\" src=\"https:\/\/nevenacolor.co.rs\/wp-content\/uploads\/2024\/06\/pantone-color-scheme.png\" width=\"40px\" \/> TONE K\u00c1RTYA<\/a><\/div>\n","protected":false},"featured_media":35547,"template":"","meta":{"_monsterinsights_skip_tracking":false,"_monsterinsights_sitenote_active":false,"_monsterinsights_sitenote_note":"","_monsterinsights_sitenote_category":0},"product_brand":[],"product_cat":[346,357,325,370,353,366],"product_tag":[],"class_list":{"0":"post-36032","1":"product","2":"type-product","3":"status-publish","4":"has-post-thumbnail","6":"product_cat-fa-bevonatok","7":"product_cat-femek-fedofesteke","8":"product_cat-femvedo-bevonatok","9":"product_cat-finish-bevonatok","10":"product_cat-vizkigyensulyozott-akril-bevonat-hu","11":"product_cat-vizkigyensulyozott-akril-bevonat-hu-3","13":"first","14":"instock","15":"featured","16":"shipping-taxable","17":"product-type-simple"},"_links":{"self":[{"href":"https:\/\/nevenacolor.co.rs\/hu\/wp-json\/wp\/v2\/product\/36032","targetHints":{"allow":["GET"]}}],"collection":[{"href":"https:\/\/nevenacolor.co.rs\/hu\/wp-json\/wp\/v2\/product"}],"about":[{"href":"https:\/\/nevenacolor.co.rs\/hu\/wp-json\/wp\/v2\/types\/product"}],"version-history":[{"count":1,"href":"https:\/\/nevenacolor.co.rs\/hu\/wp-json\/wp\/v2\/product\/36032\/revisions"}],"predecessor-version":[{"id":36084,"href":"https:\/\/nevenacolor.co.rs\/hu\/wp-json\/wp\/v2\/product\/36032\/revisions\/36084"}],"wp:featuredmedia":[{"embeddable":true,"href":"https:\/\/nevenacolor.co.rs\/hu\/wp-json\/wp\/v2\/media\/35547"}],"wp:attachment":[{"href":"https:\/\/nevenacolor.co.rs\/hu\/wp-json\/wp\/v2\/media?parent=36032"}],"wp:term":[{"taxonomy":"product_brand","embeddable":true,"href":"https:\/\/nevenacolor.co.rs\/hu\/wp-json\/wp\/v2\/product_brand?post=36032"},{"taxonomy":"product_cat","embeddable":true,"href":"https:\/\/nevenacolor.co.rs\/hu\/wp-json\/wp\/v2\/product_cat?post=36032"},{"taxonomy":"product_tag","embeddable":true,"href":"https:\/\/nevenacolor.co.rs\/hu\/wp-json\/wp\/v2\/product_tag?post=36032"}],"curies":[{"name":"wp","href":"https:\/\/api.w.org\/{rel}","templated":true}]}}