{"id":36034,"date":"2024-12-17T10:44:12","date_gmt":"2024-12-17T10:44:12","guid":{"rendered":"https:\/\/nevenacolor.co.rs\/proizvod\/cool-akril-lakk-fa-szamara\/"},"modified":"2025-04-30T16:42:36","modified_gmt":"2025-04-30T16:42:36","slug":"cool-akril-lakk-fa-szamara","status":"publish","type":"product","link":"https:\/\/nevenacolor.co.rs\/hu\/term\u00e9k\/cool-akril-lakk-fa-szamara\/","title":{"rendered":"Cool akril lakk fa sz\u00e1m\u00e1ra"},"content":{"rendered":"<h3><strong>\u00c1LTAL\u00c1NOS ADATOK \u00c9S FELHASZN\u00c1L\u00c1S<\/strong><\/h3>\n<p class=\"p1\">A COOL akril lakk fa alap\u00fa, v\u00edzb\u00e1zis\u00fa v\u00e9d\u0151 \u00e9s dekorat\u00edv bevonat fa fel\u00fcletek v\u00e9delm\u00e9re, mind bels\u0151, mind k\u00fcls\u0151 t\u00e9rben. K\u00f6rnyezetbar\u00e1t term\u00e9k, szagtalan, kiemeli a fa term\u00e9szetes text\u00far\u00e1j\u00e1t, ellen\u00e1ll az UV-sug\u00e1rz\u00e1snak \u00e9s a nedvess\u00e9gnek.<\/p>\n<h3><strong>HASZN\u00c1LATI UTAS\u00cdT\u00c1S<\/strong><\/h3>\n<p class=\"p1\">Ecsettel, hengerrel vagy permetez\u00e9ssel kell felhordani 2-3 r\u00e9tegben, tiszta, sz\u00e1raz \u00e9s csiszolt fel\u00fcletre, +10\u00b0C \u00e9s +25\u00b0C k\u00f6z\u00f6tti h\u0151m\u00e9rs\u00e9kleten. A r\u00e9tegek k\u00f6z\u00f6tt csiszolni kell. H\u00edg\u00edt\u00e1shoz (~10%) \u00e9s az eszk\u00f6z\u00f6k tiszt\u00edt\u00e1s\u00e1hoz v\u00edz haszn\u00e1lhat\u00f3. A k\u00f6vetkez\u0151 r\u00e9teget 4-6 \u00f3ra eltelt\u00e9vel alkalmazza.<\/p>\n<h3><strong>FOGYASZT\u00c1S<\/strong><\/h3>\n<p class=\"p1\">10-12m\u00b2\/l egy r\u00e9tegben.<\/p>\n<h3><strong>CSOMAGOL\u00c1S<\/strong><\/h3>\n<p class=\"p1\">0,65 l \u00e9s 2,5 l<\/p>\n<h3><strong>LEJ\u00c1RATI ID\u0150 \u00c9S T\u00c1ROL\u00c1S<\/strong><\/h3>\n<p class=\"p1\">18 h\u00f3nap a csomagol\u00e1son felt\u00fcntetett d\u00e1tumt\u00f3l sz\u00e1m\u00edtva. A term\u00e9ket az eredeti, j\u00f3l lez\u00e1rt \u00e9s s\u00e9rtetlen gy\u00e1ri csomagol\u00e1sban kell t\u00e1rolni, +5\u00baC \u00e9s +25\u00baC k\u00f6z\u00f6tti h\u0151m\u00e9rs\u00e9kleten.<\/p>\n<h3><strong>DOKUMENT\u00c1CI\u00d3<\/strong><\/h3>\n<div class=\"dokumentacija\">\n<p><a class=\"dugmeproizvod\" href=\"https:\/\/nevenacolor.co.rs\/wp-content\/uploads\/2024\/11\/Tehnicka-dokumentacija-akrilni-lak-drvo.pdf\" target=\"_blank\" rel=\"noopener\">M\u0170SZAKI DOKUMENT\u00c1CI\u00d3<\/a><\/p>\n<p><a class=\"dugmeproizvod\" href=\"https:\/\/nevenacolor.co.rs\/wp-content\/uploads\/2024\/11\/Bezbedonosni-list-akrilni-lak-drvo.pdf\" target=\"_blank\" rel=\"noopener\">BIZTONS\u00c1GI ADATLAP<\/a><\/p>\n<p>&nbsp;<\/p>\n<\/div>\n","protected":false},"excerpt":{"rendered":"<p>\u00c1LTAL\u00c1NOS ADATOK \u00c9S FELHASZN\u00c1L\u00c1S A COOL akril lakk fa alap\u00fa, v\u00edzb\u00e1zis\u00fa v\u00e9d\u0151 \u00e9s dekorat\u00edv bevonat fa fel\u00fcletek v\u00e9delm\u00e9re, mind bels\u0151,<\/p>\n","protected":false},"featured_media":35562,"template":"","meta":{"_monsterinsights_skip_tracking":false,"_monsterinsights_sitenote_active":false,"_monsterinsights_sitenote_note":"","_monsterinsights_sitenote_category":0},"product_brand":[],"product_cat":[346,351,369],"product_tag":[],"class_list":{"0":"post-36034","1":"product","2":"type-product","3":"status-publish","4":"has-post-thumbnail","6":"product_cat-fa-bevonatok","7":"product_cat-lakkok","8":"product_cat-vizkigyensulyozott-akril-bevonat-hu-4","10":"first","11":"instock","12":"featured","13":"shipping-taxable","14":"product-type-simple"},"_links":{"self":[{"href":"https:\/\/nevenacolor.co.rs\/hu\/wp-json\/wp\/v2\/product\/36034","targetHints":{"allow":["GET"]}}],"collection":[{"href":"https:\/\/nevenacolor.co.rs\/hu\/wp-json\/wp\/v2\/product"}],"about":[{"href":"https:\/\/nevenacolor.co.rs\/hu\/wp-json\/wp\/v2\/types\/product"}],"version-history":[{"count":1,"href":"https:\/\/nevenacolor.co.rs\/hu\/wp-json\/wp\/v2\/product\/36034\/revisions"}],"predecessor-version":[{"id":36086,"href":"https:\/\/nevenacolor.co.rs\/hu\/wp-json\/wp\/v2\/product\/36034\/revisions\/36086"}],"wp:featuredmedia":[{"embeddable":true,"href":"https:\/\/nevenacolor.co.rs\/hu\/wp-json\/wp\/v2\/media\/35562"}],"wp:attachment":[{"href":"https:\/\/nevenacolor.co.rs\/hu\/wp-json\/wp\/v2\/media?parent=36034"}],"wp:term":[{"taxonomy":"product_brand","embeddable":true,"href":"https:\/\/nevenacolor.co.rs\/hu\/wp-json\/wp\/v2\/product_brand?post=36034"},{"taxonomy":"product_cat","embeddable":true,"href":"https:\/\/nevenacolor.co.rs\/hu\/wp-json\/wp\/v2\/product_cat?post=36034"},{"taxonomy":"product_tag","embeddable":true,"href":"https:\/\/nevenacolor.co.rs\/hu\/wp-json\/wp\/v2\/product_tag?post=36034"}],"curies":[{"name":"wp","href":"https:\/\/api.w.org\/{rel}","templated":true}]}}