{"id":36037,"date":"2024-05-28T12:52:08","date_gmt":"2024-05-28T12:52:08","guid":{"rendered":"https:\/\/nevenacolor.co.rs\/proizvod\/cool-professional-alapozo-festek-femekhez\/"},"modified":"2025-04-30T16:36:55","modified_gmt":"2025-04-30T16:36:55","slug":"cool-professional-alapozo-festek-femekhez","status":"publish","type":"product","link":"https:\/\/nevenacolor.co.rs\/hu\/term\u00e9k\/cool-professional-alapozo-festek-femekhez\/","title":{"rendered":"Cool Professional alapoz\u00f3 fest\u00e9k f\u00e9mekhez"},"content":{"rendered":"<h3><strong>\u00c1LTAL\u00c1NOS ADATOK \u00c9S FELHASZN\u00c1L\u00c1S<\/strong><\/h3>\n<p class=\"p1\"><span class=\"s1\"><b>A Cool professional <\/b><\/span><b>alapoz\u00f3 fest\u00e9k f\u00e9mekhez<\/b> egykomponens\u0171 bevon\u00f3 anyag, amely kiv\u00e1l\u00f3 min\u0151s\u00e9g\u0171 alkid k\u00f6t\u0151anyagon, korr\u00f3zi\u00f3g\u00e1tl\u00f3 pigmenteken, adal\u00e9kanyagokon \u00e9s old\u00f3szereken alapul. F\u00e9mfel\u00fcletek korr\u00f3zi\u00f3 elleni v\u00e9delm\u00e9re szolg\u00e1l, mint alapoz\u00f3 bevon\u00f3 r\u00e9teg.<\/p>\n<h3><strong>HASZN\u00c1LATI UTAS\u00cdT\u00c1S<\/strong><\/h3>\n<p class=\"p1\">A fest\u00e9ket ecsettel, hengerekkel vagy permetez\u00e9ssel kell felhordani a tiszta, sz\u00e1raz \u00e9s zs\u00edrmentes fel\u00fcletre k\u00e9t r\u00e9tegben. Az els\u0151 r\u00e9teg 4-6 \u00f3ra ut\u00e1n sz\u00e1raz lesz tapint\u00e1sra. A k\u00f6vetkez\u0151 r\u00e9teg felvitele el\u0151tt v\u00e1rjon 24 \u00f3r\u00e1t. Az olajh\u00edg\u00edt\u00f3t szersz\u00e1mok h\u00edg\u00edt\u00e1s\u00e1hoz \u00e9s mos\u00e1s\u00e1hoz haszn\u00e1lj\u00e1k.<\/p>\n<h3><strong>FOGYASZT\u00c1S<\/strong><\/h3>\n<p class=\"p1\">0.9kg, 3.5kg, 25kg<\/p>\n<h3><strong>CSOMAGOL\u00c1S<\/strong><\/h3>\n<p class=\"p1\">1 kg fest\u00e9kkel egy r\u00e9tegben 8-10 m\u00b2\/l bevonhat\u00f3.<\/p>\n<h3><strong>LEJ\u00c1RATI ID\u0150 \u00c9S T\u00c1ROL\u00c1S<\/strong><\/h3>\n<p class=\"p1\">36 h\u00f3nap a csomagol\u00e1son felt\u00fcntetett d\u00e1tumt\u00f3l sz\u00e1m\u00edtva. Eredeti, j\u00f3l lez\u00e1rt \u00e9s s\u00e9r\u00fcl\u00e9smentes gy\u00e1ri csomagol\u00e1sban, +5\u00baC \u00e9s +25\u00baC k\u00f6z\u00f6tti h\u0151m\u00e9rs\u00e9kleten t\u00e1roland\u00f3.<\/p>\n<h3><strong>\u00c1RNY\u00c9KOK<\/strong><\/h3>\n<p class=\"p1\">Sz\u00fcrke, piros \u00e9s fekete.<\/p>\n<h3><strong>DOKUMENT\u00c1CI\u00d3<\/strong><\/h3>\n<div class=\"dokumentacija\">\n<p><a class=\"dugmeproizvod\" href=\"https:\/\/nevenacolor.co.rs\/wp-content\/uploads\/2024\/11\/Tehnicka-dokumentacija-osnovna-metal-uljana.pdf\" target=\"_blank\" rel=\"noopener\">M\u0170SZAKI DOKUMENT\u00c1CI\u00d3<\/a><\/p>\n<p><a class=\"dugmeproizvod\" href=\"https:\/\/nevenacolor.co.rs\/wp-content\/uploads\/2024\/11\/Bezbednonsni-list-osnovna-metal-uljana.pdf\" target=\"_blank\" rel=\"noopener\">BIZTONS\u00c1GI ADATLAP<\/a><\/p>\n<p>&nbsp;<\/p>\n<\/div>\n<p><iframe loading=\"lazy\" title=\"YouTube video player\" src=\"https:\/\/www.youtube.com\/embed\/pX25fwFHLn4?si=XASz9WTzWUgK122i\" width=\"560\" height=\"415\" frameborder=\"0\" allowfullscreen=\"allowfullscreen\"><\/iframe><\/p>\n","protected":false},"excerpt":{"rendered":"<p>\u00c1LTAL\u00c1NOS ADATOK \u00c9S FELHASZN\u00c1L\u00c1S A Cool professional alapoz\u00f3 fest\u00e9k f\u00e9mekhez egykomponens\u0171 bevon\u00f3 anyag, amely kiv\u00e1l\u00f3 min\u0151s\u00e9g\u0171 alkid k\u00f6t\u0151anyagon, korr\u00f3zi\u00f3g\u00e1tl\u00f3 pigmenteken,<\/p>\n","protected":false},"featured_media":35486,"template":"","meta":{"_monsterinsights_skip_tracking":false,"_monsterinsights_sitenote_active":false,"_monsterinsights_sitenote_note":"","_monsterinsights_sitenote_category":0},"product_brand":[],"product_cat":[326,325,327],"product_tag":[],"class_list":{"0":"post-36037","1":"product","2":"type-product","3":"status-publish","4":"has-post-thumbnail","6":"product_cat-a-femek-alapvedelme","7":"product_cat-femvedo-bevonatok","8":"product_cat-olajos-alkid-bevonat","10":"first","11":"instock","12":"shipping-taxable","13":"product-type-simple"},"_links":{"self":[{"href":"https:\/\/nevenacolor.co.rs\/hu\/wp-json\/wp\/v2\/product\/36037","targetHints":{"allow":["GET"]}}],"collection":[{"href":"https:\/\/nevenacolor.co.rs\/hu\/wp-json\/wp\/v2\/product"}],"about":[{"href":"https:\/\/nevenacolor.co.rs\/hu\/wp-json\/wp\/v2\/types\/product"}],"version-history":[{"count":1,"href":"https:\/\/nevenacolor.co.rs\/hu\/wp-json\/wp\/v2\/product\/36037\/revisions"}],"predecessor-version":[{"id":36069,"href":"https:\/\/nevenacolor.co.rs\/hu\/wp-json\/wp\/v2\/product\/36037\/revisions\/36069"}],"wp:featuredmedia":[{"embeddable":true,"href":"https:\/\/nevenacolor.co.rs\/hu\/wp-json\/wp\/v2\/media\/35486"}],"wp:attachment":[{"href":"https:\/\/nevenacolor.co.rs\/hu\/wp-json\/wp\/v2\/media?parent=36037"}],"wp:term":[{"taxonomy":"product_brand","embeddable":true,"href":"https:\/\/nevenacolor.co.rs\/hu\/wp-json\/wp\/v2\/product_brand?post=36037"},{"taxonomy":"product_cat","embeddable":true,"href":"https:\/\/nevenacolor.co.rs\/hu\/wp-json\/wp\/v2\/product_cat?post=36037"},{"taxonomy":"product_tag","embeddable":true,"href":"https:\/\/nevenacolor.co.rs\/hu\/wp-json\/wp\/v2\/product_tag?post=36037"}],"curies":[{"name":"wp","href":"https:\/\/api.w.org\/{rel}","templated":true}]}}