{"id":36038,"date":"2024-10-23T10:09:16","date_gmt":"2024-10-23T10:09:16","guid":{"rendered":"https:\/\/nevenacolor.co.rs\/proizvod\/cool-nova-art-perla-2\/"},"modified":"2025-04-30T16:43:01","modified_gmt":"2025-04-30T16:43:01","slug":"cool-nova-art-perla-2","status":"publish","type":"product","link":"https:\/\/nevenacolor.co.rs\/hu\/term\u00e9k\/cool-nova-art-perla-2\/","title":{"rendered":"Cool Nova art Perla"},"content":{"rendered":"<h3><strong>\u00c1LTAL\u00c1NOS INFORM\u00c1CI\u00d3K \u00c9S C\u00c9L<\/strong><\/h3>\n<p class=\"p1\">A COOL NOVA ART PERLA egy kiv\u00e1l\u00f3 min\u0151s\u00e9g\u0171, \u00f6kol\u00f3giai, v\u00edzzel moshat\u00f3 akrilfest\u00e9k. K\u00e9sz\u00fclt Speci\u00e1lis akril kopolimer diszperzi\u00f3n, min\u0151s\u00e9gi adal\u00e9kanyagokon \u00e9s speci\u00e1lis hat\u00e9kony pigmenteken alapul, amelyek a gy\u00f6ngyh\u00e1zhoz hasonl\u00f3 finom szerkezetet k\u00f6lcs\u00f6n\u00f6znek a bevonatnak. Belt\u00e9ri falfel\u00fcletek d\u00edsz\u00edt\u00e9s\u00e9re \u00e9s v\u00e9delm\u00e9re szolg\u00e1l (luxus k\u00f6z\u00e9p\u00fcletek, sz\u00e1llod\u00e1k, apartmanok, \u00f3vod\u00e1k). Specifikus fel\u00fcletet biztos\u00edt nagyszer\u0171en csillog\u00f3 megjelen\u00e9s, \u00e9s tov\u00e1bbi megvil\u00e1g\u00edt\u00e1ssal a hat\u00e1s m\u00e9g hangs\u00falyosabb. Sz\u00e1mos technika \u00e9s effektus teszi lehet\u0151v\u00e9 a k\u00fcl\u00f6nb\u00f6z\u0151 st\u00edlus\u00fa dekor\u00e1ci\u00f3t.<\/p>\n<h3><strong>MUNKAI UTAS\u00cdT\u00c1SOK<\/strong><\/h3>\n<p class=\"p1\">A COOL NOVA ART PERLA egy azonnal felhordhat\u00f3 fest\u00e9k, \u00e9s nem kell v\u00edzzel be\u00e1ll\u00edtani. Az aljzatnak, amelyre felhordjuk, szil\u00e1rdnak, sz\u00e1raznak, tiszt\u00e1nak, laz\u00e1n tapad\u00f3 r\u00e9szek, zs\u00edros foltok stb. mentesnek kell lennie. Az egyenetlen fel\u00fcleteket COOL GLET MASS vagy COOL WET GLET seg\u00edts\u00e9g\u00e9vel kell kiegyenl\u00edteni. A COOL NOVA ART PERLA-t olyan fel\u00fcletekre kell felvinni, amelyekre kor\u00e1bban COOL NOVA ART PRIMER-t vittek fel. A COOL NOVA ART PERLA dekorat\u00edv hat\u00e1sa a m\u00e9g nedves bevonat k\u00fcl\u00f6nb\u00f6z\u0151 eszk\u00f6z\u00f6kkel (ecset, spatula, szivacs, henger&#8230;) t\u00f6rt\u00e9n\u0151 feldolgoz\u00e1s\u00e1nak m\u00f3dj\u00e1t\u00f3l f\u00fcgg. A fel\u00fclet v\u00e9gs\u0151 megjelen\u00e9se a felvitt r\u00e9tegek sz\u00e1m\u00e1t\u00f3l (1-3), valamint a kivitelez\u0151 k\u00e9z\u00fcgyess\u00e9g\u00e9t\u0151l \u00e9s technik\u00e1j\u00e1t\u00f3l f\u00fcgg. Az els\u0151 r\u00e9teg 6-8 \u00f3ra alatt sz\u00e1rad meg, a felvitt r\u00e9teg vastags\u00e1g\u00e1t\u00f3l f\u00fcgg\u0151en, m\u00edg a f\u00f3lia teljes ellen\u00e1ll\u00f3 k\u00e9pess\u00e9g\u00e9t k\u00e9t h\u00e9t ut\u00e1n \u00e9ri el. Az optim\u00e1lis munkah\u0151m\u00e9rs\u00e9klet +10\u00b0C \u00e9s +30\u00b0C k\u00f6z\u00f6tt van. +5\u00b0C alatt nem szabad haszn\u00e1lni. Haszn\u00e1lat ut\u00e1n a szersz\u00e1mot alaposan le kell mosni v\u00edzzel.<\/p>\n<h3><strong>FOGYASZT\u00c1S<\/strong><\/h3>\n<p class=\"p1\">5-7 <span class=\"s1\"><sup>m\u00b2<\/sup><\/span> \/l<\/p>\n<h3><strong>CSOMAGOL\u00c1S<\/strong><\/h3>\n<p class=\"p1\">1 liter<\/p>\n<h3><strong>LEJ\u00c1RATI D\u00c1TUM \u00c9S T\u00c1ROL\u00c1S<\/strong><\/h3>\n<p class=\"p1\">A csomagol\u00e1son felt\u00fcntetett d\u00e1tumt\u00f3l sz\u00e1m\u00edtott 18 h\u00f3nap. Eredeti \u00e1llapotban tartand\u00f3, j\u00f3l lez\u00e1rt \u00e9s s\u00e9rtetlen gy\u00e1ri csomagol\u00e1sban, +5\u00b0C \u00e9s +25\u00b0C k\u00f6z\u00f6tti h\u0151m\u00e9rs\u00e9kleten, k\u00f6zvetlen napf\u00e9nyt\u0151l v\u00e9dve t\u00e1roland\u00f3.<\/p>\n<h3><strong>DOKUMENT\u00c1CI\u00d3<\/strong><\/h3>\n<div class=\"dokumentacija\">\n<p><a class=\"dugmeproizvod\" href=\"https:\/\/nevenacolor.co.rs\/wp-content\/uploads\/2024\/10\/Tehnicka-dokumentacija-perla.pdf\" target=\"_blank\" rel=\"noopener\">M\u0170SZAKI DOKUMENT\u00c1CI\u00d3<\/a><\/p>\n<p><a class=\"dugmeproizvod\" href=\"https:\/\/nevenacolor.co.rs\/wp-content\/uploads\/2024\/10\/Bezbedonisni-list-perla.pdf\" target=\"_blank\" rel=\"noopener\">BIZTONS\u00c1GI ADATLAP<\/a><\/p>\n<\/div>\n<p>&nbsp;<\/p>\n<p><iframe loading=\"lazy\" title=\"COOL NOVA ART PERLA\" width=\"500\" height=\"281\" src=\"https:\/\/www.youtube.com\/embed\/hN8-8-1E604?feature=oembed\" frameborder=\"0\" allow=\"accelerometer; autoplay; clipboard-write; encrypted-media; gyroscope; picture-in-picture; web-share\" referrerpolicy=\"strict-origin-when-cross-origin\" allowfullscreen><\/iframe><\/p>\n","protected":false},"excerpt":{"rendered":"<h3><strong>TONE K\u00c1RTYA<\/strong><\/h3>\n[elementor-template id=\"29842\"]\n<div><a class=\"tonkarta\" href=\"#perla-tonkarta\" rel=\"noopener\"><img decoding=\"async\" src=\"https:\/\/nevenacolor.co.rs\/wp-content\/uploads\/2024\/06\/pantone-color-scheme.png\" width=\"40px\" \/> TONE K\u00c1RTYA<\/a><\/div>\n","protected":false},"featured_media":35371,"template":"","meta":{"_monsterinsights_skip_tracking":false,"_monsterinsights_sitenote_active":false,"_monsterinsights_sitenote_note":"","_monsterinsights_sitenote_category":0},"product_brand":[],"product_cat":[340,331],"product_tag":[],"class_list":{"0":"post-36038","1":"product","2":"type-product","3":"status-publish","4":"has-post-thumbnail","6":"product_cat-dekorativ-bevonatok","7":"product_cat-epitoipari-bevonatok","9":"first","10":"instock","11":"shipping-taxable","12":"product-type-simple"},"_links":{"self":[{"href":"https:\/\/nevenacolor.co.rs\/hu\/wp-json\/wp\/v2\/product\/36038","targetHints":{"allow":["GET"]}}],"collection":[{"href":"https:\/\/nevenacolor.co.rs\/hu\/wp-json\/wp\/v2\/product"}],"about":[{"href":"https:\/\/nevenacolor.co.rs\/hu\/wp-json\/wp\/v2\/types\/product"}],"version-history":[{"count":1,"href":"https:\/\/nevenacolor.co.rs\/hu\/wp-json\/wp\/v2\/product\/36038\/revisions"}],"predecessor-version":[{"id":36087,"href":"https:\/\/nevenacolor.co.rs\/hu\/wp-json\/wp\/v2\/product\/36038\/revisions\/36087"}],"wp:featuredmedia":[{"embeddable":true,"href":"https:\/\/nevenacolor.co.rs\/hu\/wp-json\/wp\/v2\/media\/35371"}],"wp:attachment":[{"href":"https:\/\/nevenacolor.co.rs\/hu\/wp-json\/wp\/v2\/media?parent=36038"}],"wp:term":[{"taxonomy":"product_brand","embeddable":true,"href":"https:\/\/nevenacolor.co.rs\/hu\/wp-json\/wp\/v2\/product_brand?post=36038"},{"taxonomy":"product_cat","embeddable":true,"href":"https:\/\/nevenacolor.co.rs\/hu\/wp-json\/wp\/v2\/product_cat?post=36038"},{"taxonomy":"product_tag","embeddable":true,"href":"https:\/\/nevenacolor.co.rs\/hu\/wp-json\/wp\/v2\/product_tag?post=36038"}],"curies":[{"name":"wp","href":"https:\/\/api.w.org\/{rel}","templated":true}]}}