{"id":36040,"date":"2024-05-28T12:56:06","date_gmt":"2024-05-28T12:56:06","guid":{"rendered":"https:\/\/nevenacolor.co.rs\/proizvod\/cool-radiator-lak\/"},"modified":"2025-05-02T11:55:20","modified_gmt":"2025-05-02T11:55:20","slug":"cool-radiator-lak","status":"publish","type":"product","link":"https:\/\/nevenacolor.co.rs\/hu\/term\u00e9k\/cool-radiator-lak\/","title":{"rendered":"Cool Radi\u00e1tor Lak"},"content":{"rendered":"<h3><strong>\u00c1LTAL\u00c1NOS INFORM\u00c1CI\u00d3K \u00c9S C\u00c9L<\/strong><\/h3>\n<p class=\"p1\">A Cool radi\u00e1torlakk egy egykomponens\u0171 bevon\u00f3anyag, amely kiv\u00e1l\u00f3 min\u0151s\u00e9g\u0171 alkid k\u00f6t\u0151anyagon, szerves \u00e9s szervetlen pigmenteken, h\u00edg\u00edt\u00f3kon \u00e9s megfelel\u0151 adal\u00e9kanyagokon alapul. Radi\u00e1torok dekorat\u00edv v\u00e9delm\u00e9re haszn\u00e1lj\u00e1k. Ellen\u00e1ll a radi\u00e1tor \u00e1ltal el\u00e9rt h\u0151m\u00e9rs\u00e9kletnek (80\u00b0C &#8211; 120\u00b0C).<\/p>\n<h3><strong>MUNKAI UTAS\u00cdT\u00c1SOK<\/strong><\/h3>\n<p class=\"p1\">Egy vagy k\u00e9t r\u00e9tegben felhordhat\u00f3 ecsettel, hengerrel, sz\u00f3r\u00e1ssal vagy m\u00e1rt\u00e1ssal. A k\u00f6vetkez\u0151 r\u00e9teget 12 \u00f3ra eltelt\u00e9vel alkalmazzuk. A szersz\u00e1mok h\u00edg\u00edt\u00e1s\u00e1hoz \u00e9s mos\u00e1s\u00e1hoz haszn\u00e1ljon olajh\u00edg\u00edt\u00f3t.<\/p>\n<h3><strong>FOGYASZT\u00c1S<\/strong><\/h3>\n<p class=\"p1\">8-10 <span class=\"s1\"><sup>m\u00b2<\/sup><\/span> \/l egy r\u00e9tegben.<\/p>\n<h3><strong>CSOMAGOL\u00c1S<\/strong><\/h3>\n<p class=\"p1\">0,75 l, 20 l<\/p>\n<h3><strong>LEJ\u00c1RATI D\u00c1TUM \u00c9S T\u00c1ROL\u00c1S<\/strong><\/h3>\n<p class=\"p1\">A csomagol\u00e1son felt\u00fcntetett d\u00e1tumt\u00f3l sz\u00e1m\u00edtott 36 h\u00f3nap. Eredeti, j\u00f3l lez\u00e1rt \u00e9s s\u00e9rtetlen gy\u00e1ri csomagol\u00e1sban t\u00e1roland\u00f3 +5\u00b0C \u00e9s +25\u00b0C k\u00f6z\u00f6tti h\u0151m\u00e9rs\u00e9kleten.<\/p>\n<h3><strong>DOKUMENT\u00c1CI\u00d3<\/strong><\/h3>\n<div class=\"dokumentacija\">\n<p><a class=\"dugmeproizvod\" href=\"https:\/\/nevenacolor.co.rs\/wp-content\/uploads\/2024\/11\/Tehnicka-dokumentacija-radijator-lak.pdf\" target=\"_blank\" rel=\"noopener\">M\u0170SZAKI DOKUMENT\u00c1CI\u00d3<\/a><\/p>\n<p><a class=\"dugmeproizvod\" href=\"https:\/\/nevenacolor.co.rs\/wp-content\/uploads\/2024\/11\/Bezbedonosni-list-radijator-lak.pdf\" target=\"_blank\" rel=\"noopener\">BIZTONS\u00c1GI ADATLAP<\/a><\/p>\n<\/div>\n<p>&nbsp;<\/p>\n","protected":false},"excerpt":{"rendered":"<p>\u00c1LTAL\u00c1NOS INFORM\u00c1CI\u00d3K \u00c9S C\u00c9L A Cool radi\u00e1torlakk egy egykomponens\u0171 bevon\u00f3anyag, amely kiv\u00e1l\u00f3 min\u0151s\u00e9g\u0171 alkid k\u00f6t\u0151anyagon, szerves \u00e9s szervetlen pigmenteken, h\u00edg\u00edt\u00f3kon<\/p>\n","protected":false},"featured_media":35479,"template":"","meta":{"_monsterinsights_skip_tracking":false,"_monsterinsights_sitenote_active":false,"_monsterinsights_sitenote_note":"","_monsterinsights_sitenote_category":0},"product_brand":[],"product_cat":[357,325,365],"product_tag":[],"class_list":{"0":"post-36040","1":"product","2":"type-product","3":"status-publish","4":"has-post-thumbnail","6":"product_cat-femek-fedofesteke","7":"product_cat-femvedo-bevonatok","8":"product_cat-olajalapu-alkid-bevonat-hu","10":"first","11":"instock","12":"shipping-taxable","13":"product-type-simple"},"_links":{"self":[{"href":"https:\/\/nevenacolor.co.rs\/hu\/wp-json\/wp\/v2\/product\/36040","targetHints":{"allow":["GET"]}}],"collection":[{"href":"https:\/\/nevenacolor.co.rs\/hu\/wp-json\/wp\/v2\/product"}],"about":[{"href":"https:\/\/nevenacolor.co.rs\/hu\/wp-json\/wp\/v2\/types\/product"}],"version-history":[{"count":1,"href":"https:\/\/nevenacolor.co.rs\/hu\/wp-json\/wp\/v2\/product\/36040\/revisions"}],"predecessor-version":[{"id":36068,"href":"https:\/\/nevenacolor.co.rs\/hu\/wp-json\/wp\/v2\/product\/36040\/revisions\/36068"}],"wp:featuredmedia":[{"embeddable":true,"href":"https:\/\/nevenacolor.co.rs\/hu\/wp-json\/wp\/v2\/media\/35479"}],"wp:attachment":[{"href":"https:\/\/nevenacolor.co.rs\/hu\/wp-json\/wp\/v2\/media?parent=36040"}],"wp:term":[{"taxonomy":"product_brand","embeddable":true,"href":"https:\/\/nevenacolor.co.rs\/hu\/wp-json\/wp\/v2\/product_brand?post=36040"},{"taxonomy":"product_cat","embeddable":true,"href":"https:\/\/nevenacolor.co.rs\/hu\/wp-json\/wp\/v2\/product_cat?post=36040"},{"taxonomy":"product_tag","embeddable":true,"href":"https:\/\/nevenacolor.co.rs\/hu\/wp-json\/wp\/v2\/product_tag?post=36040"}],"curies":[{"name":"wp","href":"https:\/\/api.w.org\/{rel}","templated":true}]}}