{"id":36042,"date":"2024-05-28T12:55:51","date_gmt":"2024-05-28T12:55:51","guid":{"rendered":"https:\/\/nevenacolor.co.rs\/proizvod\/cool-aluterm-2\/"},"modified":"2025-05-02T11:59:54","modified_gmt":"2025-05-02T11:59:54","slug":"cool-aluterm-2","status":"publish","type":"product","link":"https:\/\/nevenacolor.co.rs\/hu\/term\u00e9k\/cool-aluterm-2\/","title":{"rendered":"Cool aluterm"},"content":{"rendered":"<h3><strong>\u00c1LTAL\u00c1NOS INFORM\u00c1CI\u00d3K \u00c9S C\u00c9L<\/strong><\/h3>\n<p class=\"docx_normalweb\">A COOL Aluterm egy egykomponens\u0171 bevon\u00f3anyag, amely kiv\u00e1l\u00f3 min\u0151s\u00e9g\u0171 k\u00f6t\u0151anyagon, alum\u00edniumpaszt\u00e1n \u00e9s old\u00f3szeren alapul. A COOL Aluterm egy h\u0151\u00e1ll\u00f3 fest\u00e9k. Ak\u00e1r 200\u00b0C-os h\u0151m\u00e9rs\u00e9kletet is k\u00e9pes ellen\u00e1llni. Magas h\u0151m\u00e9rs\u00e9kletnek \u00e9s l\u00e9gk\u00f6ri hat\u00e1soknak kitett f\u00e9mfel\u00fcletek v\u00e9delm\u00e9re szolg\u00e1l. A sz\u00e1raz film rugalmas, ez\u00fcst\u00f6s megjelen\u00e9s\u0171, visszaveri a h\u0151sug\u00e1rz\u00e1st, \u00e9s ellen\u00e1ll a l\u00e9gk\u00f6ri hat\u00e1soknak, a v\u00edznek \u00e9s az olajnak. T\u00f6k\u00e9letesen tapad a fel\u00fclethez. Alkalmaz\u00e1sa az aut\u00f3iparban (felnik, kipufog\u00f3cs\u00f6vek, karossz\u00e9ria stb.), valamint folyamatberendez\u00e9sek, tart\u00e1lyok, sil\u00f3k, f\u00e9m- \u00e9s ac\u00e9lszerkezetek, cs\u0151vezet\u00e9kek, t\u00e1vvezet\u00e9kek stb. v\u00e9delm\u00e9re szolg\u00e1l.<\/p>\n<h3><strong>MUNKAI UTAS\u00cdT\u00c1SOK<\/strong><\/h3>\n<p class=\"p1\">Ecsettel, hengerrel, pisztollyal felhordhat\u00f3 egy vagy k\u00e9t r\u00e9tegben, j\u00f3l megtiszt\u00edtott \u00e9s zs\u00edrtalan\u00edtott fel\u00fcletre. A m\u00e1sodik r\u00e9teget 24 \u00f3ra eltelt\u00e9vel alkalmazzuk. Szersz\u00e1mok h\u00edg\u00edt\u00e1s\u00e1hoz \u00e9s mos\u00e1s\u00e1hoz haszn\u00e1ljon olajh\u00edg\u00edt\u00f3t.<\/p>\n<h3><strong>FOGYASZT\u00c1S<\/strong><\/h3>\n<p class=\"p1\">8-10 m\u00b2\/kg<\/p>\n<h3><strong>CSOMAGOL\u00c1S<\/strong><\/h3>\n<p class=\"p1\">0,75 l<\/p>\n<h3><strong>LEJ\u00c1RATI D\u00c1TUM \u00c9S T\u00c1ROL\u00c1S<\/strong><\/h3>\n<p class=\"p1\">A csomagol\u00e1son felt\u00fcntetett d\u00e1tumt\u00f3l sz\u00e1m\u00edtott 36 h\u00f3nap. Eredeti, j\u00f3l lez\u00e1rt \u00e9s s\u00e9rtetlen gy\u00e1ri csomagol\u00e1sban t\u00e1roland\u00f3 +5\u00b0C \u00e9s +25\u00b0C k\u00f6z\u00f6tti h\u0151m\u00e9rs\u00e9kleten.<\/p>\n<h3><strong>DOKUMENT\u00c1CI\u00d3<\/strong><\/h3>\n<div class=\"dokumentacija\">\n<p><a class=\"dugmeproizvod\" href=\"https:\/\/nevenacolor.co.rs\/wp-content\/uploads\/2024\/11\/Tehnicka-dokumentacija-aluterm.pdf\" target=\"_blank\" rel=\"noopener\">M\u0170SZAKI DOKUMENT\u00c1CI\u00d3<\/a><\/p>\n<p><a class=\"dugmeproizvod\" href=\"https:\/\/nevenacolor.co.rs\/wp-content\/uploads\/2024\/12\/Bezbedonosni-list-aluterm.pdf\" target=\"_blank\" rel=\"noopener\">BIZTONS\u00c1GI ADATLAP<\/a><\/p>\n<\/div>\n<p>&nbsp;<\/p>\n","protected":false},"excerpt":{"rendered":"<p>\u00c1LTAL\u00c1NOS INFORM\u00c1CI\u00d3K \u00c9S C\u00c9L A COOL Aluterm egy egykomponens\u0171 bevon\u00f3anyag, amely kiv\u00e1l\u00f3 min\u0151s\u00e9g\u0171 k\u00f6t\u0151anyagon, alum\u00edniumpaszt\u00e1n \u00e9s old\u00f3szeren alapul. A COOL<\/p>\n","protected":false},"featured_media":35520,"template":"","meta":{"_monsterinsights_skip_tracking":false,"_monsterinsights_sitenote_active":false,"_monsterinsights_sitenote_note":"","_monsterinsights_sitenote_category":0},"product_brand":[],"product_cat":[357,325,365],"product_tag":[],"class_list":{"0":"post-36042","1":"product","2":"type-product","3":"status-publish","4":"has-post-thumbnail","6":"product_cat-femek-fedofesteke","7":"product_cat-femvedo-bevonatok","8":"product_cat-olajalapu-alkid-bevonat-hu","10":"first","11":"instock","12":"shipping-taxable","13":"product-type-simple"},"_links":{"self":[{"href":"https:\/\/nevenacolor.co.rs\/hu\/wp-json\/wp\/v2\/product\/36042","targetHints":{"allow":["GET"]}}],"collection":[{"href":"https:\/\/nevenacolor.co.rs\/hu\/wp-json\/wp\/v2\/product"}],"about":[{"href":"https:\/\/nevenacolor.co.rs\/hu\/wp-json\/wp\/v2\/types\/product"}],"version-history":[{"count":1,"href":"https:\/\/nevenacolor.co.rs\/hu\/wp-json\/wp\/v2\/product\/36042\/revisions"}],"predecessor-version":[{"id":36081,"href":"https:\/\/nevenacolor.co.rs\/hu\/wp-json\/wp\/v2\/product\/36042\/revisions\/36081"}],"wp:featuredmedia":[{"embeddable":true,"href":"https:\/\/nevenacolor.co.rs\/hu\/wp-json\/wp\/v2\/media\/35520"}],"wp:attachment":[{"href":"https:\/\/nevenacolor.co.rs\/hu\/wp-json\/wp\/v2\/media?parent=36042"}],"wp:term":[{"taxonomy":"product_brand","embeddable":true,"href":"https:\/\/nevenacolor.co.rs\/hu\/wp-json\/wp\/v2\/product_brand?post=36042"},{"taxonomy":"product_cat","embeddable":true,"href":"https:\/\/nevenacolor.co.rs\/hu\/wp-json\/wp\/v2\/product_cat?post=36042"},{"taxonomy":"product_tag","embeddable":true,"href":"https:\/\/nevenacolor.co.rs\/hu\/wp-json\/wp\/v2\/product_tag?post=36042"}],"curies":[{"name":"wp","href":"https:\/\/api.w.org\/{rel}","templated":true}]}}