{"id":36044,"date":"2024-05-28T12:52:30","date_gmt":"2024-05-28T12:52:30","guid":{"rendered":"https:\/\/nevenacolor.co.rs\/proizvod\/cool-gyorsan-szarado-alapozo-festek-femekhez\/"},"modified":"2025-05-03T22:00:15","modified_gmt":"2025-05-03T22:00:15","slug":"cool-gyorsan-szarado-alapozo-festek-femekhez","status":"publish","type":"product","link":"https:\/\/nevenacolor.co.rs\/hu\/term\u00e9k\/cool-gyorsan-szarado-alapozo-festek-femekhez\/","title":{"rendered":"Cool Gyorsan Sz\u00e1rad\u00f3 Alapoz\u00f3 Fest\u00e9k F\u00e9mekhez"},"content":{"rendered":"<h3><strong>\u00c1LTAL\u00c1NOS INFORM\u00c1CI\u00d3K \u00c9S C\u00c9L<\/strong><\/h3>\n<p class=\"p1\"><strong>A hideg, gyorsan sz\u00e1rad\u00f3 f\u00e9m alapfest\u00e9k<\/strong> egykomponens\u0171 alapbevonat, amely m\u00f3dos\u00edtott alkid k\u00f6t\u0151anyagokon, akt\u00edv korr\u00f3zi\u00f3g\u00e1tl\u00f3 pigmenteken, t\u00f6lt\u0151anyagokon \u00e9s adal\u00e9kanyagokon alapul. Alapoz\u00f3 bevonatk\u00e9nt haszn\u00e1lj\u00e1k mindenf\u00e9le f\u00e9mfel\u00fclet \u00e9s eszk\u00f6z v\u00e9delm\u00e9re, ahol kifejezetten sz\u00fcks\u00e9ges a gyors sz\u00e1rad\u00e1s. Alapbevonat f\u00e9m ipari berendez\u00e9sek, mez\u0151gazdas\u00e1gi g\u00e9pek, \u00e9p\u00edtm\u00e9nyek stb. v\u00e9delm\u00e9re.<\/p>\n<h3><strong>MUNKAI UTAS\u00cdT\u00c1SOK<\/strong><\/h3>\n<p class=\"p1\">Tiszt\u00edtsa meg a korrod\u00e1lt fel\u00fcletet csiszol\u00f3sug\u00e1rral (homokf\u00fav\u00e1ssal), vagy csiszolja meg csiszol\u00f3pap\u00edrral vagy ac\u00e9lkef\u00e9vel. Felhord\u00e1s el\u0151tt a fel\u00fcletet zs\u00edrtalan\u00edtani, sz\u00e1raznak \u00e9s szennyez\u0151d\u00e9sekt\u0151l mentesnek kell lennie. Egy vagy k\u00e9t r\u00e9tegben vigy\u00fck fel ecsettel, hengerrel, sz\u00f3r\u00e1ssal vagy m\u00e1rt\u00e1ssal. BS h\u00edg\u00edt\u00f3val h\u00edg\u00edtj\u00e1k, amelyet ed\u00e9nyek mos\u00e1s\u00e1ra is haszn\u00e1lnak.<\/p>\n<h3><strong>FOGYASZT\u00c1S<\/strong><\/h3>\n<p class=\"p1\">8-10 <sup>m\u00b2<\/sup> \/l egy r\u00e9tegben.<\/p>\n<h3><strong>CSOMAGOL\u00c1S<\/strong><\/h3>\n<p class=\"p1\">0,9 kg, 3,5 kg \u00e9s 25 kg<\/p>\n<h3><strong>LEJ\u00c1RATI D\u00c1TUM \u00c9S T\u00c1ROL\u00c1S<\/strong><\/h3>\n<p class=\"p1\">A csomagol\u00e1son felt\u00fcntetett d\u00e1tumt\u00f3l sz\u00e1m\u00edtott 36 h\u00f3nap. Eredeti, j\u00f3l lez\u00e1rt \u00e9s s\u00e9rtetlen gy\u00e1ri csomagol\u00e1sban t\u00e1roland\u00f3 +5\u00b0C \u00e9s +25\u00b0C k\u00f6z\u00f6tti h\u0151m\u00e9rs\u00e9kleten.<\/p>\n<h3><strong>DOKUMENT\u00c1CI\u00d3<\/strong><\/h3>\n<div class=\"dokumentacija\">\n<p><a class=\"dugmeproizvod\" href=\"https:\/\/nevenacolor.co.rs\/wp-content\/uploads\/2024\/11\/Tehnicka-dokumentacija-brzosusiva-temeljna.pdf\" target=\"_blank\" rel=\"noopener\">M\u0170SZAKI DOKUMENT\u00c1CI\u00d3<\/a><\/p>\n<p><a class=\"dugmeproizvod\" href=\"https:\/\/nevenacolor.co.rs\/wp-content\/uploads\/2024\/11\/Bezbedonosni-list-brzosusiva-temeljna.pdf\" target=\"_blank\" rel=\"noopener\">BIZTONS\u00c1GI ADATLAP<\/a><\/p>\n<\/div>\n<p>&nbsp;<\/p>\n","protected":false},"excerpt":{"rendered":"<p>\u00c1LTAL\u00c1NOS INFORM\u00c1CI\u00d3K \u00c9S C\u00c9L A hideg, gyorsan sz\u00e1rad\u00f3 f\u00e9m alapfest\u00e9k egykomponens\u0171 alapbevonat, amely m\u00f3dos\u00edtott alkid k\u00f6t\u0151anyagokon, akt\u00edv korr\u00f3zi\u00f3g\u00e1tl\u00f3 pigmenteken, t\u00f6lt\u0151anyagokon<\/p>\n","protected":false},"featured_media":35512,"template":"","meta":{"_monsterinsights_skip_tracking":false,"_monsterinsights_sitenote_active":false,"_monsterinsights_sitenote_note":"","_monsterinsights_sitenote_category":0},"product_brand":[],"product_cat":[326,325,367],"product_tag":[],"class_list":{"0":"post-36044","1":"product","2":"type-product","3":"status-publish","4":"has-post-thumbnail","6":"product_cat-a-femek-alapvedelme","7":"product_cat-femvedo-bevonatok","8":"product_cat-gyorsan-szarado-bevonat-hu","10":"first","11":"instock","12":"shipping-taxable","13":"product-type-simple"},"_links":{"self":[{"href":"https:\/\/nevenacolor.co.rs\/hu\/wp-json\/wp\/v2\/product\/36044","targetHints":{"allow":["GET"]}}],"collection":[{"href":"https:\/\/nevenacolor.co.rs\/hu\/wp-json\/wp\/v2\/product"}],"about":[{"href":"https:\/\/nevenacolor.co.rs\/hu\/wp-json\/wp\/v2\/types\/product"}],"version-history":[{"count":2,"href":"https:\/\/nevenacolor.co.rs\/hu\/wp-json\/wp\/v2\/product\/36044\/revisions"}],"predecessor-version":[{"id":36080,"href":"https:\/\/nevenacolor.co.rs\/hu\/wp-json\/wp\/v2\/product\/36044\/revisions\/36080"}],"wp:featuredmedia":[{"embeddable":true,"href":"https:\/\/nevenacolor.co.rs\/hu\/wp-json\/wp\/v2\/media\/35512"}],"wp:attachment":[{"href":"https:\/\/nevenacolor.co.rs\/hu\/wp-json\/wp\/v2\/media?parent=36044"}],"wp:term":[{"taxonomy":"product_brand","embeddable":true,"href":"https:\/\/nevenacolor.co.rs\/hu\/wp-json\/wp\/v2\/product_brand?post=36044"},{"taxonomy":"product_cat","embeddable":true,"href":"https:\/\/nevenacolor.co.rs\/hu\/wp-json\/wp\/v2\/product_cat?post=36044"},{"taxonomy":"product_tag","embeddable":true,"href":"https:\/\/nevenacolor.co.rs\/hu\/wp-json\/wp\/v2\/product_tag?post=36044"}],"curies":[{"name":"wp","href":"https:\/\/api.w.org\/{rel}","templated":true}]}}