{"id":36047,"date":"2024-05-28T12:55:36","date_gmt":"2024-05-28T12:55:36","guid":{"rendered":"https:\/\/nevenacolor.co.rs\/proizvod\/cool-ipari-festek\/"},"modified":"2025-05-03T22:01:50","modified_gmt":"2025-05-03T22:01:50","slug":"cool-ipari-festek","status":"publish","type":"product","link":"https:\/\/nevenacolor.co.rs\/hu\/term\u00e9k\/cool-ipari-festek\/","title":{"rendered":"Cool Ipari Fest\u00e9k"},"content":{"rendered":"<h3><strong>\u00c1LTAL\u00c1NOS INFORM\u00c1CI\u00d3K \u00c9S ALKALMAZ\u00c1S<\/strong><\/h3>\n<p class=\"p1\"><b>A COOL INDUSTRI\u00c1LIS FEST\u00c9K MECHANIZ\u00c1CI\u00c1HOZ <\/b> egy gyorsan sz\u00e1rad\u00f3 bevonat, amely a mez\u0151gazdas\u00e1gi g\u00e9pek (traktorok, komb\u00e1jnok \u00e9s egy\u00e9b mez\u0151gazdas\u00e1gi eszk\u00f6z\u00f6k) v\u00e9delm\u00e9re \u00e9s dekor\u00e1ci\u00f3j\u00e1ra szolg\u00e1l. A fest\u00e9k m\u00f3dos\u00edtott alkid k\u00f6t\u0151anyagokb\u00f3l, speci\u00e1lis pigmentekb\u0151l \u00e9s adal\u00e9kokb\u00f3l k\u00e9sz\u00fclt. Kiv\u00e1l\u00f3 id\u0151j\u00e1r\u00e1s\u00e1ll\u00f3s\u00e1ggal, olaj- \u00e9s gyenge vegyi anyagokkal szembeni ellen\u00e1ll\u00f3 k\u00e9pess\u00e9ggel, mechanikai szil\u00e1rds\u00e1ggal \u00e9s gyors sz\u00e1rad\u00e1ssal rendelkezik.<\/p>\n<h3><strong>HASZN\u00c1LATI UTAS\u00cdT\u00c1S<\/strong><\/h3>\n<p class=\"p1\">A COOL INDUSTRI\u00c1LIS FEST\u00c9K MECHANIZ\u00c1CI\u00c1HOZ felhord\u00e1sa ecsettel, hengerekkel vagy permetez\u00e9ssel t\u00f6rt\u00e9nik, k\u00e9t r\u00e9tegben a COOL gyorsan sz\u00e1rad\u00f3 antikorr\u00f3zi\u00f3s fest\u00e9k f\u00f6l\u00e9. A k\u00f6vetkez\u0151 r\u00e9teg 1-2 \u00f3r\u00e1n bel\u00fcl felvihet\u0151. Haszn\u00e1lat el\u0151tt a fest\u00e9ket maximum 5-10%-ban h\u00edg\u00edthatja a COOL gyorsan sz\u00e1rad\u00f3 fest\u00e9kekhez val\u00f3 h\u00edg\u00edt\u00f3val. A munkaeszk\u00f6z\u00f6ket (ecset, henger) az alkalmaz\u00e1s ut\u00e1n azonnal tiszt\u00edtsa meg a COOL gyorsan sz\u00e1rad\u00f3 fest\u00e9kekhez val\u00f3 h\u00edg\u00edt\u00f3val.<\/p>\n<h3><strong>FOGYASZT\u00c1S<\/strong><\/h3>\n<p class=\"p1\">4-6 m<span class=\"s1\"><sup>2<\/sup><\/span>\/l k\u00e9t r\u00e9tegben.<\/p>\n<h3><strong>CSOMAGOL\u00c1S<\/strong><\/h3>\n<p class=\"p1\">0.75 l<\/p>\n<h3><strong>LEJ\u00c1RATI ID\u0150 \u00c9S T\u00c1ROL\u00c1S<\/strong><\/h3>\n<p class=\"p1\">36 h\u00f3nap a csomagol\u00e1son felt\u00fcntetett d\u00e1tumt\u00f3l sz\u00e1m\u00edtva. Eredeti, j\u00f3l lez\u00e1rt \u00e9s s\u00e9r\u00fcl\u00e9smentes gy\u00e1ri csomagol\u00e1sban, +5\u00baC \u00e9s +25\u00baC k\u00f6z\u00f6tti h\u0151m\u00e9rs\u00e9kleten t\u00e1roland\u00f3.<\/p>\n<h3><strong>MEZTELEN<\/strong><\/h3>\n<p class=\"p1\">RAL 3020<\/p>\n<h3><strong>DOKUMENT\u00c1CI\u00d3<\/strong><\/h3>\n<div class=\"dokumentacija\">\n<p><a class=\"dugmeproizvod\" href=\"https:\/\/nevenacolor.co.rs\/wp-content\/uploads\/2024\/05\/Tehnicka-dokumentacija-industrijska-boja.pdf\" target=\"_blank\" rel=\"noopener\">M\u0170SZAKI DOKUMENT\u00c1CI\u00d3<\/a><\/p>\n<\/div>\n<p>&nbsp;<\/p>\n","protected":false},"excerpt":{"rendered":"<p>\u00c1LTAL\u00c1NOS INFORM\u00c1CI\u00d3K \u00c9S ALKALMAZ\u00c1S A COOL INDUSTRI\u00c1LIS FEST\u00c9K MECHANIZ\u00c1CI\u00c1HOZ egy gyorsan sz\u00e1rad\u00f3 bevonat, amely a mez\u0151gazdas\u00e1gi g\u00e9pek (traktorok, komb\u00e1jnok \u00e9s<\/p>\n","protected":false},"featured_media":35474,"template":"","meta":{"_monsterinsights_skip_tracking":false,"_monsterinsights_sitenote_active":false,"_monsterinsights_sitenote_note":"","_monsterinsights_sitenote_category":0},"product_brand":[],"product_cat":[357,325,363],"product_tag":[],"class_list":{"0":"post-36047","1":"product","2":"type-product","3":"status-publish","4":"has-post-thumbnail","6":"product_cat-femek-fedofesteke","7":"product_cat-femvedo-bevonatok","8":"product_cat-gyorsan-szarado-bevonat","10":"first","11":"instock","12":"shipping-taxable","13":"product-type-simple"},"_links":{"self":[{"href":"https:\/\/nevenacolor.co.rs\/hu\/wp-json\/wp\/v2\/product\/36047","targetHints":{"allow":["GET"]}}],"collection":[{"href":"https:\/\/nevenacolor.co.rs\/hu\/wp-json\/wp\/v2\/product"}],"about":[{"href":"https:\/\/nevenacolor.co.rs\/hu\/wp-json\/wp\/v2\/types\/product"}],"version-history":[{"count":2,"href":"https:\/\/nevenacolor.co.rs\/hu\/wp-json\/wp\/v2\/product\/36047\/revisions"}],"predecessor-version":[{"id":38132,"href":"https:\/\/nevenacolor.co.rs\/hu\/wp-json\/wp\/v2\/product\/36047\/revisions\/38132"}],"wp:featuredmedia":[{"embeddable":true,"href":"https:\/\/nevenacolor.co.rs\/hu\/wp-json\/wp\/v2\/media\/35474"}],"wp:attachment":[{"href":"https:\/\/nevenacolor.co.rs\/hu\/wp-json\/wp\/v2\/media?parent=36047"}],"wp:term":[{"taxonomy":"product_brand","embeddable":true,"href":"https:\/\/nevenacolor.co.rs\/hu\/wp-json\/wp\/v2\/product_brand?post=36047"},{"taxonomy":"product_cat","embeddable":true,"href":"https:\/\/nevenacolor.co.rs\/hu\/wp-json\/wp\/v2\/product_cat?post=36047"},{"taxonomy":"product_tag","embeddable":true,"href":"https:\/\/nevenacolor.co.rs\/hu\/wp-json\/wp\/v2\/product_tag?post=36047"}],"curies":[{"name":"wp","href":"https:\/\/api.w.org\/{rel}","templated":true}]}}