{"id":36049,"date":"2024-05-28T12:55:20","date_gmt":"2024-05-28T12:55:20","guid":{"rendered":"https:\/\/nevenacolor.co.rs\/proizvod\/cool-efekt-3x1-2\/"},"modified":"2025-05-03T22:02:45","modified_gmt":"2025-05-03T22:02:45","slug":"cool-efekt-3x1-2","status":"publish","type":"product","link":"https:\/\/nevenacolor.co.rs\/hu\/term\u00e9k\/cool-efekt-3x1-2\/","title":{"rendered":"Cool efekt 3&#215;1"},"content":{"rendered":"<h3><strong>\u00c1LTAL\u00c1NOS ADATOK \u00c9S ALKALMAZ\u00c1S<\/strong><\/h3>\n<p class=\"docx_normalweb\"><strong>A COOL EFFEKT LAK 3X1<\/strong> egy alapoz\u00f3- \u00e9s v\u00e9gs\u0151 r\u00e9tegk\u00e9nt alkalmazhat\u00f3, gyorsan sz\u00e1rad\u00f3 bevonat, amely f\u00e9mfel\u00fcletek dekor\u00e1ci\u00f3j\u00e1ra \u00e9s v\u00e9delm\u00e9re szolg\u00e1l, bels\u0151 \u00e9s k\u00fcls\u0151 k\u00f6rnyezetben egyar\u00e1nt. Kiv\u00e1l\u00f3 korr\u00f3zi\u00f3\u00e1ll\u00f3s\u00e1ggal rendelkezik, j\u00f3 tapad\u00e1st biztos\u00edt, \u00e9s magas ellen\u00e1ll\u00f3s\u00e1got mutat az id\u0151j\u00e1r\u00e1si hat\u00e1sokkal szemben. Modifik\u00e1lt alkid k\u00f6t\u0151anyagok, speci\u00e1lis korr\u00f3zi\u00f3g\u00e1tl\u00f3 pigmentek \u00e9s adal\u00e9kok felhaszn\u00e1l\u00e1s\u00e1val k\u00e9sz\u00fclt.<\/p>\n<h3><strong>HASZN\u00c1LATI UTAS\u00cdT\u00c1S<\/strong><\/h3>\n<p class=\"p1\">A tiszta \u00e9s zs\u00edrtalan\u00edtott fel\u00fcletre ecsettel, hengerekkel vagy permetez\u00e9ssel egy r\u00e9tegben kell felvinni. A COOL Effekt lak 3&#215;1-et haszn\u00e1lat el\u0151tt a COOL 3&#215;1 h\u00edg\u00edt\u00f3val legfeljebb 5%-kal kell h\u00edg\u00edtani. A szersz\u00e1mokat Nitro h\u00edg\u00edt\u00f3val kell tiszt\u00edtani.<\/p>\n<h3><strong>FOGYASZT\u00c1S<\/strong><\/h3>\n<p class=\"p1\">8-10 m<sup>2<\/sup>\/kg egy r\u00e9tegre.<\/p>\n<h3><strong>CSOMAGOL\u00c1S<\/strong><\/h3>\n<p class=\"p1\">0.75 l<span id=\"_Hlk161744014\"><\/span>, 2.5 l, 20 l<\/p>\n<h3><strong>FELHASZN\u00c1LHAT\u00d3S\u00c1GI ID\u0150 \u00c9S T\u00c1ROL\u00c1S<\/strong><\/h3>\n<p class=\"p1\">36 h\u00f3nap a csomagol\u00e1sra nyomtatott d\u00e1tumt\u00f3l sz\u00e1m\u00edtva. Eredeti, j\u00f3l lez\u00e1rt \u00e9s s\u00e9rtetlen gy\u00e1ri csomagol\u00e1sban, +5\u00baC \u00e9s +25\u00baC k\u00f6z\u00f6tti h\u0151m\u00e9rs\u00e9kleten kell t\u00e1rolni.<\/p>\n<h3><strong>DOKUMENT\u00c1CI\u00d3<\/strong><\/h3>\n<div class=\"dokumentacija\">\n<p><a class=\"dugmeproizvod\" href=\"https:\/\/nevenacolor.co.rs\/wp-content\/uploads\/2024\/11\/Tehnicka-dokumentacija-efekt-lak-3x1-1.pdf\" target=\"_blank\" rel=\"noopener\">M\u0170SZAKI DOKUMENT\u00c1CI\u00d3<\/a><\/p>\n<p><a class=\"dugmeproizvod\" href=\"https:\/\/nevenacolor.co.rs\/wp-content\/uploads\/2024\/11\/Bezbedonosni-list-efekt-lak-3x1-1.pdf\" target=\"_blank\" rel=\"noopener\">BIZTONS\u00c1GI ADATLAP<\/a><\/p>\n<\/div>\n<p>&nbsp;<\/p>\n","protected":false},"excerpt":{"rendered":"<h3><strong>TONE K\u00c1RTYA<\/strong><\/h3>\n[elementor-template id=\"31856\"]\n<div><a class=\"tonkarta\" href=\"#efekt3x1\" rel=\"noopener\"><img decoding=\"async\" src=\"https:\/\/nevenacolor.co.rs\/wp-content\/uploads\/2024\/06\/pantone-color-scheme.png\" width=\"40px\" \/> TONE K\u00c1RTYA<\/a><\/div>\n","protected":false},"featured_media":35543,"template":"","meta":{"_monsterinsights_skip_tracking":false,"_monsterinsights_sitenote_active":false,"_monsterinsights_sitenote_note":"","_monsterinsights_sitenote_category":0},"product_brand":[],"product_cat":[358,357,325],"product_tag":[],"class_list":{"0":"post-36049","1":"product","2":"type-product","3":"status-publish","4":"has-post-thumbnail","6":"product_cat-3x1-gyorsan-szarado-bevonat","7":"product_cat-femek-fedofesteke","8":"product_cat-femvedo-bevonatok","10":"first","11":"instock","12":"shipping-taxable","13":"product-type-simple"},"_links":{"self":[{"href":"https:\/\/nevenacolor.co.rs\/hu\/wp-json\/wp\/v2\/product\/36049","targetHints":{"allow":["GET"]}}],"collection":[{"href":"https:\/\/nevenacolor.co.rs\/hu\/wp-json\/wp\/v2\/product"}],"about":[{"href":"https:\/\/nevenacolor.co.rs\/hu\/wp-json\/wp\/v2\/types\/product"}],"version-history":[{"count":1,"href":"https:\/\/nevenacolor.co.rs\/hu\/wp-json\/wp\/v2\/product\/36049\/revisions"}],"predecessor-version":[{"id":36076,"href":"https:\/\/nevenacolor.co.rs\/hu\/wp-json\/wp\/v2\/product\/36049\/revisions\/36076"}],"wp:featuredmedia":[{"embeddable":true,"href":"https:\/\/nevenacolor.co.rs\/hu\/wp-json\/wp\/v2\/media\/35543"}],"wp:attachment":[{"href":"https:\/\/nevenacolor.co.rs\/hu\/wp-json\/wp\/v2\/media?parent=36049"}],"wp:term":[{"taxonomy":"product_brand","embeddable":true,"href":"https:\/\/nevenacolor.co.rs\/hu\/wp-json\/wp\/v2\/product_brand?post=36049"},{"taxonomy":"product_cat","embeddable":true,"href":"https:\/\/nevenacolor.co.rs\/hu\/wp-json\/wp\/v2\/product_cat?post=36049"},{"taxonomy":"product_tag","embeddable":true,"href":"https:\/\/nevenacolor.co.rs\/hu\/wp-json\/wp\/v2\/product_tag?post=36049"}],"curies":[{"name":"wp","href":"https:\/\/api.w.org\/{rel}","templated":true}]}}