{"id":36052,"date":"2024-05-28T12:55:05","date_gmt":"2024-05-28T12:55:05","guid":{"rendered":"https:\/\/nevenacolor.co.rs\/proizvod\/cool-effekt-lakk\/"},"modified":"2025-05-03T21:59:08","modified_gmt":"2025-05-03T21:59:08","slug":"cool-effekt-lakk","status":"publish","type":"product","link":"https:\/\/nevenacolor.co.rs\/hu\/term\u00e9k\/cool-effekt-lakk\/","title":{"rendered":"Cool effekt lakk"},"content":{"rendered":"<h3><strong>\u00c1LTAL\u00c1NOS ADATOK \u00c9S FELHASZN\u00c1L\u00c1S<\/strong><\/h3>\n<p class=\"docx_normalweb\">A Cool effekt lakk egykomponens\u0171 bevon\u00f3anyag, amely kiv\u00e1l\u00f3 min\u0151s\u00e9g\u0171 m\u00f3dos\u00edtott szintetikus k\u00f6t\u0151anyagok, pigmentek, h\u00edg\u00edt\u00f3k \u00e9s speci\u00e1lis adal\u00e9kanyagok felhaszn\u00e1l\u00e1s\u00e1val k\u00e9sz\u00fcl. Jellegzetes kalap\u00e1cs (hammer) hat\u00e1s\u00fa megjelen\u00e9s jellemzi. F\u00e9mfel\u00fcletek dekorat\u00edv v\u00e9delm\u00e9re szolg\u00e1l.<\/p>\n<h3><strong>HASZN\u00c1LATI \u00daTMUTAT\u00d3<\/strong><\/h3>\n<p class=\"p1\">F\u00e9mfel\u00fcletre egy r\u00e9tegben hordhat\u00f3 fel, \u00f6n\u00e1ll\u00f3an vagy gyorsan sz\u00e1rad\u00f3 alapoz\u00f3 fest\u00e9kkel kombin\u00e1lva. A bevonat felvitel\u00e9t permetez\u00e9ssel aj\u00e1nlott v\u00e9gezni. H\u00edg\u00edt\u00e1shoz \u00e9s a szersz\u00e1mok tiszt\u00edt\u00e1s\u00e1hoz Nitro h\u00edg\u00edt\u00f3t haszn\u00e1ljon.<\/p>\n<h3><strong>FELHASZN\u00c1L\u00c1S<\/strong><\/h3>\n<p class=\"p1\">8-10 m<sup>2<\/sup>\/kg egy r\u00e9tegben.<\/p>\n<h3><strong>CSOMAGOL\u00c1S<\/strong><\/h3>\n<p class=\"p1\">0.75 l<span id=\"_Hlk161744014\"><\/span>, 2.5 l, 20 l<\/p>\n<h3><strong>FELHASZN\u00c1LHAT\u00d3S\u00c1GI ID\u0150 \u00c9S T\u00c1ROL\u00c1S<\/strong><\/h3>\n<p class=\"p1\">A csomagol\u00e1son felt\u00fcntetett gy\u00e1rt\u00e1si d\u00e1tumt\u00f3l sz\u00e1m\u00edtott 36 h\u00f3nap. Eredeti, j\u00f3l lez\u00e1rt \u00e9s s\u00e9rtetlen gy\u00e1ri csomagol\u00e1sban, +5 \u00baC \u00e9s +25 \u00baC k\u00f6z\u00f6tti h\u0151m\u00e9rs\u00e9kleten t\u00e1roland\u00f3.<\/p>\n<h3><strong>DOKUMENT\u00c1CI\u00d3<\/strong><\/h3>\n<div class=\"dokumentacija\">\n<p><a class=\"dugmeproizvod\" href=\"https:\/\/nevenacolor.co.rs\/wp-content\/uploads\/2024\/11\/Tehnicka-dokumentacija-efekt-lak.pdf\" target=\"_blank\" rel=\"noopener\">M\u0170SZAKI DOKUMENT\u00c1CI\u00d3<\/a><\/p>\n<p><a class=\"dugmeproizvod\" href=\"https:\/\/nevenacolor.co.rs\/wp-content\/uploads\/2024\/11\/Bezbedonosni-list-efekt-lak.pdf\" target=\"_blank\" rel=\"noopener\">BIZTONS\u00c1GI ADATLAP<\/a><\/p>\n<\/div>\n<p>&nbsp;<\/p>\n","protected":false},"excerpt":{"rendered":"<h3><strong>TONE K\u00c1RTYA<\/strong><\/h3>\n[elementor-template id=\"31856\"]\n<div><a class=\"tonkarta\" href=\"#efektlak\" rel=\"noopener\"><img decoding=\"async\" src=\"https:\/\/nevenacolor.co.rs\/wp-content\/uploads\/2024\/06\/pantone-color-scheme.png\" width=\"40px\" \/> TONE K\u00c1RTYA<\/a><\/div>\n","protected":false},"featured_media":35107,"template":"","meta":{"_monsterinsights_skip_tracking":false,"_monsterinsights_sitenote_active":false,"_monsterinsights_sitenote_note":"","_monsterinsights_sitenote_category":0},"product_brand":[],"product_cat":[357,325,363],"product_tag":[],"class_list":{"0":"post-36052","1":"product","2":"type-product","3":"status-publish","4":"has-post-thumbnail","6":"product_cat-femek-fedofesteke","7":"product_cat-femvedo-bevonatok","8":"product_cat-gyorsan-szarado-bevonat","10":"first","11":"instock","12":"shipping-taxable","13":"product-type-simple"},"_links":{"self":[{"href":"https:\/\/nevenacolor.co.rs\/hu\/wp-json\/wp\/v2\/product\/36052","targetHints":{"allow":["GET"]}}],"collection":[{"href":"https:\/\/nevenacolor.co.rs\/hu\/wp-json\/wp\/v2\/product"}],"about":[{"href":"https:\/\/nevenacolor.co.rs\/hu\/wp-json\/wp\/v2\/types\/product"}],"version-history":[{"count":1,"href":"https:\/\/nevenacolor.co.rs\/hu\/wp-json\/wp\/v2\/product\/36052\/revisions"}],"predecessor-version":[{"id":36071,"href":"https:\/\/nevenacolor.co.rs\/hu\/wp-json\/wp\/v2\/product\/36052\/revisions\/36071"}],"wp:featuredmedia":[{"embeddable":true,"href":"https:\/\/nevenacolor.co.rs\/hu\/wp-json\/wp\/v2\/media\/35107"}],"wp:attachment":[{"href":"https:\/\/nevenacolor.co.rs\/hu\/wp-json\/wp\/v2\/media?parent=36052"}],"wp:term":[{"taxonomy":"product_brand","embeddable":true,"href":"https:\/\/nevenacolor.co.rs\/hu\/wp-json\/wp\/v2\/product_brand?post=36052"},{"taxonomy":"product_cat","embeddable":true,"href":"https:\/\/nevenacolor.co.rs\/hu\/wp-json\/wp\/v2\/product_cat?post=36052"},{"taxonomy":"product_tag","embeddable":true,"href":"https:\/\/nevenacolor.co.rs\/hu\/wp-json\/wp\/v2\/product_tag?post=36052"}],"curies":[{"name":"wp","href":"https:\/\/api.w.org\/{rel}","templated":true}]}}