{"id":36055,"date":"2024-05-28T12:54:48","date_gmt":"2024-05-28T12:54:48","guid":{"rendered":"https:\/\/nevenacolor.co.rs\/proizvod\/cool-antika-3x1-2\/"},"modified":"2025-05-03T22:03:05","modified_gmt":"2025-05-03T22:03:05","slug":"cool-antika-3x1-2","status":"publish","type":"product","link":"https:\/\/nevenacolor.co.rs\/hu\/term\u00e9k\/cool-antika-3x1-2\/","title":{"rendered":"Cool antika 3&#215;1"},"content":{"rendered":"<h3><strong>\u00c1LTAL\u00c1NOS ADATOK \u00c9S FELHASZN\u00c1L\u00c1S<\/strong><\/h3>\n<p class=\"docx_normalweb\"><strong>A COOL ANTIKA 3X1<\/strong> egy alapoz\u00f3- \u00e9s fed\u0151r\u00e9tegk\u00e9nt is haszn\u00e1lhat\u00f3 gyorsan sz\u00e1rad\u00f3 bevonat, amely f\u00e9mfel\u00fcletek (ac\u00e9l, \u00f6nt\u00f6ttvas) dekorat\u00edv v\u00e9delm\u00e9re szolg\u00e1l k\u00fclt\u00e9ri \u00e9s belt\u00e9ri alkalmaz\u00e1sokhoz. Kiv\u00e1l\u00f3 korr\u00f3zi\u00f3\u00e1ll\u00f3 tulajdons\u00e1gokkal, j\u00f3 tapad\u00e1ssal \u00e9s magas id\u0151j\u00e1r\u00e1s\u00e1ll\u00f3s\u00e1ggal rendelkezik. M\u00f3dos\u00edtott alkid k\u00f6t\u0151anyagokb\u00f3l, speci\u00e1lis korr\u00f3zi\u00f3g\u00e1tl\u00f3 pigmentekb\u0151l \u00e9s adal\u00e9kanyagokb\u00f3l k\u00e9sz\u00fcl.<\/p>\n<h3><strong>HASZN\u00c1LATI \u00daTMUTAT\u00d3<\/strong><\/h3>\n<p class=\"p1\">Tiszta \u00e9s zs\u00edrtalan\u00edtott f\u00e9mfel\u00fcletre ecsettel, hengerrel vagy sz\u00f3r\u00e1ssal hordhat\u00f3 fel. Haszn\u00e1lat el\u0151tt h\u00edg\u00edtsa max. 5%-ban COOL 3\u00d71 h\u00edg\u00edt\u00f3val. A szersz\u00e1mok tiszt\u00edt\u00e1s\u00e1hoz Nitro h\u00edg\u00edt\u00f3t haszn\u00e1ljon.<\/p>\n<h3><strong>FELHASZN\u00c1L\u00c1S<\/strong><\/h3>\n<p class=\"p1\">8-10 m<sup>2<\/sup>\/l egy r\u00e9tegben.<\/p>\n<h3><strong>CSOMAGOL\u00c1S<\/strong><\/h3>\n<p class=\"p1\">0.75 l<span id=\"_Hlk161744014\"><\/span>, 2.5 l<\/p>\n<h3><strong>FELHASZN\u00c1LHAT\u00d3S\u00c1GI ID\u0150 \u00c9S T\u00c1ROL\u00c1S<\/strong><\/h3>\n<p class=\"p1\">A csomagol\u00e1son felt\u00fcntetett gy\u00e1rt\u00e1si d\u00e1tumt\u00f3l sz\u00e1m\u00edtott 36 h\u00f3napig felhaszn\u00e1lhat\u00f3. T\u00e1rol\u00e1s: eredeti, j\u00f3l lez\u00e1rt \u00e9s s\u00e9rtetlen gy\u00e1ri csomagol\u00e1sban, +5 \u00baC \u00e9s +25 \u00baC k\u00f6z\u00f6tti h\u0151m\u00e9rs\u00e9kleten.<\/p>\n<h3><strong>DOKUMENT\u00c1CI\u00d3<\/strong><\/h3>\n<div class=\"dokumentacija\">\n<p><a class=\"dugmeproizvod\" href=\"https:\/\/nevenacolor.co.rs\/wp-content\/uploads\/2024\/11\/Tehnicka-dokumentacija-antika3x1.pdf\" target=\"_blank\" rel=\"noopener\">M\u0170SZAKI ADATLAP<\/a><\/p>\n<p><a class=\"dugmeproizvod\" href=\"https:\/\/nevenacolor.co.rs\/wp-content\/uploads\/2024\/11\/Bezbedonosni-list-antika3x1.pdf\" target=\"_blank\" rel=\"noopener\">BIZTONS\u00c1GI ADATLAP<\/a><\/p>\n<\/div>\n<p>&nbsp;<\/p>\n<p><iframe loading=\"lazy\" title=\"YouTube video player\" src=\"https:\/\/www.youtube.com\/embed\/5UobYHuqFGo?si=Vv61ply0FLjkLH4r\" width=\"560\" height=\"415\" frameborder=\"0\" allowfullscreen=\"allowfullscreen\"><\/iframe><\/p>\n","protected":false},"excerpt":{"rendered":"<h3><strong>TONE K\u00c1RTYA<\/strong><\/h3>\n[elementor-template id=\"31754\"]\n<div><a class=\"tonkarta\" href=\"#antika3x1-tonkarta\" rel=\"noopener\"><img decoding=\"async\" src=\"https:\/\/nevenacolor.co.rs\/wp-content\/uploads\/2024\/06\/pantone-color-scheme.png\" width=\"40px\" \/> TONE K\u00c1RTYA<\/a><\/div>\n","protected":false},"featured_media":35557,"template":"","meta":{"_monsterinsights_skip_tracking":false,"_monsterinsights_sitenote_active":false,"_monsterinsights_sitenote_note":"","_monsterinsights_sitenote_category":0},"product_brand":[],"product_cat":[358,357,325],"product_tag":[],"class_list":{"0":"post-36055","1":"product","2":"type-product","3":"status-publish","4":"has-post-thumbnail","6":"product_cat-3x1-gyorsan-szarado-bevonat","7":"product_cat-femek-fedofesteke","8":"product_cat-femvedo-bevonatok","10":"first","11":"instock","12":"shipping-taxable","13":"product-type-simple"},"_links":{"self":[{"href":"https:\/\/nevenacolor.co.rs\/hu\/wp-json\/wp\/v2\/product\/36055","targetHints":{"allow":["GET"]}}],"collection":[{"href":"https:\/\/nevenacolor.co.rs\/hu\/wp-json\/wp\/v2\/product"}],"about":[{"href":"https:\/\/nevenacolor.co.rs\/hu\/wp-json\/wp\/v2\/types\/product"}],"version-history":[{"count":2,"href":"https:\/\/nevenacolor.co.rs\/hu\/wp-json\/wp\/v2\/product\/36055\/revisions"}],"predecessor-version":[{"id":36075,"href":"https:\/\/nevenacolor.co.rs\/hu\/wp-json\/wp\/v2\/product\/36055\/revisions\/36075"}],"wp:featuredmedia":[{"embeddable":true,"href":"https:\/\/nevenacolor.co.rs\/hu\/wp-json\/wp\/v2\/media\/35557"}],"wp:attachment":[{"href":"https:\/\/nevenacolor.co.rs\/hu\/wp-json\/wp\/v2\/media?parent=36055"}],"wp:term":[{"taxonomy":"product_brand","embeddable":true,"href":"https:\/\/nevenacolor.co.rs\/hu\/wp-json\/wp\/v2\/product_brand?post=36055"},{"taxonomy":"product_cat","embeddable":true,"href":"https:\/\/nevenacolor.co.rs\/hu\/wp-json\/wp\/v2\/product_cat?post=36055"},{"taxonomy":"product_tag","embeddable":true,"href":"https:\/\/nevenacolor.co.rs\/hu\/wp-json\/wp\/v2\/product_tag?post=36055"}],"curies":[{"name":"wp","href":"https:\/\/api.w.org\/{rel}","templated":true}]}}