{"id":36059,"date":"2024-05-28T12:54:33","date_gmt":"2024-05-28T12:54:33","guid":{"rendered":"https:\/\/nevenacolor.co.rs\/proizvod\/cool-antika-2\/"},"modified":"2025-05-02T13:08:01","modified_gmt":"2025-05-02T13:08:01","slug":"cool-antika-2","status":"publish","type":"product","link":"https:\/\/nevenacolor.co.rs\/hu\/term\u00e9k\/cool-antika-2\/","title":{"rendered":"Cool antika"},"content":{"rendered":"<h3><strong>\u00c1LTAL\u00c1NOS ADATOK \u00c9S FELHASZN\u00c1L\u00c1S<\/strong><\/h3>\n<p class=\"p1\">A COOL ANTIKA egykomponens\u0171 bevon\u00f3anyag, amely kiv\u00e1l\u00f3 min\u0151s\u00e9g\u0171 alkid k\u00f6t\u0151anyagon, pigmenteken, h\u00edg\u00edt\u00f3n \u00e9s megfelel\u0151 adal\u00e9kanyagokon alapul. V\u00e9gs\u0151 dekorat\u00edv bevonatk\u00e9nt szolg\u00e1l f\u00e9mfel\u00fcletekre (ac\u00e9l, \u00f6nt\u00f6ttvas) k\u00fclt\u00e9ri haszn\u00e1latra. A sz\u00e1raz film k\u00fcl\u00f6nleges kov\u00e1csoltvas hat\u00e1s\u00fa, f\u00e9mes f\u00e9ny\u0171 megjelen\u00e9ssel.<\/p>\n<h3><strong>HASZN\u00c1LATI \u00daTMUTAT\u00d3<\/strong><\/h3>\n<p class=\"p1\">Ecsettel, hengerrel vagy sz\u00f3r\u00e1ssal egy r\u00e9tegben kell felhordani. A fel\u00fclet legyen sz\u00e1raz, tiszta, por- \u00e9s zs\u00edrmentes. H\u00edg\u00edt\u00e1shoz \u00e9s a szersz\u00e1mok tiszt\u00edt\u00e1s\u00e1hoz olajos h\u00edg\u00edt\u00f3t haszn\u00e1ljon.<\/p>\n<h3><strong>FELHASZN\u00c1L\u00c1S<\/strong><\/h3>\n<p class=\"p1\">6-8 m<sup>2<\/sup>\/l egy r\u00e9tegben.<\/p>\n<h3><strong>CSOMAGOL\u00c1S<\/strong><\/h3>\n<p class=\"p1\">0,75 l<\/p>\n<h3><strong>FELHASZN\u00c1LHAT\u00d3S\u00c1GI ID\u0150 \u00c9S T\u00c1ROL\u00c1S<\/strong><\/h3>\n<p class=\"p1\">A csomagol\u00e1son felt\u00fcntetett gy\u00e1rt\u00e1si d\u00e1tumt\u00f3l sz\u00e1m\u00edtott 36 h\u00f3napig felhaszn\u00e1lhat\u00f3. Eredeti, j\u00f3l lez\u00e1rt \u00e9s s\u00e9rtetlen gy\u00e1ri csomagol\u00e1sban, +5 \u00baC \u00e9s +25 \u00baC k\u00f6z\u00f6tti h\u0151m\u00e9rs\u00e9kleten t\u00e1roland\u00f3.<\/p>\n<h3><strong>DOKUMENT\u00c1CI\u00d3<\/strong><\/h3>\n<div class=\"dokumentacija\">\n<p><a class=\"dugmeproizvod\" href=\"https:\/\/nevenacolor.co.rs\/wp-content\/uploads\/2024\/11\/Tehnicka-dokumentacija-antika-nevena.pdf\" target=\"_blank\" rel=\"noopener\">M\u0170SZAKI ADATLAP<\/a><\/p>\n<p><a class=\"dugmeproizvod\" href=\"https:\/\/nevenacolor.co.rs\/wp-content\/uploads\/2024\/11\/Bezbedonosni-list-antika-nevena.pdf\" target=\"_blank\" rel=\"noopener\">BIZTONS\u00c1GI ADATLAP<\/a><\/p>\n<\/div>\n<p>&nbsp;<\/p>\n","protected":false},"excerpt":{"rendered":"<h3><strong>TONE K\u00c1RTYA<\/strong><\/h3>\n[elementor-template id=\"31739\"]\n<div><a class=\"tonkarta\" href=\"#antikapro-tonkarta\" rel=\"noopener\"><img decoding=\"async\" src=\"https:\/\/nevenacolor.co.rs\/wp-content\/uploads\/2024\/06\/pantone-color-scheme.png\" width=\"40px\" \/> TONE K\u00c1RTYA<\/a><\/div>\n","protected":false},"featured_media":35553,"template":"","meta":{"_monsterinsights_skip_tracking":false,"_monsterinsights_sitenote_active":false,"_monsterinsights_sitenote_note":"","_monsterinsights_sitenote_category":0},"product_brand":[],"product_cat":[357,325,365],"product_tag":[],"class_list":{"0":"post-36059","1":"product","2":"type-product","3":"status-publish","4":"has-post-thumbnail","6":"product_cat-femek-fedofesteke","7":"product_cat-femvedo-bevonatok","8":"product_cat-olajalapu-alkid-bevonat-hu","10":"first","11":"instock","12":"shipping-taxable","13":"product-type-simple"},"_links":{"self":[{"href":"https:\/\/nevenacolor.co.rs\/hu\/wp-json\/wp\/v2\/product\/36059","targetHints":{"allow":["GET"]}}],"collection":[{"href":"https:\/\/nevenacolor.co.rs\/hu\/wp-json\/wp\/v2\/product"}],"about":[{"href":"https:\/\/nevenacolor.co.rs\/hu\/wp-json\/wp\/v2\/types\/product"}],"version-history":[{"count":1,"href":"https:\/\/nevenacolor.co.rs\/hu\/wp-json\/wp\/v2\/product\/36059\/revisions"}],"predecessor-version":[{"id":36188,"href":"https:\/\/nevenacolor.co.rs\/hu\/wp-json\/wp\/v2\/product\/36059\/revisions\/36188"}],"wp:featuredmedia":[{"embeddable":true,"href":"https:\/\/nevenacolor.co.rs\/hu\/wp-json\/wp\/v2\/media\/35553"}],"wp:attachment":[{"href":"https:\/\/nevenacolor.co.rs\/hu\/wp-json\/wp\/v2\/media?parent=36059"}],"wp:term":[{"taxonomy":"product_brand","embeddable":true,"href":"https:\/\/nevenacolor.co.rs\/hu\/wp-json\/wp\/v2\/product_brand?post=36059"},{"taxonomy":"product_cat","embeddable":true,"href":"https:\/\/nevenacolor.co.rs\/hu\/wp-json\/wp\/v2\/product_cat?post=36059"},{"taxonomy":"product_tag","embeddable":true,"href":"https:\/\/nevenacolor.co.rs\/hu\/wp-json\/wp\/v2\/product_tag?post=36059"}],"curies":[{"name":"wp","href":"https:\/\/api.w.org\/{rel}","templated":true}]}}