{"id":36061,"date":"2024-05-28T12:54:17","date_gmt":"2024-05-28T12:54:17","guid":{"rendered":"https:\/\/nevenacolor.co.rs\/proizvod\/cool-gyorsan-szarado-email-lakk\/"},"modified":"2025-05-03T22:00:38","modified_gmt":"2025-05-03T22:00:38","slug":"cool-gyorsan-szarado-email-lakk","status":"publish","type":"product","link":"https:\/\/nevenacolor.co.rs\/hu\/term\u00e9k\/cool-gyorsan-szarado-email-lakk\/","title":{"rendered":"Cool gyorsan sz\u00e1rad\u00f3 email lakk"},"content":{"rendered":"<h3><strong>\u00c1LTAL\u00c1NOS ADATOK \u00c9S FELHASZN\u00c1L\u00c1S<\/strong><\/h3>\n<p class=\"p1\"><b>A COOL GYORSAN SZ\u00c1RAD\u00d3 ZOM\u00c1NC <\/b> egy gyorsan sz\u00e1rad\u00f3 fed\u0151r\u00e9teg, amely f\u00e9mfel\u00fcletek v\u00e9delm\u00e9re \u00e9s dekor\u00e1l\u00e1s\u00e1ra szolg\u00e1l. M\u00f3dos\u00edtott alkid k\u00f6t\u0151anyagokb\u00f3l, pigmentekb\u0151l \u00e9s adal\u00e9kanyagokb\u00f3l k\u00e9sz\u00fcl. Kiemelkedik nagy id\u0151j\u00e1r\u00e1s\u00e1ll\u00f3s\u00e1g\u00e1val, mechanikai szil\u00e1rds\u00e1g\u00e1val \u00e9s gyors sz\u00e1rad\u00e1s\u00e1val.<\/p>\n<h3><strong>HASZN\u00c1LATI \u00daTMUTAT\u00d3<\/strong><\/h3>\n<p class=\"p1\">Ecsettel, hengerrel vagy sz\u00f3r\u00e1ssal k\u00e9t r\u00e9tegben hordhat\u00f3 fel a gyorsan sz\u00e1rad\u00f3 korr\u00f3zi\u00f3g\u00e1tl\u00f3 alapoz\u00f3ra. A k\u00f6vetkez\u0151 r\u00e9teg 1\u20132 \u00f3ra m\u00falva vihet\u0151 fel. Haszn\u00e1lat el\u0151tt a gyorsan sz\u00e1rad\u00f3 zom\u00e1ncot h\u00edg\u00edtsa 5\u201310%-ban gyorsan sz\u00e1rad\u00f3 fest\u00e9khez val\u00f3 h\u00edg\u00edt\u00f3val. Az eszk\u00f6z\u00f6ket haszn\u00e1lat ut\u00e1n azonnal tiszt\u00edtsa meg nitroh\u00edg\u00edt\u00f3val.<\/p>\n<h3><strong>FELHASZN\u00c1L\u00c1S<\/strong><\/h3>\n<p class=\"p1\">4-6 m<span class=\"s1\"><sup>2<\/sup><\/span>\/l k\u00e9t r\u00e9tegben<b> <\/b><\/p>\n<h3><strong>CSOMAGOL\u00c1S<\/strong><\/h3>\n<p class=\"p1\">0,75 l<\/p>\n<h3><strong>FELHASZN\u00c1LHAT\u00d3S\u00c1GI ID\u0150 \u00c9S T\u00c1ROL\u00c1S<\/strong><\/h3>\n<p class=\"p1\">A csomagol\u00e1son felt\u00fcntetett gy\u00e1rt\u00e1si d\u00e1tumt\u00f3l sz\u00e1m\u00edtva 36 h\u00f3nap. Eredeti, j\u00f3l lez\u00e1rt \u00e9s s\u00e9rtetlen gy\u00e1ri csomagol\u00e1sban, +5 \u00baC \u00e9s +25 \u00baC k\u00f6z\u00f6tti h\u0151m\u00e9rs\u00e9kleten t\u00e1roland\u00f3.<\/p>\n<h3><strong>DOKUMENT\u00c1CI\u00d3<\/strong><\/h3>\n<div class=\"dokumentacija\">\n<p><a class=\"dugmeproizvod\" href=\"https:\/\/nevenacolor.co.rs\/wp-content\/uploads\/2024\/11\/Tehnicka-dokumetacija-brzosusivi-emajl.pdf\" target=\"_blank\" rel=\"noopener\">M\u0170SZAKI ADATLAP<\/a><\/p>\n<p><a class=\"dugmeproizvod\" href=\"https:\/\/nevenacolor.co.rs\/wp-content\/uploads\/2024\/11\/Bezbedonosni-list-brzosusivi-emajl.pdf\" target=\"_blank\" rel=\"noopener\">BIZTONS\u00c1GI ADATLAP<\/a><\/p>\n<\/div>\n<p>&nbsp;<\/p>\n","protected":false},"excerpt":{"rendered":"<h3><strong>TONE K\u00c1RTYA<\/strong><\/h3>\n[elementor-template id=\"30244\"]\n<div><a class=\"tonkarta\" href=\"#brzosusiviemajl\" rel=\"noopener\"><img decoding=\"async\" src=\"https:\/\/nevenacolor.co.rs\/wp-content\/uploads\/2024\/06\/pantone-color-scheme.png\" width=\"40px\" \/> TONE K\u00c1RTYA<\/a><\/div>\n","protected":false},"featured_media":35495,"template":"","meta":{"_monsterinsights_skip_tracking":false,"_monsterinsights_sitenote_active":false,"_monsterinsights_sitenote_note":"","_monsterinsights_sitenote_category":0},"product_brand":[],"product_cat":[357,325,363],"product_tag":[],"class_list":{"0":"post-36061","1":"product","2":"type-product","3":"status-publish","4":"has-post-thumbnail","6":"product_cat-femek-fedofesteke","7":"product_cat-femvedo-bevonatok","8":"product_cat-gyorsan-szarado-bevonat","10":"first","11":"instock","12":"shipping-taxable","13":"product-type-simple"},"_links":{"self":[{"href":"https:\/\/nevenacolor.co.rs\/hu\/wp-json\/wp\/v2\/product\/36061","targetHints":{"allow":["GET"]}}],"collection":[{"href":"https:\/\/nevenacolor.co.rs\/hu\/wp-json\/wp\/v2\/product"}],"about":[{"href":"https:\/\/nevenacolor.co.rs\/hu\/wp-json\/wp\/v2\/types\/product"}],"version-history":[{"count":2,"href":"https:\/\/nevenacolor.co.rs\/hu\/wp-json\/wp\/v2\/product\/36061\/revisions"}],"predecessor-version":[{"id":36078,"href":"https:\/\/nevenacolor.co.rs\/hu\/wp-json\/wp\/v2\/product\/36061\/revisions\/36078"}],"wp:featuredmedia":[{"embeddable":true,"href":"https:\/\/nevenacolor.co.rs\/hu\/wp-json\/wp\/v2\/media\/35495"}],"wp:attachment":[{"href":"https:\/\/nevenacolor.co.rs\/hu\/wp-json\/wp\/v2\/media?parent=36061"}],"wp:term":[{"taxonomy":"product_brand","embeddable":true,"href":"https:\/\/nevenacolor.co.rs\/hu\/wp-json\/wp\/v2\/product_brand?post=36061"},{"taxonomy":"product_cat","embeddable":true,"href":"https:\/\/nevenacolor.co.rs\/hu\/wp-json\/wp\/v2\/product_cat?post=36061"},{"taxonomy":"product_tag","embeddable":true,"href":"https:\/\/nevenacolor.co.rs\/hu\/wp-json\/wp\/v2\/product_tag?post=36061"}],"curies":[{"name":"wp","href":"https:\/\/api.w.org\/{rel}","templated":true}]}}