{"id":36064,"date":"2024-05-28T12:53:41","date_gmt":"2024-05-28T12:53:41","guid":{"rendered":"https:\/\/nevenacolor.co.rs\/proizvod\/cool-nitro-email-lakk-fa-es-fem-szamara\/"},"modified":"2025-05-02T11:55:49","modified_gmt":"2025-05-02T11:55:49","slug":"cool-nitro-email-lakk-fa-es-fem-szamara","status":"publish","type":"product","link":"https:\/\/nevenacolor.co.rs\/hu\/term\u00e9k\/cool-nitro-email-lakk-fa-es-fem-szamara\/","title":{"rendered":"Cool nitro email lakk fa \u00e9s f\u00e9m sz\u00e1m\u00e1ra"},"content":{"rendered":"<h3><strong>\u00c1LTAL\u00c1NOS ADATOK \u00c9S RENDELTET\u00c9S<\/strong><\/h3>\n<p class=\"p1\">A Cool nitro zom\u00e1ncfest\u00e9k egykomponens\u0171 fed\u0151bevonat, amely nitrocellul\u00f3z, szintetikus gyant\u00e1k, t\u00f6lt\u0151anyagok \u00e9s pigmentek megfelel\u0151 kombin\u00e1ci\u00f3j\u00e1n alapul. Jellemz\u0151je a gyors sz\u00e1rad\u00e1s. V\u00e9d\u0151-dekorat\u00edv bevonatk\u00e9nt szolg\u00e1l fa fel\u00fcletek, t\u00f6m\u00f6r \u00e9s furn\u00e9rozott b\u00fatorok, valamint f\u00e9mfel\u00fcletek v\u00e9delm\u00e9re.<\/p>\n<h3><strong>ALKALMAZ\u00c1SI \u00daTMUTAT\u00d3<\/strong><\/h3>\n<p class=\"p1\">A felhordand\u00f3 fel\u00fcletnek sz\u00e1raznak \u00e9s tiszt\u00e1nak kell lennie. Alapoz\u00f3k\u00e9nt Cool nitro alapoz\u00f3fest\u00e9k alkalmaz\u00e1sa sz\u00fcks\u00e9ges, amelyre a Cool nitro zom\u00e1ncfest\u00e9k ker\u00fcl. A fest\u00e9ket sz\u00f3r\u00e1ssal, ecsettel vagy m\u00e1rt\u00e1ssal kell felhordani. A bevonat 20\u202f\u00b0C-on 30 perc alatt sz\u00e1rad. Teljes sz\u00e1rad\u00e1s 2\u20133 \u00f3ra alatt. Egy vagy k\u00e9t r\u00e9tegben alkalmazand\u00f3.<\/p>\n<h3><strong>FELHASZN\u00c1L\u00c1S<\/strong><\/h3>\n<p class=\"p1\">10-12 m<span class=\"s1\"><sup>2<\/sup><\/span>\/kg egy r\u00e9tegben.<\/p>\n<h3><strong>CSOMAGOL\u00c1S<\/strong><\/h3>\n<p class=\"p1\">0.75 l, 2.5 l, 20 l<\/p>\n<h3><strong>FELHASZN\u00c1LHAT\u00d3S\u00c1GI ID\u0150 \u00c9S T\u00c1ROL\u00c1S<\/strong><\/h3>\n<p class=\"p1\">A csomagol\u00e1son felt\u00fcntetett gy\u00e1rt\u00e1si d\u00e1tumt\u00f3l sz\u00e1m\u00edtott 36 h\u00f3napig haszn\u00e1lhat\u00f3. Eredeti, j\u00f3l lez\u00e1rt \u00e9s s\u00e9rtetlen gy\u00e1ri csomagol\u00e1sban, +5\u202f\u00b0C \u00e9s +25\u202f\u00b0C k\u00f6z\u00f6tti h\u0151m\u00e9rs\u00e9kleten t\u00e1roland\u00f3.<\/p>\n<h3><strong>DOKUMENT\u00c1CI\u00d3<\/strong><\/h3>\n<div class=\"dokumentacija\">\n<p><a class=\"dugmeproizvod\" href=\"https:\/\/nevenacolor.co.rs\/wp-content\/uploads\/2024\/11\/Tehnicka-dokumentacija-nitro-emajl.pdf\" target=\"_blank\" rel=\"noopener\">M\u0170SZAKI ADATLAP<\/a><\/p>\n<p><a class=\"dugmeproizvod\" href=\"https:\/\/nevenacolor.co.rs\/wp-content\/uploads\/2024\/11\/Bezbedonosni-list-nitro-emajl.pdf\" target=\"_blank\" rel=\"noopener\">BIZTONS\u00c1GI ADATLAP<\/a><\/p>\n<\/div>\n<p>&nbsp;<\/p>\n<p><iframe loading=\"lazy\" title=\"YouTube video player\" src=\"https:\/\/www.youtube.com\/embed\/pMJUKnWVNP8?si=yZiemsr1yfUkDESz\" width=\"560\" height=\"415\" frameborder=\"0\" allowfullscreen=\"allowfullscreen\"><\/iframe><\/p>\n","protected":false},"excerpt":{"rendered":"<h3><strong>TONE K\u00c1RTYA<\/strong><\/h3>\n[elementor-template id=\"29120\"]\n<div><a class=\"tonkarta\" href=\"#link-popup\" rel=\"noopener\"><img decoding=\"async\" src=\"https:\/\/nevenacolor.co.rs\/wp-content\/uploads\/2024\/06\/pantone-color-scheme.png\" width=\"40px\" \/> TONE K\u00c1RTYA<\/a><\/div>\n","protected":false},"featured_media":35492,"template":"","meta":{"_monsterinsights_skip_tracking":false,"_monsterinsights_sitenote_active":false,"_monsterinsights_sitenote_note":"","_monsterinsights_sitenote_category":0},"product_brand":[],"product_cat":[346,357,325,370,355,364],"product_tag":[],"class_list":{"0":"post-36064","1":"product","2":"type-product","3":"status-publish","4":"has-post-thumbnail","6":"product_cat-fa-bevonatok","7":"product_cat-femek-fedofesteke","8":"product_cat-femvedo-bevonatok","9":"product_cat-finish-bevonatok","10":"product_cat-nitro-bevonat-hu-3","11":"product_cat-nitro-bevonat-hu-4","13":"first","14":"instock","15":"shipping-taxable","16":"product-type-simple"},"_links":{"self":[{"href":"https:\/\/nevenacolor.co.rs\/hu\/wp-json\/wp\/v2\/product\/36064","targetHints":{"allow":["GET"]}}],"collection":[{"href":"https:\/\/nevenacolor.co.rs\/hu\/wp-json\/wp\/v2\/product"}],"about":[{"href":"https:\/\/nevenacolor.co.rs\/hu\/wp-json\/wp\/v2\/types\/product"}],"version-history":[{"count":1,"href":"https:\/\/nevenacolor.co.rs\/hu\/wp-json\/wp\/v2\/product\/36064\/revisions"}],"predecessor-version":[{"id":36070,"href":"https:\/\/nevenacolor.co.rs\/hu\/wp-json\/wp\/v2\/product\/36064\/revisions\/36070"}],"wp:featuredmedia":[{"embeddable":true,"href":"https:\/\/nevenacolor.co.rs\/hu\/wp-json\/wp\/v2\/media\/35492"}],"wp:attachment":[{"href":"https:\/\/nevenacolor.co.rs\/hu\/wp-json\/wp\/v2\/media?parent=36064"}],"wp:term":[{"taxonomy":"product_brand","embeddable":true,"href":"https:\/\/nevenacolor.co.rs\/hu\/wp-json\/wp\/v2\/product_brand?post=36064"},{"taxonomy":"product_cat","embeddable":true,"href":"https:\/\/nevenacolor.co.rs\/hu\/wp-json\/wp\/v2\/product_cat?post=36064"},{"taxonomy":"product_tag","embeddable":true,"href":"https:\/\/nevenacolor.co.rs\/hu\/wp-json\/wp\/v2\/product_tag?post=36064"}],"curies":[{"name":"wp","href":"https:\/\/api.w.org\/{rel}","templated":true}]}}