{"id":36121,"date":"2024-05-28T11:50:07","date_gmt":"2024-05-28T11:50:07","guid":{"rendered":"https:\/\/nevenacolor.co.rs\/proizvod\/cool-flexi-paint-2\/"},"modified":"2025-05-02T13:00:34","modified_gmt":"2025-05-02T13:00:34","slug":"cool-flexi-paint-2","status":"publish","type":"product","link":"https:\/\/nevenacolor.co.rs\/hu\/term\u00e9k\/cool-flexi-paint-2\/","title":{"rendered":"Cool flexi paint"},"content":{"rendered":"<h3><strong>\u00c1LTAL\u00c1NOS ADATOK \u00c9S RENDELTET\u00c9S<\/strong><\/h3>\n<p class=\"p1\">COOL FLEXI PAINT AKRILFEST\u00c9K PVC-RE egy speci\u00e1lisan tervezett fed\u0151-dekorat\u00edv bevonat PVC-re \u00e9s m\u0171anyagra belt\u00e9ri \u00e9s k\u00fclt\u00e9ri felhaszn\u00e1l\u00e1sra. V\u00edzb\u00e1zis\u00fa bevonat kellemetlen szag n\u00e9lk\u00fcl, ellen\u00e1ll az id\u0151j\u00e1r\u00e1si hat\u00e1soknak \u00e9s az UV-sug\u00e1rz\u00e1snak, gyorsan sz\u00e1rad \u00e9s kiv\u00e1l\u00f3an tapad a m\u0171anyag fel\u00fcletekre.<\/p>\n<h3><strong>ALKALMAZ\u00c1SI \u00daTMUTAT\u00d3<\/strong><\/h3>\n<p class=\"p1\">A COOL FLEXI PAINT AKRILFEST\u00c9K PVC-RE ecsettel, hengerrel vagy sz\u00f3r\u00e1ssal vihet\u0151 fel k\u00e9t r\u00e9tegben. Haszn\u00e1lat el\u0151tt a bevonatot v\u00edzzel kell h\u00edg\u00edtani: ecsettel t\u00f6rt\u00e9n\u0151 felhord\u00e1shoz legfeljebb 5%, hengerrel legfeljebb 10%, sz\u00f3r\u00e1ssal legfeljebb 15%.<\/p>\n<p class=\"p1\">A profilokat j\u00f3l meg kell tiszt\u00edtani enyh\u00e9n vizes pap\u00edrt\u00f6rl\u0151vel. A COOL FLEXI PAINT AKRILFEST\u00c9K PVC-RE felhord\u00e1sa el\u0151tt minden fel\u00fcletnek sz\u00e1raznak, tiszt\u00e1nak, zs\u00edrmentesnek \u00e9s pormentesnek kell lennie.<\/p>\n<p class=\"p1\">A m\u00e1sodik r\u00e9teget 4\u20136 \u00f3ra eltelt\u00e9vel kell felvinni. Az optim\u00e1lis munkah\u0151m\u00e9rs\u00e9klet +15\u202f\u00b0C \u00e9s +30\u202f\u00b0C k\u00f6z\u00f6tt van. A bevonat 24 \u00f3ra eltelt\u00e9vel teljesen megsz\u00e1rad. A szersz\u00e1mokat azonnal v\u00edzzel kell elmosni.<\/p>\n<h3><strong>FELHASZN\u00c1L\u00c1S<\/strong><\/h3>\n<p class=\"p1\">8-10 <span class=\"s1\"><sup>m\u00b2<\/sup><\/span> \/l egy r\u00e9tegben.<\/p>\n<h3><strong>CSOMAGOL\u00c1S<\/strong><\/h3>\n<p class=\"p1\">0.65 l<\/p>\n<h3><strong>FELHASZN\u00c1LHAT\u00d3S\u00c1GI ID\u0150 \u00c9S T\u00c1ROL\u00c1S<\/strong><\/h3>\n<p class=\"p1\">A csomagol\u00e1son felt\u00fcntetett d\u00e1tumt\u00f3l sz\u00e1m\u00edtott 18 h\u00f3nap. Eredeti \u00e1llapotban tartand\u00f3, j\u00f3l lez\u00e1rt \u00e9s s\u00e9rtetlen gy\u00e1ri csomagol\u00e1sban kell t\u00e1rolni, +5\u00baC \u00e9s +25\u00baC k\u00f6z\u00f6tti h\u0151m\u00e9rs\u00e9kleten.<\/p>\n<h3><strong>DOKUMENT\u00c1CI\u00d3<\/strong><\/h3>\n<div class=\"dokumentacija\">\n<p><a class=\"dugmeproizvod\" href=\"https:\/\/nevenacolor.co.rs\/wp-content\/uploads\/2024\/10\/Tehnicka-dokumentacija-flexi.pdf\" target=\"_blank\" rel=\"noopener\">M\u0170SZAKI ADATLAP<\/a><\/p>\n<p><a class=\"dugmeproizvod\" href=\"https:\/\/nevenacolor.co.rs\/wp-content\/uploads\/2024\/10\/Bezbedonosni-list-flexi.pdf\" target=\"_blank\" rel=\"noopener\">BIZTONS\u00c1GI ADATLAP<\/a><\/p>\n<\/div>\n<p>&nbsp;<\/p>\n<p><iframe loading=\"lazy\" title=\"YouTube video player\" src=\"https:\/\/www.youtube.com\/embed\/7IMjG9GDMZk?si=rj2f6QR4TkAO4cDm\" width=\"560\" height=\"415\" frameborder=\"0\" allowfullscreen=\"allowfullscreen\"><span data-mce-type=\"bookmark\" style=\"display: inline-block; width: 0px; overflow: hidden; line-height: 0;\" class=\"mce_SELRES_start\"><\/span><\/iframe><\/p>\n","protected":false},"excerpt":{"rendered":"<h3><strong>TONE K\u00c1RTYA<\/strong><\/h3>\n[elementor-template id=\"29984\"]\n<div><a class=\"tonkarta\" href=\"#flexi-tonkarta\" rel=\"noopener\"><img decoding=\"async\" src=\"https:\/\/nevenacolor.co.rs\/wp-content\/uploads\/2024\/06\/pantone-color-scheme.png\" width=\"40px\" \/> TONE K\u00c1RTYA<\/a><\/div>\n","protected":false},"featured_media":35878,"template":"","meta":{"_monsterinsights_skip_tracking":false,"_monsterinsights_sitenote_active":false,"_monsterinsights_sitenote_note":"","_monsterinsights_sitenote_category":0},"product_brand":[],"product_cat":[320,321],"product_tag":[],"class_list":{"0":"post-36121","1":"product","2":"type-product","3":"status-publish","4":"has-post-thumbnail","6":"product_cat-bevonatok-muanyagra-es-horganyzott-feluletekre","7":"product_cat-vegleges-bevonat-muanyagra","9":"first","10":"instock","11":"shipping-taxable","12":"product-type-simple"},"_links":{"self":[{"href":"https:\/\/nevenacolor.co.rs\/hu\/wp-json\/wp\/v2\/product\/36121","targetHints":{"allow":["GET"]}}],"collection":[{"href":"https:\/\/nevenacolor.co.rs\/hu\/wp-json\/wp\/v2\/product"}],"about":[{"href":"https:\/\/nevenacolor.co.rs\/hu\/wp-json\/wp\/v2\/types\/product"}],"version-history":[{"count":1,"href":"https:\/\/nevenacolor.co.rs\/hu\/wp-json\/wp\/v2\/product\/36121\/revisions"}],"predecessor-version":[{"id":36254,"href":"https:\/\/nevenacolor.co.rs\/hu\/wp-json\/wp\/v2\/product\/36121\/revisions\/36254"}],"wp:featuredmedia":[{"embeddable":true,"href":"https:\/\/nevenacolor.co.rs\/hu\/wp-json\/wp\/v2\/media\/35878"}],"wp:attachment":[{"href":"https:\/\/nevenacolor.co.rs\/hu\/wp-json\/wp\/v2\/media?parent=36121"}],"wp:term":[{"taxonomy":"product_brand","embeddable":true,"href":"https:\/\/nevenacolor.co.rs\/hu\/wp-json\/wp\/v2\/product_brand?post=36121"},{"taxonomy":"product_cat","embeddable":true,"href":"https:\/\/nevenacolor.co.rs\/hu\/wp-json\/wp\/v2\/product_cat?post=36121"},{"taxonomy":"product_tag","embeddable":true,"href":"https:\/\/nevenacolor.co.rs\/hu\/wp-json\/wp\/v2\/product_tag?post=36121"}],"curies":[{"name":"wp","href":"https:\/\/api.w.org\/{rel}","templated":true}]}}