{"id":36122,"date":"2024-05-28T11:49:46","date_gmt":"2024-05-28T11:49:46","guid":{"rendered":"https:\/\/nevenacolor.co.rs\/proizvod\/cool-paint-remover-professional-2\/"},"modified":"2025-05-02T13:06:27","modified_gmt":"2025-05-02T13:06:27","slug":"cool-paint-remover-professional-2","status":"publish","type":"product","link":"https:\/\/nevenacolor.co.rs\/hu\/term\u00e9k\/cool-paint-remover-professional-2\/","title":{"rendered":"Cool paint remover professional"},"content":{"rendered":"<h3><strong>\u00c1LTAL\u00c1NOS ADATOK \u00c9S RENDELTET\u00c9S<\/strong><\/h3>\n<p class=\"p1\">A COOL PAINT REMOVER PROFI egy egykomponens\u0171, pigmentmentes bevon\u00f3anyag old\u00f3szer, speci\u00e1lis adal\u00e9kanyagok \u00e9s n\u00f6v\u00e9nyi olajok b\u00e1zis\u00e1n. Alkalmazhat\u00f3 mindenf\u00e9le olaj- \u00e9s alkidb\u00e1zis\u00fa fest\u00e9k elt\u00e1vol\u00edt\u00e1s\u00e1ra f\u00e9m- \u00e9s fa fel\u00fcletekr\u0151l. A fest\u00e9k elt\u00e1vol\u00edt\u00e1sa sor\u00e1n nem k\u00e1ros\u00edtja a fel\u00fcletet, amelyre felviszik.<\/p>\n<h3><strong>HASZN\u00c1LATI \u00daTMUTAT\u00d3<\/strong><\/h3>\n<p class=\"p1\">A COOL PAINT REMOVER PROFI haszn\u00e1lat el\u0151tt alaposan fel kell keverni. Ezut\u00e1n a term\u00e9ket vastag r\u00e9tegben, egyenletesen ecsettel kell felvinni a fel\u00fcletre. Hagyjuk hatni 10\u201315 percig, majd a r\u00e9gi fest\u00e9kr\u00e9teget spaklival vagy kapar\u00f3val t\u00e1vol\u00edtsuk el. Vastagabb fest\u00e9kr\u00e9tegek eset\u00e9n a kezel\u00e9st meg kell ism\u00e9telni. Az \u00faj fest\u00e9kr\u00e9teg felvitele el\u0151tt a COOL PAINT REMOVER PROFI-val kezelt fel\u00fcletet alaposan t\u00f6r\u00f6lj\u00fck \u00e1t ronggyal vagy f\u00e9m kef\u00e9vel.<\/p>\n<h3><strong>FELHASZN\u00c1L\u00c1S<\/strong><\/h3>\n<p class=\"p1\">2 &#8211; 4 m\u00b2\/l egy r\u00e9tegben.<\/p>\n<h3><strong>CSOMAGOL\u00c1S<\/strong><\/h3>\n<p class=\"p1\">0.75 l<\/p>\n<h3><strong>FELHASZN\u00c1LHAT\u00d3S\u00c1GI ID\u0150 \u00c9S T\u00c1ROL\u00c1S<\/strong><\/h3>\n<p class=\"p1\">36 h\u00f3nap a csomagol\u00e1son felt\u00fcntetett d\u00e1tumt\u00f3l. T\u00e1rolni kell az eredeti, j\u00f3l lez\u00e1rt \u00e9s s\u00e9rtetlen gy\u00e1ri csomagol\u00e1sban kell t\u00e1rolni, +5\u00baC \u00e9s +25\u00baC k\u00f6z\u00f6tti h\u0151m\u00e9rs\u00e9kleten.<\/p>\n<p class=\"p1\">Csak professzion\u00e1lis haszn\u00e1latra ipari l\u00e9tes\u00edtm\u00e9nyekben, el\u0151\u00edrt k\u00f6r\u00fclm\u00e9nyek k\u00f6z\u00f6tt &#8211; dikl\u00f3rmet\u00e1nt tartalmaz.<\/p>\n<h3><strong>DOKUMENT\u00c1CI\u00d3<\/strong><\/h3>\n<div class=\"dokumentacija\">\n<p><a class=\"dugmeproizvod\" href=\"https:\/\/nevenacolor.co.rs\/wp-content\/uploads\/2024\/10\/Tehnicka-dokumentacija-remover-pro.pdf\" target=\"_blank\" rel=\"noopener\">M\u0170SZAKI ADATLAP<\/a><\/p>\n<p><a class=\"dugmeproizvod\" href=\"https:\/\/nevenacolor.co.rs\/wp-content\/uploads\/2024\/10\/Bezbedonosni-list-remover-pro.pdf\" target=\"_blank\" rel=\"noopener\">BIZTONS\u00c1GI ADATLAP<\/a><\/p>\n<\/div>\n<p>&nbsp;<\/p>\n<p><iframe loading=\"lazy\" title=\"YouTube video player\" src=\"https:\/\/www.youtube.com\/embed\/sqDENVaeaOc?si=mIyL7u9cocdHVMBI\" width=\"560\" height=\"415\" frameborder=\"0\" allowfullscreen=\"allowfullscreen\"><\/iframe><\/p>\n","protected":false},"excerpt":{"rendered":"<p>\u00c1LTAL\u00c1NOS ADATOK \u00c9S RENDELTET\u00c9S A COOL PAINT REMOVER PROFI egy egykomponens\u0171, pigmentmentes bevon\u00f3anyag old\u00f3szer, speci\u00e1lis adal\u00e9kanyagok \u00e9s n\u00f6v\u00e9nyi olajok b\u00e1zis\u00e1n.<\/p>\n","protected":false},"featured_media":35743,"template":"","meta":{"_monsterinsights_skip_tracking":false,"_monsterinsights_sitenote_active":false,"_monsterinsights_sitenote_note":"","_monsterinsights_sitenote_category":0},"product_brand":[],"product_cat":[361,360],"product_tag":[],"class_list":{"0":"post-36122","1":"product","2":"type-product","3":"status-publish","4":"has-post-thumbnail","6":"product_cat-higitok-es-segedszerek","7":"product_cat-segedszerszamok","9":"first","10":"instock","11":"shipping-taxable","12":"product-type-simple"},"_links":{"self":[{"href":"https:\/\/nevenacolor.co.rs\/hu\/wp-json\/wp\/v2\/product\/36122","targetHints":{"allow":["GET"]}}],"collection":[{"href":"https:\/\/nevenacolor.co.rs\/hu\/wp-json\/wp\/v2\/product"}],"about":[{"href":"https:\/\/nevenacolor.co.rs\/hu\/wp-json\/wp\/v2\/types\/product"}],"version-history":[{"count":2,"href":"https:\/\/nevenacolor.co.rs\/hu\/wp-json\/wp\/v2\/product\/36122\/revisions"}],"predecessor-version":[{"id":36262,"href":"https:\/\/nevenacolor.co.rs\/hu\/wp-json\/wp\/v2\/product\/36122\/revisions\/36262"}],"wp:featuredmedia":[{"embeddable":true,"href":"https:\/\/nevenacolor.co.rs\/hu\/wp-json\/wp\/v2\/media\/35743"}],"wp:attachment":[{"href":"https:\/\/nevenacolor.co.rs\/hu\/wp-json\/wp\/v2\/media?parent=36122"}],"wp:term":[{"taxonomy":"product_brand","embeddable":true,"href":"https:\/\/nevenacolor.co.rs\/hu\/wp-json\/wp\/v2\/product_brand?post=36122"},{"taxonomy":"product_cat","embeddable":true,"href":"https:\/\/nevenacolor.co.rs\/hu\/wp-json\/wp\/v2\/product_cat?post=36122"},{"taxonomy":"product_tag","embeddable":true,"href":"https:\/\/nevenacolor.co.rs\/hu\/wp-json\/wp\/v2\/product_tag?post=36122"}],"curies":[{"name":"wp","href":"https:\/\/api.w.org\/{rel}","templated":true}]}}