{"id":36124,"date":"2024-05-28T11:49:31","date_gmt":"2024-05-28T11:49:31","guid":{"rendered":"https:\/\/nevenacolor.co.rs\/proizvod\/cool-paint-remover-ecco-2\/"},"modified":"2025-05-02T13:06:06","modified_gmt":"2025-05-02T13:06:06","slug":"cool-paint-remover-ecco-2","status":"publish","type":"product","link":"https:\/\/nevenacolor.co.rs\/hu\/term\u00e9k\/cool-paint-remover-ecco-2\/","title":{"rendered":"Cool paint remover ecco"},"content":{"rendered":"<h3><strong>\u00c1LTAL\u00c1NOS ADATOK \u00c9S RENDELTET\u00c9S<\/strong><\/h3>\n<p class=\"p1\">COOL PAINT REMOVER ECO egykomponens\u0171, pigment n\u00e9lk\u00fcli bevon\u00f3anyag, amely old\u00f3szerek, speci\u00e1lis adal\u00e9kok \u00e9s n\u00f6v\u00e9nyi olajok kever\u00e9k\u00e9n alapul. Az olaj- \u00e9s alkid alap\u00fa fest\u00e9kek elt\u00e1vol\u00edt\u00e1s\u00e1ra haszn\u00e1lhat\u00f3 f\u00e9m- \u00e9s fa fel\u00fcletekr\u0151l. A fest\u00e9k elt\u00e1vol\u00edt\u00e1sa sor\u00e1n nem k\u00e1ros\u00edtja a kezelt fel\u00fcleteket.<\/p>\n<h3><strong>HASZN\u00c1LATI \u00daTMUTAT\u00d3<\/strong><\/h3>\n<p class=\"p1\">A COOL PAINT REMOVER ECO haszn\u00e1lat el\u0151tt alaposan keverje \u00f6ssze. Ezut\u00e1n egyenletesen, vastag r\u00e9tegben vigye fel a fest\u00e9ket ecsettel. Hagyja hatni 10-15 percig, majd t\u00e1vol\u00edtsa el a r\u00e9gi fest\u00e9ket spatul\u00e1val vagy kapar\u00f3val. Ha vastagabb fest\u00e9kr\u00e9teget kell elt\u00e1vol\u00edtani, ism\u00e9telje meg a kezel\u00e9st. A k\u00edv\u00e1nt fest\u00e9k felvitele el\u0151tt alaposan t\u00f6r\u00f6lje le a kezelni k\u00edv\u00e1nt fel\u00fcletet COOL PAINT REMOVER ECO-val f\u00e9m kef\u00e9vel vagy ronggyal.<\/p>\n<h3><strong>FELHASZN\u00c1L\u00c1S<\/strong><\/h3>\n<p class=\"p1\">2-4 m<span class=\"s1\"><sup>2<\/sup><\/span>\/l egy r\u00e9tegben.<\/p>\n<h3><strong>CSOMAGOL\u00c1S<\/strong><\/h3>\n<p class=\"p1\">0.75 l<\/p>\n<h3><strong>FELHASZN\u00c1LHAT\u00d3S\u00c1GI ID\u0150 \u00c9S T\u00c1ROL\u00c1S<\/strong><\/h3>\n<p class=\"p1\">36 h\u00f3nap a csomagol\u00e1son felt\u00fcntetett d\u00e1tumt\u00f3l. T\u00e1rolni kell az eredeti, j\u00f3l lez\u00e1rt \u00e9s s\u00e9rtetlen gy\u00e1ri csomagol\u00e1sban kell t\u00e1rolni, +5\u00baC \u00e9s +25\u00baC k\u00f6z\u00f6tti h\u0151m\u00e9rs\u00e9kleten.<\/p>\n<h3><strong>DOKUMENT\u00c1CI\u00d3<\/strong><\/h3>\n<div class=\"dokumentacija\">\n<p><a class=\"dugmeproizvod\" href=\"https:\/\/nevenacolor.co.rs\/wp-content\/uploads\/2024\/10\/Tehnicka-dokumentacija-remover-eco.pdf\" target=\"_blank\" rel=\"noopener\">M\u0170SZAKI ADATLAP<\/a><\/p>\n<p><a class=\"dugmeproizvod\" href=\"https:\/\/nevenacolor.co.rs\/wp-content\/uploads\/2024\/10\/Bezbedonosni-list-remover-eco.pdf\" target=\"_blank\" rel=\"noopener\">BIZTONS\u00c1GI ADATLAP<\/a><\/p>\n<\/div>\n<p>&nbsp;<\/p>\n<p><iframe loading=\"lazy\" title=\"YouTube video player\" src=\"https:\/\/www.youtube.com\/embed\/sqDENVaeaOc?si=hSFX4Y9R1rOft7OJ\" width=\"560\" height=\"415\" frameborder=\"0\" allowfullscreen=\"allowfullscreen\"><span data-mce-type=\"bookmark\" style=\"display: inline-block; width: 0px; overflow: hidden; line-height: 0;\" class=\"mce_SELRES_start\"><\/span><\/iframe><\/p>\n","protected":false},"excerpt":{"rendered":"<p>\u00c1LTAL\u00c1NOS ADATOK \u00c9S RENDELTET\u00c9S COOL PAINT REMOVER ECO egykomponens\u0171, pigment n\u00e9lk\u00fcli bevon\u00f3anyag, amely old\u00f3szerek, speci\u00e1lis adal\u00e9kok \u00e9s n\u00f6v\u00e9nyi olajok kever\u00e9k\u00e9n<\/p>\n","protected":false},"featured_media":35742,"template":"","meta":{"_monsterinsights_skip_tracking":false,"_monsterinsights_sitenote_active":false,"_monsterinsights_sitenote_note":"","_monsterinsights_sitenote_category":0},"product_brand":[],"product_cat":[361,360],"product_tag":[],"class_list":{"0":"post-36124","1":"product","2":"type-product","3":"status-publish","4":"has-post-thumbnail","6":"product_cat-higitok-es-segedszerek","7":"product_cat-segedszerszamok","9":"first","10":"instock","11":"shipping-taxable","12":"product-type-simple"},"_links":{"self":[{"href":"https:\/\/nevenacolor.co.rs\/hu\/wp-json\/wp\/v2\/product\/36124","targetHints":{"allow":["GET"]}}],"collection":[{"href":"https:\/\/nevenacolor.co.rs\/hu\/wp-json\/wp\/v2\/product"}],"about":[{"href":"https:\/\/nevenacolor.co.rs\/hu\/wp-json\/wp\/v2\/types\/product"}],"version-history":[{"count":1,"href":"https:\/\/nevenacolor.co.rs\/hu\/wp-json\/wp\/v2\/product\/36124\/revisions"}],"predecessor-version":[{"id":36261,"href":"https:\/\/nevenacolor.co.rs\/hu\/wp-json\/wp\/v2\/product\/36124\/revisions\/36261"}],"wp:featuredmedia":[{"embeddable":true,"href":"https:\/\/nevenacolor.co.rs\/hu\/wp-json\/wp\/v2\/media\/35742"}],"wp:attachment":[{"href":"https:\/\/nevenacolor.co.rs\/hu\/wp-json\/wp\/v2\/media?parent=36124"}],"wp:term":[{"taxonomy":"product_brand","embeddable":true,"href":"https:\/\/nevenacolor.co.rs\/hu\/wp-json\/wp\/v2\/product_brand?post=36124"},{"taxonomy":"product_cat","embeddable":true,"href":"https:\/\/nevenacolor.co.rs\/hu\/wp-json\/wp\/v2\/product_cat?post=36124"},{"taxonomy":"product_tag","embeddable":true,"href":"https:\/\/nevenacolor.co.rs\/hu\/wp-json\/wp\/v2\/product_tag?post=36124"}],"curies":[{"name":"wp","href":"https:\/\/api.w.org\/{rel}","templated":true}]}}