{"id":36125,"date":"2024-05-28T11:49:04","date_gmt":"2024-05-28T11:49:04","guid":{"rendered":"https:\/\/nevenacolor.co.rs\/proizvod\/cool-antirost-2\/"},"modified":"2025-05-02T12:48:49","modified_gmt":"2025-05-02T12:48:49","slug":"cool-antirost-2","status":"publish","type":"product","link":"https:\/\/nevenacolor.co.rs\/hu\/term\u00e9k\/cool-antirost-2\/","title":{"rendered":"Cool Antirost"},"content":{"rendered":"<h3><strong>JELLEMZ\u0150K \u00c9S ALKALMAZ\u00c1S<\/strong><\/h3>\n<p class=\"p2\"><b>COOL ANTIROST<\/b> egy rozsd\u00e1t elt\u00e1vol\u00edt\u00f3 szer, amely foszforsav \u00e9s megfelel\u0151 adal\u00e9kok, old\u00f3szerek felhaszn\u00e1l\u00e1s\u00e1val k\u00e9sz\u00fclt. A COOL ANTIROST haszn\u00e1lhat\u00f3 a zs\u00edr elt\u00e1vol\u00edt\u00e1s\u00e1ra, tiszt\u00edt\u00e1sra \u00e9s legf\u0151k\u00e9ppen a rozsd\u00e1nak az elt\u00e1vol\u00edt\u00e1s\u00e1ra azokon a fel\u00fcleteken, ahol m\u00e1r megkezd\u0151d\u00f6tt az oxid\u00e1ci\u00f3s folyamat. Ecsettel vagy mer\u00edt\u00e9ssel alkalmazhat\u00f3 30 perc \u00e9s 1 \u00f3ra k\u00f6z\u00f6tt, a rozsdar\u00e9teg vastags\u00e1g\u00e1t\u00f3l f\u00fcgg\u0151en. A kezel\u00e9s ut\u00e1n a kezelt fel\u00fcletet v\u00edzzel meg kell tiszt\u00edtani, sz\u00e1raz ruh\u00e1val \u00e1tt\u00f6r\u00f6lni, majd fest\u00e9ket kell felvinni.<\/p>\n<h3><strong>CSOMAGOL\u00c1S<\/strong><\/h3>\n<p class=\"p1\">0.75 l<\/p>\n<h3><strong>FELHASZN\u00c1LHAT\u00d3S\u00c1GI ID\u0150 \u00c9S T\u00c1ROL\u00c1S<\/strong><\/h3>\n<p class=\"p1\">Tartsa az eredeti, j\u00f3l lez\u00e1rt \u00e9s s\u00e9rtetlen gy\u00e1ri csomagol\u00e1sban, +5\u00baC \u00e9s +25\u00baC k\u00f6z\u00f6tti h\u0151m\u00e9rs\u00e9kleten.<\/p>\n<h3><strong>DOKUMENT\u00c1CI\u00d3<\/strong><\/h3>\n<div class=\"dokumentacija\">\n<p><a class=\"dugmeproizvod\" href=\"https:\/\/nevenacolor.co.rs\/wp-content\/uploads\/2024\/10\/Tehnicka-dokumentacija-antirost.pdf\" target=\"_blank\" rel=\"noopener\">M\u0170SZAKI ADATLAP<\/a><\/p>\n<p><a class=\"dugmeproizvod\" href=\"https:\/\/nevenacolor.co.rs\/wp-content\/uploads\/2024\/10\/Bezbedonosni-list-antirost.pdf\" target=\"_blank\" rel=\"noopener\">BIZTONS\u00c1GI ADATLAP<\/a><\/p>\n<\/div>\n<p>&nbsp;<\/p>\n<p>&nbsp;<\/p>\n","protected":false},"excerpt":{"rendered":"<p>JELLEMZ\u0150K \u00c9S ALKALMAZ\u00c1S COOL ANTIROST egy rozsd\u00e1t elt\u00e1vol\u00edt\u00f3 szer, amely foszforsav \u00e9s megfelel\u0151 adal\u00e9kok, old\u00f3szerek felhaszn\u00e1l\u00e1s\u00e1val k\u00e9sz\u00fclt. A COOL ANTIROST<\/p>\n","protected":false},"featured_media":35431,"template":"","meta":{"_monsterinsights_skip_tracking":false,"_monsterinsights_sitenote_active":false,"_monsterinsights_sitenote_note":"","_monsterinsights_sitenote_category":0},"product_brand":[],"product_cat":[361,360],"product_tag":[],"class_list":{"0":"post-36125","1":"product","2":"type-product","3":"status-publish","4":"has-post-thumbnail","6":"product_cat-higitok-es-segedszerek","7":"product_cat-segedszerszamok","9":"first","10":"instock","11":"shipping-taxable","12":"product-type-simple"},"_links":{"self":[{"href":"https:\/\/nevenacolor.co.rs\/hu\/wp-json\/wp\/v2\/product\/36125","targetHints":{"allow":["GET"]}}],"collection":[{"href":"https:\/\/nevenacolor.co.rs\/hu\/wp-json\/wp\/v2\/product"}],"about":[{"href":"https:\/\/nevenacolor.co.rs\/hu\/wp-json\/wp\/v2\/types\/product"}],"version-history":[{"count":1,"href":"https:\/\/nevenacolor.co.rs\/hu\/wp-json\/wp\/v2\/product\/36125\/revisions"}],"predecessor-version":[{"id":36222,"href":"https:\/\/nevenacolor.co.rs\/hu\/wp-json\/wp\/v2\/product\/36125\/revisions\/36222"}],"wp:featuredmedia":[{"embeddable":true,"href":"https:\/\/nevenacolor.co.rs\/hu\/wp-json\/wp\/v2\/media\/35431"}],"wp:attachment":[{"href":"https:\/\/nevenacolor.co.rs\/hu\/wp-json\/wp\/v2\/media?parent=36125"}],"wp:term":[{"taxonomy":"product_brand","embeddable":true,"href":"https:\/\/nevenacolor.co.rs\/hu\/wp-json\/wp\/v2\/product_brand?post=36125"},{"taxonomy":"product_cat","embeddable":true,"href":"https:\/\/nevenacolor.co.rs\/hu\/wp-json\/wp\/v2\/product_cat?post=36125"},{"taxonomy":"product_tag","embeddable":true,"href":"https:\/\/nevenacolor.co.rs\/hu\/wp-json\/wp\/v2\/product_tag?post=36125"}],"curies":[{"name":"wp","href":"https:\/\/api.w.org\/{rel}","templated":true}]}}