{"id":36126,"date":"2024-05-28T11:48:45","date_gmt":"2024-05-28T11:48:45","guid":{"rendered":"https:\/\/nevenacolor.co.rs\/proizvod\/cool-firnajz-2\/"},"modified":"2025-05-02T12:49:12","modified_gmt":"2025-05-02T12:49:12","slug":"cool-firnajz-2","status":"publish","type":"product","link":"https:\/\/nevenacolor.co.rs\/hu\/term\u00e9k\/cool-firnajz-2\/","title":{"rendered":"Cool Firnajz"},"content":{"rendered":"<h3><strong>JELLEMZ\u0150K \u00c9S ALKALMAZ\u00c1S<\/strong><\/h3>\n<p class=\"p1\"><strong>COOL FIRNAJZ<\/strong> egykomponens\u0171, pigment n\u00e9lk\u00fcli bevon\u00f3anyag, amely gyant\u00e1kb\u00f3l, adal\u00e9kokb\u00f3l, old\u00f3szerekb\u0151l \u00e9s n\u00f6v\u00e9nyi olajokb\u00f3l k\u00e9sz\u00fcl, leveg\u0151n sz\u00e1rad\u00f3 t\u00edpus\u00fa. F\u00e1fel\u00fcletek impregn\u00e1l\u00e1s\u00e1ra haszn\u00e1lj\u00e1k. A firn\u00e1z k\u00f6zvetlen\u00fcl alkalmazhat\u00f3 tiszta fa fel\u00fcleteken. Ecsettel, permetez\u00e9ssel vagy mer\u00edt\u00e9ssel alkalmazhat\u00f3 egy r\u00e9tegben. A firn\u00e1zzal kezelt fa cs\u00f6kkenti a bevon\u00f3anyagok k\u00f6vetkez\u0151 r\u00e9tegeinek felvitel\u00e9n\u00e9l a fel\u00fclet felsz\u00edv\u00f3d\u00e1s\u00e1t, \u00e9s v\u00e9delmet ny\u00fajt az id\u0151j\u00e1r\u00e1si viszontags\u00e1gok, vegyi anyagok \u00e9s biol\u00f3giai \u00e1gensek ellen. Az anyag h\u00edg\u00edt\u00e1s\u00e1ra \u00e9s az eszk\u00f6z\u00f6k tiszt\u00edt\u00e1s\u00e1ra olajos h\u00edg\u00edt\u00f3t kell haszn\u00e1lni.<\/p>\n<h3><strong>CSOMAGOL\u00c1S<\/strong><\/h3>\n<p class=\"p1\">0.75 l<\/p>\n<h3><strong>FELHASZN\u00c1LHAT\u00d3S\u00c1GI ID\u0150 \u00c9S T\u00c1ROL\u00c1S<\/strong><\/h3>\n<p class=\"p1\">Tartsa az eredeti, j\u00f3l lez\u00e1rt \u00e9s s\u00e9rtetlen gy\u00e1ri csomagol\u00e1sban, +5\u00baC \u00e9s +25\u00baC k\u00f6z\u00f6tti h\u0151m\u00e9rs\u00e9kleten.<\/p>\n<h3><strong>DOKUMENT\u00c1CI\u00d3<\/strong><\/h3>\n<div class=\"dokumentacija\">\n<p><a class=\"dugmeproizvod\" href=\"https:\/\/nevenacolor.co.rs\/wp-content\/uploads\/2024\/10\/Tehnicka-dokumentacija-firnajz.pdf\" target=\"_blank\" rel=\"noopener\">M\u0170SZAKI ADATLAP<\/a><\/p>\n<p><a class=\"dugmeproizvod\" href=\"https:\/\/nevenacolor.co.rs\/wp-content\/uploads\/2024\/10\/Bezbedonosni-list-firnajz.pdf\" target=\"_blank\" rel=\"noopener\">BIZTONS\u00c1GI ADATLAP<\/a><\/p>\n<\/div>\n<p>&nbsp;<\/p>\n","protected":false},"excerpt":{"rendered":"<p>JELLEMZ\u0150K \u00c9S ALKALMAZ\u00c1S COOL FIRNAJZ egykomponens\u0171, pigment n\u00e9lk\u00fcli bevon\u00f3anyag, amely gyant\u00e1kb\u00f3l, adal\u00e9kokb\u00f3l, old\u00f3szerekb\u0151l \u00e9s n\u00f6v\u00e9nyi olajokb\u00f3l k\u00e9sz\u00fcl, leveg\u0151n sz\u00e1rad\u00f3 t\u00edpus\u00fa.<\/p>\n","protected":false},"featured_media":35438,"template":"","meta":{"_monsterinsights_skip_tracking":false,"_monsterinsights_sitenote_active":false,"_monsterinsights_sitenote_note":"","_monsterinsights_sitenote_category":0},"product_brand":[],"product_cat":[361,360],"product_tag":[],"class_list":{"0":"post-36126","1":"product","2":"type-product","3":"status-publish","4":"has-post-thumbnail","6":"product_cat-higitok-es-segedszerek","7":"product_cat-segedszerszamok","9":"first","10":"instock","11":"shipping-taxable","12":"product-type-simple"},"_links":{"self":[{"href":"https:\/\/nevenacolor.co.rs\/hu\/wp-json\/wp\/v2\/product\/36126","targetHints":{"allow":["GET"]}}],"collection":[{"href":"https:\/\/nevenacolor.co.rs\/hu\/wp-json\/wp\/v2\/product"}],"about":[{"href":"https:\/\/nevenacolor.co.rs\/hu\/wp-json\/wp\/v2\/types\/product"}],"version-history":[{"count":1,"href":"https:\/\/nevenacolor.co.rs\/hu\/wp-json\/wp\/v2\/product\/36126\/revisions"}],"predecessor-version":[{"id":36223,"href":"https:\/\/nevenacolor.co.rs\/hu\/wp-json\/wp\/v2\/product\/36126\/revisions\/36223"}],"wp:featuredmedia":[{"embeddable":true,"href":"https:\/\/nevenacolor.co.rs\/hu\/wp-json\/wp\/v2\/media\/35438"}],"wp:attachment":[{"href":"https:\/\/nevenacolor.co.rs\/hu\/wp-json\/wp\/v2\/media?parent=36126"}],"wp:term":[{"taxonomy":"product_brand","embeddable":true,"href":"https:\/\/nevenacolor.co.rs\/hu\/wp-json\/wp\/v2\/product_brand?post=36126"},{"taxonomy":"product_cat","embeddable":true,"href":"https:\/\/nevenacolor.co.rs\/hu\/wp-json\/wp\/v2\/product_cat?post=36126"},{"taxonomy":"product_tag","embeddable":true,"href":"https:\/\/nevenacolor.co.rs\/hu\/wp-json\/wp\/v2\/product_tag?post=36126"}],"curies":[{"name":"wp","href":"https:\/\/api.w.org\/{rel}","templated":true}]}}