{"id":36127,"date":"2024-05-28T11:48:20","date_gmt":"2024-05-28T11:48:20","guid":{"rendered":"https:\/\/nevenacolor.co.rs\/proizvod\/cool-higito-3x1\/"},"modified":"2025-05-02T12:45:08","modified_gmt":"2025-05-02T12:45:08","slug":"cool-higito-3x1","status":"publish","type":"product","link":"https:\/\/nevenacolor.co.rs\/hu\/term\u00e9k\/cool-higito-3x1\/","title":{"rendered":"Cool hig\u00edt\u00f3 3&#215;1"},"content":{"rendered":"<h3><strong>JELLEMZ\u0150K \u00c9S ALKALMAZ\u00c1S<\/strong><\/h3>\n<p class=\"p1\"><b>A COOL HIG\u00cdT\u00d3 3&#215;1<\/b> kiz\u00e1r\u00f3lag a COOL 3X1 ENAMEL h\u00edg\u00edt\u00e1s\u00e1ra szolg\u00e1l.<\/p>\n<p class=\"p1\"><b>A COOL HIG\u00cdT\u00d3 3&#215;1<\/b> H\u00edg\u00edtsa a fest\u00e9ket a k\u00edv\u00e1nt viszkozit\u00e1sra, majd mossa el a tartoz\u00e9kokat \u00e9s szersz\u00e1mokat.<\/p>\n<h3><strong>CSOMAGOL\u00c1S<\/strong><\/h3>\n<p class=\"p1\">0.75 l<\/p>\n<h3><strong>FELHASZN\u00c1LHAT\u00d3S\u00c1GI ID\u0150 \u00c9S T\u00c1ROL\u00c1S<\/strong><\/h3>\n<p class=\"p1\">Tartsa az eredeti, j\u00f3l lez\u00e1rt \u00e9s s\u00e9rtetlen gy\u00e1ri csomagol\u00e1sban, +5\u00baC \u00e9s +25\u00baC k\u00f6z\u00f6tti h\u0151m\u00e9rs\u00e9kleten.<\/p>\n<h3><strong>DOKUMENT\u00c1CI\u00d3<\/strong><\/h3>\n<div class=\"dokumentacija\">\n<p><a class=\"dugmeproizvod\" href=\"https:\/\/nevenacolor.co.rs\/wp-content\/uploads\/2024\/10\/Tehnicka-dokumentacija3x1.pdf\" target=\"_blank\" rel=\"noopener\">M\u0170SZAKI ADATLAP<\/a><\/p>\n<p><a class=\"dugmeproizvod\" href=\"https:\/\/nevenacolor.co.rs\/wp-content\/uploads\/2024\/10\/Bezbedonosni-list3x1.pdf\" target=\"_blank\" rel=\"noopener\">BIZTONS\u00c1GI ADATLAP<\/a><\/p>\n<\/div>\n<p>&nbsp;<\/p>\n<p><iframe loading=\"lazy\" title=\"YouTube video player\" src=\"https:\/\/www.youtube.com\/embed\/pcS0FYtuBTE?si=VrohMvKE2EoS8Yyy\" width=\"560\" height=\"415\" frameborder=\"0\" allowfullscreen=\"allowfullscreen\"><\/iframe><\/p>\n","protected":false},"excerpt":{"rendered":"<p>JELLEMZ\u0150K \u00c9S ALKALMAZ\u00c1S A COOL HIG\u00cdT\u00d3 3&#215;1 kiz\u00e1r\u00f3lag a COOL 3X1 ENAMEL h\u00edg\u00edt\u00e1s\u00e1ra szolg\u00e1l. A COOL HIG\u00cdT\u00d3 3&#215;1 H\u00edg\u00edtsa a<\/p>\n","protected":false},"featured_media":35458,"template":"","meta":{"_monsterinsights_skip_tracking":false,"_monsterinsights_sitenote_active":false,"_monsterinsights_sitenote_note":"","_monsterinsights_sitenote_category":0},"product_brand":[],"product_cat":[359,361],"product_tag":[],"class_list":{"0":"post-36127","1":"product","2":"type-product","3":"status-publish","4":"has-post-thumbnail","6":"product_cat-higitok","7":"product_cat-higitok-es-segedszerek","9":"first","10":"instock","11":"shipping-taxable","12":"product-type-simple"},"_links":{"self":[{"href":"https:\/\/nevenacolor.co.rs\/hu\/wp-json\/wp\/v2\/product\/36127","targetHints":{"allow":["GET"]}}],"collection":[{"href":"https:\/\/nevenacolor.co.rs\/hu\/wp-json\/wp\/v2\/product"}],"about":[{"href":"https:\/\/nevenacolor.co.rs\/hu\/wp-json\/wp\/v2\/types\/product"}],"version-history":[{"count":1,"href":"https:\/\/nevenacolor.co.rs\/hu\/wp-json\/wp\/v2\/product\/36127\/revisions"}],"predecessor-version":[{"id":36212,"href":"https:\/\/nevenacolor.co.rs\/hu\/wp-json\/wp\/v2\/product\/36127\/revisions\/36212"}],"wp:featuredmedia":[{"embeddable":true,"href":"https:\/\/nevenacolor.co.rs\/hu\/wp-json\/wp\/v2\/media\/35458"}],"wp:attachment":[{"href":"https:\/\/nevenacolor.co.rs\/hu\/wp-json\/wp\/v2\/media?parent=36127"}],"wp:term":[{"taxonomy":"product_brand","embeddable":true,"href":"https:\/\/nevenacolor.co.rs\/hu\/wp-json\/wp\/v2\/product_brand?post=36127"},{"taxonomy":"product_cat","embeddable":true,"href":"https:\/\/nevenacolor.co.rs\/hu\/wp-json\/wp\/v2\/product_cat?post=36127"},{"taxonomy":"product_tag","embeddable":true,"href":"https:\/\/nevenacolor.co.rs\/hu\/wp-json\/wp\/v2\/product_tag?post=36127"}],"curies":[{"name":"wp","href":"https:\/\/api.w.org\/{rel}","templated":true}]}}