{"id":36128,"date":"2024-05-28T11:47:58","date_gmt":"2024-05-28T11:47:58","guid":{"rendered":"https:\/\/nevenacolor.co.rs\/proizvod\/cool-higito-gyorsan-szarado-festekekhez\/"},"modified":"2025-05-02T12:44:43","modified_gmt":"2025-05-02T12:44:43","slug":"cool-higito-gyorsan-szarado-festekekhez","status":"publish","type":"product","link":"https:\/\/nevenacolor.co.rs\/hu\/term\u00e9k\/cool-higito-gyorsan-szarado-festekekhez\/","title":{"rendered":"Cool hig\u00edt\u00f3 gyorsan sz\u00e1rad\u00f3 fest\u00e9kekhez"},"content":{"rendered":"<h3><strong>JELLEMZ\u0150K \u00c9S ALKALMAZ\u00c1S<\/strong><\/h3>\n<p class=\"p1\"><b>COOL BS HIG\u00cdT\u00d3<\/b> kiz\u00e1r\u00f3lag BS zom\u00e1nc h\u00edg\u00edt\u00e1s\u00e1ra szolg\u00e1l.<\/p>\n<p class=\"p1\"><b>COOL BS HIG\u00cdT\u00d3<\/b> H\u00edg\u00edtsa a fest\u00e9ket a felhord\u00e1si viszkozit\u00e1snak megfelel\u0151en, majd mossa le a tartoz\u00e9kokat \u00e9s szersz\u00e1mokat.<\/p>\n<h3><strong>CSOMAGOL\u00c1S<\/strong><\/h3>\n<p class=\"p1\">0,4 l, 0,75 l, 4,8 l<\/p>\n<h3><strong>FELHASZN\u00c1LHAT\u00d3S\u00c1GI ID\u0150 \u00c9S T\u00c1ROL\u00c1S<\/strong><\/h3>\n<p class=\"p1\">Tartsa az eredeti, j\u00f3l lez\u00e1rt \u00e9s s\u00e9rtetlen gy\u00e1ri csomagol\u00e1sban, +5\u00baC \u00e9s +25\u00baC k\u00f6z\u00f6tti h\u0151m\u00e9rs\u00e9kleten.<\/p>\n<h3><strong>DOKUMENT\u00c1CI\u00d3<\/strong><\/h3>\n<div class=\"dokumentacija\">\n<p><a class=\"dugmeproizvod\" href=\"https:\/\/nevenacolor.co.rs\/wp-content\/uploads\/2024\/10\/Tehnicka-dokumentacija-brzosusiva-boja.pdf\" target=\"_blank\" rel=\"noopener\">M\u0170SZAKI ADATLAP<\/a><\/p>\n<p><a class=\"dugmeproizvod\" href=\"https:\/\/nevenacolor.co.rs\/wp-content\/uploads\/2024\/10\/Bezbedonosni-list-brzosusiva-boja.pdf\" target=\"_blank\" rel=\"noopener\">BIZTONS\u00c1GI ADATLAP<\/a><\/p>\n<\/div>\n<p>&nbsp;<\/p>\n","protected":false},"excerpt":{"rendered":"<p>JELLEMZ\u0150K \u00c9S ALKALMAZ\u00c1S COOL BS HIG\u00cdT\u00d3 kiz\u00e1r\u00f3lag BS zom\u00e1nc h\u00edg\u00edt\u00e1s\u00e1ra szolg\u00e1l. COOL BS HIG\u00cdT\u00d3 H\u00edg\u00edtsa a fest\u00e9ket a felhord\u00e1si viszkozit\u00e1snak<\/p>\n","protected":false},"featured_media":35462,"template":"","meta":{"_monsterinsights_skip_tracking":false,"_monsterinsights_sitenote_active":false,"_monsterinsights_sitenote_note":"","_monsterinsights_sitenote_category":0},"product_brand":[],"product_cat":[359,361],"product_tag":[],"class_list":{"0":"post-36128","1":"product","2":"type-product","3":"status-publish","4":"has-post-thumbnail","6":"product_cat-higitok","7":"product_cat-higitok-es-segedszerek","9":"first","10":"instock","11":"shipping-taxable","12":"product-type-simple"},"_links":{"self":[{"href":"https:\/\/nevenacolor.co.rs\/hu\/wp-json\/wp\/v2\/product\/36128","targetHints":{"allow":["GET"]}}],"collection":[{"href":"https:\/\/nevenacolor.co.rs\/hu\/wp-json\/wp\/v2\/product"}],"about":[{"href":"https:\/\/nevenacolor.co.rs\/hu\/wp-json\/wp\/v2\/types\/product"}],"version-history":[{"count":1,"href":"https:\/\/nevenacolor.co.rs\/hu\/wp-json\/wp\/v2\/product\/36128\/revisions"}],"predecessor-version":[{"id":36211,"href":"https:\/\/nevenacolor.co.rs\/hu\/wp-json\/wp\/v2\/product\/36128\/revisions\/36211"}],"wp:featuredmedia":[{"embeddable":true,"href":"https:\/\/nevenacolor.co.rs\/hu\/wp-json\/wp\/v2\/media\/35462"}],"wp:attachment":[{"href":"https:\/\/nevenacolor.co.rs\/hu\/wp-json\/wp\/v2\/media?parent=36128"}],"wp:term":[{"taxonomy":"product_brand","embeddable":true,"href":"https:\/\/nevenacolor.co.rs\/hu\/wp-json\/wp\/v2\/product_brand?post=36128"},{"taxonomy":"product_cat","embeddable":true,"href":"https:\/\/nevenacolor.co.rs\/hu\/wp-json\/wp\/v2\/product_cat?post=36128"},{"taxonomy":"product_tag","embeddable":true,"href":"https:\/\/nevenacolor.co.rs\/hu\/wp-json\/wp\/v2\/product_tag?post=36128"}],"curies":[{"name":"wp","href":"https:\/\/api.w.org\/{rel}","templated":true}]}}