{"id":36131,"date":"2024-05-28T11:47:10","date_gmt":"2024-05-28T11:47:10","guid":{"rendered":"https:\/\/nevenacolor.co.rs\/proizvod\/cool-nitro-diluente-2\/"},"modified":"2025-05-02T12:47:15","modified_gmt":"2025-05-02T12:47:15","slug":"cool-nitro-diluente-2","status":"publish","type":"product","link":"https:\/\/nevenacolor.co.rs\/hu\/term\u00e9k\/cool-nitro-diluente-2\/","title":{"rendered":"Cool Nitro diluente"},"content":{"rendered":"<h3><strong>JELLEMZ\u0150K \u00c9S ALKALMAZ\u00c1S<\/strong><\/h3>\n<p class=\"p1\"><span class=\"s1\">A COOL NITRO H\u00cdG\u00cdT\u00d3<\/span> eszk\u00f6z\u00f6k \u00e9s szersz\u00e1mok tiszt\u00edt\u00e1s\u00e1ra haszn\u00e1lhat\u00f3.<\/p>\n<h3><strong>CSOMAGOL\u00c1S<\/strong><\/h3>\n<p class=\"p1\">0.9 l, 0.75 l, 4.8 l<\/p>\n<h3><strong>FELHASZN\u00c1LHAT\u00d3S\u00c1GI ID\u0150 \u00c9S T\u00c1ROL\u00c1S<\/strong><\/h3>\n<p class=\"p1\">Tartsa az eredeti, j\u00f3l lez\u00e1rt \u00e9s s\u00e9rtetlen gy\u00e1ri csomagol\u00e1sban, +5\u00baC \u00e9s +25\u00baC k\u00f6z\u00f6tti h\u0151m\u00e9rs\u00e9kleten.<\/p>\n<h3><strong>DOKUMENT\u00c1CI\u00d3<\/strong><\/h3>\n<div class=\"dokumentacija\">\n<p><a class=\"dugmeproizvod\" href=\"https:\/\/nevenacolor.co.rs\/wp-content\/uploads\/2024\/12\/Tehnicka-dokumentacija-nitro.pdf\" target=\"_blank\" rel=\"noopener\">M\u0170SZAKI DOKUMENT\u00c1CI\u00d3<\/a><\/p>\n<\/div>\n<p>&nbsp;<\/p>\n","protected":false},"excerpt":{"rendered":"<p>JELLEMZ\u0150K \u00c9S ALKALMAZ\u00c1S A COOL NITRO H\u00cdG\u00cdT\u00d3 eszk\u00f6z\u00f6k \u00e9s szersz\u00e1mok tiszt\u00edt\u00e1s\u00e1ra haszn\u00e1lhat\u00f3. CSOMAGOL\u00c1S 0.9 l, 0.75 l, 4.8 l FELHASZN\u00c1LHAT\u00d3S\u00c1GI<\/p>\n","protected":false},"featured_media":35741,"template":"","meta":{"_monsterinsights_skip_tracking":false,"_monsterinsights_sitenote_active":false,"_monsterinsights_sitenote_note":"","_monsterinsights_sitenote_category":0},"product_brand":[],"product_cat":[359,361],"product_tag":[],"class_list":{"0":"post-36131","1":"product","2":"type-product","3":"status-publish","4":"has-post-thumbnail","6":"product_cat-higitok","7":"product_cat-higitok-es-segedszerek","9":"first","10":"instock","11":"shipping-taxable","12":"product-type-simple"},"_links":{"self":[{"href":"https:\/\/nevenacolor.co.rs\/hu\/wp-json\/wp\/v2\/product\/36131","targetHints":{"allow":["GET"]}}],"collection":[{"href":"https:\/\/nevenacolor.co.rs\/hu\/wp-json\/wp\/v2\/product"}],"about":[{"href":"https:\/\/nevenacolor.co.rs\/hu\/wp-json\/wp\/v2\/types\/product"}],"version-history":[{"count":1,"href":"https:\/\/nevenacolor.co.rs\/hu\/wp-json\/wp\/v2\/product\/36131\/revisions"}],"predecessor-version":[{"id":36218,"href":"https:\/\/nevenacolor.co.rs\/hu\/wp-json\/wp\/v2\/product\/36131\/revisions\/36218"}],"wp:featuredmedia":[{"embeddable":true,"href":"https:\/\/nevenacolor.co.rs\/hu\/wp-json\/wp\/v2\/media\/35741"}],"wp:attachment":[{"href":"https:\/\/nevenacolor.co.rs\/hu\/wp-json\/wp\/v2\/media?parent=36131"}],"wp:term":[{"taxonomy":"product_brand","embeddable":true,"href":"https:\/\/nevenacolor.co.rs\/hu\/wp-json\/wp\/v2\/product_brand?post=36131"},{"taxonomy":"product_cat","embeddable":true,"href":"https:\/\/nevenacolor.co.rs\/hu\/wp-json\/wp\/v2\/product_cat?post=36131"},{"taxonomy":"product_tag","embeddable":true,"href":"https:\/\/nevenacolor.co.rs\/hu\/wp-json\/wp\/v2\/product_tag?post=36131"}],"curies":[{"name":"wp","href":"https:\/\/api.w.org\/{rel}","templated":true}]}}