{"id":36134,"date":"2024-05-28T10:47:22","date_gmt":"2024-05-28T10:47:22","guid":{"rendered":"https:\/\/nevenacolor.co.rs\/proizvod\/cool-professional-poliuretan-parkett-lak-a-b\/"},"modified":"2025-05-02T13:07:09","modified_gmt":"2025-05-02T13:07:09","slug":"cool-professional-poliuretan-parkett-lak-a-b","status":"publish","type":"product","link":"https:\/\/nevenacolor.co.rs\/hu\/term\u00e9k\/cool-professional-poliuretan-parkett-lak-a-b\/","title":{"rendered":"Cool Professional Poliuret\u00e1n Parkett Lak A + B"},"content":{"rendered":"<h3><strong>\u00c1LTAL\u00c1NOS ADATOK \u00c9S RENDELTET\u00c9S<\/strong><\/h3>\n<p class=\"p1\">A poliuret\u00e1n k\u00e9tkomponens\u0171 lak parkett\u00e1k, haj\u00f3padl\u00f3k, l\u00e9cel\u00e9s, fa l\u00e9pcs\u0151k \u00e9s hasonl\u00f3 fa fel\u00fcletek \u00e9s elemek lakkoz\u00e1s\u00e1ra haszn\u00e1lhat\u00f3, amelyek bels\u0151 t\u00e9rben speci\u00e1lis haszn\u00e1lati k\u00f6r\u00fclm\u00e9nyeknek \u00e9s terhel\u00e9snek vannak kit\u00e9ve. Kiv\u00e1l\u00f3 fel\u00fcleti kem\u00e9nys\u00e9get biztos\u00edt, tart\u00f3s v\u00e9delmet ny\u00fajt, ellen\u00e1ll a kop\u00e1snak, v\u00edznek \u00e9s tiszt\u00edt\u00f3szereknek.<\/p>\n<h3><strong>ALKALMAZ\u00c1SI \u00daTMUTAT\u00d3<\/strong><\/h3>\n<p>A lakkozand\u00f3 fel\u00fcletnek csiszoltnak, sz\u00e1raznak, zs\u00edr-, viasz- \u00e9s pormentesnek kell lennie.<\/p>\n<p>A komponenseket k\u00f6zvetlen\u00fcl haszn\u00e1lat el\u0151tt 1:1 ar\u00e1nyban kell \u00f6sszekeverni.<\/p>\n<p>A k\u00e9sz kever\u00e9ket 6-8 \u00f3r\u00e1n bel\u00fcl fel kell haszn\u00e1lni.<\/p>\n<p>A 2K PU parkettlakkot a k\u00f6vetkez\u0151 rendszerben kell alkalmazni: poliuret\u00e1n 2K parkettalakk alapoz\u00f3 egy r\u00e9teg, majd k\u00e9t r\u00e9teg 2K PU parkettalakk, vagy h\u00e1rom r\u00e9teg 2K PU parkettalakk, k\u00f6zbens\u0151 csiszol\u00e1ssal, csiszol\u00e1ssal \u00e9s tiszt\u00edt\u00e1ssal.<\/p>\n<p>A k\u00f6zbens\u0151 csiszol\u00e1shoz haszn\u00e1ljon <sup>120-150<\/sup>-es szemcs\u00e9zetts\u00e9g\u0171 csiszol\u00f3pap\u00edrt. Az els\u0151 r\u00e9teg sz\u00e1rad\u00e1sa 24 \u00f3r\u00e1t vesz ig\u00e9nybe, majd finom csiszol\u00f3pap\u00edrral \u00fajra csiszolni kell a fel\u00fcletet, tiszt\u00edtani \u00e9s alkalmazni a k\u00f6vetkez\u0151 lakk r\u00e9teget. A v\u00e9gs\u0151 lakk r\u00e9teg teljesen megszil\u00e1rdul 72 \u00f3ra eltelt\u00e9vel 20\u00b0C-on, ekkor javasolt a helyis\u00e9g haszn\u00e1lata.<\/p>\n<p>Az eszk\u00f6z\u00f6ket haszn\u00e1lat ut\u00e1n Cool nitro h\u00edg\u00edt\u00f3val kell tiszt\u00edtani.<\/p>\n<h3><strong>FELHASZN\u00c1L\u00c1S<\/strong><\/h3>\n<p class=\"p1\">80-100 g\/m\u00b2<\/p>\n<h3><strong>CSOMAGOL\u00c1S<\/strong><\/h3>\n<p class=\"p1\">1+1 l, 2.5+2.5 l, 20+20 l<\/p>\n<h3><strong>FELHASZN\u00c1LHAT\u00d3S\u00c1GI ID\u0150 \u00c9S T\u00c1ROL\u00c1S<\/strong><\/h3>\n<p class=\"p1\">12 h\u00f3nap a csomagol\u00e1son felt\u00fcntetett d\u00e1tumt\u00f3l sz\u00e1m\u00edtva. T\u00e1rolja az eredeti, j\u00f3l lez\u00e1rt \u00e9s s\u00e9rtetlen gy\u00e1ri csomagol\u00e1sban +5\u00baC \u00e9s +25\u00baC k\u00f6z\u00f6tti h\u0151m\u00e9rs\u00e9kleten.<\/p>\n<h3><strong>DOKUMENT\u00c1CI\u00d3<\/strong><\/h3>\n<div class=\"dokumentacija\">\n<p><a class=\"dugmeproizvod\" href=\"https:\/\/nevenacolor.co.rs\/wp-content\/uploads\/2024\/12\/Tehnicka-dokumentacija-parketlak-A.pdf\" target=\"_blank\" rel=\"noopener\">M\u0170SZAKI DOKUMENT\u00c1CI\u00d3 A<\/a><\/p>\n<p><a class=\"dugmeproizvod\" href=\"https:\/\/nevenacolor.co.rs\/wp-content\/uploads\/2024\/12\/Bezbedonosni-list-parketlak-A.pdf\" target=\"_blank\" rel=\"noopener\">BIZTONS\u00c1GI ADATLAP A<\/a><\/p>\n<\/div>\n<div class=\"dokumentacija\">\n<p><a class=\"dugmeproizvod\" href=\"https:\/\/nevenacolor.co.rs\/wp-content\/uploads\/2024\/12\/Tehnicka-dokumentacija-parketlak-B.pdf\" target=\"_blank\" rel=\"noopener\">M\u0170SZAKI DOKUMENT\u00c1CI\u00d3 B<\/a><\/p>\n<p><a class=\"dugmeproizvod\" href=\"https:\/\/nevenacolor.co.rs\/wp-content\/uploads\/2024\/12\/Bezbedonosni-list-parketlak-B.pdf\" target=\"_blank\" rel=\"noopener\">BIZTONS\u00c1GI ADATLAP B<\/a><\/p>\n<\/div>\n","protected":false},"excerpt":{"rendered":"<p>\u00c1LTAL\u00c1NOS ADATOK \u00c9S RENDELTET\u00c9S A poliuret\u00e1n k\u00e9tkomponens\u0171 lak parkett\u00e1k, haj\u00f3padl\u00f3k, l\u00e9cel\u00e9s, fa l\u00e9pcs\u0151k \u00e9s hasonl\u00f3 fa fel\u00fcletek \u00e9s elemek lakkoz\u00e1s\u00e1ra<\/p>\n","protected":false},"featured_media":35902,"template":"","meta":{"_monsterinsights_skip_tracking":false,"_monsterinsights_sitenote_active":false,"_monsterinsights_sitenote_note":"","_monsterinsights_sitenote_category":0},"product_brand":[],"product_cat":[346,373],"product_tag":[],"class_list":{"0":"post-36134","1":"product","2":"type-product","3":"status-publish","4":"has-post-thumbnail","6":"product_cat-fa-bevonatok","7":"product_cat-parketalakk","9":"first","10":"instock","11":"shipping-taxable","12":"product-type-simple"},"_links":{"self":[{"href":"https:\/\/nevenacolor.co.rs\/hu\/wp-json\/wp\/v2\/product\/36134","targetHints":{"allow":["GET"]}}],"collection":[{"href":"https:\/\/nevenacolor.co.rs\/hu\/wp-json\/wp\/v2\/product"}],"about":[{"href":"https:\/\/nevenacolor.co.rs\/hu\/wp-json\/wp\/v2\/types\/product"}],"version-history":[{"count":2,"href":"https:\/\/nevenacolor.co.rs\/hu\/wp-json\/wp\/v2\/product\/36134\/revisions"}],"predecessor-version":[{"id":36265,"href":"https:\/\/nevenacolor.co.rs\/hu\/wp-json\/wp\/v2\/product\/36134\/revisions\/36265"}],"wp:featuredmedia":[{"embeddable":true,"href":"https:\/\/nevenacolor.co.rs\/hu\/wp-json\/wp\/v2\/media\/35902"}],"wp:attachment":[{"href":"https:\/\/nevenacolor.co.rs\/hu\/wp-json\/wp\/v2\/media?parent=36134"}],"wp:term":[{"taxonomy":"product_brand","embeddable":true,"href":"https:\/\/nevenacolor.co.rs\/hu\/wp-json\/wp\/v2\/product_brand?post=36134"},{"taxonomy":"product_cat","embeddable":true,"href":"https:\/\/nevenacolor.co.rs\/hu\/wp-json\/wp\/v2\/product_cat?post=36134"},{"taxonomy":"product_tag","embeddable":true,"href":"https:\/\/nevenacolor.co.rs\/hu\/wp-json\/wp\/v2\/product_tag?post=36134"}],"curies":[{"name":"wp","href":"https:\/\/api.w.org\/{rel}","templated":true}]}}