{"id":36136,"date":"2024-05-28T10:47:01","date_gmt":"2024-05-28T10:47:01","guid":{"rendered":"https:\/\/nevenacolor.co.rs\/proizvod\/cool-parketta-lakk-1k\/"},"modified":"2025-05-02T12:50:12","modified_gmt":"2025-05-02T12:50:12","slug":"cool-parketta-lakk-1k","status":"publish","type":"product","link":"https:\/\/nevenacolor.co.rs\/hu\/term\u00e9k\/cool-parketta-lakk-1k\/","title":{"rendered":"Cool parketta lakk 1k"},"content":{"rendered":"<h3><strong>\u00c1LTAL\u00c1NOS ADATOK \u00c9S RENDELTET\u00c9S<\/strong><\/h3>\n<p class=\"p1\">A h\u00e1ztart\u00e1sban kisebb terhel\u00e9snek kitett fapadl\u00f3k, b\u00fatorok, lamb\u00e9ri\u00e1k \u00e9s egy\u00e9b fafel\u00fcletek v\u00e9delm\u00e9re. Felhord\u00e1sa ecsettel, hengerrel vagy fest\u0151pisztollyal h\u00e1rom r\u00e9tegben r\u00e9tegk\u00f6zi csiszol\u00e1ssal sz\u00e1raz (8-10% nedvess\u00e9g) \u00e9s tiszta (por- \u00e9s zs\u00edrmentes) fel\u00fcletre. R\u00e9tegk\u00f6zi csiszol\u00e1shoz haszn\u00e1ljon No 220 csiszol\u00f3pap\u00edrt. Sz\u00fcks\u00e9g eset\u00e9n a felhord\u00e1s m\u00f3dj\u00e1t\u00f3l f\u00fcgg\u0151en 5-10%-os Cool olajh\u00edg\u00edt\u00f3val h\u00edg\u00edtsa. Sz\u00e1rad\u00e1s a r\u00e9tegek k\u00f6z\u00f6tt 24 \u00f3r\u00e1ig, j\u00e1rhat\u00f3s\u00e1g 7 nap ut\u00e1n. Haszn\u00e1lat ut\u00e1n mossa le a szersz\u00e1mot Cool olajh\u00edg\u00edt\u00f3val. Az optim\u00e1lis m\u0171k\u00f6d\u00e9si leveg\u0151 h\u0151m\u00e9rs\u00e9klet 20\u00b0C, relat\u00edv p\u00e1ratartalom 65%.<\/p>\n<h3><strong>FELHASZN\u00c1L\u00c1S<\/strong><\/h3>\n<p class=\"p1\">10-12 m\u00b2\/l egy r\u00e9tegben<\/p>\n<h3><strong>CSOMAGOL\u00c1S<\/strong><\/h3>\n<p class=\"p1\">2,5 l<\/p>\n<h3><strong>FELHASZN\u00c1LHAT\u00d3S\u00c1GI ID\u0150 \u00c9S T\u00c1ROL\u00c1S<\/strong><\/h3>\n<p class=\"p1\">36 h\u00f3nap a csomagol\u00e1son felt\u00fcntetett d\u00e1tumt\u00f3l sz\u00e1m\u00edtva. Eredeti, j\u00f3l z\u00e1rhat\u00f3 \u00e9s s\u00e9r\u00fcl\u00e9smentes gy\u00e1ri csomagol\u00e1sban, +5\u00baC \u00e9s +25\u00baC k\u00f6z\u00f6tti h\u0151m\u00e9rs\u00e9kleten t\u00e1roland\u00f3.<\/p>\n<h3><strong>DOKUMENT\u00c1CI\u00d3<\/strong><\/h3>\n<div class=\"dokumentacija\">\n<p><a class=\"dugmeproizvod\" href=\"https:\/\/nevenacolor.co.rs\/wp-content\/uploads\/2024\/11\/Tehnicka-dokumentacija-podloga.pdf\" target=\"_blank\" rel=\"noopener\">M\u0170SZAKI DOKUMENT\u00c1CI\u00d3<\/a><\/p>\n<p>&nbsp;<\/p>\n<\/div>\n","protected":false},"excerpt":{"rendered":"<p>\u00c1LTAL\u00c1NOS ADATOK \u00c9S RENDELTET\u00c9S A h\u00e1ztart\u00e1sban kisebb terhel\u00e9snek kitett fapadl\u00f3k, b\u00fatorok, lamb\u00e9ri\u00e1k \u00e9s egy\u00e9b fafel\u00fcletek v\u00e9delm\u00e9re. Felhord\u00e1sa ecsettel, hengerrel vagy<\/p>\n","protected":false},"featured_media":35572,"template":"","meta":{"_monsterinsights_skip_tracking":false,"_monsterinsights_sitenote_active":false,"_monsterinsights_sitenote_note":"","_monsterinsights_sitenote_category":0},"product_brand":[],"product_cat":[346,374,373],"product_tag":[],"class_list":{"0":"post-36136","1":"product","2":"type-product","3":"status-publish","4":"has-post-thumbnail","6":"product_cat-fa-bevonatok","7":"product_cat-olajalapu-alkid-bevonat-hu-4","8":"product_cat-parketalakk","10":"first","11":"instock","12":"shipping-taxable","13":"product-type-simple"},"_links":{"self":[{"href":"https:\/\/nevenacolor.co.rs\/hu\/wp-json\/wp\/v2\/product\/36136","targetHints":{"allow":["GET"]}}],"collection":[{"href":"https:\/\/nevenacolor.co.rs\/hu\/wp-json\/wp\/v2\/product"}],"about":[{"href":"https:\/\/nevenacolor.co.rs\/hu\/wp-json\/wp\/v2\/types\/product"}],"version-history":[{"count":1,"href":"https:\/\/nevenacolor.co.rs\/hu\/wp-json\/wp\/v2\/product\/36136\/revisions"}],"predecessor-version":[{"id":36225,"href":"https:\/\/nevenacolor.co.rs\/hu\/wp-json\/wp\/v2\/product\/36136\/revisions\/36225"}],"wp:featuredmedia":[{"embeddable":true,"href":"https:\/\/nevenacolor.co.rs\/hu\/wp-json\/wp\/v2\/media\/35572"}],"wp:attachment":[{"href":"https:\/\/nevenacolor.co.rs\/hu\/wp-json\/wp\/v2\/media?parent=36136"}],"wp:term":[{"taxonomy":"product_brand","embeddable":true,"href":"https:\/\/nevenacolor.co.rs\/hu\/wp-json\/wp\/v2\/product_brand?post=36136"},{"taxonomy":"product_cat","embeddable":true,"href":"https:\/\/nevenacolor.co.rs\/hu\/wp-json\/wp\/v2\/product_cat?post=36136"},{"taxonomy":"product_tag","embeddable":true,"href":"https:\/\/nevenacolor.co.rs\/hu\/wp-json\/wp\/v2\/product_tag?post=36136"}],"curies":[{"name":"wp","href":"https:\/\/api.w.org\/{rel}","templated":true}]}}