{"id":36137,"date":"2024-05-28T10:46:42","date_gmt":"2024-05-28T10:46:42","guid":{"rendered":"https:\/\/nevenacolor.co.rs\/proizvod\/cool-vizbazisu-parkettalakk\/"},"modified":"2025-05-02T13:00:06","modified_gmt":"2025-05-02T13:00:06","slug":"cool-vizbazisu-parkettalakk","status":"publish","type":"product","link":"https:\/\/nevenacolor.co.rs\/hu\/term\u00e9k\/cool-vizbazisu-parkettalakk\/","title":{"rendered":"Cool v\u00edzb\u00e1zis\u00fa parkettalakk"},"content":{"rendered":"<h3><strong>\u00c1LTAL\u00c1NOS ADATOK \u00c9S RENDELTET\u00c9S<\/strong><\/h3>\n<p class=\"p1\">A COOL V\u00cdZB\u00c1ZIS\u00da PARKETTALAKK egy v\u00edzzel h\u00edg\u00edthat\u00f3, egykomponens\u0171 lakk, amelyet minden t\u00edpus\u00fa parketta \u00e9s m\u00e1s fa fel\u00fcletek v\u00e9delm\u00e9re \u00e9s dekor\u00e1l\u00e1s\u00e1ra fejlesztettek ki. Poliuret\u00e1n-akril diszperzi\u00f3 alap\u00fa term\u00e9k. K\u00f6rnyezetbar\u00e1t, k\u00e1ros g\u0151z\u00f6k \u00e9s kellemetlen szagok n\u00e9lk\u00fcl, selyemf\u00e9ny\u0171, gyorsan sz\u00e1rad, kop\u00e1s\u00e1ll\u00f3. Ecsettel vagy hengerrel h\u00e1rom r\u00e9tegben kell felvinni, a r\u00e9tegek k\u00f6z\u00f6tt finom csiszol\u00e1ssal. A parketta sz\u00e1raz, viasz-, por- \u00e9s zs\u00edrmentes kell legyen. A r\u00e9tegek k\u00f6z\u00f6tti sz\u00e1rad\u00e1si id\u0151 4\u20136 \u00f3ra. A szersz\u00e1mokat azonnal v\u00edzzel kell elmosni.<\/p>\n<h3><strong>FELHASZN\u00c1L\u00c1S<\/strong><\/h3>\n<p class=\"p1\">8-10 m\u00b2\/l egy r\u00e9tegben<\/p>\n<h3><strong>CSOMAGOL\u00c1S<\/strong><\/h3>\n<p class=\"p1\">1 l<\/p>\n<h3><strong>FELHASZN\u00c1LHAT\u00d3S\u00c1GI ID\u0150 \u00c9S T\u00c1ROL\u00c1S<\/strong><\/h3>\n<p class=\"p1\">18 h\u00f3nap a csomagol\u00e1son felt\u00fcntetett d\u00e1tumt\u00f3l sz\u00e1m\u00edtva. Eredeti, j\u00f3l lez\u00e1rt \u00e9s s\u00e9r\u00fcl\u00e9smentes gy\u00e1ri csomagol\u00e1sban t\u00e1roland\u00f3, +5 \u00baC \u00e9s +25 \u00baC k\u00f6z\u00f6tti h\u0151m\u00e9rs\u00e9kleten.<\/p>\n<h3><strong>DOKUMENT\u00c1CI\u00d3<\/strong><\/h3>\n<div class=\"dokumentacija\">\n<p><a class=\"dugmeproizvod\" href=\"https:\/\/nevenacolor.co.rs\/wp-content\/uploads\/2024\/11\/Tehnicka-dokumentacija-lak-za-drvo.pdf\" target=\"_blank\" rel=\"noopener\">M\u0170SZAKI ADATLAP<\/a><\/p>\n<p><a class=\"dugmeproizvod\" href=\"https:\/\/nevenacolor.co.rs\/wp-content\/uploads\/2024\/11\/Bezbedonosi-list-lak-za-drvo.pdf\" target=\"_blank\" rel=\"noopener\">BIZTONS\u00c1GI ADATLAP<\/a><\/p>\n<p>&nbsp;<\/p>\n<\/div>\n","protected":false},"excerpt":{"rendered":"<p>\u00c1LTAL\u00c1NOS ADATOK \u00c9S RENDELTET\u00c9S A COOL V\u00cdZB\u00c1ZIS\u00da PARKETTALAKK egy v\u00edzzel h\u00edg\u00edthat\u00f3, egykomponens\u0171 lakk, amelyet minden t\u00edpus\u00fa parketta \u00e9s m\u00e1s fa<\/p>\n","protected":false},"featured_media":35566,"template":"","meta":{"_monsterinsights_skip_tracking":false,"_monsterinsights_sitenote_active":false,"_monsterinsights_sitenote_note":"","_monsterinsights_sitenote_category":0},"product_brand":[],"product_cat":[346,373,375],"product_tag":[],"class_list":{"0":"post-36137","1":"product","2":"type-product","3":"status-publish","4":"has-post-thumbnail","6":"product_cat-fa-bevonatok","7":"product_cat-parketalakk","8":"product_cat-vizkigyensulyozott-akril-bevonat-hu-6","10":"first","11":"instock","12":"featured","13":"shipping-taxable","14":"product-type-simple"},"_links":{"self":[{"href":"https:\/\/nevenacolor.co.rs\/hu\/wp-json\/wp\/v2\/product\/36137","targetHints":{"allow":["GET"]}}],"collection":[{"href":"https:\/\/nevenacolor.co.rs\/hu\/wp-json\/wp\/v2\/product"}],"about":[{"href":"https:\/\/nevenacolor.co.rs\/hu\/wp-json\/wp\/v2\/types\/product"}],"version-history":[{"count":1,"href":"https:\/\/nevenacolor.co.rs\/hu\/wp-json\/wp\/v2\/product\/36137\/revisions"}],"predecessor-version":[{"id":36253,"href":"https:\/\/nevenacolor.co.rs\/hu\/wp-json\/wp\/v2\/product\/36137\/revisions\/36253"}],"wp:featuredmedia":[{"embeddable":true,"href":"https:\/\/nevenacolor.co.rs\/hu\/wp-json\/wp\/v2\/media\/35566"}],"wp:attachment":[{"href":"https:\/\/nevenacolor.co.rs\/hu\/wp-json\/wp\/v2\/media?parent=36137"}],"wp:term":[{"taxonomy":"product_brand","embeddable":true,"href":"https:\/\/nevenacolor.co.rs\/hu\/wp-json\/wp\/v2\/product_brand?post=36137"},{"taxonomy":"product_cat","embeddable":true,"href":"https:\/\/nevenacolor.co.rs\/hu\/wp-json\/wp\/v2\/product_cat?post=36137"},{"taxonomy":"product_tag","embeddable":true,"href":"https:\/\/nevenacolor.co.rs\/hu\/wp-json\/wp\/v2\/product_tag?post=36137"}],"curies":[{"name":"wp","href":"https:\/\/api.w.org\/{rel}","templated":true}]}}