{"id":36138,"date":"2024-05-28T10:46:21","date_gmt":"2024-05-28T10:46:21","guid":{"rendered":"https:\/\/nevenacolor.co.rs\/proizvod\/cool-professional-poliuretan-alapozo\/"},"modified":"2025-05-02T13:07:26","modified_gmt":"2025-05-02T13:07:26","slug":"cool-professional-poliuretan-alapozo","status":"publish","type":"product","link":"https:\/\/nevenacolor.co.rs\/hu\/term\u00e9k\/cool-professional-poliuretan-alapozo\/","title":{"rendered":"Cool professional poliuret\u00e1n alapoz\u00f3"},"content":{"rendered":"<h3><strong>\u00c1LTAL\u00c1NOS ADATOK \u00c9S RENDELTET\u00c9S<\/strong><\/h3>\n<p class=\"docx_normalweb\">A poliuret\u00e1n alapoz\u00f3 alkid k\u00f6t\u0151anyagok \u00e9s nitrocellul\u00f3z, megfelel\u0151 old\u00f3szerek \u00e9s adal\u00e9kanyagok felhaszn\u00e1l\u00e1s\u00e1val k\u00e9sz\u00fcl. Alkalmazhat\u00f3 minden t\u00edpus\u00fa parketta, fa padl\u00f3, h\u00e1ztart\u00e1si b\u00fator \u00e9s egy\u00e9b fa fel\u00fcletek alapoz\u00e1s\u00e1ra.<\/p>\n<h3><strong>ALKALMAZ\u00c1SI \u00daTMUTAT\u00d3<\/strong><\/h3>\n<p class=\"p1\">Az alapoz\u00f3 ecsettel, hengerrel vagy sz\u00f3r\u00f3pisztollyal vihet\u0151 fel az el\u0151z\u0151leg lecsiszolt, sz\u00e1raz, zs\u00edrtalan\u00edtott \u00e9s megtiszt\u00edtott fel\u00fcletre. Egy vagy k\u00e9t r\u00e9tegben alkalmazhat\u00f3, a r\u00e9tegek k\u00f6z\u00f6tt finom csiszol\u00e1ssal. A fed\u0151lakk az alapoz\u00f3ra 12 \u00f3ra m\u00falva vihet\u0151 fel. H\u00edg\u00edt\u00e1shoz \u00e9s a szersz\u00e1mok tiszt\u00edt\u00e1s\u00e1hoz Cool nitro h\u00edg\u00edt\u00f3 haszn\u00e1lhat\u00f3.<\/p>\n<h3><strong>FELHASZN\u00c1L\u00c1S<\/strong><\/h3>\n<p class=\"p1\">1 liter lakkal 8\u201310 m\u00b2 fel\u00fclet vonhat\u00f3 be.<\/p>\n<h3><strong>CSOMAGOL\u00c1S<\/strong><\/h3>\n<p class=\"p1\">0,75 l, 2,5 l \u00e9s 20 l.<\/p>\n<h3><strong>FELHASZN\u00c1LHAT\u00d3S\u00c1GI ID\u0150 \u00c9S T\u00c1ROL\u00c1S<\/strong><\/h3>\n<p class=\"p1\">A csomagol\u00e1son felt\u00fcntetett gy\u00e1rt\u00e1si d\u00e1tumt\u00f3l sz\u00e1m\u00edtott 36 h\u00f3napig haszn\u00e1lhat\u00f3. Eredeti, j\u00f3l lez\u00e1rt \u00e9s s\u00e9rtetlen gy\u00e1ri csomagol\u00e1sban, +5\u202f\u00b0C \u00e9s +25\u202f\u00b0C k\u00f6z\u00f6tti h\u0151m\u00e9rs\u00e9kleten t\u00e1roland\u00f3.<\/p>\n<h3><strong>DOKUMENT\u00c1CI\u00d3<\/strong><\/h3>\n<div class=\"dokumentacija\">\n<p><a class=\"dugmeproizvod\" href=\"https:\/\/nevenacolor.co.rs\/wp-content\/uploads\/2024\/11\/Tehnicka-dokumentacija-poliuretanska.pdf\" target=\"_blank\" rel=\"noopener\">M\u0170SZAKI ADATLAP<\/a><\/p>\n<p><a class=\"dugmeproizvod\" href=\"https:\/\/nevenacolor.co.rs\/wp-content\/uploads\/2024\/11\/Bezbedonosni-list-poliuretanska.pdf\" target=\"_blank\" rel=\"noopener\">BIZTONS\u00c1GI ADATLAP<\/a><\/p>\n<p>&nbsp;<\/p>\n<\/div>\n","protected":false},"excerpt":{"rendered":"<p>\u00c1LTAL\u00c1NOS ADATOK \u00c9S RENDELTET\u00c9S A poliuret\u00e1n alapoz\u00f3 alkid k\u00f6t\u0151anyagok \u00e9s nitrocellul\u00f3z, megfelel\u0151 old\u00f3szerek \u00e9s adal\u00e9kanyagok felhaszn\u00e1l\u00e1s\u00e1val k\u00e9sz\u00fcl. Alkalmazhat\u00f3 minden t\u00edpus\u00fa<\/p>\n","protected":false},"featured_media":35593,"template":"","meta":{"_monsterinsights_skip_tracking":false,"_monsterinsights_sitenote_active":false,"_monsterinsights_sitenote_note":"","_monsterinsights_sitenote_category":0},"product_brand":[],"product_cat":[346,373],"product_tag":[],"class_list":{"0":"post-36138","1":"product","2":"type-product","3":"status-publish","4":"has-post-thumbnail","6":"product_cat-fa-bevonatok","7":"product_cat-parketalakk","9":"first","10":"instock","11":"shipping-taxable","12":"product-type-simple"},"_links":{"self":[{"href":"https:\/\/nevenacolor.co.rs\/hu\/wp-json\/wp\/v2\/product\/36138","targetHints":{"allow":["GET"]}}],"collection":[{"href":"https:\/\/nevenacolor.co.rs\/hu\/wp-json\/wp\/v2\/product"}],"about":[{"href":"https:\/\/nevenacolor.co.rs\/hu\/wp-json\/wp\/v2\/types\/product"}],"version-history":[{"count":1,"href":"https:\/\/nevenacolor.co.rs\/hu\/wp-json\/wp\/v2\/product\/36138\/revisions"}],"predecessor-version":[{"id":36266,"href":"https:\/\/nevenacolor.co.rs\/hu\/wp-json\/wp\/v2\/product\/36138\/revisions\/36266"}],"wp:featuredmedia":[{"embeddable":true,"href":"https:\/\/nevenacolor.co.rs\/hu\/wp-json\/wp\/v2\/media\/35593"}],"wp:attachment":[{"href":"https:\/\/nevenacolor.co.rs\/hu\/wp-json\/wp\/v2\/media?parent=36138"}],"wp:term":[{"taxonomy":"product_brand","embeddable":true,"href":"https:\/\/nevenacolor.co.rs\/hu\/wp-json\/wp\/v2\/product_brand?post=36138"},{"taxonomy":"product_cat","embeddable":true,"href":"https:\/\/nevenacolor.co.rs\/hu\/wp-json\/wp\/v2\/product_cat?post=36138"},{"taxonomy":"product_tag","embeddable":true,"href":"https:\/\/nevenacolor.co.rs\/hu\/wp-json\/wp\/v2\/product_tag?post=36138"}],"curies":[{"name":"wp","href":"https:\/\/api.w.org\/{rel}","templated":true}]}}