{"id":36139,"date":"2024-05-28T10:46:01","date_gmt":"2024-05-28T10:46:01","guid":{"rendered":"https:\/\/nevenacolor.co.rs\/proizvod\/cool-professional-parketta-fugazo-habarcs\/"},"modified":"2025-05-02T13:07:45","modified_gmt":"2025-05-02T13:07:45","slug":"cool-professional-parketta-fugazo-habarcs","status":"publish","type":"product","link":"https:\/\/nevenacolor.co.rs\/hu\/term\u00e9k\/cool-professional-parketta-fugazo-habarcs\/","title":{"rendered":"Cool professional parketta fug\u00e1z\u00f3 habarcs"},"content":{"rendered":"<h3><strong>\u00c1LTAL\u00c1NOS ADATOK \u00c9S RENDELTET\u00c9S<\/strong><\/h3>\n<p class=\"p1\">Sz\u00edntelen lakk, amely a faporral keverve fug\u00e1z\u00f3 kever\u00e9ket ad. Az el\u0151k\u00e9sz\u00edtett kever\u00e9k haszn\u00e1lat\u00e1val monolit padl\u00f3hat\u00e1s \u00e9rhet\u0151 el, kiv\u00e1l\u00f3 vizu\u00e1lis megjelen\u00e9ssel, mik\u00f6zben cs\u00f6kkenti a lakkfelhaszn\u00e1l\u00e1st. A parketta lerak\u00e1sakor keletkez\u0151 fug\u00e1k \u00e9s kisebb parkettahib\u00e1k kit\u00f6lt\u00e9s\u00e9re szolg\u00e1l. Az el\u0151k\u00e9sz\u00edtett kever\u00e9ket a parketta csiszol\u00e1sa el\u0151tt kell felvinni.<\/p>\n<h3><strong>ALKALMAZ\u00c1SI \u00daTMUTAT\u00d3<\/strong><\/h3>\n<p class=\"p1\">A parketta fug\u00e1z\u00f3 kever\u00e9khez hozz\u00e1 kell adni a legut\u00f3bbi csiszol\u00e1sb\u00f3l sz\u00e1rmaz\u00f3 faporral, hogy s\u0171r\u0171 kever\u00e9ket (t\u00f6lt\u0151paszta \u00e1llag\u00fa) kapjunk, amelyet spatul\u00e1val kell felvinni az eg\u00e9sz fel\u00fcletre. A sz\u00e1rad\u00e1s ut\u00e1n, 1-2 \u00f3ra eltelt\u00e9vel, a parketta csiszolhat\u00f3.<\/p>\n<h3><strong>FELHASZN\u00c1L\u00c1S<\/strong><\/h3>\n<p class=\"p1\">1 kg lakkal k\u00f6r\u00fclbel\u00fcl 8\u201310 m\u00b2 fel\u00fclet fedhet\u0151 le egy r\u00e9tegben.<\/p>\n<h3><strong>CSOMAGOL\u00c1S<\/strong><\/h3>\n<p class=\"p1\">0,9 kg<\/p>\n<h3><strong>FELHASZN\u00c1LHAT\u00d3S\u00c1GI ID\u0150 \u00c9S T\u00c1ROL\u00c1S<\/strong><\/h3>\n<p class=\"p1\">A csomagol\u00e1son felt\u00fcntetett gy\u00e1rt\u00e1si d\u00e1tumt\u00f3l sz\u00e1m\u00edtott 36 h\u00f3napig haszn\u00e1lhat\u00f3. Eredeti, j\u00f3l lez\u00e1rt \u00e9s s\u00e9rtetlen gy\u00e1ri csomagol\u00e1sban, +5\u202f\u00b0C \u00e9s +25\u202f\u00b0C k\u00f6z\u00f6tti h\u0151m\u00e9rs\u00e9kleten t\u00e1roland\u00f3.<\/p>\n<h3><strong>DOKUMENT\u00c1CI\u00d3<\/strong><\/h3>\n<div class=\"dokumentacija\">\n<p><a class=\"dugmeproizvod\" href=\"https:\/\/nevenacolor.co.rs\/wp-content\/uploads\/2024\/11\/Tehnicka-dokumentacija-masa-za-fugovanje.pdf\" target=\"_blank\" rel=\"noopener\">M\u0170SZAKI ADATLAP<\/a><\/p>\n<p><a class=\"dugmeproizvod\" href=\"https:\/\/nevenacolor.co.rs\/wp-content\/uploads\/2024\/11\/Bezbedonosni-list-masa-za-fugovanje.pdf\" target=\"_blank\" rel=\"noopener\">BIZTONS\u00c1GI ADATLAP<\/a><\/p>\n<p>&nbsp;<\/p>\n<\/div>\n","protected":false},"excerpt":{"rendered":"<p>\u00c1LTAL\u00c1NOS ADATOK \u00c9S RENDELTET\u00c9S Sz\u00edntelen lakk, amely a faporral keverve fug\u00e1z\u00f3 kever\u00e9ket ad. Az el\u0151k\u00e9sz\u00edtett kever\u00e9k haszn\u00e1lat\u00e1val monolit padl\u00f3hat\u00e1s \u00e9rhet\u0151<\/p>\n","protected":false},"featured_media":35592,"template":"","meta":{"_monsterinsights_skip_tracking":false,"_monsterinsights_sitenote_active":false,"_monsterinsights_sitenote_note":"","_monsterinsights_sitenote_category":0},"product_brand":[],"product_cat":[346,373],"product_tag":[],"class_list":{"0":"post-36139","1":"product","2":"type-product","3":"status-publish","4":"has-post-thumbnail","6":"product_cat-fa-bevonatok","7":"product_cat-parketalakk","9":"first","10":"instock","11":"shipping-taxable","12":"product-type-simple"},"_links":{"self":[{"href":"https:\/\/nevenacolor.co.rs\/hu\/wp-json\/wp\/v2\/product\/36139","targetHints":{"allow":["GET"]}}],"collection":[{"href":"https:\/\/nevenacolor.co.rs\/hu\/wp-json\/wp\/v2\/product"}],"about":[{"href":"https:\/\/nevenacolor.co.rs\/hu\/wp-json\/wp\/v2\/types\/product"}],"version-history":[{"count":1,"href":"https:\/\/nevenacolor.co.rs\/hu\/wp-json\/wp\/v2\/product\/36139\/revisions"}],"predecessor-version":[{"id":36267,"href":"https:\/\/nevenacolor.co.rs\/hu\/wp-json\/wp\/v2\/product\/36139\/revisions\/36267"}],"wp:featuredmedia":[{"embeddable":true,"href":"https:\/\/nevenacolor.co.rs\/hu\/wp-json\/wp\/v2\/media\/35592"}],"wp:attachment":[{"href":"https:\/\/nevenacolor.co.rs\/hu\/wp-json\/wp\/v2\/media?parent=36139"}],"wp:term":[{"taxonomy":"product_brand","embeddable":true,"href":"https:\/\/nevenacolor.co.rs\/hu\/wp-json\/wp\/v2\/product_brand?post=36139"},{"taxonomy":"product_cat","embeddable":true,"href":"https:\/\/nevenacolor.co.rs\/hu\/wp-json\/wp\/v2\/product_cat?post=36139"},{"taxonomy":"product_tag","embeddable":true,"href":"https:\/\/nevenacolor.co.rs\/hu\/wp-json\/wp\/v2\/product_tag?post=36139"}],"curies":[{"name":"wp","href":"https:\/\/api.w.org\/{rel}","templated":true}]}}