{"id":36141,"date":"2024-05-28T10:45:11","date_gmt":"2024-05-28T10:45:11","guid":{"rendered":"https:\/\/nevenacolor.co.rs\/proizvod\/cool-nitro-alapozo-lakk\/"},"modified":"2024-05-28T10:45:11","modified_gmt":"2024-05-28T10:45:11","slug":"cool-nitro-alapozo-lakk","status":"publish","type":"product","link":"https:\/\/nevenacolor.co.rs\/hu\/term\u00e9k\/cool-nitro-alapozo-lakk\/","title":{"rendered":"Cool nitro alapoz\u00f3 lakk"},"content":{"rendered":"<h3><strong>\u00c1LTAL\u00c1NOS ADATOK \u00c9S RENDELTET\u00c9S<\/strong><\/h3>\n<p class=\"p1\">A Cool nitro alapoz\u00f3 fa fel\u00fcletek alapoz\u00e1s\u00e1ra szolg\u00e1l a v\u00e9gs\u0151 lakkoz\u00e1s vagy fest\u00e9s el\u0151tt. Jellemz\u0151je a gyors sz\u00e1rad\u00e1s, j\u00f3 tapad\u00e1s, kem\u00e9nys\u00e9g \u00e9s rugalmass\u00e1g, valamint k\u00f6nnyen csiszolhat\u00f3. A Cool nitro v\u00e9gs\u0151 lakk \u2013 f\u00e9nyes \u2013 fa fel\u00fcletek v\u00e9gs\u0151 lakkoz\u00e1s\u00e1ra k\u00e9sz\u00fclt. Jellemz\u0151je a gyors sz\u00e1rad\u00e1s, kiv\u00e1l\u00f3 kem\u00e9nys\u00e9g \u00e9s magas f\u00e9nyess\u00e9g.   <\/p>\n<h3><strong>ALKALMAZ\u00c1SI \u00daTMUTAT\u00d3<\/strong><\/h3>\n<p class=\"p1\">Haszn\u00e1lat el\u0151tt alaposan fel kell keverni. A COOL NITRO LAK &#8211; ALAPOZ\u00d3VAL LEFEDEND\u0150 FEL\u00dcLETNEK SZ\u00c1RAZNAK \u00c9S TISZT\u00c1NAK KELL LENNI. A Nitro lakk v\u00e9gs\u0151 &#8211; f\u00e9nyes a Cool nitro alapoz\u00f3 f\u00f6l\u00e9 vihet\u0151 fel, el\u0151z\u0151 csiszol\u00e1s ut\u00e1n. A nitro lakkot sz\u00f3r\u00f3pisztollyal, ecsettel vagy mer\u00edt\u00e9ssel kell felvinni. A sz\u00e1rad\u00e1s 20\u00b0C-on 30 percet vesz ig\u00e9nybe.    <\/p>\n<h3><strong>FELHASZN\u00c1L\u00c1S<\/strong><\/h3>\n<p class=\"p1\">1 kg lakkal k\u00f6r\u00fclbel\u00fcl 8\u201310 m\u00b2 fel\u00fclet fedhet\u0151 le egy r\u00e9tegben.<\/p>\n<h3><strong>CSOMAGOL\u00c1S<\/strong><\/h3>\n<p class=\"p1\">0,75 l, 2,5 l, 20 l \u00e9s 200 l.<\/p>\n<h3><strong>FELHASZN\u00c1LHAT\u00d3S\u00c1GI ID\u0150 \u00c9S T\u00c1ROL\u00c1S<\/strong><\/h3>\n<p class=\"p1\">A csomagol\u00e1son felt\u00fcntetett gy\u00e1rt\u00e1si d\u00e1tumt\u00f3l sz\u00e1m\u00edtott 36 h\u00f3napig haszn\u00e1lhat\u00f3. Eredeti, j\u00f3l lez\u00e1rt \u00e9s s\u00e9rtetlen gy\u00e1ri csomagol\u00e1sban, +5\u202f\u00b0C \u00e9s +25\u202f\u00b0C k\u00f6z\u00f6tti h\u0151m\u00e9rs\u00e9kleten t\u00e1roland\u00f3. <\/p>\n<h3><strong>DOKUMENT\u00c1CI\u00d3<\/strong><\/h3>\n<div class=\"dokumentacija\">\n<p><a class=\"dugmeproizvod\" href=\"https:\/\/nevenacolor.co.rs\/wp-content\/uploads\/2024\/11\/Tehnicka-dokumentacija-nitro-osnovni-1.pdf\" target=\"_blank\" rel=\"noopener\">M\u0170SZAKI ADATLAP<\/a><\/p>\n<p><a class=\"dugmeproizvod\" href=\"https:\/\/nevenacolor.co.rs\/wp-content\/uploads\/2024\/12\/Bezbedonosni-list-6.pdf\" target=\"_blank\" rel=\"noopener\">BIZTONS\u00c1GI ADATLAP<\/a><\/p>\n<p>&nbsp;<\/p>\n<\/div>\n","protected":false},"excerpt":{"rendered":"<p>\u00c1LTAL\u00c1NOS ADATOK \u00c9S RENDELTET\u00c9S A Cool nitro alapoz\u00f3 fa fel\u00fcletek alapoz\u00e1s\u00e1ra szolg\u00e1l a v\u00e9gs\u0151 lakkoz\u00e1s vagy fest\u00e9s el\u0151tt. Jellemz\u0151je a<\/p>\n","protected":false},"featured_media":35579,"template":"","meta":{"_monsterinsights_skip_tracking":false,"_monsterinsights_sitenote_active":false,"_monsterinsights_sitenote_note":"","_monsterinsights_sitenote_category":0},"product_brand":[],"product_cat":[346,351,352],"product_tag":[],"class_list":{"0":"post-36141","1":"product","2":"type-product","3":"status-publish","4":"has-post-thumbnail","6":"product_cat-fa-bevonatok","7":"product_cat-lakkok","8":"product_cat-nitro-bevonat-hu-2","10":"first","11":"instock","12":"shipping-taxable","13":"product-type-simple"},"_links":{"self":[{"href":"https:\/\/nevenacolor.co.rs\/hu\/wp-json\/wp\/v2\/product\/36141","targetHints":{"allow":["GET"]}}],"collection":[{"href":"https:\/\/nevenacolor.co.rs\/hu\/wp-json\/wp\/v2\/product"}],"about":[{"href":"https:\/\/nevenacolor.co.rs\/hu\/wp-json\/wp\/v2\/types\/product"}],"version-history":[{"count":0,"href":"https:\/\/nevenacolor.co.rs\/hu\/wp-json\/wp\/v2\/product\/36141\/revisions"}],"wp:featuredmedia":[{"embeddable":true,"href":"https:\/\/nevenacolor.co.rs\/hu\/wp-json\/wp\/v2\/media\/35579"}],"wp:attachment":[{"href":"https:\/\/nevenacolor.co.rs\/hu\/wp-json\/wp\/v2\/media?parent=36141"}],"wp:term":[{"taxonomy":"product_brand","embeddable":true,"href":"https:\/\/nevenacolor.co.rs\/hu\/wp-json\/wp\/v2\/product_brand?post=36141"},{"taxonomy":"product_cat","embeddable":true,"href":"https:\/\/nevenacolor.co.rs\/hu\/wp-json\/wp\/v2\/product_cat?post=36141"},{"taxonomy":"product_tag","embeddable":true,"href":"https:\/\/nevenacolor.co.rs\/hu\/wp-json\/wp\/v2\/product_tag?post=36141"}],"curies":[{"name":"wp","href":"https:\/\/api.w.org\/{rel}","templated":true}]}}