{"id":36143,"date":"2024-05-28T10:44:31","date_gmt":"2024-05-28T10:44:31","guid":{"rendered":"https:\/\/nevenacolor.co.rs\/proizvod\/cool-hajo-lakk\/"},"modified":"2025-05-02T12:49:44","modified_gmt":"2025-05-02T12:49:44","slug":"cool-hajo-lakk","status":"publish","type":"product","link":"https:\/\/nevenacolor.co.rs\/hu\/term\u00e9k\/cool-hajo-lakk\/","title":{"rendered":"Cool haj\u00f3 lakk"},"content":{"rendered":"<h3><strong>\u00c1LTAL\u00c1NOS ADATOK \u00c9S RENDELTET\u00c9S<\/strong><\/h3>\n<p class=\"p1\">A haj\u00f3 lakk sz\u00edntelen, egykomponens\u0171 bevon\u00f3 anyag, szintetikus k\u00f6t\u0151anyagok, adal\u00e9kok \u00e9s old\u00f3szerek felhaszn\u00e1l\u00e1s\u00e1val, leveg\u0151n sz\u00e1rad\u00f3. Fa fel\u00fcletek d\u00edsz\u00edt\u00e9s\u00e9re \u00e9s v\u00e9delm\u00e9re haszn\u00e1lhat\u00f3. A sz\u00e1raz r\u00e9teg magas f\u00e9nyess\u00e9ggel, j\u00f3 rugalmass\u00e1ggal, kem\u00e9nys\u00e9ggel rendelkezik, sima, r\u00e1ncok \u00e9s hib\u00e1k n\u00e9lk\u00fcli. Ellen\u00e1ll az id\u0151j\u00e1r\u00e1si hat\u00e1soknak.<\/p>\n<h3><strong>ALKALMAZ\u00c1SI \u00daTMUTAT\u00d3<\/strong><\/h3>\n<p class=\"p1\">Ecsettel, hengerrel, mer\u00edt\u00e9ssel vagy sz\u00f3r\u00f3pisztollyal kell felvinni a sz\u00e1raz, tiszta \u00e9s lecsiszolt fel\u00fcletre 2-3 r\u00e9tegben.<\/p>\n<h3><strong>FELHASZN\u00c1L\u00c1S<\/strong><\/h3>\n<p class=\"p1\">1 liter lakkal 10-12 m\u00b2 fel\u00fclet fedhet\u0151 le egy r\u00e9tegben.<\/p>\n<h3><strong>CSOMAGOL\u00c1S<\/strong><\/h3>\n<p class=\"p1\">0,75 l<\/p>\n<h3><strong>FELHASZN\u00c1LHAT\u00d3S\u00c1GI ID\u0150 \u00c9S T\u00c1ROL\u00c1S<\/strong><\/h3>\n<p class=\"p1\">A csomagol\u00e1son felt\u00fcntetett gy\u00e1rt\u00e1si d\u00e1tumt\u00f3l sz\u00e1m\u00edtott 36 h\u00f3napig haszn\u00e1lhat\u00f3. Eredeti, j\u00f3l lez\u00e1rt \u00e9s s\u00e9rtetlen gy\u00e1ri csomagol\u00e1sban, +5\u202f\u00b0C \u00e9s +25\u202f\u00b0C k\u00f6z\u00f6tti h\u0151m\u00e9rs\u00e9kleten t\u00e1roland\u00f3.<\/p>\n<h3><strong>DOKUMENT\u00c1CI\u00d3<\/strong><\/h3>\n<div class=\"dokumentacija\">\n<p><a class=\"dugmeproizvod\" href=\"https:\/\/nevenacolor.co.rs\/wp-content\/uploads\/2024\/11\/Tehnicka-dokumentacija-camac.pdf\" target=\"_blank\" rel=\"noopener\">M\u0170SZAKI ADATLAP<\/a><\/p>\n<p><a class=\"dugmeproizvod\" href=\"https:\/\/nevenacolor.co.rs\/wp-content\/uploads\/2024\/11\/Bezbedonosni-list-camac.pdf\" target=\"_blank\" rel=\"noopener\">BIZTONS\u00c1GI ADATLAP<\/a><\/p>\n<p>&nbsp;<\/p>\n<\/div>\n","protected":false},"excerpt":{"rendered":"<p>\u00c1LTAL\u00c1NOS ADATOK \u00c9S RENDELTET\u00c9S A haj\u00f3 lakk sz\u00edntelen, egykomponens\u0171 bevon\u00f3 anyag, szintetikus k\u00f6t\u0151anyagok, adal\u00e9kok \u00e9s old\u00f3szerek felhaszn\u00e1l\u00e1s\u00e1val, leveg\u0151n sz\u00e1rad\u00f3. Fa<\/p>\n","protected":false},"featured_media":35568,"template":"","meta":{"_monsterinsights_skip_tracking":false,"_monsterinsights_sitenote_active":false,"_monsterinsights_sitenote_note":"","_monsterinsights_sitenote_category":0},"product_brand":[],"product_cat":[346,351,368],"product_tag":[],"class_list":{"0":"post-36143","1":"product","2":"type-product","3":"status-publish","4":"has-post-thumbnail","6":"product_cat-fa-bevonatok","7":"product_cat-lakkok","8":"product_cat-olajalapu-alkid-bevonat-hu-2","10":"first","11":"instock","12":"shipping-taxable","13":"product-type-simple"},"_links":{"self":[{"href":"https:\/\/nevenacolor.co.rs\/hu\/wp-json\/wp\/v2\/product\/36143","targetHints":{"allow":["GET"]}}],"collection":[{"href":"https:\/\/nevenacolor.co.rs\/hu\/wp-json\/wp\/v2\/product"}],"about":[{"href":"https:\/\/nevenacolor.co.rs\/hu\/wp-json\/wp\/v2\/types\/product"}],"version-history":[{"count":1,"href":"https:\/\/nevenacolor.co.rs\/hu\/wp-json\/wp\/v2\/product\/36143\/revisions"}],"predecessor-version":[{"id":36224,"href":"https:\/\/nevenacolor.co.rs\/hu\/wp-json\/wp\/v2\/product\/36143\/revisions\/36224"}],"wp:featuredmedia":[{"embeddable":true,"href":"https:\/\/nevenacolor.co.rs\/hu\/wp-json\/wp\/v2\/media\/35568"}],"wp:attachment":[{"href":"https:\/\/nevenacolor.co.rs\/hu\/wp-json\/wp\/v2\/media?parent=36143"}],"wp:term":[{"taxonomy":"product_brand","embeddable":true,"href":"https:\/\/nevenacolor.co.rs\/hu\/wp-json\/wp\/v2\/product_brand?post=36143"},{"taxonomy":"product_cat","embeddable":true,"href":"https:\/\/nevenacolor.co.rs\/hu\/wp-json\/wp\/v2\/product_cat?post=36143"},{"taxonomy":"product_tag","embeddable":true,"href":"https:\/\/nevenacolor.co.rs\/hu\/wp-json\/wp\/v2\/product_tag?post=36143"}],"curies":[{"name":"wp","href":"https:\/\/api.w.org\/{rel}","templated":true}]}}