{"id":36144,"date":"2024-05-28T10:43:49","date_gmt":"2024-05-28T10:43:49","guid":{"rendered":"https:\/\/nevenacolor.co.rs\/proizvod\/cool-festek-kaptarakhoz\/"},"modified":"2025-07-08T21:34:51","modified_gmt":"2025-07-08T21:34:51","slug":"cool-festek-kaptarakhoz","status":"publish","type":"product","link":"https:\/\/nevenacolor.co.rs\/hu\/term\u00e9k\/cool-festek-kaptarakhoz\/","title":{"rendered":"Cool fest\u00e9k kapt\u00e1rakhoz"},"content":{"rendered":"<h3><strong>\u00c1LTAL\u00c1NOS ADATOK \u00c9S RENDELTET\u00c9S<\/strong><\/h3>\n<p class=\"p1\">K\u00f6rnyezetbar\u00e1t m\u00e9hlakkoz\u00f3 fest\u00e9k, amely nem k\u00e1ros\u00edtja az \u00e9l\u0151vil\u00e1got.<br \/>\nTan\u00fas\u00edtott \u00e9s bevizsg\u00e1lt v\u00edzb\u00e1zis\u00fa fest\u00e9k, amely v\u00edzb\u00e1zis\u00fa akril k\u00f6t\u0151anyagb\u00f3l, t\u00f6lt\u0151anyagokb\u00f3l \u00e9s pigmentekb\u0151l k\u00e9sz\u00fcl, amelyek nem \u00e1rtalmasak a m\u00e9hcsal\u00e1dokra \u00e9s azok term\u00e9keire.<br \/>F\u00e1b\u00f3l k\u00e9sz\u00fclt kapt\u00e1rak v\u00e9delm\u00e9re \u00e9s d\u00edsz\u00edt\u00e9s\u00e9re szolg\u00e1l. <\/p>\n<h3><strong>ALKALMAZ\u00c1SI \u00daTMUTAT\u00d3<\/strong><\/h3>\n<p class=\"p1\">Ecsettel, hengerrel vagy permetez\u00e9ssel k\u00e9t r\u00e9tegben vihet\u0151 fel, a COOL akril faalapoz\u00f3 fest\u00e9kre, el\u0151zetesen megtiszt\u00edtott \u00e9s zs\u00edrtalan\u00edtott fel\u00fcletre.<br \/>\nA m\u00e1sodik r\u00e9teget az els\u0151 r\u00e9teg 3\u20134 \u00f3r\u00e1s sz\u00e1rad\u00e1sa ut\u00e1n kell felvinni.<br \/>A COOL M\u00c9HFEST\u00c9KET haszn\u00e1lat el\u0151tt legfeljebb 10% v\u00edzzel h\u00edg\u00edtani \u00e9s alaposan elkeverni kell.<br \/>A szersz\u00e1mokat haszn\u00e1lat ut\u00e1n azonnal v\u00edzzel le kell mosni.<br \/>Az optim\u00e1lis alkalmaz\u00e1si h\u0151m\u00e9rs\u00e9klet +10\u00b0C \u00e9s +30\u00b0C k\u00f6z\u00f6tt van.   <\/p>\n<h3><strong>FELHASZN\u00c1L\u00c1S<\/strong><\/h3>\n<p class=\"p1\">6\u20138 m\u00b2\/l r\u00e9tegenk\u00e9nt.<\/p>\n<h3><strong>CSOMAGOL\u00c1S<\/strong><\/h3>\n<p class=\"p1\">0,65 l \u00e9s 2,5 l<\/p>\n<h3><strong>FELHASZN\u00c1LHAT\u00d3S\u00c1GI ID\u0150 \u00c9S T\u00c1ROL\u00c1S<\/strong><\/h3>\n<p class=\"p1\">18 h\u00f3nap a csomagol\u00e1son felt\u00fcntetett gy\u00e1rt\u00e1si d\u00e1tumt\u00f3l sz\u00e1m\u00edtva.<br \/>Eredeti, j\u00f3l lez\u00e1rt \u00e9s s\u00e9rtetlen gy\u00e1ri csomagol\u00e1sban t\u00e1roland\u00f3, +5\u00baC \u00e9s +25\u00baC k\u00f6z\u00f6tti h\u0151m\u00e9rs\u00e9kleten. <\/p>\n<h3><strong>\u00c1RNY\u00c9KOK<\/strong><\/h3>\n<p class=\"p1\">Feh\u00e9r, s\u00e1rga, piros, k\u00e9k \u00e9s s\u00f6t\u00e9tz\u00f6ld.<\/p>\n<h3><strong>DOKUMENT\u00c1CI\u00d3<\/strong><\/h3>\n<div class=\"dokumentacija\">\n<p><a class=\"dugmeproizvod\" href=\"https:\/\/nevenacolor.co.rs\/wp-content\/uploads\/2024\/11\/Tehnicka-dokumentacija-kosnica.pdf\" target=\"_blank\" rel=\"noopener\">M\u0170SZAKI ADATLAP<\/a><\/p>\n<p><a class=\"dugmeproizvod\" href=\"https:\/\/nevenacolor.co.rs\/wp-content\/uploads\/2024\/11\/Bezbedonosni-list-kosnice.pdf\" target=\"_blank\" rel=\"noopener\">BIZTONS\u00c1GI ADATLAP<\/a><\/p>\n<\/div>\n<p>&nbsp;<\/p>\n","protected":false},"excerpt":{"rendered":"<p>\u00c1LTAL\u00c1NOS ADATOK \u00c9S RENDELTET\u00c9S K\u00f6rnyezetbar\u00e1t m\u00e9hlakkoz\u00f3 fest\u00e9k, amely nem k\u00e1ros\u00edtja az \u00e9l\u0151vil\u00e1got. Tan\u00fas\u00edtott \u00e9s bevizsg\u00e1lt v\u00edzb\u00e1zis\u00fa fest\u00e9k, amely v\u00edzb\u00e1zis\u00fa akril<\/p>\n","protected":false},"featured_media":35603,"template":"","meta":{"_monsterinsights_skip_tracking":false,"_monsterinsights_sitenote_active":false,"_monsterinsights_sitenote_note":"","_monsterinsights_sitenote_category":0},"product_brand":[],"product_cat":[346,370,353],"product_tag":[],"class_list":{"0":"post-36144","1":"product","2":"type-product","3":"status-publish","4":"has-post-thumbnail","6":"product_cat-fa-bevonatok","7":"product_cat-finish-bevonatok","8":"product_cat-vizkigyensulyozott-akril-bevonat-hu","10":"first","11":"instock","12":"shipping-taxable","13":"product-type-simple"},"_links":{"self":[{"href":"https:\/\/nevenacolor.co.rs\/hu\/wp-json\/wp\/v2\/product\/36144","targetHints":{"allow":["GET"]}}],"collection":[{"href":"https:\/\/nevenacolor.co.rs\/hu\/wp-json\/wp\/v2\/product"}],"about":[{"href":"https:\/\/nevenacolor.co.rs\/hu\/wp-json\/wp\/v2\/types\/product"}],"version-history":[{"count":2,"href":"https:\/\/nevenacolor.co.rs\/hu\/wp-json\/wp\/v2\/product\/36144\/revisions"}],"predecessor-version":[{"id":42158,"href":"https:\/\/nevenacolor.co.rs\/hu\/wp-json\/wp\/v2\/product\/36144\/revisions\/42158"}],"wp:featuredmedia":[{"embeddable":true,"href":"https:\/\/nevenacolor.co.rs\/hu\/wp-json\/wp\/v2\/media\/35603"}],"wp:attachment":[{"href":"https:\/\/nevenacolor.co.rs\/hu\/wp-json\/wp\/v2\/media?parent=36144"}],"wp:term":[{"taxonomy":"product_brand","embeddable":true,"href":"https:\/\/nevenacolor.co.rs\/hu\/wp-json\/wp\/v2\/product_brand?post=36144"},{"taxonomy":"product_cat","embeddable":true,"href":"https:\/\/nevenacolor.co.rs\/hu\/wp-json\/wp\/v2\/product_cat?post=36144"},{"taxonomy":"product_tag","embeddable":true,"href":"https:\/\/nevenacolor.co.rs\/hu\/wp-json\/wp\/v2\/product_tag?post=36144"}],"curies":[{"name":"wp","href":"https:\/\/api.w.org\/{rel}","templated":true}]}}