{"id":36145,"date":"2024-05-28T10:41:13","date_gmt":"2024-05-28T10:41:13","guid":{"rendered":"https:\/\/nevenacolor.co.rs\/proizvod\/cool-gold-lazura-2\/"},"modified":"2025-05-02T13:01:20","modified_gmt":"2025-05-02T13:01:20","slug":"cool-gold-lazura-2","status":"publish","type":"product","link":"https:\/\/nevenacolor.co.rs\/hu\/term\u00e9k\/cool-gold-lazura-2\/","title":{"rendered":"Cool gold laz\u00fara"},"content":{"rendered":"<h3><strong>\u00c1LTAL\u00c1NOS ADATOK \u00c9S RENDELTET\u00c9S<\/strong><\/h3>\n<p class=\"p1\">A Cool Gold laz\u00fara egykomponens\u0171, \u00e1tl\u00e1tsz\u00f3 bevonat, amely kiv\u00e1l\u00f3 min\u0151s\u00e9g\u0171 alkid k\u00f6t\u0151anyagok, speci\u00e1lis viaszok, UV-absorberek, h\u00edg\u00edt\u00f3k, biocid hat\u00f3anyagok \u00e9s adal\u00e9kok felhaszn\u00e1l\u00e1s\u00e1val k\u00e9sz\u00fclt. A Cool Gold laz\u00fara v\u00e9di a f\u00e1t az id\u0151j\u00e1r\u00e1s hat\u00e1sait\u00f3l, dekorat\u00edvan sz\u00ednezi \u00e9s gazdag\u00edtja annak fel\u00fclet\u00e9t. Term\u00e9szetes megjelen\u00e9st k\u00f6lcs\u00f6n\u00f6z a f\u00e1nak, mik\u00f6zben l\u00e1that\u00f3v\u00e1 teszi annak szerkezet\u00e9t.<\/p>\n<p class=\"p1\">Bels\u0151 \u00e9s k\u00fclt\u00e9ri fa t\u00edpusok v\u00e9delm\u00e9re haszn\u00e1lhat\u00f3. A bevonat tart\u00f3ss\u00e1ga a fa t\u00edpus\u00e1t\u00f3l \u00e9s az id\u0151j\u00e1r\u00e1si hat\u00e1soknak val\u00f3 kitetts\u00e9gt\u0151l f\u00fcgg.<\/p>\n<h3><strong>ALKALMAZ\u00c1SI \u00daTMUTAT\u00d3<\/strong><\/h3>\n<p class=\"p1\">A laz\u00far\u00e1kat ecsettel, szivaccsal, mer\u00edt\u00e9ssel vagy permetez\u00e9ssel kell felvinni a f\u00e1ra, amelynek tiszt\u00e1nak, sz\u00e1raznak \u00e9s j\u00f3l csiszoltnak kell lennie. Bels\u0151 haszn\u00e1latra egy vagy k\u00e9t r\u00e9tegben, k\u00fclt\u00e9ri v\u00e9delemhez k\u00e9t-h\u00e1rom r\u00e9tegben kell alkalmazni. A k\u00f6vetkez\u0151 r\u00e9teget 12 \u00f3ra eltelt\u00e9vel lehet felvinni. A h\u00edg\u00edt\u00e1shoz \u00e9s az eszk\u00f6z\u00f6k tiszt\u00edt\u00e1s\u00e1hoz Cool olajos h\u00edg\u00edt\u00f3t kell haszn\u00e1lni. A laz\u00far\u00e1kat legfeljebb 10%-ig kell h\u00edg\u00edtani alkalmaz\u00e1s el\u0151tt.<\/p>\n<h3><strong>FELHASZN\u00c1L\u00c1S<\/strong><\/h3>\n<p class=\"p1\">10-12m\u00b2\/l egy r\u00e9tegben.<\/p>\n<h3><strong>CSOMAGOL\u00c1S<\/strong><\/h3>\n<p class=\"p1\">0,75 l \u00e9s 2,5 l<\/p>\n<h3><strong>FELHASZN\u00c1LHAT\u00d3S\u00c1GI ID\u0150 \u00c9S T\u00c1ROL\u00c1S<\/strong><\/h3>\n<p class=\"p1\">36 h\u00f3nap a csomagol\u00e1son felt\u00fcntetett d\u00e1tumt\u00f3l. T\u00e1rolni kell az eredeti, j\u00f3l lez\u00e1rt \u00e9s s\u00e9rtetlen gy\u00e1ri csomagol\u00e1sban kell t\u00e1rolni, +5\u00baC \u00e9s +25\u00baC k\u00f6z\u00f6tti h\u0151m\u00e9rs\u00e9kleten.<\/p>\n<h3><strong>\u00c1RNY\u00c9KOK<\/strong><\/h3>\n<p class=\"p1\">\u00c1tl\u00e1tsz\u00f3, bor, tikfa, di\u00f3, k\u00e9k, mahag\u00f3ni, t\u00f6lgy, r\u00f3zsafa, gesztenye, piros, \u00e9benfa, z\u00f6ld, v\u00f6r\u00f6s bor, konyak, arany t\u00f6lgy, vil\u00e1gos t\u00f6lgy \u00e9s t\u00f6k.<\/p>\n<h3><strong>DOKUMENT\u00c1CI\u00d3<\/strong><\/h3>\n<div class=\"dokumentacija\">\n<p><a class=\"dugmeproizvod\" href=\"https:\/\/nevenacolor.co.rs\/wp-content\/uploads\/2024\/11\/Tehnicka-dokumentacija-GOLD.pdf\" target=\"_blank\" rel=\"noopener\">M\u0170SZAKI ADATLAP<\/a><\/p>\n<p><a class=\"dugmeproizvod\" href=\"https:\/\/nevenacolor.co.rs\/wp-content\/uploads\/2024\/11\/Bezbedonosni-list-GOLD.pdf\" target=\"_blank\" rel=\"noopener\">BIZTONS\u00c1GI ADATLAP<\/a><\/p>\n<\/div>\n<p>&nbsp;<\/p>\n<p><iframe loading=\"lazy\" title=\"YouTube video player\" src=\"https:\/\/www.youtube.com\/embed\/kF2zeJTButE?si=AhnoZxs-Yoccy6r8\" width=\"560\" height=\"415\" frameborder=\"0\" allowfullscreen=\"allowfullscreen\"><\/iframe><\/p>\n","protected":false},"excerpt":{"rendered":"<h3><strong>TONE K\u00c1RTYA<\/strong><\/h3>\n[elementor-template id=\"30697\"]\n<div><a class=\"tonkarta\" href=\"#gold-popup\" rel=\"noopener\"><img decoding=\"async\" src=\"https:\/\/nevenacolor.co.rs\/wp-content\/uploads\/2024\/06\/pantone-color-scheme.png\" width=\"40px\" \/> TONE K\u00c1RTYA<\/a><\/div>\n","protected":false},"featured_media":35647,"template":"","meta":{"_monsterinsights_skip_tracking":false,"_monsterinsights_sitenote_active":false,"_monsterinsights_sitenote_note":"","_monsterinsights_sitenote_category":0},"product_brand":[],"product_cat":[346,376,377],"product_tag":[],"class_list":{"0":"post-36145","1":"product","2":"type-product","3":"status-publish","4":"has-post-thumbnail","6":"product_cat-fa-bevonatok","7":"product_cat-lofral","8":"product_cat-olajalapu-alkid-bevonat-hu-5","10":"first","11":"instock","12":"shipping-taxable","13":"product-type-simple"},"_links":{"self":[{"href":"https:\/\/nevenacolor.co.rs\/hu\/wp-json\/wp\/v2\/product\/36145","targetHints":{"allow":["GET"]}}],"collection":[{"href":"https:\/\/nevenacolor.co.rs\/hu\/wp-json\/wp\/v2\/product"}],"about":[{"href":"https:\/\/nevenacolor.co.rs\/hu\/wp-json\/wp\/v2\/types\/product"}],"version-history":[{"count":1,"href":"https:\/\/nevenacolor.co.rs\/hu\/wp-json\/wp\/v2\/product\/36145\/revisions"}],"predecessor-version":[{"id":36256,"href":"https:\/\/nevenacolor.co.rs\/hu\/wp-json\/wp\/v2\/product\/36145\/revisions\/36256"}],"wp:featuredmedia":[{"embeddable":true,"href":"https:\/\/nevenacolor.co.rs\/hu\/wp-json\/wp\/v2\/media\/35647"}],"wp:attachment":[{"href":"https:\/\/nevenacolor.co.rs\/hu\/wp-json\/wp\/v2\/media?parent=36145"}],"wp:term":[{"taxonomy":"product_brand","embeddable":true,"href":"https:\/\/nevenacolor.co.rs\/hu\/wp-json\/wp\/v2\/product_brand?post=36145"},{"taxonomy":"product_cat","embeddable":true,"href":"https:\/\/nevenacolor.co.rs\/hu\/wp-json\/wp\/v2\/product_cat?post=36145"},{"taxonomy":"product_tag","embeddable":true,"href":"https:\/\/nevenacolor.co.rs\/hu\/wp-json\/wp\/v2\/product_tag?post=36145"}],"curies":[{"name":"wp","href":"https:\/\/api.w.org\/{rel}","templated":true}]}}