{"id":36146,"date":"2024-05-28T10:40:55","date_gmt":"2024-05-28T10:40:55","guid":{"rendered":"https:\/\/nevenacolor.co.rs\/proizvod\/cool-lakk-lazura\/"},"modified":"2025-05-02T13:09:19","modified_gmt":"2025-05-02T13:09:19","slug":"cool-lakk-lazura","status":"publish","type":"product","link":"https:\/\/nevenacolor.co.rs\/hu\/term\u00e9k\/cool-lakk-lazura\/","title":{"rendered":"Cool lakk laz\u00fara"},"content":{"rendered":"<h3><strong>\u00c1LTAL\u00c1NOS ADATOK \u00c9S RENDELTET\u00c9S<\/strong><\/h3>\n<p class=\"p1\">A Cool lak laz\u00fara v\u00e9di a f\u00e1t az id\u0151j\u00e1r\u00e1s hat\u00e1sait\u00f3l, dekorat\u00edvan sz\u00ednezi \u00e9s gazdag\u00edtja annak fel\u00fclet\u00e9t. Term\u00e9szetes megjelen\u00e9st k\u00f6lcs\u00f6n\u00f6z a f\u00e1nak, mik\u00f6zben l\u00e1that\u00f3v\u00e1 teszi annak szerkezet\u00e9t.<\/p>\n<h3><strong>ALKALMAZ\u00c1SI \u00daTMUTAT\u00d3<\/strong><\/h3>\n<p class=\"p1\">Nem kell h\u00edg\u00edtani. A sz\u00e1raz, csiszolt \u00e9s tiszt\u00edtott fel\u00fcletre egy vagy k\u00e9t r\u00e9tegben kell felvinni ecsettel, hengerekkel vagy mer\u00edt\u00e9ssel. Sz\u00e1rad\u00e1si id\u0151 12 \u00f3ra. A k\u00f6vetkez\u0151 r\u00e9teg 24 \u00f3ra eltelt\u00e9vel alkalmazhat\u00f3. Az eszk\u00f6z\u00f6k tiszt\u00edt\u00e1s\u00e1hoz Cool olajos h\u00edg\u00edt\u00f3t kell haszn\u00e1lni.<\/p>\n<h3><strong>FELHASZN\u00c1L\u00c1S<\/strong><\/h3>\n<p>1 liter lakkal 10-12 m\u00b2 fel\u00fclet fedhet\u0151 le egy r\u00e9tegben.<\/p>\n<h3><strong>CSOMAGOL\u00c1S<\/strong><\/h3>\n<p class=\"p1\">0,75 l, 2,5 l \u00e9s 20 l.<\/p>\n<h3><strong>FELHASZN\u00c1LHAT\u00d3S\u00c1GI ID\u0150 \u00c9S T\u00c1ROL\u00c1S<\/strong><\/h3>\n<p class=\"p1\">A csomagol\u00e1son felt\u00fcntetett gy\u00e1rt\u00e1si d\u00e1tumt\u00f3l sz\u00e1m\u00edtott 36 h\u00f3napig haszn\u00e1lhat\u00f3. Eredeti, j\u00f3l lez\u00e1rt \u00e9s s\u00e9rtetlen gy\u00e1ri csomagol\u00e1sban, +5\u202f\u00b0C \u00e9s +25\u202f\u00b0C k\u00f6z\u00f6tti h\u0151m\u00e9rs\u00e9kleten t\u00e1roland\u00f3.<\/p>\n<h3><strong>\u00c1RNY\u00c9KOK<\/strong><\/h3>\n<p>\u00c1tl\u00e1tsz\u00f3, bor, tikfa, di\u00f3, k\u00e9k, mahag\u00f3ni, t\u00f6lgy, r\u00f3zsafa, gesztenye, piros, \u00e9benfa, z\u00f6ld, v\u00f6r\u00f6s bor, konyak, arany t\u00f6lgy, vil\u00e1gos t\u00f6lgy \u00e9s t\u00f6k.<\/p>\n<h3><strong>DOKUMENT\u00c1CI\u00d3<\/strong><\/h3>\n<div class=\"dokumentacija\">\n<p><a class=\"dugmeproizvod\" href=\"https:\/\/nevenacolor.co.rs\/wp-content\/uploads\/2024\/11\/Tehnicka-dokumentacija-lak-lazura.pdf\" target=\"_blank\" rel=\"noopener\">M\u0170SZAKI ADATLAP<\/a><\/p>\n<p><a class=\"dugmeproizvod\" href=\"https:\/\/nevenacolor.co.rs\/wp-content\/uploads\/2024\/11\/Bezbedonosni-list-lak-lazura.pdf\" target=\"_blank\" rel=\"noopener\">BIZTONS\u00c1GI ADATLAP<\/a><\/p>\n<\/div>\n<p>&nbsp;<\/p>\n","protected":false},"excerpt":{"rendered":"<h3><strong>TONE K\u00c1RTYA<\/strong><\/h3>\n[elementor-template id=\"32050\"]\n<div><a class=\"tonkarta\" href=\"#classiclazura-tonkarta\" rel=\"noopener\"><img decoding=\"async\" src=\"https:\/\/nevenacolor.co.rs\/wp-content\/uploads\/2024\/06\/pantone-color-scheme.png\" width=\"40px\" \/> TONE K\u00c1RTYA<\/a><\/div>\n","protected":false},"featured_media":35643,"template":"","meta":{"_monsterinsights_skip_tracking":false,"_monsterinsights_sitenote_active":false,"_monsterinsights_sitenote_note":"","_monsterinsights_sitenote_category":0},"product_brand":[],"product_cat":[346,376,377],"product_tag":[],"class_list":{"0":"post-36146","1":"product","2":"type-product","3":"status-publish","4":"has-post-thumbnail","6":"product_cat-fa-bevonatok","7":"product_cat-lofral","8":"product_cat-olajalapu-alkid-bevonat-hu-5","10":"first","11":"instock","12":"shipping-taxable","13":"product-type-simple"},"_links":{"self":[{"href":"https:\/\/nevenacolor.co.rs\/hu\/wp-json\/wp\/v2\/product\/36146","targetHints":{"allow":["GET"]}}],"collection":[{"href":"https:\/\/nevenacolor.co.rs\/hu\/wp-json\/wp\/v2\/product"}],"about":[{"href":"https:\/\/nevenacolor.co.rs\/hu\/wp-json\/wp\/v2\/types\/product"}],"version-history":[{"count":1,"href":"https:\/\/nevenacolor.co.rs\/hu\/wp-json\/wp\/v2\/product\/36146\/revisions"}],"predecessor-version":[{"id":36271,"href":"https:\/\/nevenacolor.co.rs\/hu\/wp-json\/wp\/v2\/product\/36146\/revisions\/36271"}],"wp:featuredmedia":[{"embeddable":true,"href":"https:\/\/nevenacolor.co.rs\/hu\/wp-json\/wp\/v2\/media\/35643"}],"wp:attachment":[{"href":"https:\/\/nevenacolor.co.rs\/hu\/wp-json\/wp\/v2\/media?parent=36146"}],"wp:term":[{"taxonomy":"product_brand","embeddable":true,"href":"https:\/\/nevenacolor.co.rs\/hu\/wp-json\/wp\/v2\/product_brand?post=36146"},{"taxonomy":"product_cat","embeddable":true,"href":"https:\/\/nevenacolor.co.rs\/hu\/wp-json\/wp\/v2\/product_cat?post=36146"},{"taxonomy":"product_tag","embeddable":true,"href":"https:\/\/nevenacolor.co.rs\/hu\/wp-json\/wp\/v2\/product_tag?post=36146"}],"curies":[{"name":"wp","href":"https:\/\/api.w.org\/{rel}","templated":true}]}}