{"id":36150,"date":"2021-08-27T12:02:01","date_gmt":"2021-08-27T12:02:01","guid":{"rendered":"https:\/\/nevenacolor.co.rs\/proizvod\/glettmassza\/"},"modified":"2025-05-02T12:51:51","modified_gmt":"2025-05-02T12:51:51","slug":"glettmassza","status":"publish","type":"product","link":"https:\/\/nevenacolor.co.rs\/hu\/term\u00e9k\/glettmassza\/","title":{"rendered":"GLETTMASSZA"},"content":{"rendered":"<h3><strong>\u00c1LTAL\u00c1NOS ADATOK \u00c9S RENDELTET\u00c9S<\/strong><\/h3>\n<p><b>A Cool, meszes alap\u00fa, por alak\u00fa glettmassza<\/b> egykomponens\u0171 anyag, amelyet a falak \u00e9s a mennyezetek finom kiegyenl\u00edt\u00e9s\u00e9re haszn\u00e1lnak bels\u0151 t\u00e9rben. Polimerekb\u0151l k\u00e9sz\u00fclt k\u00f6t\u0151anyagokb\u00f3l, t\u00f6lt\u0151anyagokb\u00f3l, s\u0171r\u00edt\u0151kb\u0151l \u00e9s megfelel\u0151 adal\u00e9kanyagokb\u00f3l \u00e1ll. G\u00e9ppel \u00e9s k\u00e9zzel is alkalmazhat\u00f3. K\u00e9zi alkalmaz\u00e1s rozsdamentes ac\u00e9l glettvassal t\u00f6rt\u00e9nik k\u00e9t r\u00e9tegben, maximum 4 mm vastags\u00e1gban, mindenf\u00e9le vakolatra, betonra \u00e9s gipszkartonra, valamint m\u00e1r festett falakra is. Jellemz\u0151je a feh\u00e9r sz\u00edn, k\u00f6nnyen alkalmazhat\u00f3, p\u00e1ra\u00e1tereszt\u0151, k\u00f6nnyen csiszolhat\u00f3, \u00e9s ide\u00e1lis alapot biztos\u00edt mindenf\u00e9le v\u00edzben old\u00f3d\u00f3 v\u00e9gs\u0151 bevonathoz.<\/p>\n<h3><strong>ALKALMAZ\u00c1SI \u00daTMUTAT\u00d3<\/strong><\/h3>\n<p class=\"p1\"><b>Alapfel\u00fclet el\u0151k\u00e9sz\u00edt\u00e9se<\/b><\/p>\n<p class=\"p1\">A fel\u00fcletnek sz\u00e1raznak, tiszt\u00e1nak, szil\u00e1rdnak kell lennie, \u00e9s mentesnek kell lennie a port\u00f3l \u00e9s egy\u00e9b, leperegni hajlamos elemekr\u0151l. A r\u00e9gi bevonatokat \u00e1t kell csiszolni.<\/p>\n<p class=\"p2\"><b>A Cool por alak\u00fa glettmassza <\/b> \u00fagy k\u00e9sz\u00fcl hogy egy r\u00e9sz v\u00edzhez k\u00e9zzel vagy elektromos kever\u0151vel k\u00f6r\u00fclbel\u00fcl 2,5 s\u00falyr\u00e9szt por alak\u00fa glettmassz\u00e1t kever\u00fcnk (kb. 8,75 l v\u00edz \u00e9s 25 kg por alak\u00fa massza). Az \u00edgy el\u0151k\u00e9sz\u00edtett massz\u00e1t 10 perc ut\u00e1n alkalmazzuk. Haszn\u00e1lat el\u0151tt a k\u00e9sz kever\u00e9ket mindenk\u00e9ppen alaposan \u00e1t kell keverni.<\/p>\n<p class=\"p1\">Az el\u0151k\u00e9sz\u00edtett massz\u00e1t rozsdamentes glettvassal v\u00e9kony r\u00e9tegben, 1-2 mm vastags\u00e1gban kell felhordani. Sz\u00fcks\u00e9g eset\u00e9n k\u00e9t r\u00e9tegben is alkalmazhat\u00f3. \u00c9rint\u00e9s sz\u00e1raz 4-6 \u00f3r\u00e1n bel\u00fcl, csiszol\u00e1sra sz\u00e1raz 12 \u00f3r\u00e1val k\u00e9s\u0151bb.<\/p>\n<p class=\"p1\">Sz\u00e1rad\u00e1s ut\u00e1n a massz\u00e1t finom csiszol\u00f3pap\u00edrral csiszolni kell.<\/p>\n<p class=\"p1\">A szersz\u00e1mot haszn\u00e1lat ut\u00e1n azonnal v\u00edzzel kell megmosni. Az optim\u00e1lis munkah\u0151m\u00e9rs\u00e9klet +5<span class=\"s1\"><sup>o<\/sup><\/span>C \u00e9s +30<span class=\"s1\"><sup>o<\/sup><\/span>C k\u00f6z\u00f6tt van. +5\u00b0 <span class=\"s1\"><sup>C<\/sup><\/span> alatt nem szabad haszn\u00e1lni.<\/p>\n<h3><strong>FELHASZN\u00c1L\u00c1S<\/strong><\/h3>\n<p>1,0-1,5 kg\/m\u00b2 egy r\u00e9tegben.<\/p>\n<h3><strong>CSOMAGOL\u00c1S<\/strong><\/h3>\n<p>25kg<\/p>\n<h3><strong>FELHASZN\u00c1LHAT\u00d3S\u00c1GI ID\u0150 \u00c9S T\u00c1ROL\u00c1S<\/strong><\/h3>\n<p>12 h\u00f3napig kell t\u00e1rolni az eredeti, j\u00f3l lez\u00e1rt \u00e9s s\u00e9rtetlen csomagol\u00e1sban, +5\u00baC \u00e9s +25\u00baC k\u00f6z\u00f6tti h\u0151m\u00e9rs\u00e9kleten.<\/p>\n<h3><strong>DOKUMENT\u00c1CI\u00d3<\/strong><\/h3>\n<div class=\"dokumentacija\">\n<p><a class=\"dugmeproizvod\" href=\"https:\/\/nevenacolor.co.rs\/wp-content\/uploads\/2024\/10\/Tehnicka-dokumentacija-glet-masa.pdf\" target=\"_blank\" rel=\"noopener\">M\u0170SZAKI ADATLAP<\/a><\/p>\n<p><a class=\"dugmeproizvod\" href=\"https:\/\/nevenacolor.co.rs\/wp-content\/uploads\/2024\/10\/Bezbedonosni-list-glet-masa.pdf\" target=\"_blank\" rel=\"noopener\">BIZTONS\u00c1GI ADATLAP<\/a><\/p>\n<\/div>\n<p>&nbsp;<\/p>\n<p><iframe loading=\"lazy\" title=\"YouTube video player\" src=\"https:\/\/www.youtube.com\/embed\/b7pcZufUdHM?si=0eRYtltqKjDkFJnD\" width=\"560\" height=\"315\" frameborder=\"0\" allowfullscreen=\"allowfullscreen\"><\/iframe><\/p>\n","protected":false},"excerpt":{"rendered":"<p>\u00c1LTAL\u00c1NOS ADATOK \u00c9S RENDELTET\u00c9S A Cool, meszes alap\u00fa, por alak\u00fa glettmassza egykomponens\u0171 anyag, amelyet a falak \u00e9s a mennyezetek finom<\/p>\n","protected":false},"featured_media":35323,"template":"","meta":{"_monsterinsights_skip_tracking":false,"_monsterinsights_sitenote_active":false,"_monsterinsights_sitenote_note":"","_monsterinsights_sitenote_category":0},"product_brand":[],"product_cat":[331,344],"product_tag":[],"class_list":{"0":"post-36150","1":"product","2":"type-product","3":"status-publish","4":"has-post-thumbnail","6":"product_cat-epitoipari-bevonatok","7":"product_cat-szintezo-keszulet","9":"first","10":"instock","11":"featured","12":"shipping-taxable","13":"product-type-simple"},"_links":{"self":[{"href":"https:\/\/nevenacolor.co.rs\/hu\/wp-json\/wp\/v2\/product\/36150","targetHints":{"allow":["GET"]}}],"collection":[{"href":"https:\/\/nevenacolor.co.rs\/hu\/wp-json\/wp\/v2\/product"}],"about":[{"href":"https:\/\/nevenacolor.co.rs\/hu\/wp-json\/wp\/v2\/types\/product"}],"version-history":[{"count":1,"href":"https:\/\/nevenacolor.co.rs\/hu\/wp-json\/wp\/v2\/product\/36150\/revisions"}],"predecessor-version":[{"id":36231,"href":"https:\/\/nevenacolor.co.rs\/hu\/wp-json\/wp\/v2\/product\/36150\/revisions\/36231"}],"wp:featuredmedia":[{"embeddable":true,"href":"https:\/\/nevenacolor.co.rs\/hu\/wp-json\/wp\/v2\/media\/35323"}],"wp:attachment":[{"href":"https:\/\/nevenacolor.co.rs\/hu\/wp-json\/wp\/v2\/media?parent=36150"}],"wp:term":[{"taxonomy":"product_brand","embeddable":true,"href":"https:\/\/nevenacolor.co.rs\/hu\/wp-json\/wp\/v2\/product_brand?post=36150"},{"taxonomy":"product_cat","embeddable":true,"href":"https:\/\/nevenacolor.co.rs\/hu\/wp-json\/wp\/v2\/product_cat?post=36150"},{"taxonomy":"product_tag","embeddable":true,"href":"https:\/\/nevenacolor.co.rs\/hu\/wp-json\/wp\/v2\/product_tag?post=36150"}],"curies":[{"name":"wp","href":"https:\/\/api.w.org\/{rel}","templated":true}]}}