{"id":36151,"date":"2024-05-21T14:03:00","date_gmt":"2024-05-21T14:03:00","guid":{"rendered":"https:\/\/nevenacolor.co.rs\/proizvod\/cool-kitolto\/"},"modified":"2025-07-31T11:24:45","modified_gmt":"2025-07-31T11:24:45","slug":"cool-kitolto","status":"publish","type":"product","link":"https:\/\/nevenacolor.co.rs\/hu\/term\u00e9k\/cool-kitolto\/","title":{"rendered":"COOL KIT\u00d6LT\u0150"},"content":{"rendered":"<h3><strong>\u00c1LTAL\u00c1NOS ADATOK \u00c9S RENDELTET\u00c9S<\/strong><\/h3>\n<p class=\"p1\"><strong>A COOL KIT\u00d6LT\u0150 <\/strong> egy gipszalap\u00fa por \u00e1llag\u00fa anyag, amely bizonyos adal\u00e9kanyagokat \u00e9s term\u00e9szetes t\u00f6lt\u0151anyagokat tartalmaz. Gipszkarton lemezek illeszt\u00e9seinek kit\u00f6lt\u00e9s\u00e9re k\u00e9sz\u00fclt, f\u00e9lk\u00f6r alak\u00fa HRAK \u00e9s ferde AX \u00e9lekkel, szalagok haszn\u00e1lat\u00e1val. Haszn\u00e1lhat\u00f3 az illeszt\u00e9sek kit\u00f6lt\u00e9s\u00e9re \u00e9s glettel\u00e9s\u00e9re, egyenetlens\u00e9gek \u00e9s s\u00e9r\u00fcl\u00e9sek kit\u00f6lt\u00e9s\u00e9re, valamint a gipszkarton lemezek r\u00f6gz\u00edt\u0151csavarjainak takar\u00e1s\u00e1ra. K\u00f6nnyen el\u0151k\u00e9sz\u00edthet\u0151 \u00e9s k\u00f6nnyen alkalmazhat\u00f3. Jellemz\u0151je a j\u00f3 tapad\u00e1s, hosszabb nyitott munkafolyamat \u00e9s szil\u00e1rds\u00e1g.    <\/p>\n<h3><strong>ALKALMAZ\u00c1SI \u00daTMUTAT\u00d3<\/strong><\/h3>\n<p class=\"p1\">5 kg A COOL KIT\u00d6LT\u0150 anyagot kb. 2,4 kg tiszta, hideg v\u00edzhez kell \u00f6nteni, majd k\u00e9zzel vagy elektromos kever\u0151vel addig keverni, am\u00edg homog\u00e9n, csom\u00f3mentes kever\u00e9k nem k\u00e9pz\u0151dik. Ha a kever\u00e9k t\u00fal s\u0171r\u0171, ut\u00f3lag kell vizet adni hozz\u00e1. Az elk\u00e9sz\u00edt\u00e9s ut\u00e1n a massza 60 percig tr\u00e1gy\u00e1zhat\u00f3. Gipszkarton h\u00e9zagok feldolgoz\u00e1sakor a h\u00e9zagokat meg kell tiszt\u00edtani a port\u00f3l, idegen szennyez\u0151d\u00e9sekt\u0151l, gyeng\u00e9n tapad\u00f3 r\u00e9szekt\u0151l, mag\u00e1nak az aljzatnak szil\u00e1rdnak, tiszt\u00e1nak \u00e9s sz\u00e1raznak kell lennie. A h\u00e9zagokat az el\u0151k\u00e9sz\u00edtett anyaggal kell kit\u00f6lteni, majd a k\u00f6t\u00f6z\u0151szalagot \u00f3vatosan az anyagba nyomni \u00e9s elsim\u00edtani. A m\u00e1sodik r\u00e9teget az el\u0151z\u0151 sz\u00e1raz r\u00e9tegre kell felvinni. Az esetleges egyenetlens\u00e9geket el kell sim\u00edtani. Sz\u00fcks\u00e9g eset\u00e9n a finom sim\u00edt\u00e1shoz a harmadik r\u00e9teget a megkem\u00e9nyedett m\u00e1sodik r\u00e9tegre lehet felvinni. A rendk\u00edv\u00fcl s\u00edk fel\u00fclet el\u00e9r\u00e9s\u00e9hez az utols\u00f3 r\u00e9teget kb. 30 cm sz\u00e9lesen kell elk\u00e9sz\u00edteni.         Az optim\u00e1lis munkah\u0151m\u00e9rs\u00e9klet +10\u00b0C \u00e9s +30\u00b0C k\u00f6z\u00f6tt van. +5\u00b0C alatt nem szabad haszn\u00e1lni. Haszn\u00e1lat ut\u00e1n a szersz\u00e1mot azonnal mossa le v\u00edzzel.  <\/p>\n<h3><strong>FELHASZN\u00c1L\u00c1S<\/strong><\/h3>\n<p class=\"p1\">0,2-0,5 kg\/m<span class=\"s1\"><sup>2<\/sup><\/span> h\u00e9zagkit\u00f6lt\u00e9shez, a h\u00e9zag hely\u00e9t\u0151l \u00e9s t\u00edpus\u00e1t\u00f3l f\u00fcgg\u0151en.<\/p>\n<h3><strong>CSOMAGOL\u00c1S<\/strong><\/h3>\n<p>5kg , 25kg<\/p>\n<h3><strong>FELHASZN\u00c1LHAT\u00d3S\u00c1GI ID\u0150 \u00c9S T\u00c1ROL\u00c1S<\/strong><\/h3>\n<p class=\"p1\">12 h\u00f3napig kell t\u00e1rolni az eredeti, j\u00f3l lez\u00e1rt \u00e9s s\u00e9rtetlen csomagol\u00e1sban, +5\u00baC \u00e9s +25\u00baC k\u00f6z\u00f6tti h\u0151m\u00e9rs\u00e9kleten.<\/p>\n<h3><strong>DOKUMENT\u00c1CI\u00d3<\/strong><\/h3>\n<div class=\"dokumentacija\">\n<p><a class=\"dugmeproizvod\" href=\"https:\/\/nevenacolor.co.rs\/wp-content\/uploads\/2024\/10\/Tehnicki-dokumentacija-ispuna.pdf\" target=\"_blank\" rel=\"noopener\">M\u0170SZAKI ADATLAP<\/a><\/p>\n<p><a class=\"dugmeproizvod\" href=\"https:\/\/nevenacolor.co.rs\/wp-content\/uploads\/2024\/10\/Bezbedonosni-list-ispuna.pdf\" target=\"_blank\" rel=\"noopener\">BIZTONS\u00c1GI ADATLAP<\/a><\/p>\n<\/div>\n","protected":false},"excerpt":{"rendered":"<p>\u00c1LTAL\u00c1NOS ADATOK \u00c9S RENDELTET\u00c9S A COOL KIT\u00d6LT\u0150 egy gipszalap\u00fa por \u00e1llag\u00fa anyag, amely bizonyos adal\u00e9kanyagokat \u00e9s term\u00e9szetes t\u00f6lt\u0151anyagokat tartalmaz. Gipszkarton<\/p>\n","protected":false},"featured_media":35331,"template":"","meta":{"_monsterinsights_skip_tracking":false,"_monsterinsights_sitenote_active":false,"_monsterinsights_sitenote_note":"","_monsterinsights_sitenote_category":0},"product_brand":[],"product_cat":[331,344],"product_tag":[],"class_list":{"0":"post-36151","1":"product","2":"type-product","3":"status-publish","4":"has-post-thumbnail","6":"product_cat-epitoipari-bevonatok","7":"product_cat-szintezo-keszulet","9":"first","10":"instock","11":"featured","12":"shipping-taxable","13":"product-type-simple"},"_links":{"self":[{"href":"https:\/\/nevenacolor.co.rs\/hu\/wp-json\/wp\/v2\/product\/36151","targetHints":{"allow":["GET"]}}],"collection":[{"href":"https:\/\/nevenacolor.co.rs\/hu\/wp-json\/wp\/v2\/product"}],"about":[{"href":"https:\/\/nevenacolor.co.rs\/hu\/wp-json\/wp\/v2\/types\/product"}],"version-history":[{"count":3,"href":"https:\/\/nevenacolor.co.rs\/hu\/wp-json\/wp\/v2\/product\/36151\/revisions"}],"predecessor-version":[{"id":42249,"href":"https:\/\/nevenacolor.co.rs\/hu\/wp-json\/wp\/v2\/product\/36151\/revisions\/42249"}],"wp:featuredmedia":[{"embeddable":true,"href":"https:\/\/nevenacolor.co.rs\/hu\/wp-json\/wp\/v2\/media\/35331"}],"wp:attachment":[{"href":"https:\/\/nevenacolor.co.rs\/hu\/wp-json\/wp\/v2\/media?parent=36151"}],"wp:term":[{"taxonomy":"product_brand","embeddable":true,"href":"https:\/\/nevenacolor.co.rs\/hu\/wp-json\/wp\/v2\/product_brand?post=36151"},{"taxonomy":"product_cat","embeddable":true,"href":"https:\/\/nevenacolor.co.rs\/hu\/wp-json\/wp\/v2\/product_cat?post=36151"},{"taxonomy":"product_tag","embeddable":true,"href":"https:\/\/nevenacolor.co.rs\/hu\/wp-json\/wp\/v2\/product_tag?post=36151"}],"curies":[{"name":"wp","href":"https:\/\/api.w.org\/{rel}","templated":true}]}}