{"id":36152,"date":"2024-05-21T14:04:16","date_gmt":"2024-05-21T14:04:16","guid":{"rendered":"https:\/\/nevenacolor.co.rs\/proizvod\/cool-folyekony-fugazat\/"},"modified":"2025-05-02T12:51:30","modified_gmt":"2025-05-02T12:51:30","slug":"cool-folyekony-fugazat","status":"publish","type":"product","link":"https:\/\/nevenacolor.co.rs\/hu\/term\u00e9k\/cool-folyekony-fugazat\/","title":{"rendered":"COOL FOLY\u00c9KONY FUG\u00c1ZAT"},"content":{"rendered":"<h3><strong>\u00c1LTAL\u00c1NOS ADATOK \u00c9S RENDELTET\u00c9S<\/strong><\/h3>\n<p><strong>COOL FOLY\u00c9KONY FUG\u00c1ZAT<\/strong> egy k\u00e9sz finommassza bels\u0151 fal- \u00e9s mennyezetfel\u00fcletek kiegyenl\u00edt\u00e9s\u00e9re \u00e9s sim\u00edt\u00e1s\u00e1ra. Az aj\u00e1nlott r\u00e9tegvastags\u00e1g 2 mm. Olyan fel\u00fcletekre alkalmas, mint \u00e1sv\u00e1nyi vakolat, beton \u00e9s gipszkarton lapok. K\u00e9zzel hordhat\u00f3 fel, k\u00f6nnyen megmunk\u00e1lhat\u00f3 \u00e9s csiszolhat\u00f3. Speci\u00e1lis k\u00f6t\u0151anyagb\u00f3l, min\u0151s\u00e9gi t\u00f6lt\u0151anyagokb\u00f3l \u00e9s speci\u00e1lis adal\u00e9kanyagokb\u00f3l k\u00e9sz\u00fcl.<\/p>\n<h3><strong>ALKALMAZ\u00c1SI \u00daTMUTAT\u00d3<\/strong><\/h3>\n<p><span class=\"s1\">COOL FOLY\u00c9KONY RAGASZT\u00d3 olyan fel\u00fcletekre alkalmazhat\u00f3, amelyeket meg kell tiszt\u00edtani a port\u00f3l, zs\u00edrt\u00f3l \u00e9s egy\u00e9b szennyez\u0151d\u00e9sekt\u0151l. A nagyobb reped\u00e9seket \u00e9s a s\u00e9r\u00fclt r\u00e9szeket megfelel\u0151 anyagokkal t\u00f6ltse ki. <\/span>A COOL FOLY\u00c9KONY FUG\u00c1ZAT felhord\u00e1sa el\u0151tt a falakat a fel\u00fclet \u00e1llapot\u00e1t\u00f3l f\u00fcgg\u0151en (a gy\u00e1rt\u00f3 aj\u00e1nl\u00e1sa szerint) impregn\u00e1lja COOL alappal. <span class=\"s1\">COOL FOLY\u00c9KONY FUG\u00c1ZAT falafel\u00fcletekre ac\u00e9l glettel\u0151vel kell felvinni. A sz\u00e1rad\u00e1s ut\u00e1n minden r\u00e9teget alaposan meg kell csiszolni a megfelel\u0151 csiszol\u00f3pap\u00edrral. Az optim\u00e1lis k\u00f6r\u00fclm\u00e9nyek k\u00f6z\u00f6tt a k\u00f6vetkez\u0151 r\u00e9teg felvitele el\u0151tt a sz\u00e1rad\u00e1si id\u0151 10-12 \u00f3ra. A teljesen sz\u00e1raz fel\u00fcletek minden t\u00edpus\u00fa diszperzi\u00f3s fest\u00e9kkel festhet\u0151k. Haszn\u00e1lat ut\u00e1n az eszk\u00f6zt azonnal v\u00edzzel meg kell tiszt\u00edtani. <\/span>Az optim\u00e1lis munkah\u0151m\u00e9rs\u00e9klet +10\u00b0C \u00e9s +30\u00b0C k\u00f6z\u00f6tt van. +5\u00b0C alatt nem haszn\u00e1lhat\u00f3.<\/p>\n<h3><strong>FELHASZN\u00c1L\u00c1S<\/strong><\/h3>\n<p>1,5-2,0 kg\/m<span class=\"s1\"><sup>2<\/sup><\/span> k\u00e9t r\u00e9tegben \u00e9s 2 mm vastags\u00e1gban.<\/p>\n<h3><strong>CSOMAGOL\u00c1S<\/strong><\/h3>\n<p>8kg \u00e9s 25kg<\/p>\n<h3><strong>FELHASZN\u00c1LHAT\u00d3S\u00c1GI ID\u0150 \u00c9S T\u00c1ROL\u00c1S<\/strong><\/h3>\n<p>12 h\u00f3napig kell t\u00e1rolni az eredeti, j\u00f3l lez\u00e1rt \u00e9s s\u00e9rtetlen csomagol\u00e1sban, +5\u00baC \u00e9s +25\u00baC k\u00f6z\u00f6tti h\u0151m\u00e9rs\u00e9kleten.<\/p>\n<h3><strong>DOKUMENT\u00c1CI\u00d3<\/strong><\/h3>\n<div class=\"dokumentacija\">\n<p><a class=\"dugmeproizvod\" href=\"https:\/\/nevenacolor.co.rs\/wp-content\/uploads\/2024\/10\/Tehnicka-dokumentacija-tecna-glet-masa.pdf\" target=\"_blank\" rel=\"noopener\">M\u0170SZAKI ADATLAP<\/a><\/p>\n<p><a class=\"dugmeproizvod\" href=\"https:\/\/nevenacolor.co.rs\/wp-content\/uploads\/2024\/10\/Bezbedonosni-list-tecna-glet-masa.pdf\" target=\"_blank\" rel=\"noopener\">BIZTONS\u00c1GI ADATLAP<\/a><\/p>\n<\/div>\n<p>&nbsp;<\/p>\n<p><iframe loading=\"lazy\" title=\"YouTube video player\" src=\"https:\/\/www.youtube.com\/embed\/DO7hSIhk6Cw?si=_CfmdVAY9NmpUboM\" width=\"560\" height=\"415\" frameborder=\"0\" allowfullscreen=\"allowfullscreen\"><\/iframe><\/p>\n","protected":false},"excerpt":{"rendered":"<p>\u00c1LTAL\u00c1NOS ADATOK \u00c9S RENDELTET\u00c9S COOL FOLY\u00c9KONY FUG\u00c1ZAT egy k\u00e9sz finommassza bels\u0151 fal- \u00e9s mennyezetfel\u00fcletek kiegyenl\u00edt\u00e9s\u00e9re \u00e9s sim\u00edt\u00e1s\u00e1ra. Az aj\u00e1nlott r\u00e9tegvastags\u00e1g<\/p>\n","protected":false},"featured_media":35871,"template":"","meta":{"_monsterinsights_skip_tracking":false,"_monsterinsights_sitenote_active":false,"_monsterinsights_sitenote_note":"","_monsterinsights_sitenote_category":0},"product_brand":[],"product_cat":[331,344],"product_tag":[],"class_list":{"0":"post-36152","1":"product","2":"type-product","3":"status-publish","4":"has-post-thumbnail","6":"product_cat-epitoipari-bevonatok","7":"product_cat-szintezo-keszulet","9":"first","10":"instock","11":"shipping-taxable","12":"product-type-simple"},"_links":{"self":[{"href":"https:\/\/nevenacolor.co.rs\/hu\/wp-json\/wp\/v2\/product\/36152","targetHints":{"allow":["GET"]}}],"collection":[{"href":"https:\/\/nevenacolor.co.rs\/hu\/wp-json\/wp\/v2\/product"}],"about":[{"href":"https:\/\/nevenacolor.co.rs\/hu\/wp-json\/wp\/v2\/types\/product"}],"version-history":[{"count":2,"href":"https:\/\/nevenacolor.co.rs\/hu\/wp-json\/wp\/v2\/product\/36152\/revisions"}],"predecessor-version":[{"id":36230,"href":"https:\/\/nevenacolor.co.rs\/hu\/wp-json\/wp\/v2\/product\/36152\/revisions\/36230"}],"wp:featuredmedia":[{"embeddable":true,"href":"https:\/\/nevenacolor.co.rs\/hu\/wp-json\/wp\/v2\/media\/35871"}],"wp:attachment":[{"href":"https:\/\/nevenacolor.co.rs\/hu\/wp-json\/wp\/v2\/media?parent=36152"}],"wp:term":[{"taxonomy":"product_brand","embeddable":true,"href":"https:\/\/nevenacolor.co.rs\/hu\/wp-json\/wp\/v2\/product_brand?post=36152"},{"taxonomy":"product_cat","embeddable":true,"href":"https:\/\/nevenacolor.co.rs\/hu\/wp-json\/wp\/v2\/product_cat?post=36152"},{"taxonomy":"product_tag","embeddable":true,"href":"https:\/\/nevenacolor.co.rs\/hu\/wp-json\/wp\/v2\/product_tag?post=36152"}],"curies":[{"name":"wp","href":"https:\/\/api.w.org\/{rel}","templated":true}]}}