{"id":36153,"date":"2024-05-21T14:06:30","date_gmt":"2024-05-21T14:06:30","guid":{"rendered":"https:\/\/nevenacolor.co.rs\/proizvod\/preventox-2\/"},"modified":"2025-05-02T12:56:59","modified_gmt":"2025-05-02T12:56:59","slug":"preventox-2","status":"publish","type":"product","link":"https:\/\/nevenacolor.co.rs\/hu\/term\u00e9k\/preventox-2\/","title":{"rendered":"Preventox"},"content":{"rendered":"<h3><strong>\u00c1LTAL\u00c1NOS ADATOK \u00c9S RENDELTET\u00c9S<\/strong><\/h3>\n<p>Magas min\u0151s\u00e9g\u0171 szintetikus alkid k\u00f6t\u0151anyagok, szerves \u00e9s szervetlen pigmentek, old\u00f3szerek \u00e9s megfelel\u0151 adal\u00e9kanyagok alap\u00fa term\u00e9k. F\u00e9mfel\u00fcletek v\u00e9delm\u00e9re szolg\u00e1l.<\/p>\n<h3><strong>ALKALMAZ\u00c1SI \u00daTMUTAT\u00d3<\/strong><\/h3>\n<p>A Preventox-szal kezelje a fert\u0151z\u00f6tt fel\u00fcleteket ecsettel vagy hengerrel egy vagy k\u00e9t r\u00e9tegben. A kezelt fel\u00fclet minim\u00e1lis sz\u00e1rad\u00e1si ideje 3 \u00f3ra. A kezel\u00e9st k\u00f6vet\u0151en a fel\u00fcletet kapar\u00f3val vagy kef\u00e9vel tiszt\u00edtsa meg. Sz\u00fcks\u00e9g eset\u00e9n ism\u00e9telje meg az elj\u00e1r\u00e1st. A falak Preventox-szal t\u00f6rt\u00e9n\u0151 kezel\u00e9se ut\u00e1n hagyja a fel\u00fcletet 24 \u00f3r\u00e1n \u00e1t hatni. Ezut\u00e1n a falakat fed\u0151 diszperzi\u00f3s fest\u00e9kkel fesse le. A Preventox h\u00edg\u00edt\u00e1s n\u00e9lk\u00fcl haszn\u00e1lhat\u00f3. Az eszk\u00f6z\u00f6ket v\u00edzzel tiszt\u00edtsa meg.<\/p>\n<h3><strong>FELHASZN\u00c1L\u00c1S<\/strong><\/h3>\n<p>Az aj\u00e1nlott adagol\u00e1s 100\u2013200 g\/m\u00b2 h\u00edg\u00edtatlan term\u00e9k.<\/p>\n<h3><strong>CSOMAGOL\u00c1S<\/strong><\/h3>\n<p>0.5 l<\/p>\n<h3><strong>FELHASZN\u00c1LHAT\u00d3S\u00c1GI ID\u0150 \u00c9S T\u00c1ROL\u00c1S<\/strong><\/h3>\n<p>Korl\u00e1tlan ideig eltarthat\u00f3, ha 5\u00b0C \u00e9s 25\u00b0C k\u00f6z\u00f6tti h\u0151m\u00e9rs\u00e9kleten t\u00e1rolj\u00e1k.<\/p>\n<h3><strong>DOKUMENT\u00c1CI\u00d3<\/strong><\/h3>\n<div class=\"dokumentacija\">\n<p><a class=\"dugmeproizvod\" href=\"https:\/\/nevenacolor.co.rs\/wp-content\/uploads\/2024\/10\/Tehnicka-dokumentacija-preventox.pdf\" target=\"_blank\" rel=\"noopener\">M\u0170SZAKI ADATLAP<\/a><\/p>\n<p><a class=\"dugmeproizvod\" href=\"https:\/\/nevenacolor.co.rs\/wp-content\/uploads\/2024\/10\/Bezbedonosni-list-preventox.pdf\" target=\"_blank\" rel=\"noopener\">BIZTONS\u00c1GI ADATLAP<\/a><\/p>\n<\/div>\n<p>&nbsp;<\/p>\n<p><iframe loading=\"lazy\" title=\"COOL PREVENTOX #vlaga\" width=\"500\" height=\"281\" src=\"https:\/\/www.youtube.com\/embed\/gJ_W3wEOqYc?feature=oembed\" frameborder=\"0\" allow=\"accelerometer; autoplay; clipboard-write; encrypted-media; gyroscope; picture-in-picture; web-share\" referrerpolicy=\"strict-origin-when-cross-origin\" allowfullscreen><\/iframe><\/p>\n","protected":false},"excerpt":{"rendered":"<p>\u00c1LTAL\u00c1NOS ADATOK \u00c9S RENDELTET\u00c9S Magas min\u0151s\u00e9g\u0171 szintetikus alkid k\u00f6t\u0151anyagok, szerves \u00e9s szervetlen pigmentek, old\u00f3szerek \u00e9s megfelel\u0151 adal\u00e9kanyagok alap\u00fa term\u00e9k. F\u00e9mfel\u00fcletek<\/p>\n","protected":false},"featured_media":35392,"template":"","meta":{"_monsterinsights_skip_tracking":false,"_monsterinsights_sitenote_active":false,"_monsterinsights_sitenote_note":"","_monsterinsights_sitenote_category":0},"product_brand":[],"product_cat":[333,331],"product_tag":[],"class_list":{"0":"post-36153","1":"product","2":"type-product","3":"status-publish","4":"has-post-thumbnail","6":"product_cat-biocid-keszitmeny","7":"product_cat-epitoipari-bevonatok","9":"first","10":"instock","11":"shipping-taxable","12":"product-type-simple"},"_links":{"self":[{"href":"https:\/\/nevenacolor.co.rs\/hu\/wp-json\/wp\/v2\/product\/36153","targetHints":{"allow":["GET"]}}],"collection":[{"href":"https:\/\/nevenacolor.co.rs\/hu\/wp-json\/wp\/v2\/product"}],"about":[{"href":"https:\/\/nevenacolor.co.rs\/hu\/wp-json\/wp\/v2\/types\/product"}],"version-history":[{"count":2,"href":"https:\/\/nevenacolor.co.rs\/hu\/wp-json\/wp\/v2\/product\/36153\/revisions"}],"predecessor-version":[{"id":36246,"href":"https:\/\/nevenacolor.co.rs\/hu\/wp-json\/wp\/v2\/product\/36153\/revisions\/36246"}],"wp:featuredmedia":[{"embeddable":true,"href":"https:\/\/nevenacolor.co.rs\/hu\/wp-json\/wp\/v2\/media\/35392"}],"wp:attachment":[{"href":"https:\/\/nevenacolor.co.rs\/hu\/wp-json\/wp\/v2\/media?parent=36153"}],"wp:term":[{"taxonomy":"product_brand","embeddable":true,"href":"https:\/\/nevenacolor.co.rs\/hu\/wp-json\/wp\/v2\/product_brand?post=36153"},{"taxonomy":"product_cat","embeddable":true,"href":"https:\/\/nevenacolor.co.rs\/hu\/wp-json\/wp\/v2\/product_cat?post=36153"},{"taxonomy":"product_tag","embeddable":true,"href":"https:\/\/nevenacolor.co.rs\/hu\/wp-json\/wp\/v2\/product_tag?post=36153"}],"curies":[{"name":"wp","href":"https:\/\/api.w.org\/{rel}","templated":true}]}}