{"id":36154,"date":"2024-05-21T14:08:27","date_gmt":"2024-05-21T14:08:27","guid":{"rendered":"https:\/\/nevenacolor.co.rs\/proizvod\/cool-betonfestek\/"},"modified":"2025-05-20T08:18:37","modified_gmt":"2025-05-20T08:18:37","slug":"cool-betonfestek","status":"publish","type":"product","link":"https:\/\/nevenacolor.co.rs\/hu\/term\u00e9k\/cool-betonfestek\/","title":{"rendered":"COOL BETONFEST\u00c9K"},"content":{"rendered":"<h3><strong>\u00c1LTAL\u00c1NOS ADATOK \u00c9S RENDELTET\u00c9S<\/strong><\/h3>\n<p>A betonfest\u00e9k egykomponens\u0171 bevonat, amely magas min\u0151s\u00e9g\u0171 akril gyanta, pigmentek, t\u00f6lt\u0151anyagok, old\u00f3szerek \u00e9s adal\u00e9kanyagok alapj\u00e1n k\u00e9sz\u00fclt. Beton, aszfalt, cementhabarcs fel\u00fcletek, eternit, t\u00e9gla \u00e9s egy\u00e9b \u00e9p\u00edt\u0151ipari fel\u00fcletek (padl\u00f3k, teraszok, m\u0171helyek, gar\u00e1zsok, csarnokok stb.) v\u00e9delm\u00e9re \u00e9s dekor\u00e1l\u00e1s\u00e1ra szolg\u00e1l. A film j\u00f3 kem\u00e9nys\u00e9ggel rendelkezik. Ellen\u00e1ll a kop\u00e1snak, az id\u0151j\u00e1r\u00e1si hat\u00e1soknak, benzinnel, olajokkal, v\u00edzzel, gyenge savakkal \u00e9s l\u00fagokkal, mos\u00f3szerekkel \u00e9s egy\u00e9b anyagokkal szemben.   <\/p>\n<h3><strong>ALKALMAZ\u00c1SI \u00daTMUTAT\u00d3<\/strong><\/h3>\n<p>A fest\u00e9k felvitele el\u0151tt a fel\u00fcletnek sz\u00e1raznak kell lennie, \u00e9s nem szennyez\u0151dhet olajjal, zs\u00edrral vagy leboml\u00f3 biol\u00f3giai anyaggal. A beton legal\u00e1bb 28 napos kell legyen, \u00e9s legfeljebb 5\u20136% nedvess\u00e9gtartalommal rendelkezzen. Ecsettel, pisztollyal vagy hengerrel vihet\u0151 fel. H\u00edg\u00edt\u00e1shoz \u00e9s eszk\u00f6z\u00f6k tiszt\u00edt\u00e1s\u00e1hoz nitro h\u00edg\u00edt\u00f3t kell haszn\u00e1lni.  <\/p>\n<h3><strong>FELHASZN\u00c1L\u00c1S<\/strong><\/h3>\n<p>A fel\u00fclet min\u0151s\u00e9g\u00e9t\u0151l f\u00fcgg\u0151en 2\u20134 m\u00b2\/kg.<\/p>\n<h3><strong>CSOMAGOL\u00c1S<\/strong><\/h3>\n<p>1kg 3,5kg 25kg<\/p>\n<h3><strong>FELHASZN\u00c1LHAT\u00d3S\u00c1GI ID\u0150 \u00c9S T\u00c1ROL\u00c1S<\/strong><\/h3>\n<p>36 h\u00f3nap a csomagol\u00e1son felt\u00fcntetett d\u00e1tumt\u00f3l sz\u00e1m\u00edtva. Eredeti, j\u00f3l lez\u00e1rt \u00e9s s\u00e9rtetlen gy\u00e1ri csomagol\u00e1sban, +5\u00baC \u00e9s +25\u00baC k\u00f6z\u00f6tti h\u0151m\u00e9rs\u00e9kleten t\u00e1roland\u00f3. <\/p>\n","protected":false},"excerpt":{"rendered":"<h3><strong>TONE K\u00c1RTYA<\/strong><\/h3>\n[elementor-template id=\"31551\"]\n<div><a class=\"tonkarta\" href=\"#bojazabeton-tonkarta\" rel=\"noopener\"><img decoding=\"async\" src=\"https:\/\/nevenacolor.co.rs\/wp-content\/uploads\/2024\/06\/pantone-color-scheme.png\" width=\"40px\"> TONE K\u00c1RTYA<\/a><\/div>\n","protected":false},"featured_media":35876,"template":"","meta":{"_monsterinsights_skip_tracking":false,"_monsterinsights_sitenote_active":false,"_monsterinsights_sitenote_note":"","_monsterinsights_sitenote_category":0},"product_brand":[],"product_cat":[334,331,335],"product_tag":[],"class_list":{"0":"post-36154","1":"product","2":"type-product","3":"status-publish","4":"has-post-thumbnail","6":"product_cat-betonfestek","7":"product_cat-epitoipari-bevonatok","8":"product_cat-oldoszer-alapu-akrilfestek","10":"first","11":"instock","12":"shipping-taxable","13":"product-type-simple"},"_links":{"self":[{"href":"https:\/\/nevenacolor.co.rs\/hu\/wp-json\/wp\/v2\/product\/36154","targetHints":{"allow":["GET"]}}],"collection":[{"href":"https:\/\/nevenacolor.co.rs\/hu\/wp-json\/wp\/v2\/product"}],"about":[{"href":"https:\/\/nevenacolor.co.rs\/hu\/wp-json\/wp\/v2\/types\/product"}],"version-history":[{"count":2,"href":"https:\/\/nevenacolor.co.rs\/hu\/wp-json\/wp\/v2\/product\/36154\/revisions"}],"predecessor-version":[{"id":41504,"href":"https:\/\/nevenacolor.co.rs\/hu\/wp-json\/wp\/v2\/product\/36154\/revisions\/41504"}],"wp:featuredmedia":[{"embeddable":true,"href":"https:\/\/nevenacolor.co.rs\/hu\/wp-json\/wp\/v2\/media\/35876"}],"wp:attachment":[{"href":"https:\/\/nevenacolor.co.rs\/hu\/wp-json\/wp\/v2\/media?parent=36154"}],"wp:term":[{"taxonomy":"product_brand","embeddable":true,"href":"https:\/\/nevenacolor.co.rs\/hu\/wp-json\/wp\/v2\/product_brand?post=36154"},{"taxonomy":"product_cat","embeddable":true,"href":"https:\/\/nevenacolor.co.rs\/hu\/wp-json\/wp\/v2\/product_cat?post=36154"},{"taxonomy":"product_tag","embeddable":true,"href":"https:\/\/nevenacolor.co.rs\/hu\/wp-json\/wp\/v2\/product_tag?post=36154"}],"curies":[{"name":"wp","href":"https:\/\/api.w.org\/{rel}","templated":true}]}}