{"id":36155,"date":"2024-05-21T14:10:45","date_gmt":"2024-05-21T14:10:45","guid":{"rendered":"https:\/\/nevenacolor.co.rs\/proizvod\/cool-09-ragaszto-keramia-burkololapok-ragasztasahoz\/"},"modified":"2025-05-02T12:52:30","modified_gmt":"2025-05-02T12:52:30","slug":"cool-09-ragaszto-keramia-burkololapok-ragasztasahoz","status":"publish","type":"product","link":"https:\/\/nevenacolor.co.rs\/hu\/term\u00e9k\/cool-09-ragaszto-keramia-burkololapok-ragasztasahoz\/","title":{"rendered":"COOL 09 Ragaszt\u00f3 ker\u00e1mia burkol\u00f3lapok ragaszt\u00e1s\u00e1hoz"},"content":{"rendered":"<h3><strong>\u00c1LTAL\u00c1NOS ADATOK \u00c9S RENDELTET\u00c9S<\/strong><\/h3>\n<p>A COOL 09 hidraulikus k\u00f6t\u0151anyagok speci\u00e1lis adal\u00e9kok \u00e9s speci\u00e1lisan kiv\u00e1lasztott \u00e1sv\u00e1nyi t\u00f6lt\u0151-\u00e9s t\u00f6lt\u0151anyagok alap\u00fa ker\u00e1mia csemp\u00e9khez val\u00f3 ragaszt\u00f3. Ker\u00e1mi\u00e1k fal- \u00e9s padl\u00f3fel\u00fcletekre t\u00f6rt\u00e9n\u0151 ragaszt\u00e1s\u00e1ra szolg\u00e1l, alkalmas nat\u00far nedvsz\u00edv\u00f3 k\u0151 \u00e9s terrakotta lapok, valamint siporex, azaz p\u00f3rusbeton t\u00f6mb\u00f6k be\u00e9p\u00edt\u00e9s\u00e9re. A fal- \u00e9s padl\u00f3fel\u00fcleteknek szil\u00e1rdnak, cement-, m\u00e9sz- \u00e9s beton alap\u00fa habarcsb\u00f3l kell k\u00e9sz\u00fclni\u00fck.<\/p>\n<h3><strong>ALKALMAZ\u00c1SI \u00daTMUTAT\u00d3<\/strong><\/h3>\n<p class=\"p1\">A ker\u00e1mia burkol\u00f3lap fel\u00fclet\u00e9nek szil\u00e1rdnak, sz\u00e1raznak, tiszt\u00e1nak, fagymentesnek, teherb\u00edr\u00f3nak, zs\u00edr- \u00e9s s\u00f3mentesnek kell lennie. Az egyenetlen fel\u00fcleteket jav\u00edtani kell. Nedvsz\u00edv\u00f3 aljzatok, por\u00f3zus aljzatok, beton eset\u00e9n a ragaszt\u00f3 felhord\u00e1sa el\u0151tt a fel\u00fcletet COOL IMPREGNATION-el kell alapozni (a gy\u00e1rt\u00f3 aj\u00e1nl\u00e1sa szerint).<\/p>\n<p class=\"p1\"><b>A massza elk\u00e9sz\u00edt\u00e9se:<\/b><\/p>\n<p class=\"p1\">Keverje \u00f6ssze a 25 kg-os zacsk\u00f3 tartalm\u00e1t kb. 6,5-7 liter v\u00edzzel, k\u00e9zzel vagy elektromos mixerrel, am\u00edg a massza homog\u00e9n, csom\u00f3mentes lesz. Lassan, folyamatos kever\u00e9s mellett adjuk hozz\u00e1 a port. Hagyja \u00e1llni a kever\u00e9ket kb. 10 percig, majd ism\u00e9t intenz\u00edven keverj\u00fck \u00f6ssze, \u00e9s ha sz\u00fcks\u00e9ges, adjunk hozz\u00e1 vizet a ragaszt\u00f3 megfelel\u0151 \u00e1llag\u00e1hoz. Az elk\u00e9sz\u00edtett ragaszt\u00f3kever\u00e9ket a munkak\u00f6r\u00fclm\u00e9nyekt\u0151l f\u00fcgg\u0151en 2-3 \u00f3r\u00e1n bel\u00fcl fel kell haszn\u00e1lni.<\/p>\n<p class=\"p1\"><b>Alkalmaz\u00e1s m\u00f3dja:<\/b><\/p>\n<p class=\"p1\">A COOL 09 ker\u00e1mia csemperagaszt\u00f3t fogazott sim\u00edt\u00f3val kell felhordani. Az elj\u00e1r\u00e1s az, hogy el\u0151sz\u00f6r a sim\u00edt\u00f3 lapos oldal\u00e1val kell felvinni a ragaszt\u00f3t, majd a felvitt massz\u00e1t el kell kenni a sim\u00edt\u00f3 fogazott oldal\u00e1val 4-6 mm fogm\u00e9lys\u00e9ggel, norm\u00e1l m\u00e9ret\u0171 10-20 cm-es csemp\u00e9k ragaszt\u00e1s\u00e1n\u00e1l. Nagyobb m\u00e9ret\u0171 burkol\u00f3lapok ragaszt\u00e1s\u00e1hoz nagyobb fogm\u00e9lys\u00e9g\u0171 szersz\u00e1mot haszn\u00e1lnak. Lerak\u00e1skor a ragaszt\u00f3val bevont csempe fel\u00fclet\u00e9nek legal\u00e1bb 65%-nak kell lennie. Felszerel\u00e9s ut\u00e1n azonnal \u00f6bl\u00edtse le v\u00edzzel a csemp\u00e9t \u00e9s a szersz\u00e1mokat. 24 \u00f3ra eltelt\u00e9vel t\u00f6ltse ki a csempe k\u00f6z\u00f6tti h\u00e9zagokat &#8211; h\u00e9zagokat COOL fug\u00e1z\u00f3anyaggal. A fuga sz\u00e9less\u00e9ge 2-15 mm lehet, a csempe m\u00e9ret\u00e9t\u0151l \u00e9s a munkak\u00f6r\u00fclm\u00e9nyekt\u0151l f\u00fcgg\u0151en. A felvitt ragaszt\u00f3 nyit\u00e1si ideje norm\u00e1l 23\u00b0C-os \u00e9s 60%-os relat\u00edv p\u00e1ratartalom mellett 30 perc. A nedvsz\u00edv\u00f3 ker\u00e1mia csemp\u00e9ket \u00e9s a szabv\u00e1nyos csemp\u00e9ket ragaszt\u00e1s el\u0151tt \u00e1ztassa v\u00edzbe. Az optim\u00e1lis munkah\u0151m\u00e9rs\u00e9klet a burkol\u00f3lapok be\u00e9p\u00edt\u00e9sekor +5 \u00e9s +30\u00b0C k\u00f6z\u00f6tt legyen. A magas p\u00e1ratartalom \u00e9s az alacsony h\u0151m\u00e9rs\u00e9klet n\u00f6veli a ragaszt\u00f3 sz\u00e1rad\u00e1si idej\u00e9t. A t\u00e1gul\u00e1si h\u00e9zagokat tart\u00f3san t\u00f6ltse ki rugalmas gitttel. A sz\u00e1rad\u00e1si id\u0151 k\u00f6nny\u0171t\u0151l a teljes terhel\u00e9sig 24 \u00f3r\u00e1t\u00f3l 8 napig tart.<\/p>\n<h3><strong>FELHASZN\u00c1L\u00c1S<\/strong><\/h3>\n<p>Ragaszt\u00e1s: 3,0-3,5 kg\/m\u00b2 az aljzat min\u0151s\u00e9g\u00e9t\u0151l, a burkol\u00f3lapokt\u00f3l, a technik\u00e1t\u00f3l \u00e9s a felhord\u00e1s vastags\u00e1g\u00e1t\u00f3l f\u00fcgg\u0151en.<\/p>\n<h3><strong>CSOMAGOL\u00c1S<\/strong><\/h3>\n<p>25 kg<\/p>\n<h3><strong>FELHASZN\u00c1LHAT\u00d3S\u00c1GI ID\u0150 \u00c9S T\u00c1ROL\u00c1S<\/strong><\/h3>\n<p>A gy\u00e1rt\u00e1st\u00f3l sz\u00e1m\u00edtott legal\u00e1bb 12 h\u00f3napig gy\u00e1rilag z\u00e1rt csomagol\u00e1sban, sz\u00e1raz \u00e9s szell\u0151z\u0151 helyis\u00e9gben, +5 \u00e9s +30\u00b0C k\u00f6z\u00f6tti h\u0151m\u00e9rs\u00e9kleten.<\/p>\n<h3><strong>DOKUMENT\u00c1CI\u00d3<\/strong><\/h3>\n<div class=\"dokumentacija\">\n<p><a class=\"dugmeproizvod\" href=\"https:\/\/nevenacolor.co.rs\/wp-content\/uploads\/2024\/10\/Tehnicka-dokumentacija-1.pdf\" target=\"_blank\" rel=\"noopener\">M\u0170SZAKI ADATLAP<\/a><\/p>\n<p><a class=\"dugmeproizvod\" href=\"https:\/\/nevenacolor.co.rs\/wp-content\/uploads\/2024\/10\/Bezbedonisni-list.pdf\" target=\"_blank\" rel=\"noopener\">BIZTONS\u00c1GI ADATLAP<\/a><\/p>\n<\/div>\n<p>&nbsp;<\/p>\n","protected":false},"excerpt":{"rendered":"<p>\u00c1LTAL\u00c1NOS ADATOK \u00c9S RENDELTET\u00c9S A COOL 09 hidraulikus k\u00f6t\u0151anyagok speci\u00e1lis adal\u00e9kok \u00e9s speci\u00e1lisan kiv\u00e1lasztott \u00e1sv\u00e1nyi t\u00f6lt\u0151-\u00e9s t\u00f6lt\u0151anyagok alap\u00fa ker\u00e1mia csemp\u00e9khez<\/p>\n","protected":false},"featured_media":35333,"template":"","meta":{"_monsterinsights_skip_tracking":false,"_monsterinsights_sitenote_active":false,"_monsterinsights_sitenote_note":"","_monsterinsights_sitenote_category":0},"product_brand":[],"product_cat":[331,343],"product_tag":[],"class_list":{"0":"post-36155","1":"product","2":"type-product","3":"status-publish","4":"has-post-thumbnail","6":"product_cat-epitoipari-bevonatok","7":"product_cat-ragasztok-keramia-csemke-fektesehez","9":"first","10":"instock","11":"shipping-taxable","12":"product-type-simple"},"_links":{"self":[{"href":"https:\/\/nevenacolor.co.rs\/hu\/wp-json\/wp\/v2\/product\/36155","targetHints":{"allow":["GET"]}}],"collection":[{"href":"https:\/\/nevenacolor.co.rs\/hu\/wp-json\/wp\/v2\/product"}],"about":[{"href":"https:\/\/nevenacolor.co.rs\/hu\/wp-json\/wp\/v2\/types\/product"}],"version-history":[{"count":1,"href":"https:\/\/nevenacolor.co.rs\/hu\/wp-json\/wp\/v2\/product\/36155\/revisions"}],"predecessor-version":[{"id":36233,"href":"https:\/\/nevenacolor.co.rs\/hu\/wp-json\/wp\/v2\/product\/36155\/revisions\/36233"}],"wp:featuredmedia":[{"embeddable":true,"href":"https:\/\/nevenacolor.co.rs\/hu\/wp-json\/wp\/v2\/media\/35333"}],"wp:attachment":[{"href":"https:\/\/nevenacolor.co.rs\/hu\/wp-json\/wp\/v2\/media?parent=36155"}],"wp:term":[{"taxonomy":"product_brand","embeddable":true,"href":"https:\/\/nevenacolor.co.rs\/hu\/wp-json\/wp\/v2\/product_brand?post=36155"},{"taxonomy":"product_cat","embeddable":true,"href":"https:\/\/nevenacolor.co.rs\/hu\/wp-json\/wp\/v2\/product_cat?post=36155"},{"taxonomy":"product_tag","embeddable":true,"href":"https:\/\/nevenacolor.co.rs\/hu\/wp-json\/wp\/v2\/product_tag?post=36155"}],"curies":[{"name":"wp","href":"https:\/\/api.w.org\/{rel}","templated":true}]}}