{"id":36156,"date":"2024-05-21T14:13:05","date_gmt":"2024-05-21T14:13:05","guid":{"rendered":"https:\/\/nevenacolor.co.rs\/proizvod\/cool-011-ragaszto-keramialapokhoz-c2te\/"},"modified":"2024-05-21T14:13:05","modified_gmt":"2024-05-21T14:13:05","slug":"cool-011-ragaszto-keramialapokhoz-c2te","status":"publish","type":"product","link":"https:\/\/nevenacolor.co.rs\/hu\/term\u00e9k\/cool-011-ragaszto-keramialapokhoz-c2te\/","title":{"rendered":"COOL 011 Ragaszt\u00f3 ker\u00e1mialapokhoz C2TE"},"content":{"rendered":"<h3><strong>\u00c1LTAL\u00c1NOS ADATOK \u00c9S RENDELTET\u00c9S<\/strong><\/h3>\n<p>A COOL 011 ker\u00e1mia csemp\u00e9k ragaszt\u00f3ja hidraulikus k\u00f6t\u0151anyagok, szintetikus polimerek, speci\u00e1lis adal\u00e9kanyagok \u00e9s speci\u00e1lisan kiv\u00e1lasztott t\u00f6lt\u0151anyagok alapj\u00e1n k\u00e9sz\u00fcl. Bels\u0151 haszn\u00e1latra k\u00e9sz\u00fclt, nem nedvsz\u00edv\u00f3 csemp\u00e9k ragaszt\u00e1s\u00e1ra szil\u00e1rd fal- \u00e9s padl\u00f3fel\u00fcletekre (cement, m\u00e9sz \u00e9s beton alap\u00fa habarcsb\u00f3l), nagy szil\u00e1rds\u00e1g\u00fa \u00e9s j\u00f3 tapad\u00e1s\u00fa. <\/p>\n<h3><strong>ALKALMAZ\u00c1SI \u00daTMUTAT\u00d3<\/strong><\/h3>\n<p class=\"p1\">A ker\u00e1mia burkol\u00f3lap fel\u00fclet\u00e9nek szil\u00e1rdnak, sz\u00e1raznak, tiszt\u00e1nak, fagymentesnek, teherb\u00edr\u00f3nak, zs\u00edr- \u00e9s s\u00f3mentesnek kell lennie. Az egyenetlen fel\u00fcleteket jav\u00edtani kell. Nedvsz\u00edv\u00f3 aljzatok, por\u00f3zus aljzatok, beton eset\u00e9n a ragaszt\u00f3 felhord\u00e1sa el\u0151tt a fel\u00fcletet COOL IMPREGNATION-el kell alapozni (a gy\u00e1rt\u00f3 aj\u00e1nl\u00e1sa szerint).  <\/p>\n<p class=\"p1\"><b>A massza elk\u00e9sz\u00edt\u00e9se:<\/b><\/p>\n<p class=\"p1\">Keverje \u00f6ssze a 25 kg-os zacsk\u00f3 tartalm\u00e1t kb. 6,5-7 liter. v\u00edzzel, k\u00e9zzel vagy elektromos kever\u0151vel, am\u00edg a massza homog\u00e9n, csom\u00f3mentes lesz. Lassan, folyamatos kever\u00e9s mellett adjuk hozz\u00e1 a port. Hagyja \u00e1llni a kever\u00e9ket kb. 10 percig, majd ism\u00e9t intenz\u00edven keverj\u00fck \u00f6ssze, \u00e9s ha sz\u00fcks\u00e9ges, adjunk hozz\u00e1 vizet a ragaszt\u00f3 megfelel\u0151 \u00e1llag\u00e1hoz. Az elk\u00e9sz\u00edtett ragaszt\u00f3kever\u00e9ket a munkak\u00f6r\u00fclm\u00e9nyekt\u0151l f\u00fcgg\u0151en 2-3 \u00f3r\u00e1n bel\u00fcl fel kell haszn\u00e1lni.    <\/p>\n<p class=\"p1\"><b>Alkalmaz\u00e1s m\u00f3dja:<\/b><\/p>\n<p class=\"p1\">A COOL 011 csemperagaszt\u00f3t fogazott glettvassal kell felhordani. El\u0151sz\u00f6r a glettvas sima oldal\u00e1val vigy\u00fck fel a ragaszt\u00f3t, majd a felhordott anyagot h\u00fazzuk sz\u00e9t a fogazott oldallal, 4\u20136 mm fogm\u00e9lys\u00e9ggel a norm\u00e1l, 10\u201320 cm-es csemp\u00e9k ragaszt\u00e1s\u00e1hoz. Nagyobb m\u00e9ret\u0171 csemp\u00e9khez nagyobb fogm\u00e9lys\u00e9g\u0171 szersz\u00e1m sz\u00fcks\u00e9ges. A csempe fel\u00fclet\u00e9nek legal\u00e1bb 65%-\u00e1t kell lefedni ragaszt\u00f3val. A falicsemp\u00e9k fug\u00e1it 24 \u00f3ra m\u00falva, a padl\u00f3csemp\u00e9k\u00e9t 48 \u00f3ra m\u00falva lehet kit\u00f6lteni COOL fug\u00e1z\u00f3anyaggal. A felvitt ragaszt\u00f3 nyitott ideje norm\u00e1l k\u00f6r\u00fclm\u00e9nyek k\u00f6z\u00f6tt (23\u00b0C, 60% relat\u00edv p\u00e1ratartalom) 30 perc. A nedvsz\u00edv\u00f3 \u00e9s szabv\u00e1nyos csemp\u00e9ket ragaszt\u00e1s el\u0151tt v\u00edzbe kell \u00e1ztatni.      <span class=\"Apple-converted-space\">  <\/span>A be\u00e9p\u00edt\u00e9s optim\u00e1lis h\u0151m\u00e9rs\u00e9klete +5 \u00e9s +30\u00b0C k\u00f6z\u00f6tt van. Magas p\u00e1ratartalom \u00e9s alacsony h\u0151m\u00e9rs\u00e9klet meghosszabb\u00edtj\u00e1k a sz\u00e1rad\u00e1si id\u0151t. A dilat\u00e1ci\u00f3s h\u00e9zagokat rugalmas t\u00f6m\u00edt\u0151anyaggal kell kit\u00f6lteni. A sz\u00e1rad\u00e1si id\u0151 k\u00f6nny\u0171 \u00e9s teljes terhelhet\u0151s\u00e9g k\u00f6z\u00f6tt 24 \u00f3ra \u00e9s 8 nap. A csemp\u00e9z\u00e9s ut\u00e1n a szersz\u00e1mokat azonnal v\u00edzzel meg kell tiszt\u00edtani.     <\/p>\n<h3><strong>FELHASZN\u00c1L\u00c1S<\/strong><\/h3>\n<p>Ragaszt\u00e1s: 2,5-4,0 kg\/m<span class=\"s1\"><sup>2<\/sup><\/span> az aljzat min\u0151s\u00e9g\u00e9t\u0151l, a burkol\u00f3lapokt\u00f3l, a technik\u00e1t\u00f3l \u00e9s a felhord\u00e1s vastags\u00e1g\u00e1t\u00f3l f\u00fcgg\u0151en.<\/p>\n<h3><strong>CSOMAGOL\u00c1S<\/strong><\/h3>\n<p>25 kg<\/p>\n<h3><strong>FELHASZN\u00c1LHAT\u00d3S\u00c1GI ID\u0150 \u00c9S T\u00c1ROL\u00c1S<\/strong><\/h3>\n<p>A gy\u00e1rt\u00e1st\u00f3l sz\u00e1m\u00edtott legal\u00e1bb 12 h\u00f3napig gy\u00e1rilag z\u00e1rt csomagol\u00e1sban, sz\u00e1raz \u00e9s szell\u0151z\u0151 helyis\u00e9gben, +5\u00b0C \u00e9s +30\u00b0C k\u00f6z\u00f6tti h\u0151m\u00e9rs\u00e9kleten.<\/p>\n<h3><strong>DOKUMENT\u00c1CI\u00d3<\/strong><\/h3>\n<div class=\"dokumentacija\">\n<p><a class=\"dugmeproizvod\" href=\"https:\/\/nevenacolor.co.rs\/wp-content\/uploads\/2024\/12\/Tehnicka-dokumentacija-lepak11.pdf\" target=\"_blank\" rel=\"noopener\">M\u0170SZAKI ADATLAP<\/a><\/p>\n<p><a class=\"dugmeproizvod\" href=\"https:\/\/nevenacolor.co.rs\/wp-content\/uploads\/2024\/10\/Bezbedonosni-list-1.pdf\" target=\"_blank\" rel=\"noopener\">BIZTONS\u00c1GI ADATLAP<\/a><\/p>\n<\/div>\n<p>&nbsp;<\/p>\n<p><iframe loading=\"lazy\" title=\"YouTube video player\" src=\"https:\/\/www.youtube.com\/embed\/rFXcVp5s2gc?si=6OCuwBUA0idlpDja\" width=\"560\" height=\"315\" frameborder=\"0\" allowfullscreen=\"allowfullscreen\"><\/iframe><\/p>\n","protected":false},"excerpt":{"rendered":"<p>\u00c1LTAL\u00c1NOS ADATOK \u00c9S RENDELTET\u00c9S A COOL 011 ker\u00e1mia csemp\u00e9k ragaszt\u00f3ja hidraulikus k\u00f6t\u0151anyagok, szintetikus polimerek, speci\u00e1lis adal\u00e9kanyagok \u00e9s speci\u00e1lisan kiv\u00e1lasztott t\u00f6lt\u0151anyagok<\/p>\n","protected":false},"featured_media":35338,"template":"","meta":{"_monsterinsights_skip_tracking":false,"_monsterinsights_sitenote_active":false,"_monsterinsights_sitenote_note":"","_monsterinsights_sitenote_category":0},"product_brand":[],"product_cat":[331,343],"product_tag":[],"class_list":{"0":"post-36156","1":"product","2":"type-product","3":"status-publish","4":"has-post-thumbnail","6":"product_cat-epitoipari-bevonatok","7":"product_cat-ragasztok-keramia-csemke-fektesehez","9":"first","10":"instock","11":"featured","12":"shipping-taxable","13":"product-type-simple"},"_links":{"self":[{"href":"https:\/\/nevenacolor.co.rs\/hu\/wp-json\/wp\/v2\/product\/36156","targetHints":{"allow":["GET"]}}],"collection":[{"href":"https:\/\/nevenacolor.co.rs\/hu\/wp-json\/wp\/v2\/product"}],"about":[{"href":"https:\/\/nevenacolor.co.rs\/hu\/wp-json\/wp\/v2\/types\/product"}],"version-history":[{"count":0,"href":"https:\/\/nevenacolor.co.rs\/hu\/wp-json\/wp\/v2\/product\/36156\/revisions"}],"wp:featuredmedia":[{"embeddable":true,"href":"https:\/\/nevenacolor.co.rs\/hu\/wp-json\/wp\/v2\/media\/35338"}],"wp:attachment":[{"href":"https:\/\/nevenacolor.co.rs\/hu\/wp-json\/wp\/v2\/media?parent=36156"}],"wp:term":[{"taxonomy":"product_brand","embeddable":true,"href":"https:\/\/nevenacolor.co.rs\/hu\/wp-json\/wp\/v2\/product_brand?post=36156"},{"taxonomy":"product_cat","embeddable":true,"href":"https:\/\/nevenacolor.co.rs\/hu\/wp-json\/wp\/v2\/product_cat?post=36156"},{"taxonomy":"product_tag","embeddable":true,"href":"https:\/\/nevenacolor.co.rs\/hu\/wp-json\/wp\/v2\/product_tag?post=36156"}],"curies":[{"name":"wp","href":"https:\/\/api.w.org\/{rel}","templated":true}]}}