{"id":36157,"date":"2024-05-28T10:38:59","date_gmt":"2024-05-28T10:38:59","guid":{"rendered":"https:\/\/nevenacolor.co.rs\/proizvod\/cool-professzionalis-nitro-folt\/"},"modified":"2025-05-02T13:06:50","modified_gmt":"2025-05-02T13:06:50","slug":"cool-professzionalis-nitro-folt","status":"publish","type":"product","link":"https:\/\/nevenacolor.co.rs\/hu\/term\u00e9k\/cool-professzionalis-nitro-folt\/","title":{"rendered":"Cool professzion\u00e1lis nitro folt"},"content":{"rendered":"<h3><strong>\u00c1LTAL\u00c1NOS ADATOK \u00c9S RENDELTET\u00c9S<\/strong><\/h3>\n<p class=\"p1\">Fafel\u00fcletek d\u00edsz\u00edt\u00e9s\u00e9re szolg\u00e1l. Gyors sz\u00e1rad\u00e1s jellemzi. Hangs\u00falyozza a fa term\u00e9szetes text\u00far\u00e1j\u00e1t. Haszn\u00e1lat el\u0151tt j\u00f3l keverj\u00fck \u00f6ssze. Ne h\u00edg\u00edtsuk. A Cool nitro foltot felhord\u00f3 fel\u00fcletnek sz\u00e1raznak \u00e9s tiszt\u00e1nak, por- \u00e9s zs\u00edrmentesnek kell lennie. Felhord\u00e1sa ecsettel, pisztollyal vagy m\u00e1rt\u00e1ssal t\u00f6rt\u00e9nik. A k\u00f6vetkez\u0151 r\u00e9teg felvitel\u00e9hez v\u00e1rjon 12 \u00f3r\u00e1t. A h\u0171v\u00f6s nitroh\u00edg\u00edt\u00f3t a szersz\u00e1mok mos\u00e1s\u00e1ra haszn\u00e1lj\u00e1k. A sz\u00e1rad\u00e1s 20\u00b0C-on 10 percet vesz ig\u00e9nybe.<\/p>\n<h3><strong>FELHASZN\u00c1L\u00c1S<\/strong><\/h3>\n<p class=\"p1\">10-12 m\u00b2\/l egy r\u00e9tegben<\/p>\n<h3><strong>CSOMAGOL\u00c1S<\/strong><\/h3>\n<p class=\"p1\">0,75 l<\/p>\n<h3><strong>FELHASZN\u00c1LHAT\u00d3S\u00c1GI ID\u0150 \u00c9S T\u00c1ROL\u00c1S<\/strong><\/h3>\n<p class=\"p1\">36 h\u00f3nap a csomagol\u00e1son felt\u00fcntetett d\u00e1tumt\u00f3l sz\u00e1m\u00edtva. Eredeti, j\u00f3l z\u00e1rhat\u00f3 \u00e9s s\u00e9r\u00fcl\u00e9smentes gy\u00e1ri csomagol\u00e1sban, +5\u00baC \u00e9s +25\u00baC k\u00f6z\u00f6tti h\u0151m\u00e9rs\u00e9kleten t\u00e1roland\u00f3.<\/p>\n<h3><strong>\u00c1RNY\u00c9KOK<\/strong><\/h3>\n<p class=\"p1\">Tiszta, feny\u0151, teak, di\u00f3, k\u00e9k, mahag\u00f3ni, t\u00f6lgy, r\u00f3zsafa, gesztenye, piros, \u00e9benfa \u00e9s z\u00f6ld.<\/p>\n<div class=\"dokumentacija\">\n<p><strong style=\"color: #1b1919; font-size: 22px;\">DOKUMENT\u00c1CI\u00d3<\/strong><\/p>\n<\/div>\n<div class=\"dokumentacija\">\n<p><a class=\"dugmeproizvod\" href=\"https:\/\/nevenacolor.co.rs\/wp-content\/uploads\/2024\/11\/Tehnicka-dokumentacija-nitro-bajc.pdf\" target=\"_blank\" rel=\"noopener\">M\u0170SZAKI ADATLAP<\/a><\/p>\n<p><a class=\"dugmeproizvod\" href=\"https:\/\/nevenacolor.co.rs\/wp-content\/uploads\/2024\/11\/Bezbedonosni-list-nitro-bajc.pdf\" target=\"_blank\" rel=\"noopener\">BIZTONS\u00c1GI ADATLAP<\/a><\/p>\n<p>&nbsp;<\/p>\n<\/div>\n","protected":false},"excerpt":{"rendered":"<p>\u00c1LTAL\u00c1NOS ADATOK \u00c9S RENDELTET\u00c9S Fafel\u00fcletek d\u00edsz\u00edt\u00e9s\u00e9re szolg\u00e1l. Gyors sz\u00e1rad\u00e1s jellemzi. Hangs\u00falyozza a fa term\u00e9szetes text\u00far\u00e1j\u00e1t. Haszn\u00e1lat el\u0151tt j\u00f3l keverj\u00fck \u00f6ssze.<\/p>\n","protected":false},"featured_media":35599,"template":"","meta":{"_monsterinsights_skip_tracking":false,"_monsterinsights_sitenote_active":false,"_monsterinsights_sitenote_note":"","_monsterinsights_sitenote_category":0},"product_brand":[],"product_cat":[346,349,348],"product_tag":[],"class_list":{"0":"post-36157","1":"product","2":"type-product","3":"status-publish","4":"has-post-thumbnail","6":"product_cat-fa-bevonatok","7":"product_cat-nitro-bevonat-hu","8":"product_cat-pacok","10":"first","11":"instock","12":"shipping-taxable","13":"product-type-simple"},"_links":{"self":[{"href":"https:\/\/nevenacolor.co.rs\/hu\/wp-json\/wp\/v2\/product\/36157","targetHints":{"allow":["GET"]}}],"collection":[{"href":"https:\/\/nevenacolor.co.rs\/hu\/wp-json\/wp\/v2\/product"}],"about":[{"href":"https:\/\/nevenacolor.co.rs\/hu\/wp-json\/wp\/v2\/types\/product"}],"version-history":[{"count":2,"href":"https:\/\/nevenacolor.co.rs\/hu\/wp-json\/wp\/v2\/product\/36157\/revisions"}],"predecessor-version":[{"id":36264,"href":"https:\/\/nevenacolor.co.rs\/hu\/wp-json\/wp\/v2\/product\/36157\/revisions\/36264"}],"wp:featuredmedia":[{"embeddable":true,"href":"https:\/\/nevenacolor.co.rs\/hu\/wp-json\/wp\/v2\/media\/35599"}],"wp:attachment":[{"href":"https:\/\/nevenacolor.co.rs\/hu\/wp-json\/wp\/v2\/media?parent=36157"}],"wp:term":[{"taxonomy":"product_brand","embeddable":true,"href":"https:\/\/nevenacolor.co.rs\/hu\/wp-json\/wp\/v2\/product_brand?post=36157"},{"taxonomy":"product_cat","embeddable":true,"href":"https:\/\/nevenacolor.co.rs\/hu\/wp-json\/wp\/v2\/product_cat?post=36157"},{"taxonomy":"product_tag","embeddable":true,"href":"https:\/\/nevenacolor.co.rs\/hu\/wp-json\/wp\/v2\/product_tag?post=36157"}],"curies":[{"name":"wp","href":"https:\/\/api.w.org\/{rel}","templated":true}]}}