{"id":36158,"date":"2024-05-28T10:38:33","date_gmt":"2024-05-28T10:38:33","guid":{"rendered":"https:\/\/nevenacolor.co.rs\/proizvod\/cool-akril-alapu-pacolo\/"},"modified":"2025-05-02T12:59:39","modified_gmt":"2025-05-02T12:59:39","slug":"cool-akril-alapu-pacolo","status":"publish","type":"product","link":"https:\/\/nevenacolor.co.rs\/hu\/term\u00e9k\/cool-akril-alapu-pacolo\/","title":{"rendered":"Cool akril alap\u00fa p\u00e1col\u00f3"},"content":{"rendered":"<h3><strong>\u00c1LTAL\u00c1NOS ADATOK \u00c9S RENDELTET\u00c9S<\/strong><\/h3>\n<p class=\"p1\">Cool v\u00edzb\u00e1zis\u00fa akril bevonat f\u00e1b\u00f3l k\u00e9sz\u00fclt fel\u00fcletek v\u00e9delm\u00e9re \u00e9s d\u00edsz\u00edt\u00e9s\u00e9re haszn\u00e1lhat\u00f3. Kiemeli a fa term\u00e9szetes text\u00far\u00e1j\u00e1t. Akril k\u00f6t\u0151anyagokb\u00f3l, pigmentekb\u0151l \u00e9s adal\u00e9kanyagokb\u00f3l k\u00e9sz\u00fclt. Egy vagy k\u00e9t r\u00e9tegben alkalmazhat\u00f3 m\u00e1rt\u00e1ssal vagy permetez\u00e9ssel, tiszta, sz\u00e1raz \u00e9s csiszolt fel\u00fcletre +10\u00b0C \u00e9s +25\u00b0C k\u00f6z\u00f6tti h\u0151m\u00e9rs\u00e9kleten. Az eszk\u00f6z\u00f6k tiszt\u00edt\u00e1s\u00e1hoz v\u00edz haszn\u00e1lhat\u00f3.<\/p>\n<h3><strong>FELHASZN\u00c1L\u00c1S<\/strong><\/h3>\n<p class=\"p1\">10-15 m\u00b2\/l egy r\u00e9tegben<\/p>\n<h3><strong>CSOMAGOL\u00c1S<\/strong><\/h3>\n<p class=\"p1\">0,65 l<\/p>\n<h3><strong>FELHASZN\u00c1LHAT\u00d3S\u00c1GI ID\u0150 \u00c9S T\u00c1ROL\u00c1S<\/strong><\/h3>\n<p class=\"p1\">18 h\u00f3nap a csomagol\u00e1son felt\u00fcntetett d\u00e1tumt\u00f3l sz\u00e1m\u00edtva. Eredeti, j\u00f3l lez\u00e1rt \u00e9s s\u00e9r\u00fcl\u00e9smentes gy\u00e1ri csomagol\u00e1sban t\u00e1roland\u00f3, +5 \u00baC \u00e9s +25 \u00baC k\u00f6z\u00f6tti h\u0151m\u00e9rs\u00e9kleten.<\/p>\n<div class=\"dokumentacija\">\n<p><strong style=\"color: #1b1919; font-size: 22px;\">DOKUMENT\u00c1CI\u00d3<\/strong><\/p>\n<\/div>\n<div class=\"dokumentacija\">\n<p><a class=\"dugmeproizvod\" href=\"https:\/\/nevenacolor.co.rs\/wp-content\/uploads\/2024\/11\/Tehnicka-dokumentacija-akrilni-bajc.pdf\" target=\"_blank\" rel=\"noopener\">M\u0170SZAKI ADATLAP<\/a><\/p>\n<p><a class=\"dugmeproizvod\" href=\"https:\/\/nevenacolor.co.rs\/wp-content\/uploads\/2024\/11\/Bezbedonosni-list-akrilni-bajc.pdf\" target=\"_blank\" rel=\"noopener\">BIZTONS\u00c1GI ADATLAP<\/a><\/p>\n<\/div>\n","protected":false},"excerpt":{"rendered":"<p>\u00c1LTAL\u00c1NOS ADATOK \u00c9S RENDELTET\u00c9S Cool v\u00edzb\u00e1zis\u00fa akril bevonat f\u00e1b\u00f3l k\u00e9sz\u00fclt fel\u00fcletek v\u00e9delm\u00e9re \u00e9s d\u00edsz\u00edt\u00e9s\u00e9re haszn\u00e1lhat\u00f3. Kiemeli a fa term\u00e9szetes text\u00far\u00e1j\u00e1t.<\/p>\n","protected":false},"featured_media":35600,"template":"","meta":{"_monsterinsights_skip_tracking":false,"_monsterinsights_sitenote_active":false,"_monsterinsights_sitenote_note":"","_monsterinsights_sitenote_category":0},"product_brand":[],"product_cat":[346,348,350],"product_tag":[],"class_list":{"0":"post-36158","1":"product","2":"type-product","3":"status-publish","4":"has-post-thumbnail","6":"product_cat-fa-bevonatok","7":"product_cat-pacok","8":"product_cat-vizkigyensulyozott-akril-bevonat","10":"first","11":"instock","12":"shipping-taxable","13":"product-type-simple"},"_links":{"self":[{"href":"https:\/\/nevenacolor.co.rs\/hu\/wp-json\/wp\/v2\/product\/36158","targetHints":{"allow":["GET"]}}],"collection":[{"href":"https:\/\/nevenacolor.co.rs\/hu\/wp-json\/wp\/v2\/product"}],"about":[{"href":"https:\/\/nevenacolor.co.rs\/hu\/wp-json\/wp\/v2\/types\/product"}],"version-history":[{"count":1,"href":"https:\/\/nevenacolor.co.rs\/hu\/wp-json\/wp\/v2\/product\/36158\/revisions"}],"predecessor-version":[{"id":36252,"href":"https:\/\/nevenacolor.co.rs\/hu\/wp-json\/wp\/v2\/product\/36158\/revisions\/36252"}],"wp:featuredmedia":[{"embeddable":true,"href":"https:\/\/nevenacolor.co.rs\/hu\/wp-json\/wp\/v2\/media\/35600"}],"wp:attachment":[{"href":"https:\/\/nevenacolor.co.rs\/hu\/wp-json\/wp\/v2\/media?parent=36158"}],"wp:term":[{"taxonomy":"product_brand","embeddable":true,"href":"https:\/\/nevenacolor.co.rs\/hu\/wp-json\/wp\/v2\/product_brand?post=36158"},{"taxonomy":"product_cat","embeddable":true,"href":"https:\/\/nevenacolor.co.rs\/hu\/wp-json\/wp\/v2\/product_cat?post=36158"},{"taxonomy":"product_tag","embeddable":true,"href":"https:\/\/nevenacolor.co.rs\/hu\/wp-json\/wp\/v2\/product_tag?post=36158"}],"curies":[{"name":"wp","href":"https:\/\/api.w.org\/{rel}","templated":true}]}}